{"id":1939,"date":"2023-11-08T19:18:02","date_gmt":"2023-11-08T19:18:02","guid":{"rendered":"https:\/\/tv-shadow.com\/?page_id=1939"},"modified":"2024-01-13T11:09:18","modified_gmt":"2024-01-13T11:09:18","slug":"hvordan-installerer-du-iptv-pa-dit-eget-tv","status":"publish","type":"page","link":"https:\/\/tv-shadow.com\/da\/how-do-you-install-iptv-on-your-own-television\/","title":{"rendered":"Hvordan installerer man IPTV p\u00e5 sit eget fjernsyn?"},"content":{"rendered":"<div data-elementor-type=\"wp-page\" data-elementor-id=\"1939\" class=\"elementor elementor-1939\" data-elementor-post-type=\"page\">\n\t\t\t\t\t\t<section class=\"elementor-section elementor-top-section elementor-element elementor-element-b1aaedc elementor-section-boxed elementor-section-height-default elementor-section-height-default\" data-id=\"b1aaedc\" data-element_type=\"section\" data-e-type=\"section\">\n\t\t\t\t\t\t<div class=\"elementor-container elementor-column-gap-default\">\n\t\t\t\t\t<div class=\"elementor-column elementor-col-100 elementor-top-column elementor-element elementor-element-6c02130\" data-id=\"6c02130\" data-element_type=\"column\" data-e-type=\"column\">\n\t\t\t<div class=\"elementor-widget-wrap elementor-element-populated\">\n\t\t\t\t\t\t<div class=\"elementor-element elementor-element-f87b5a0 elementor-widget elementor-widget-image\" data-id=\"f87b5a0\" data-element_type=\"widget\" data-e-type=\"widget\" data-widget_type=\"image.default\">\n\t\t\t\t<div class=\"elementor-widget-container\">\n\t\t\t\t\t\t\t\t\t\t\t\t\t\t\t<img fetchpriority=\"high\" decoding=\"async\" width=\"1024\" height=\"576\" src=\"https:\/\/tv-shadow.com\/wp-content\/uploads\/2023\/12\/iptv-smarters-pro-1024x576.webp\" class=\"attachment-large size-large wp-image-2399\" alt=\"S\u00e5dan installerer du IPTV\" srcset=\"https:\/\/tv-shadow.com\/wp-content\/uploads\/2023\/12\/iptv-smarters-pro-1024x576.webp 1024w, https:\/\/tv-shadow.com\/wp-content\/uploads\/2023\/12\/iptv-smarters-pro-300x169.webp 300w, https:\/\/tv-shadow.com\/wp-content\/uploads\/2023\/12\/iptv-smarters-pro-768x432.webp 768w, https:\/\/tv-shadow.com\/wp-content\/uploads\/2023\/12\/iptv-smarters-pro-600x337.webp 600w, https:\/\/tv-shadow.com\/wp-content\/uploads\/2023\/12\/iptv-smarters-pro.webp 1533w\" sizes=\"(max-width: 1024px) 100vw, 1024px\" \/>\t\t\t\t\t\t\t\t\t\t\t\t\t\t\t<\/div>\n\t\t\t\t<\/div>\n\t\t\t\t<div class=\"elementor-element elementor-element-6a41706 elementor-widget elementor-widget-text-editor\" data-id=\"6a41706\" data-element_type=\"widget\" data-e-type=\"widget\" data-widget_type=\"text-editor.default\">\n\t\t\t\t<div class=\"elementor-widget-container\">\n\t\t\t\t\t\t\t\t\t<p><b>Du m\u00e5 have boet under en sten, hvis du aldrig har h\u00f8rt om IPTV eller IP TV. Internet Protocol TeleVision har gjort enorme fremskridt i den seneste tid. Flere og flere mennesker ser de enorme fordele, der er forbundet med IPTV. Det er vigtigt at l\u00e6se grundigt op p\u00e5 IPTV, f\u00f8r du tegner et abonnement, s\u00e5 du ved, hvor du st\u00e5r. N\u00e5r du har gjort det, er der ikke mange yderligere forhindringer. Du skal faktisk kun <a href=\"https:\/\/tv-shadow.com\/da\/fq-guide\/\">installere IPTV<\/a> p\u00e5 dit fjernsyn. Men hvordan g\u00f8r man egentlig det?<\/b><\/p>\t\t\t\t\t\t\t\t<\/div>\n\t\t\t\t<\/div>\n\t\t\t\t\t<\/div>\n\t\t<\/div>\n\t\t\t\t\t<\/div>\n\t\t<\/section>\n\t\t\t\t<section class=\"elementor-section elementor-top-section elementor-element elementor-element-a051ae0 elementor-section-boxed elementor-section-height-default elementor-section-height-default\" data-id=\"a051ae0\" data-element_type=\"section\" data-e-type=\"section\">\n\t\t\t\t\t\t<div class=\"elementor-container elementor-column-gap-default\">\n\t\t\t\t\t<div class=\"elementor-column elementor-col-100 elementor-top-column elementor-element elementor-element-75a2d8c\" data-id=\"75a2d8c\" data-element_type=\"column\" data-e-type=\"column\">\n\t\t\t<div class=\"elementor-widget-wrap elementor-element-populated\">\n\t\t\t\t\t\t<div class=\"elementor-element elementor-element-a1c3ed3 elementor-widget elementor-widget-heading\" data-id=\"a1c3ed3\" data-element_type=\"widget\" data-e-type=\"widget\" data-widget_type=\"heading.default\">\n\t\t\t\t<div class=\"elementor-widget-container\">\n\t\t\t\t\t<h2 class=\"elementor-heading-title elementor-size-default\">IPTV p\u00e5 dit smart-tv<\/h2>\t\t\t\t<\/div>\n\t\t\t\t<\/div>\n\t\t\t\t\t<\/div>\n\t\t<\/div>\n\t\t\t\t\t<\/div>\n\t\t<\/section>\n\t\t\t\t<section class=\"elementor-section elementor-top-section elementor-element elementor-element-9ad9a20 elementor-section-boxed elementor-section-height-default elementor-section-height-default\" data-id=\"9ad9a20\" data-element_type=\"section\" data-e-type=\"section\">\n\t\t\t\t\t\t<div class=\"elementor-container elementor-column-gap-default\">\n\t\t\t\t\t<div class=\"elementor-column elementor-col-100 elementor-top-column elementor-element elementor-element-091162f\" data-id=\"091162f\" data-element_type=\"column\" data-e-type=\"column\">\n\t\t\t<div class=\"elementor-widget-wrap elementor-element-populated\">\n\t\t\t\t\t\t<div class=\"elementor-element elementor-element-3360914 elementor-widget elementor-widget-text-editor\" data-id=\"3360914\" data-element_type=\"widget\" data-e-type=\"widget\" data-widget_type=\"text-editor.default\">\n\t\t\t\t<div class=\"elementor-widget-container\">\n\t\t\t\t\t\t\t\t\t<p><b>Hvis du ejer et smart-tv (f.eks. fra Samsung, Philips, LG eller Panasonic), er det meget nemt at installere. <a href=\"https:\/\/tv-shadow.com\/da\/fq-guide\/\">IPTV<\/a> p\u00e5 dit Smart TV. I <a href=\"https:\/\/play.google.com\/store\/apps\">Google Play Butik<\/a> (Android) kan du downloade NET IPTV, IBO<\/b><b style=\"font-family: var( --e-global-typography-text-font-family ), Sans-serif; font-size: var( --e-global-typography-text-font-size );\">\u00a0Player Pro eller Smart IPTV-appen. N\u00e5r dette er gjort, b\u00f8r der vises en MAC-adressekode p\u00e5 sk\u00e6rmen. Dette er en unik og personlig numerisk kode, som autentificerer den enhed, som IPTV-abonnementet er knyttet til. Det er vigtigt at vide, at IPTV kun kan ses p\u00e5 denne enhed. Du skal give denne MAC-adressekode til IPTV-udbyderen, som burde v\u00e6re i stand til at identificere dit fjernsyn uden de store problemer. Du kan derefter skifte mellem alle IPTV-kanaler, serier og film via den downloadede app. Det er nu endda muligt at <a href=\"https:\/\/tv-shadow.com\/da\/\">Pr\u00f8v IPTV<\/a> gratis i 24 timer uden abonnement.<\/b><\/p>\t\t\t\t\t\t\t\t<\/div>\n\t\t\t\t<\/div>\n\t\t\t\t\t<\/div>\n\t\t<\/div>\n\t\t\t\t\t<\/div>\n\t\t<\/section>\n\t\t\t\t<section class=\"elementor-section elementor-top-section elementor-element elementor-element-64264c6 elementor-section-boxed elementor-section-height-default elementor-section-height-default\" data-id=\"64264c6\" data-element_type=\"section\" data-e-type=\"section\">\n\t\t\t\t\t\t<div class=\"elementor-container elementor-column-gap-default\">\n\t\t\t\t\t<div class=\"elementor-column elementor-col-100 elementor-top-column elementor-element elementor-element-0a3ed6f\" data-id=\"0a3ed6f\" data-element_type=\"column\" data-e-type=\"column\">\n\t\t\t<div class=\"elementor-widget-wrap elementor-element-populated\">\n\t\t\t\t\t\t<div class=\"elementor-element elementor-element-b65c5db elementor-widget elementor-widget-heading\" data-id=\"b65c5db\" data-element_type=\"widget\" data-e-type=\"widget\" data-widget_type=\"heading.default\">\n\t\t\t\t<div class=\"elementor-widget-container\">\n\t\t\t\t\t<h2 class=\"elementor-heading-title elementor-size-default\">IPTV uden smart-tv<\/h2>\t\t\t\t<\/div>\n\t\t\t\t<\/div>\n\t\t\t\t\t<\/div>\n\t\t<\/div>\n\t\t\t\t\t<\/div>\n\t\t<\/section>\n\t\t\t\t<section class=\"elementor-section elementor-top-section elementor-element elementor-element-0d1a3a6 elementor-section-boxed elementor-section-height-default elementor-section-height-default\" data-id=\"0d1a3a6\" data-element_type=\"section\" data-e-type=\"section\">\n\t\t\t\t\t\t<div class=\"elementor-container elementor-column-gap-default\">\n\t\t\t\t\t<div class=\"elementor-column elementor-col-100 elementor-top-column elementor-element elementor-element-472acec\" data-id=\"472acec\" data-element_type=\"column\" data-e-type=\"column\">\n\t\t\t<div class=\"elementor-widget-wrap elementor-element-populated\">\n\t\t\t\t\t\t<div class=\"elementor-element elementor-element-0158409 elementor-widget elementor-widget-text-editor\" data-id=\"0158409\" data-element_type=\"widget\" data-e-type=\"widget\" data-widget_type=\"text-editor.default\">\n\t\t\t\t<div class=\"elementor-widget-container\">\n\t\t\t\t\t\t\t\t\t<p><b>Hvis du ikke har et smart-tv endnu, beh\u00f8ver du ikke at fortvivle, for du kan stadig modtage IPTV. Det kr\u00e6ver bare lidt <a href=\"https:\/\/tv-shadow.com\/da\/fq-guide\/\">mere indsats<\/a>. Derefter kan man bestille en IPTV-boks, som skal tilsluttes tv'et og internettet. IPTV-boksen fungerer som en modtager, der kan omdanne internetsignalet til et tv-signal. Du modtager 3 kabler sammen med IPTV-boksen:&nbsp;<\/b><\/p>\n<p><b>- 1 HDMI-kabel, som du skal slutte til tv'et&nbsp;<\/b><\/p>\n<p><b>- 1 str\u00f8mkabel, som skal forsyne IPTV-boksen med str\u00f8m&nbsp;<\/b><\/p>\n<p><b>- 1 internetkabel, som skal forbindes til routeren&nbsp;<\/b><\/p>\n<p><b>N\u00e5r du har tilsluttet disse kabler, burde resten v\u00e6re selvforklarende. Via IPTV-boksen kan du nemt skifte mellem hele udvalget af kanaler og film. Med denne boks og et abonnement har du adgang til mere end 12.000 kanaler og ca. 45.000 film og serier.<\/b><\/p>\t\t\t\t\t\t\t\t<\/div>\n\t\t\t\t<\/div>\n\t\t\t\t\t<\/div>\n\t\t<\/div>\n\t\t\t\t\t<\/div>\n\t\t<\/section>\n\t\t\t\t<\/div>","protected":false},"excerpt":{"rendered":"<p>You must have been living under a rock if you have never heard of IPTV or IP TV. Internet Protocol TeleVision has made enormous progress in recent times. More and more people are seeing the enormous benefits associated with IPTV. It is important to read up on IPTV carefully before taking out a subscription, so &#8230; <a title=\"Hvordan installerer man IPTV p\u00e5 sit eget fjernsyn?\" class=\"read-more\" href=\"https:\/\/tv-shadow.com\/da\/how-do-you-install-iptv-on-your-own-television\/\" aria-label=\"Read more about How do you install IPTV on your own television?\">L\u00e6s mere <\/a><\/p>","protected":false},"author":1,"featured_media":0,"parent":0,"menu_order":0,"comment_status":"closed","ping_status":"closed","template":"","meta":{"_monsterinsights_skip_tracking":false,"_monsterinsights_sitenote_active":false,"_monsterinsights_sitenote_note":"","_monsterinsights_sitenote_category":0,"footnotes":""},"class_list":["post-1939","page","type-page","status-publish"],"yoast_head":"<!-- This site is optimized with the Yoast SEO Premium plugin v27.3 (Yoast SEO v27.4) - https:\/\/yoast.com\/product\/yoast-seo-premium-wordpress\/ -->\n<title>How To Install IPTV on Television - ShadowTV<\/title>\n<meta name=\"description\" content=\"If you own a Smart Tv, it is very easy to Install IPTV. Here at Shadow Tv, we are offering Best IPTV Service for Smart or Simple Tv.\" \/>\n<meta name=\"robots\" content=\"index, follow, max-snippet:-1, max-image-preview:large, max-video-preview:-1\" \/>\n<link rel=\"canonical\" href=\"https:\/\/tv-shadow.com\/da\/hvordan-installerer-du-iptv-pa-dit-eget-tv\/\" \/>\n<meta property=\"og:locale\" content=\"da_DK\" \/>\n<meta property=\"og:type\" content=\"article\" \/>\n<meta property=\"og:title\" content=\"How do you install IPTV on your own television?\" \/>\n<meta property=\"og:description\" content=\"If you own a Smart Tv, it is very easy to Install IPTV. Here at Shadow Tv, we are offering Best IPTV Service for Smart or Simple Tv.\" \/>\n<meta property=\"og:url\" content=\"https:\/\/tv-shadow.com\/da\/hvordan-installerer-du-iptv-pa-dit-eget-tv\/\" \/>\n<meta property=\"og:site_name\" content=\"ShadowTV\" \/>\n<meta property=\"article:publisher\" content=\"https:\/\/www.facebook.com\/profile.php?id=100092204902584\" \/>\n<meta property=\"article:modified_time\" content=\"2024-01-13T11:09:18+00:00\" \/>\n<meta property=\"og:image\" content=\"https:\/\/tv-shadow.com\/wp-content\/uploads\/2023\/12\/iptv-smarters-pro-1024x576.webp\" \/>\n<meta name=\"twitter:card\" content=\"summary_large_image\" \/>\n<meta name=\"twitter:label1\" content=\"Estimeret l\u00e6setid\" \/>\n\t<meta name=\"twitter:data1\" content=\"2 minutter\" \/>\n<script type=\"application\/ld+json\" class=\"yoast-schema-graph\">{\"@context\":\"https:\\\/\\\/schema.org\",\"@graph\":[{\"@type\":\"WebPage\",\"@id\":\"https:\\\/\\\/tv-shadow.com\\\/how-do-you-install-iptv-on-your-own-television\\\/\",\"url\":\"https:\\\/\\\/tv-shadow.com\\\/how-do-you-install-iptv-on-your-own-television\\\/\",\"name\":\"How To Install IPTV on Television - ShadowTV\",\"isPartOf\":{\"@id\":\"https:\\\/\\\/tv-shadow.com\\\/#website\"},\"primaryImageOfPage\":{\"@id\":\"https:\\\/\\\/tv-shadow.com\\\/how-do-you-install-iptv-on-your-own-television\\\/#primaryimage\"},\"image\":{\"@id\":\"https:\\\/\\\/tv-shadow.com\\\/how-do-you-install-iptv-on-your-own-television\\\/#primaryimage\"},\"thumbnailUrl\":\"https:\\\/\\\/tv-shadow.com\\\/wp-content\\\/uploads\\\/2023\\\/12\\\/iptv-smarters-pro-1024x576.webp\",\"datePublished\":\"2023-11-08T19:18:02+00:00\",\"dateModified\":\"2024-01-13T11:09:18+00:00\",\"description\":\"If you own a Smart Tv, it is very easy to Install IPTV. Here at Shadow Tv, we are offering Best IPTV Service for Smart or Simple Tv.\",\"breadcrumb\":{\"@id\":\"https:\\\/\\\/tv-shadow.com\\\/how-do-you-install-iptv-on-your-own-television\\\/#breadcrumb\"},\"inLanguage\":\"da-DK\",\"potentialAction\":[{\"@type\":\"ReadAction\",\"target\":[\"https:\\\/\\\/tv-shadow.com\\\/how-do-you-install-iptv-on-your-own-television\\\/\"]}]},{\"@type\":\"ImageObject\",\"inLanguage\":\"da-DK\",\"@id\":\"https:\\\/\\\/tv-shadow.com\\\/how-do-you-install-iptv-on-your-own-television\\\/#primaryimage\",\"url\":\"https:\\\/\\\/tv-shadow.com\\\/wp-content\\\/uploads\\\/2023\\\/12\\\/iptv-smarters-pro-1024x576.webp\",\"contentUrl\":\"https:\\\/\\\/tv-shadow.com\\\/wp-content\\\/uploads\\\/2023\\\/12\\\/iptv-smarters-pro-1024x576.webp\"},{\"@type\":\"BreadcrumbList\",\"@id\":\"https:\\\/\\\/tv-shadow.com\\\/how-do-you-install-iptv-on-your-own-television\\\/#breadcrumb\",\"itemListElement\":[{\"@type\":\"ListItem\",\"position\":1,\"name\":\"Home\",\"item\":\"https:\\\/\\\/tv-shadow.com\\\/en\\\/\"},{\"@type\":\"ListItem\",\"position\":2,\"name\":\"How do you install IPTV on your own television?\"}]},{\"@type\":\"WebSite\",\"@id\":\"https:\\\/\\\/tv-shadow.com\\\/#website\",\"url\":\"https:\\\/\\\/tv-shadow.com\\\/\",\"name\":\"Shadow tv\",\"description\":\"This is the official site of SHADOW TV. SHADOW TV is the award-winning international IPTV service offering over Live TV, VOD, EPG PPV many more.\",\"publisher\":{\"@id\":\"https:\\\/\\\/tv-shadow.com\\\/#organization\"},\"alternateName\":\"shadow iptv\",\"potentialAction\":[{\"@type\":\"SearchAction\",\"target\":{\"@type\":\"EntryPoint\",\"urlTemplate\":\"https:\\\/\\\/tv-shadow.com\\\/?s={search_term_string}\"},\"query-input\":{\"@type\":\"PropertyValueSpecification\",\"valueRequired\":true,\"valueName\":\"search_term_string\"}}],\"inLanguage\":\"da-DK\"},{\"@type\":\"Organization\",\"@id\":\"https:\\\/\\\/tv-shadow.com\\\/#organization\",\"name\":\"Shadow Tv\",\"alternateName\":\"Tv Shadow\",\"url\":\"https:\\\/\\\/tv-shadow.com\\\/\",\"logo\":{\"@type\":\"ImageObject\",\"inLanguage\":\"da-DK\",\"@id\":\"https:\\\/\\\/tv-shadow.com\\\/#\\\/schema\\\/logo\\\/image\\\/\",\"url\":\"https:\\\/\\\/tv-shadow.com\\\/wp-content\\\/uploads\\\/2023\\\/11\\\/SHADOW-LOGO.jpeg\",\"contentUrl\":\"https:\\\/\\\/tv-shadow.com\\\/wp-content\\\/uploads\\\/2023\\\/11\\\/SHADOW-LOGO.jpeg\",\"width\":640,\"height\":640,\"caption\":\"Shadow Tv\"},\"image\":{\"@id\":\"https:\\\/\\\/tv-shadow.com\\\/#\\\/schema\\\/logo\\\/image\\\/\"},\"sameAs\":[\"https:\\\/\\\/www.facebook.com\\\/profile.php?id=100092204902584\",\"https:\\\/\\\/mastodon.social\\\/@shadowtviptv\"],\"publishingPrinciples\":\"https:\\\/\\\/tv-shadow.com\\\/terms-of-service\\\/\",\"ownershipFundingInfo\":\"https:\\\/\\\/tv-shadow.com\\\/terms-of-service\\\/\",\"actionableFeedbackPolicy\":\"https:\\\/\\\/tv-shadow.com\\\/terms-of-service\\\/\",\"correctionsPolicy\":\"https:\\\/\\\/tv-shadow.com\\\/refund_returns\\\/\",\"ethicsPolicy\":\"https:\\\/\\\/tv-shadow.com\\\/refund_returns\\\/\"}]}<\/script>\n<!-- \/ Yoast SEO Premium plugin. -->","yoast_head_json":{"title":"S\u00e5dan installeres IPTV p\u00e5 fjernsyn - ShadowTV","description":"Hvis du ejer et smart-tv, er det meget nemt at installere IPTV. Her p\u00e5 Shadow Tv tilbyder vi den bedste IPTV-tjeneste til Smart eller Simple Tv.","robots":{"index":"index","follow":"follow","max-snippet":"max-snippet:-1","max-image-preview":"max-image-preview:large","max-video-preview":"max-video-preview:-1"},"canonical":"https:\/\/tv-shadow.com\/da\/hvordan-installerer-du-iptv-pa-dit-eget-tv\/","og_locale":"da_DK","og_type":"article","og_title":"How do you install IPTV on your own television?","og_description":"If you own a Smart Tv, it is very easy to Install IPTV. Here at Shadow Tv, we are offering Best IPTV Service for Smart or Simple Tv.","og_url":"https:\/\/tv-shadow.com\/da\/hvordan-installerer-du-iptv-pa-dit-eget-tv\/","og_site_name":"ShadowTV","article_publisher":"https:\/\/www.facebook.com\/profile.php?id=100092204902584","article_modified_time":"2024-01-13T11:09:18+00:00","og_image":[{"url":"https:\/\/tv-shadow.com\/wp-content\/uploads\/2023\/12\/iptv-smarters-pro-1024x576.webp","type":"","width":"","height":""}],"twitter_card":"summary_large_image","twitter_misc":{"Estimeret l\u00e6setid":"2 minutter"},"schema":{"@context":"https:\/\/schema.org","@graph":[{"@type":"WebPage","@id":"https:\/\/tv-shadow.com\/how-do-you-install-iptv-on-your-own-television\/","url":"https:\/\/tv-shadow.com\/how-do-you-install-iptv-on-your-own-television\/","name":"S\u00e5dan installeres IPTV p\u00e5 fjernsyn - ShadowTV","isPartOf":{"@id":"https:\/\/tv-shadow.com\/#website"},"primaryImageOfPage":{"@id":"https:\/\/tv-shadow.com\/how-do-you-install-iptv-on-your-own-television\/#primaryimage"},"image":{"@id":"https:\/\/tv-shadow.com\/how-do-you-install-iptv-on-your-own-television\/#primaryimage"},"thumbnailUrl":"https:\/\/tv-shadow.com\/wp-content\/uploads\/2023\/12\/iptv-smarters-pro-1024x576.webp","datePublished":"2023-11-08T19:18:02+00:00","dateModified":"2024-01-13T11:09:18+00:00","description":"Hvis du ejer et smart-tv, er det meget nemt at installere IPTV. Her p\u00e5 Shadow Tv tilbyder vi den bedste IPTV-tjeneste til Smart eller Simple Tv.","breadcrumb":{"@id":"https:\/\/tv-shadow.com\/how-do-you-install-iptv-on-your-own-television\/#breadcrumb"},"inLanguage":"da-DK","potentialAction":[{"@type":"ReadAction","target":["https:\/\/tv-shadow.com\/how-do-you-install-iptv-on-your-own-television\/"]}]},{"@type":"ImageObject","inLanguage":"da-DK","@id":"https:\/\/tv-shadow.com\/how-do-you-install-iptv-on-your-own-television\/#primaryimage","url":"https:\/\/tv-shadow.com\/wp-content\/uploads\/2023\/12\/iptv-smarters-pro-1024x576.webp","contentUrl":"https:\/\/tv-shadow.com\/wp-content\/uploads\/2023\/12\/iptv-smarters-pro-1024x576.webp"},{"@type":"BreadcrumbList","@id":"https:\/\/tv-shadow.com\/how-do-you-install-iptv-on-your-own-television\/#breadcrumb","itemListElement":[{"@type":"ListItem","position":1,"name":"Home","item":"https:\/\/tv-shadow.com\/en\/"},{"@type":"ListItem","position":2,"name":"How do you install IPTV on your own television?"}]},{"@type":"WebSite","@id":"https:\/\/tv-shadow.com\/#website","url":"https:\/\/tv-shadow.com\/","name":"Skygge-tv","description":"Dette er den officielle side for SHADOW TV. SHADOW TV er den prisbel\u00f8nnede internationale IPTV-tjeneste, der tilbyder over Live TV, VOD, EPG PPV mange flere.","publisher":{"@id":"https:\/\/tv-shadow.com\/#organization"},"alternateName":"shadow iptv","potentialAction":[{"@type":"SearchAction","target":{"@type":"EntryPoint","urlTemplate":"https:\/\/tv-shadow.com\/?s={search_term_string}"},"query-input":{"@type":"PropertyValueSpecification","valueRequired":true,"valueName":"search_term_string"}}],"inLanguage":"da-DK"},{"@type":"Organization","@id":"https:\/\/tv-shadow.com\/#organization","name":"Skygge-tv","alternateName":"Tv Shadow","url":"https:\/\/tv-shadow.com\/","logo":{"@type":"ImageObject","inLanguage":"da-DK","@id":"https:\/\/tv-shadow.com\/#\/schema\/logo\/image\/","url":"https:\/\/tv-shadow.com\/wp-content\/uploads\/2023\/11\/SHADOW-LOGO.jpeg","contentUrl":"https:\/\/tv-shadow.com\/wp-content\/uploads\/2023\/11\/SHADOW-LOGO.jpeg","width":640,"height":640,"caption":"Shadow Tv"},"image":{"@id":"https:\/\/tv-shadow.com\/#\/schema\/logo\/image\/"},"sameAs":["https:\/\/www.facebook.com\/profile.php?id=100092204902584","https:\/\/mastodon.social\/@shadowtviptv"],"publishingPrinciples":"https:\/\/tv-shadow.com\/terms-of-service\/","ownershipFundingInfo":"https:\/\/tv-shadow.com\/terms-of-service\/","actionableFeedbackPolicy":"https:\/\/tv-shadow.com\/terms-of-service\/","correctionsPolicy":"https:\/\/tv-shadow.com\/refund_returns\/","ethicsPolicy":"https:\/\/tv-shadow.com\/refund_returns\/"}]}},"_links":{"self":[{"href":"https:\/\/tv-shadow.com\/da\/wp-json\/wp\/v2\/pages\/1939","targetHints":{"allow":["GET"]}}],"collection":[{"href":"https:\/\/tv-shadow.com\/da\/wp-json\/wp\/v2\/pages"}],"about":[{"href":"https:\/\/tv-shadow.com\/da\/wp-json\/wp\/v2\/types\/page"}],"author":[{"embeddable":true,"href":"https:\/\/tv-shadow.com\/da\/wp-json\/wp\/v2\/users\/1"}],"replies":[{"embeddable":true,"href":"https:\/\/tv-shadow.com\/da\/wp-json\/wp\/v2\/comments?post=1939"}],"version-history":[{"count":15,"href":"https:\/\/tv-shadow.com\/da\/wp-json\/wp\/v2\/pages\/1939\/revisions"}],"predecessor-version":[{"id":2592,"href":"https:\/\/tv-shadow.com\/da\/wp-json\/wp\/v2\/pages\/1939\/revisions\/2592"}],"wp:attachment":[{"href":"https:\/\/tv-shadow.com\/da\/wp-json\/wp\/v2\/media?parent=1939"}],"curies":[{"name":"wp","href":"https:\/\/api.w.org\/{rel}","templated":true}]}}