{"id":3997,"date":"2024-09-03T02:52:07","date_gmt":"2024-09-03T01:52:07","guid":{"rendered":"http:\/\/tv-shadow.com\/?page_id=3997"},"modified":"2026-03-11T03:35:49","modified_gmt":"2026-03-11T03:35:49","slug":"sadan-undgar-du-at-fryse-i-iptv","status":"publish","type":"page","link":"https:\/\/tv-shadow.com\/da\/how-to-avoid-freezing-in-iptv\/","title":{"rendered":"S\u00e5dan undg\u00e5r du at fryse i IPTV"},"content":{"rendered":"<div data-elementor-type=\"wp-page\" data-elementor-id=\"3997\" class=\"elementor elementor-3997\" data-elementor-post-type=\"page\">\n\t\t\t\t\t\t<section class=\"elementor-section elementor-top-section elementor-element elementor-element-15a1f95 elementor-section-boxed elementor-section-height-default elementor-section-height-default\" data-id=\"15a1f95\" data-element_type=\"section\" data-e-type=\"section\">\n\t\t\t\t\t\t<div class=\"elementor-container elementor-column-gap-default\">\n\t\t\t\t\t<div class=\"elementor-column elementor-col-100 elementor-top-column elementor-element elementor-element-f821e4c\" data-id=\"f821e4c\" data-element_type=\"column\" data-e-type=\"column\">\n\t\t\t<div class=\"elementor-widget-wrap elementor-element-populated\">\n\t\t\t\t\t\t<div class=\"elementor-element elementor-element-e7345a9 elementor-widget elementor-widget-heading\" data-id=\"e7345a9\" data-element_type=\"widget\" data-e-type=\"widget\" data-widget_type=\"heading.default\">\n\t\t\t\t<div class=\"elementor-widget-container\">\n\t\t\t\t\t<h2 class=\"elementor-heading-title elementor-size-default\">S\u00e5dan undg\u00e5r du at fryse i IPTV<\/h2>\t\t\t\t<\/div>\n\t\t\t\t<\/div>\n\t\t\t\t<div class=\"elementor-element elementor-element-c95510d elementor-widget elementor-widget-image\" data-id=\"c95510d\" data-element_type=\"widget\" data-e-type=\"widget\" data-widget_type=\"image.default\">\n\t\t\t\t<div class=\"elementor-widget-container\">\n\t\t\t\t\t\t\t\t\t\t\t\t\t\t\t<img fetchpriority=\"high\" decoding=\"async\" width=\"686\" height=\"386\" src=\"https:\/\/tv-shadow.com\/wp-content\/uploads\/2024\/09\/how-to-avoid-freezing-in-iptv.jpg\" class=\"attachment-large size-large wp-image-4000\" alt=\"S\u00e5dan undg\u00e5r du at fryse i IPTV\" srcset=\"https:\/\/tv-shadow.com\/wp-content\/uploads\/2024\/09\/how-to-avoid-freezing-in-iptv.jpg 686w, https:\/\/tv-shadow.com\/wp-content\/uploads\/2024\/09\/how-to-avoid-freezing-in-iptv-300x169.jpg 300w, https:\/\/tv-shadow.com\/wp-content\/uploads\/2024\/09\/how-to-avoid-freezing-in-iptv-600x338.jpg 600w\" sizes=\"(max-width: 686px) 100vw, 686px\" \/>\t\t\t\t\t\t\t\t\t\t\t\t\t\t\t<\/div>\n\t\t\t\t<\/div>\n\t\t\t\t\t<\/div>\n\t\t<\/div>\n\t\t\t\t\t<\/div>\n\t\t<\/section>\n\t\t\t\t<section class=\"elementor-section elementor-top-section elementor-element elementor-element-af213ac elementor-section-boxed elementor-section-height-default elementor-section-height-default\" data-id=\"af213ac\" data-element_type=\"section\" data-e-type=\"section\">\n\t\t\t\t\t\t<div class=\"elementor-container elementor-column-gap-default\">\n\t\t\t\t\t<div class=\"elementor-column elementor-col-100 elementor-top-column elementor-element elementor-element-10beff8\" data-id=\"10beff8\" data-element_type=\"column\" data-e-type=\"column\">\n\t\t\t<div class=\"elementor-widget-wrap elementor-element-populated\">\n\t\t\t\t\t\t<div class=\"elementor-element elementor-element-3a0d28a elementor-widget elementor-widget-text-editor\" data-id=\"3a0d28a\" data-element_type=\"widget\" data-e-type=\"widget\" data-widget_type=\"text-editor.default\">\n\t\t\t\t<div class=\"elementor-widget-container\">\n\t\t\t\t\t\t\t\t\t<p><strong>1. Tjek din internetforbindelse:<\/strong><br \/>- Hastighed: S\u00f8rg for, at din internetforbindelse er hurtig nok. De fleste IPTV-tjenester kr\u00e6ver mindst\u00a0<a href=\"https:\/\/en.wikipedia.org\/wiki\/https:\/\/en.wikipedia.org\/wiki\/Megabit\" target=\"_blank\" rel=\"noopener\">10 Mbps<\/a>\u00a0til standardopl\u00f8sning og 25 Mbps til HD-indhold. Til 4K-indhold er der brug for h\u00f8jere hastigheder.<br \/>- Stabilitet: En stabil forbindelse er afg\u00f8rende. Brug en kablet forbindelse (Ethernet) i stedet for Wi-Fi, n\u00e5r det er muligt, da det giver en mere p\u00e5lidelig og ensartet forbindelse.<\/p><p><img decoding=\"async\" class=\"wp-image-4524 aligncenter\" src=\"http:\/\/tv-shadow.com\/wp-content\/uploads\/2024\/09\/internet-speed-iptv.png\" alt=\"\" width=\"700\" height=\"438\" srcset=\"https:\/\/tv-shadow.com\/wp-content\/uploads\/2024\/09\/internet-speed-iptv.png 1006w, https:\/\/tv-shadow.com\/wp-content\/uploads\/2024\/09\/internet-speed-iptv-300x188.png 300w, https:\/\/tv-shadow.com\/wp-content\/uploads\/2024\/09\/internet-speed-iptv-768x481.png 768w, https:\/\/tv-shadow.com\/wp-content\/uploads\/2024\/09\/internet-speed-iptv-600x376.png 600w\" sizes=\"(max-width: 700px) 100vw, 700px\" \/><\/p><p><strong>2. Optimer Wi-Fi-indstillinger :<\/strong><br \/>- Placering af router: Placer din router et centralt sted for at undg\u00e5 svage signaler. Undg\u00e5 at placere den i n\u00e6rheden af andre elektroniske enheder, der kan for\u00e5rsage interferens.<br \/>- Kanalvalg: Brug mindre overbelastede wi-fi-kanaler. V\u00e6rkt\u00f8jer eller apps kan hj\u00e6lpe med at finde den bedste kanal i dit omr\u00e5de.<br \/>- 5 GHz-b\u00e5ndet: Hvis din router underst\u00f8tter det, skal du bruge 5 GHz-b\u00e5ndet, som er mindre overfyldt og giver hurtigere hastigheder, om end med en kortere r\u00e6kkevidde.<\/p><p><strong>3. Reducer overbelastning af netv\u00e6rket :<\/strong><br \/>- Begr\u00e6ns andre enheder : Afbryd eller begr\u00e6ns brugen af andre enheder p\u00e5 netv\u00e6rket, n\u00e5r du bruger IPTV.<br \/>- Baggrundsapplikationer : Luk alle un\u00f8dvendige programmer eller downloads, der k\u00f8rer i baggrunden, og som kan forbruge b\u00e5ndbredde.<\/p><p><strong>4. Brug en IPTV-tjeneste af h\u00f8j kvalitet :<\/strong><br \/>- Omd\u00f8mme: V\u00e6lg en velrenommeret\u00a0<a href=\"http:\/\/tv-shadow.com\/da\/\" target=\"_blank\" rel=\"noopener\">IPTV\u00a0<\/a>udbyder med p\u00e5lidelige servere og gode kundeanmeldelser.<br \/>- Serverbelastning: Nogle IPTV-udbydere kan have overbelastede servere, hvilket f\u00f8rer til fryseproblemer. S\u00f8rg for, at din udbyder har tilstr\u00e6kkelig serverkapacitet.<\/p><p><strong>5. Opdater IPTV-app og -firmware :<\/strong><br \/>&#8211; <a href=\"http:\/\/tv-shadow.com\/da\/\" target=\"_blank\" rel=\"noopener\">IPTV-app<\/a>\u00a0: S\u00f8rg for, at du bruger den nyeste version af din\u00a0<a href=\"http:\/\/tv-shadow.com\/da\/fq-guide\/\" target=\"_blank\" rel=\"noopener\">IPTV-app<\/a>. Udviklere udgiver ofte opdateringer for at rette fejl og forbedre ydeevnen.<br \/>- Firmware : Se efter firmwareopdateringer til din IPTV-boks, dit smart-tv eller din streamingenhed. Opdateringer kan forbedre kompatibiliteten og ydeevnen.<\/p><p><strong>6. Brug en VPN :<\/strong><br \/><strong>- Omg\u00e5 ISP-throttling :<\/strong> Nogle internetudbydere begr\u00e6nser streamingtjenester, hvilket kan for\u00e5rsage buffering. Brug af en VPN kan hj\u00e6lpe med at omg\u00e5 denne begr\u00e6nsning.<br \/>- Serverens n\u00e6rhed: V\u00e6lg en VPN-server t\u00e6t p\u00e5 din placering for at reducere ventetiden.<\/p><p><img decoding=\"async\" class=\"wp-image-4533 size-full aligncenter\" src=\"http:\/\/tv-shadow.com\/wp-content\/uploads\/2024\/09\/best-vpn-for-tv-smart.png\" alt=\"\" width=\"700\" height=\"438\" srcset=\"https:\/\/tv-shadow.com\/wp-content\/uploads\/2024\/09\/best-vpn-for-tv-smart.png 700w, https:\/\/tv-shadow.com\/wp-content\/uploads\/2024\/09\/best-vpn-for-tv-smart-300x188.png 300w, https:\/\/tv-shadow.com\/wp-content\/uploads\/2024\/09\/best-vpn-for-tv-smart-600x375.png 600w\" sizes=\"(max-width: 700px) 100vw, 700px\" \/><\/p><h3>Den bedste vpn til tv smart :<a href=\"https:\/\/www.01net.com\/en\/vpn\/smart-tv\/\" target=\"_blank\" rel=\"noopener\"> Klik her<\/a><\/h3><p><strong>7. Juster indstillinger for streaming :<\/strong><br \/>- Lavere kvalitet: Hvis frysningen forts\u00e6tter, kan du pr\u00f8ve at s\u00e6nke streamingkvaliteten. Det kr\u00e6ver mindre b\u00e5ndbredde og kan reducere fastfrysningen.<br \/>- Adaptiv bithastighed: Hvis din IPTV-app eller -tjeneste underst\u00f8tter streaming med adaptiv bithastighed, skal du aktivere den. Dette g\u00f8r det muligt at justere streamingkvaliteten automatisk baseret p\u00e5 din internethastighed.<\/p><p><strong>8. Tjek og vedligehold hardware :<\/strong><br \/>- Genstart enheder: Genstart regelm\u00e6ssigt din router, IPTV-boks eller streamingenhed for at rydde hukommelsen og opdatere forbindelserne.<br \/>- Varmestyring : S\u00f8rg for, at dine enheder ikke overophedes. Overophedning kan f\u00f8re til problemer med ydeevnen og fastfrysning.<\/p><p><strong>9. Brug indstillinger for buffering :<\/strong><br \/>- Nogle IPTV-apps giver dig mulighed for at justere bufferst\u00f8rrelsen. Hvis du \u00f8ger bufferst\u00f8rrelsen, kan det hj\u00e6lpe med at forhindre fastfrysning ved at indl\u00e6se mere indhold p\u00e5 forh\u00e5nd.<\/p><p><strong>10. Kontakt support:<\/strong><br \/>- Hvis frysningen forts\u00e6tter, selvom du har pr\u00f8vet ovenst\u00e5ende trin, skal du kontakte din IPTV-udbyders supportteam. De har m\u00e5ske specifikke anbefalinger eller kender til aktuelle problemer med deres tjeneste.<\/p><p>Ved at f\u00f8lge disse tips kan du\u00a0<a href=\"http:\/\/tv-shadow.com\/de\/\" target=\"_blank\" rel=\"noopener\">minimere frysning<\/a>\u00a0og f\u00e5 en mere j\u00e6vn IPTV-oplevelse<\/p>\t\t\t\t\t\t\t\t<\/div>\n\t\t\t\t<\/div>\n\t\t\t\t\t<\/div>\n\t\t<\/div>\n\t\t\t\t\t<\/div>\n\t\t<\/section>\n\t\t\t\t<\/div>","protected":false},"excerpt":{"rendered":"<p>How To Avoid Freezing In IPTV 1. Check Your Internet Connection:&#8211; Speed: Ensure your internet connection is fast enough. Most IPTV services require a minimum of\u00a010 Mbps\u00a0for standard definition and 25 Mbps for HD content. For 4K content, higher speeds are needed.&#8211; Stability: A stable connection is crucial. Use a wired connection (Ethernet) instead of [&hellip;]<\/p>\n","protected":false},"author":7,"featured_media":0,"parent":0,"menu_order":0,"comment_status":"closed","ping_status":"closed","template":"","meta":{"_monsterinsights_skip_tracking":false,"_monsterinsights_sitenote_active":false,"_monsterinsights_sitenote_note":"","_monsterinsights_sitenote_category":0,"footnotes":""},"class_list":["post-3997","page","type-page","status-publish","hentry"],"yoast_head":"<!-- This site is optimized with the Yoast SEO Premium plugin v27.3 (Yoast SEO v27.4) - https:\/\/yoast.com\/product\/yoast-seo-premium-wordpress\/ -->\n<title>Freezing IPTV Problems and How to Resolve Them - ShadowTV<\/title>\n<meta name=\"description\" content=\"Explore effective solutions for freezing IPTV. Check your internet connection and optimize your router for better performance.\" \/>\n<meta name=\"robots\" content=\"index, follow, max-snippet:-1, max-image-preview:large, max-video-preview:-1\" \/>\n<link rel=\"canonical\" href=\"https:\/\/tv-shadow.com\/da\/sadan-undgar-du-at-fryse-i-iptv\/\" \/>\n<meta property=\"og:locale\" content=\"da_DK\" \/>\n<meta property=\"og:type\" content=\"article\" \/>\n<meta property=\"og:title\" content=\"How To Avoid Freezing In IPTV\" \/>\n<meta property=\"og:description\" content=\"Explore effective solutions for freezing IPTV. Check your internet connection and optimize your router for better performance.\" \/>\n<meta property=\"og:url\" content=\"https:\/\/tv-shadow.com\/da\/sadan-undgar-du-at-fryse-i-iptv\/\" \/>\n<meta property=\"og:site_name\" content=\"ShadowTV\" \/>\n<meta property=\"article:publisher\" content=\"https:\/\/www.facebook.com\/profile.php?id=100092204902584\" \/>\n<meta property=\"article:modified_time\" content=\"2026-03-11T03:35:49+00:00\" \/>\n<meta property=\"og:image\" content=\"http:\/\/tv-shadow.com\/wp-content\/uploads\/2024\/09\/how-to-avoid-freezing-in-iptv.jpg\" \/>\n<meta name=\"twitter:card\" content=\"summary_large_image\" \/>\n<meta name=\"twitter:label1\" content=\"Estimeret l\u00e6setid\" \/>\n\t<meta name=\"twitter:data1\" content=\"3 minutter\" \/>\n<script type=\"application\/ld+json\" class=\"yoast-schema-graph\">{\"@context\":\"https:\\\/\\\/schema.org\",\"@graph\":[{\"@type\":\"WebPage\",\"@id\":\"https:\\\/\\\/tv-shadow.com\\\/en\\\/how-to-avoid-freezing-in-iptv\\\/\",\"url\":\"https:\\\/\\\/tv-shadow.com\\\/en\\\/how-to-avoid-freezing-in-iptv\\\/\",\"name\":\"Freezing IPTV Problems and How to Resolve Them - ShadowTV\",\"isPartOf\":{\"@id\":\"https:\\\/\\\/tv-shadow.com\\\/pl\\\/#website\"},\"primaryImageOfPage\":{\"@id\":\"https:\\\/\\\/tv-shadow.com\\\/en\\\/how-to-avoid-freezing-in-iptv\\\/#primaryimage\"},\"image\":{\"@id\":\"https:\\\/\\\/tv-shadow.com\\\/en\\\/how-to-avoid-freezing-in-iptv\\\/#primaryimage\"},\"thumbnailUrl\":\"http:\\\/\\\/tv-shadow.com\\\/wp-content\\\/uploads\\\/2024\\\/09\\\/how-to-avoid-freezing-in-iptv.jpg\",\"datePublished\":\"2024-09-03T01:52:07+00:00\",\"dateModified\":\"2026-03-11T03:35:49+00:00\",\"description\":\"Explore effective solutions for freezing IPTV. Check your internet connection and optimize your router for better performance.\",\"breadcrumb\":{\"@id\":\"https:\\\/\\\/tv-shadow.com\\\/en\\\/how-to-avoid-freezing-in-iptv\\\/#breadcrumb\"},\"inLanguage\":\"da-DK\",\"potentialAction\":[{\"@type\":\"ReadAction\",\"target\":[\"https:\\\/\\\/tv-shadow.com\\\/en\\\/how-to-avoid-freezing-in-iptv\\\/\"]}]},{\"@type\":\"ImageObject\",\"inLanguage\":\"da-DK\",\"@id\":\"https:\\\/\\\/tv-shadow.com\\\/en\\\/how-to-avoid-freezing-in-iptv\\\/#primaryimage\",\"url\":\"http:\\\/\\\/tv-shadow.com\\\/wp-content\\\/uploads\\\/2024\\\/09\\\/how-to-avoid-freezing-in-iptv.jpg\",\"contentUrl\":\"http:\\\/\\\/tv-shadow.com\\\/wp-content\\\/uploads\\\/2024\\\/09\\\/how-to-avoid-freezing-in-iptv.jpg\"},{\"@type\":\"BreadcrumbList\",\"@id\":\"https:\\\/\\\/tv-shadow.com\\\/en\\\/how-to-avoid-freezing-in-iptv\\\/#breadcrumb\",\"itemListElement\":[{\"@type\":\"ListItem\",\"position\":1,\"name\":\"Home\",\"item\":\"https:\\\/\\\/tv-shadow.com\\\/en\\\/\"},{\"@type\":\"ListItem\",\"position\":2,\"name\":\"How To Avoid Freezing In IPTV\"}]},{\"@type\":\"WebSite\",\"@id\":\"https:\\\/\\\/tv-shadow.com\\\/pl\\\/#website\",\"url\":\"https:\\\/\\\/tv-shadow.com\\\/pl\\\/\",\"name\":\"Shadow tv\",\"description\":\"This is the official site of SHADOW TV. SHADOW TV is the award-winning international IPTV service offering over Live TV, VOD, EPG PPV many more.\",\"publisher\":{\"@id\":\"https:\\\/\\\/tv-shadow.com\\\/pl\\\/#organization\"},\"alternateName\":\"shadow iptv\",\"potentialAction\":[{\"@type\":\"SearchAction\",\"target\":{\"@type\":\"EntryPoint\",\"urlTemplate\":\"https:\\\/\\\/tv-shadow.com\\\/pl\\\/?s={search_term_string}\"},\"query-input\":{\"@type\":\"PropertyValueSpecification\",\"valueRequired\":true,\"valueName\":\"search_term_string\"}}],\"inLanguage\":\"da-DK\"},{\"@type\":\"Organization\",\"@id\":\"https:\\\/\\\/tv-shadow.com\\\/pl\\\/#organization\",\"name\":\"Shadow Tv\",\"alternateName\":\"Tv Shadow\",\"url\":\"https:\\\/\\\/tv-shadow.com\\\/pl\\\/\",\"logo\":{\"@type\":\"ImageObject\",\"inLanguage\":\"da-DK\",\"@id\":\"https:\\\/\\\/tv-shadow.com\\\/pl\\\/#\\\/schema\\\/logo\\\/image\\\/\",\"url\":\"http:\\\/\\\/tv-shadow.com\\\/wp-content\\\/uploads\\\/2023\\\/11\\\/SHADOW-LOGO.jpeg\",\"contentUrl\":\"http:\\\/\\\/tv-shadow.com\\\/wp-content\\\/uploads\\\/2023\\\/11\\\/SHADOW-LOGO.jpeg\",\"width\":640,\"height\":640,\"caption\":\"Shadow Tv\"},\"image\":{\"@id\":\"https:\\\/\\\/tv-shadow.com\\\/pl\\\/#\\\/schema\\\/logo\\\/image\\\/\"},\"sameAs\":[\"https:\\\/\\\/www.facebook.com\\\/profile.php?id=100092204902584\",\"https:\\\/\\\/mastodon.social\\\/@shadowtviptv\"],\"publishingPrinciples\":\"https:\\\/\\\/tv-shadow.com\\\/pl\\\/warunki-swiadczenia-uslug\\\/\",\"ownershipFundingInfo\":\"https:\\\/\\\/tv-shadow.com\\\/pl\\\/warunki-swiadczenia-uslug\\\/\",\"actionableFeedbackPolicy\":\"https:\\\/\\\/tv-shadow.com\\\/pl\\\/warunki-swiadczenia-uslug\\\/\",\"correctionsPolicy\":\"https:\\\/\\\/tv-shadow.com\\\/pl\\\/refund_returns\\\/\",\"ethicsPolicy\":\"https:\\\/\\\/tv-shadow.com\\\/pl\\\/refund_returns\\\/\"}]}<\/script>\n<!-- \/ Yoast SEO Premium plugin. -->","yoast_head_json":{"title":"Freezing IPTV Problems and How to Resolve Them - ShadowTV","description":"Explore effective solutions for freezing IPTV. Check your internet connection and optimize your router for better performance.","robots":{"index":"index","follow":"follow","max-snippet":"max-snippet:-1","max-image-preview":"max-image-preview:large","max-video-preview":"max-video-preview:-1"},"canonical":"https:\/\/tv-shadow.com\/da\/sadan-undgar-du-at-fryse-i-iptv\/","og_locale":"da_DK","og_type":"article","og_title":"How To Avoid Freezing In IPTV","og_description":"Explore effective solutions for freezing IPTV. Check your internet connection and optimize your router for better performance.","og_url":"https:\/\/tv-shadow.com\/da\/sadan-undgar-du-at-fryse-i-iptv\/","og_site_name":"ShadowTV","article_publisher":"https:\/\/www.facebook.com\/profile.php?id=100092204902584","article_modified_time":"2026-03-11T03:35:49+00:00","og_image":[{"url":"http:\/\/tv-shadow.com\/wp-content\/uploads\/2024\/09\/how-to-avoid-freezing-in-iptv.jpg","type":"","width":"","height":""}],"twitter_card":"summary_large_image","twitter_misc":{"Estimeret l\u00e6setid":"3 minutter"},"schema":{"@context":"https:\/\/schema.org","@graph":[{"@type":"WebPage","@id":"https:\/\/tv-shadow.com\/en\/how-to-avoid-freezing-in-iptv\/","url":"https:\/\/tv-shadow.com\/en\/how-to-avoid-freezing-in-iptv\/","name":"Freezing IPTV Problems and How to Resolve Them - ShadowTV","isPartOf":{"@id":"https:\/\/tv-shadow.com\/pl\/#website"},"primaryImageOfPage":{"@id":"https:\/\/tv-shadow.com\/en\/how-to-avoid-freezing-in-iptv\/#primaryimage"},"image":{"@id":"https:\/\/tv-shadow.com\/en\/how-to-avoid-freezing-in-iptv\/#primaryimage"},"thumbnailUrl":"http:\/\/tv-shadow.com\/wp-content\/uploads\/2024\/09\/how-to-avoid-freezing-in-iptv.jpg","datePublished":"2024-09-03T01:52:07+00:00","dateModified":"2026-03-11T03:35:49+00:00","description":"Explore effective solutions for freezing IPTV. Check your internet connection and optimize your router for better performance.","breadcrumb":{"@id":"https:\/\/tv-shadow.com\/en\/how-to-avoid-freezing-in-iptv\/#breadcrumb"},"inLanguage":"da-DK","potentialAction":[{"@type":"ReadAction","target":["https:\/\/tv-shadow.com\/en\/how-to-avoid-freezing-in-iptv\/"]}]},{"@type":"ImageObject","inLanguage":"da-DK","@id":"https:\/\/tv-shadow.com\/en\/how-to-avoid-freezing-in-iptv\/#primaryimage","url":"http:\/\/tv-shadow.com\/wp-content\/uploads\/2024\/09\/how-to-avoid-freezing-in-iptv.jpg","contentUrl":"http:\/\/tv-shadow.com\/wp-content\/uploads\/2024\/09\/how-to-avoid-freezing-in-iptv.jpg"},{"@type":"BreadcrumbList","@id":"https:\/\/tv-shadow.com\/en\/how-to-avoid-freezing-in-iptv\/#breadcrumb","itemListElement":[{"@type":"ListItem","position":1,"name":"Home","item":"https:\/\/tv-shadow.com\/en\/"},{"@type":"ListItem","position":2,"name":"How To Avoid Freezing In IPTV"}]},{"@type":"WebSite","@id":"https:\/\/tv-shadow.com\/pl\/#website","url":"https:\/\/tv-shadow.com\/pl\/","name":"Skygge-tv","description":"Dette er den officielle side for SHADOW TV. SHADOW TV er den prisbel\u00f8nnede internationale IPTV-tjeneste, der tilbyder over Live TV, VOD, EPG PPV mange flere.","publisher":{"@id":"https:\/\/tv-shadow.com\/pl\/#organization"},"alternateName":"shadow iptv","potentialAction":[{"@type":"SearchAction","target":{"@type":"EntryPoint","urlTemplate":"https:\/\/tv-shadow.com\/pl\/?s={search_term_string}"},"query-input":{"@type":"PropertyValueSpecification","valueRequired":true,"valueName":"search_term_string"}}],"inLanguage":"da-DK"},{"@type":"Organization","@id":"https:\/\/tv-shadow.com\/pl\/#organization","name":"Skygge-tv","alternateName":"Tv Shadow","url":"https:\/\/tv-shadow.com\/pl\/","logo":{"@type":"ImageObject","inLanguage":"da-DK","@id":"https:\/\/tv-shadow.com\/pl\/#\/schema\/logo\/image\/","url":"http:\/\/tv-shadow.com\/wp-content\/uploads\/2023\/11\/SHADOW-LOGO.jpeg","contentUrl":"http:\/\/tv-shadow.com\/wp-content\/uploads\/2023\/11\/SHADOW-LOGO.jpeg","width":640,"height":640,"caption":"Shadow Tv"},"image":{"@id":"https:\/\/tv-shadow.com\/pl\/#\/schema\/logo\/image\/"},"sameAs":["https:\/\/www.facebook.com\/profile.php?id=100092204902584","https:\/\/mastodon.social\/@shadowtviptv"],"publishingPrinciples":"https:\/\/tv-shadow.com\/pl\/warunki-swiadczenia-uslug\/","ownershipFundingInfo":"https:\/\/tv-shadow.com\/pl\/warunki-swiadczenia-uslug\/","actionableFeedbackPolicy":"https:\/\/tv-shadow.com\/pl\/warunki-swiadczenia-uslug\/","correctionsPolicy":"https:\/\/tv-shadow.com\/pl\/refund_returns\/","ethicsPolicy":"https:\/\/tv-shadow.com\/pl\/refund_returns\/"}]}},"_links":{"self":[{"href":"https:\/\/tv-shadow.com\/da\/wp-json\/wp\/v2\/pages\/3997","targetHints":{"allow":["GET"]}}],"collection":[{"href":"https:\/\/tv-shadow.com\/da\/wp-json\/wp\/v2\/pages"}],"about":[{"href":"https:\/\/tv-shadow.com\/da\/wp-json\/wp\/v2\/types\/page"}],"author":[{"embeddable":true,"href":"https:\/\/tv-shadow.com\/da\/wp-json\/wp\/v2\/users\/7"}],"replies":[{"embeddable":true,"href":"https:\/\/tv-shadow.com\/da\/wp-json\/wp\/v2\/comments?post=3997"}],"version-history":[{"count":17,"href":"https:\/\/tv-shadow.com\/da\/wp-json\/wp\/v2\/pages\/3997\/revisions"}],"predecessor-version":[{"id":4536,"href":"https:\/\/tv-shadow.com\/da\/wp-json\/wp\/v2\/pages\/3997\/revisions\/4536"}],"wp:attachment":[{"href":"https:\/\/tv-shadow.com\/da\/wp-json\/wp\/v2\/media?parent=3997"}],"curies":[{"name":"wp","href":"https:\/\/api.w.org\/{rel}","templated":true}]}}