{"id":9,"date":"2023-08-04T00:07:59","date_gmt":"2023-08-03T23:07:59","guid":{"rendered":"https:\/\/tv-shadow.com\/?page_id=9"},"modified":"2026-03-11T03:43:04","modified_gmt":"2026-03-11T03:43:04","slug":"refusion_returneringer","status":"publish","type":"page","link":"https:\/\/tv-shadow.com\/da\/refund_returns\/","title":{"rendered":"Politik for tilbagebetaling og returnering"},"content":{"rendered":"<p>Hvis du af en eller anden grund ikke er helt tilfreds med et k\u00f8b, inviterer vi dig til at gennemg\u00e5 vores politik for tilbagebetaling og returnering. Denne retur- og tilbagebetalingspolitik er udarbejdet med hj\u00e6lp fra\u00a0<a href=\"https:\/\/tv-shadow.com\/da\/\">https:\/\/tv-shadow.com\/<\/a>\u00a0advokat.<\/p>\n\n\n\n<h4 class=\"wp-block-heading\" id=\"h-don-t-dispute-before-asking-customer-support-you-may-lost-both-money-and-service-we-don-t-offer-refunds-if-you-make-a-dispute-your-money-will-stuck-and-don-t-forget-that-your-satisfaction-is-our-priority\"><strong>G\u00f8r ikke indsigelse, f\u00f8r du har spurgt kundesupport, s\u00e5 kan du miste b\u00e5de penge og service. Vi tilbyder ikke tilbagebetaling, hvis du laver en tvist. Dine penge vil sidde fast, og Glem ikke, at din tilfredshed er vores prioritet.<\/strong><\/h4>\n\n\n\n<p><strong><br>Tilbagebetalingspolitik:<br><br><\/strong>Vi tror p\u00e5 vores produkter 100%. Vi g\u00f8r vores bedste hver dag for at g\u00f8re dig glad og f\u00e5 dig til at smile, n\u00e5r du bruger vores service, men vi forst\u00e5r, at vores IPTV-abonnementsplaner ikke kan fungere perfekt for alle hele tiden. Hvis du ikke er tilfreds med dit k\u00f8b, eller hvis du har et problem, som vi ikke kan l\u00f8se, og som g\u00f8r systemet ubrugeligt, giver vi dig gerne pengene tilbage.<br><br><strong>Hvordan anmoder jeg om tilbagebetaling?<br><br><\/strong>Noter venligst dit transaktionsordre-ID med emnet: \"Anmodning om tilbagebetaling\" og beskriv i din e-mail de problemer, du st\u00e5r over for, og \u00e5rsagen til denne anmodning. Af en eller anden grund er du n\u00f8dt til at sende os korrekturer, og vi sender dig ogs\u00e5 korrekturer af vores arbejde og ting, vi bem\u00e6rker og er n\u00f8dt til at vise dig for at forklare vores synspunkt og vores beslutning bedre i flere detaljer og mere gennemsigtig.<br><br><strong>Betingelser:<br><br><\/strong>Du m\u00e5 forst\u00e5 og acceptere, at vi ikke kan refundere penge p\u00e5 grund af tekniske problemer, medmindre du giver os mulighed for at fors\u00f8ge at l\u00f8se dem og hj\u00e6lpe dig. Hvis vi ikke kan l\u00f8se dit problem inden for 48 timer, giver vi dig fuld refusion. Du er altid velkommen til at kontakte vores live support 24\/7, hvis du har brug for hj\u00e6lp.<br>Refusioner kan kun udstedes inden for 72 timer efter k\u00f8bsdatoen. Efter 72 timer kan ingen tilbagebetalinger behandles.<br>Hvis du har betalt med kreditkort, behandles tilbagebetalingen normalt, og pengene returneres til betalingskortet p\u00e5 kundens bankkonto inden for 3 til 7 arbejdsdage.<br>Der er dog tilf\u00e6lde, hvor det tager l\u00e6ngere tid at behandle en tilbagebetaling, m\u00e5ske op til 30 dage. Vi er ikke ansvarlige for disse tidsrammer og forsinkelser. Vi er ikke betalingsudbyder, kun IPTV-tjenesteudbyder.<br>Vi refunderer kun k\u00f8b, der er foretaget p\u00e5 mindre end 72 timer. Alle andre refusionsanmodninger vil blive returneret delvist i henhold til en brugt periode af abonnementet. ShadowTV-teamet vil kontakte brugerne i alle tilbagebetalingssager.<br><strong>Bem\u00e6rk:&nbsp;<\/strong>Hver tilbagebetaling tager normalt 3 til 10 arbejdsdage, og det ligger ikke i vores h\u00e6nder at reducere denne periode. Vores betalingsprocessorer tager sig af anmodninger om tilbagebetaling. Vi vil g\u00f8re vores bedste for at refundere alle brugere umiddelbart efter at have set anmodningen og kontrolleret brugeroplysningerne.<\/p>\n\n\n\n<p>W<strong>Vi vil ikke sende refusioner eller foretage delvise refusioner, hvis:<\/strong><strong><br><\/strong><strong><br><\/strong><strong><br><\/strong>Kunden var ikke tilfreds med kanaludbuddet eller ydeevnen.<br>Vi foresl\u00e5r, at alle kunder v\u00e6lger en&nbsp;<strong>Fors\u00f8g<\/strong>&nbsp;f\u00f8r du k\u00f8ber en 3- til 12-m\u00e5neders pakke.<br><strong><br><\/strong><strong><br><\/strong><strong><br><\/strong>Vi vil yde vores bedste st\u00f8tte til at ops\u00e6tte dine bokse, enheder, apps og systemer i alle tilf\u00e6lde af anmodninger om hj\u00e6lp. <br><br><br><strong>Hvis nogle kanaler fryser, buffrer eller ikke fungerer nogle gange:<\/strong><strong><br><\/strong><strong><br><\/strong><strong><br><\/strong>Selv om n\u00e6sten alle vores servere er stabile, sker det, at nogle kanaler fryser eller ikke fungerer af forskellige \u00e5rsager, men det er ikke permanent. Vores ekspertteknikere arbejder altid p\u00e5 at l\u00f8se dem.<br><br><strong>Det meste af tiden er disse problemer midlertidige og skyldes nedenst\u00e5ende \u00e5rsager:<\/strong><\/p>\n\n\n\n<ul class=\"wp-block-list\">\n<li>Fluktuationer i kundernes internet.<\/li>\n\n\n\n<li>Problemet med boksen\/apperne\/kundeops\u00e6tningen generelt.<\/li>\n\n\n\n<li>Din internetudbyder har et problem.<\/li>\n\n\n\n<li>Kanalen er nede fra serverens side.<\/li>\n\n\n\n<li>Kunden skiftede mening og \u00f8nskede at tr\u00e6kke sig tilbage\/skifte mellem servere.<\/li>\n\n\n\n<li>Serveropdatering\/genstart fra vores side (ugentlig ydelse n\u00f8dvendig).<\/li>\n<\/ul>\n\n\n\n<p>Hvis en bruger\/kunde ikke kan se sit IPTV-abonnement i mere end 48 timer p\u00e5 grund af serverproblemer eller andre problemer for\u00e5rsaget af os, refunderer vi hele pakkeprisen eller l\u00e6gger al den tabte tid oven i dit abonnement gratis + en ekstra bonus, som vi kan forhandle os frem til sammen.<br><br><strong>Kontakt os<br><\/strong>Hvis du har sp\u00f8rgsm\u00e5l til vores tilbagebetalingspolitik, bedes du kontakte os:<br><a href=\"https:\/\/tv-shadow.com\/da\/kontakt-os\/\" title=\"\">st\u00f8tte<\/a><\/p>","protected":false},"excerpt":{"rendered":"<p>If for any reason, You are not completely satisfied with a purchase We invite You to review our policy on refunds and returns. This Return and Refund Policy has been created with the help of the\u00a0https:\/\/tv-shadow.com\/\u00a0lawyer. Don\u2019t Dispute Before Asking Customer Support, You May Lost Both Money And Service. We Don\u2019t Offer Refunds If You &#8230; <a title=\"Politik for tilbagebetaling og returnering\" class=\"read-more\" href=\"https:\/\/tv-shadow.com\/da\/refund_returns\/\" aria-label=\"Read more about Refund and Returns Policy\">L\u00e6s mere <\/a><\/p>","protected":false},"author":1,"featured_media":0,"parent":0,"menu_order":0,"comment_status":"closed","ping_status":"closed","template":"elementor_header_footer","meta":{"_monsterinsights_skip_tracking":false,"_monsterinsights_sitenote_active":false,"_monsterinsights_sitenote_note":"","_monsterinsights_sitenote_category":0,"footnotes":""},"class_list":["post-9","page","type-page","status-publish"],"yoast_head":"<!-- This site is optimized with the Yoast SEO Premium plugin v27.3 (Yoast SEO v27.3) - https:\/\/yoast.com\/product\/yoast-seo-premium-wordpress\/ -->\n<title>Refund and Returns Policy - ShadowTV | Best IPTV Service<\/title>\n<meta name=\"description\" content=\"If for any reason, You are not completely satisfied with a purchase, We invite You to review our Refund and Returns policy. Check Details!\" \/>\n<meta name=\"robots\" content=\"index, follow, max-snippet:-1, max-image-preview:large, max-video-preview:-1\" \/>\n<link rel=\"canonical\" href=\"https:\/\/tv-shadow.com\/da\/refusion_returneringer\/\" \/>\n<meta property=\"og:locale\" content=\"da_DK\" \/>\n<meta property=\"og:type\" content=\"article\" \/>\n<meta property=\"og:title\" content=\"Refund and Returns Policy\" \/>\n<meta property=\"og:description\" content=\"If for any reason, You are not completely satisfied with a purchase, We invite You to review our Refund and Returns policy. Check Details!\" \/>\n<meta property=\"og:url\" content=\"https:\/\/tv-shadow.com\/da\/refusion_returneringer\/\" \/>\n<meta property=\"og:site_name\" content=\"ShadowTV\" \/>\n<meta property=\"article:publisher\" content=\"https:\/\/www.facebook.com\/profile.php?id=100092204902584\" \/>\n<meta property=\"article:modified_time\" content=\"2026-03-11T03:43:04+00:00\" \/>\n<meta property=\"og:image\" content=\"https:\/\/tv-shadow.com\/wp-content\/uploads\/2023\/11\/SHADOW-LOGO.jpeg\" \/>\n\t<meta property=\"og:image:width\" content=\"640\" \/>\n\t<meta property=\"og:image:height\" content=\"640\" \/>\n\t<meta property=\"og:image:type\" content=\"image\/jpeg\" \/>\n<meta name=\"twitter:card\" content=\"summary_large_image\" \/>\n<meta name=\"twitter:label1\" content=\"Estimeret l\u00e6setid\" \/>\n\t<meta name=\"twitter:data1\" content=\"4 minutter\" \/>\n<script type=\"application\/ld+json\" class=\"yoast-schema-graph\">{\"@context\":\"https:\\\/\\\/schema.org\",\"@graph\":[{\"@type\":\"WebPage\",\"@id\":\"https:\\\/\\\/tv-shadow.com\\\/refund_returns\\\/\",\"url\":\"https:\\\/\\\/tv-shadow.com\\\/refund_returns\\\/\",\"name\":\"Refund and Returns Policy - ShadowTV | Best IPTV Service\",\"isPartOf\":{\"@id\":\"https:\\\/\\\/tv-shadow.com\\\/#website\"},\"datePublished\":\"2023-08-03T23:07:59+00:00\",\"dateModified\":\"2026-03-11T03:43:04+00:00\",\"description\":\"If for any reason, You are not completely satisfied with a purchase, We invite You to review our Refund and Returns policy. Check Details!\",\"breadcrumb\":{\"@id\":\"https:\\\/\\\/tv-shadow.com\\\/refund_returns\\\/#breadcrumb\"},\"inLanguage\":\"da-DK\",\"potentialAction\":[{\"@type\":\"ReadAction\",\"target\":[\"https:\\\/\\\/tv-shadow.com\\\/refund_returns\\\/\"]}]},{\"@type\":\"BreadcrumbList\",\"@id\":\"https:\\\/\\\/tv-shadow.com\\\/refund_returns\\\/#breadcrumb\",\"itemListElement\":[{\"@type\":\"ListItem\",\"position\":1,\"name\":\"Home\",\"item\":\"https:\\\/\\\/tv-shadow.com\\\/en\\\/\"},{\"@type\":\"ListItem\",\"position\":2,\"name\":\"Refund and Returns Policy\"}]},{\"@type\":\"WebSite\",\"@id\":\"https:\\\/\\\/tv-shadow.com\\\/#website\",\"url\":\"https:\\\/\\\/tv-shadow.com\\\/\",\"name\":\"Shadow tv\",\"description\":\"This is the official site of SHADOW TV. SHADOW TV is the award-winning international IPTV service offering over Live TV, VOD, EPG PPV many more.\",\"publisher\":{\"@id\":\"https:\\\/\\\/tv-shadow.com\\\/#organization\"},\"alternateName\":\"shadow iptv\",\"potentialAction\":[{\"@type\":\"SearchAction\",\"target\":{\"@type\":\"EntryPoint\",\"urlTemplate\":\"https:\\\/\\\/tv-shadow.com\\\/?s={search_term_string}\"},\"query-input\":{\"@type\":\"PropertyValueSpecification\",\"valueRequired\":true,\"valueName\":\"search_term_string\"}}],\"inLanguage\":\"da-DK\"},{\"@type\":\"Organization\",\"@id\":\"https:\\\/\\\/tv-shadow.com\\\/#organization\",\"name\":\"Shadow Tv\",\"alternateName\":\"Tv Shadow\",\"url\":\"https:\\\/\\\/tv-shadow.com\\\/\",\"logo\":{\"@type\":\"ImageObject\",\"inLanguage\":\"da-DK\",\"@id\":\"https:\\\/\\\/tv-shadow.com\\\/#\\\/schema\\\/logo\\\/image\\\/\",\"url\":\"https:\\\/\\\/tv-shadow.com\\\/wp-content\\\/uploads\\\/2023\\\/11\\\/SHADOW-LOGO.jpeg\",\"contentUrl\":\"https:\\\/\\\/tv-shadow.com\\\/wp-content\\\/uploads\\\/2023\\\/11\\\/SHADOW-LOGO.jpeg\",\"width\":640,\"height\":640,\"caption\":\"Shadow Tv\"},\"image\":{\"@id\":\"https:\\\/\\\/tv-shadow.com\\\/#\\\/schema\\\/logo\\\/image\\\/\"},\"sameAs\":[\"https:\\\/\\\/www.facebook.com\\\/profile.php?id=100092204902584\",\"https:\\\/\\\/mastodon.social\\\/@shadowtviptv\"],\"publishingPrinciples\":\"https:\\\/\\\/tv-shadow.com\\\/terms-of-service\\\/\",\"ownershipFundingInfo\":\"https:\\\/\\\/tv-shadow.com\\\/terms-of-service\\\/\",\"actionableFeedbackPolicy\":\"https:\\\/\\\/tv-shadow.com\\\/terms-of-service\\\/\",\"correctionsPolicy\":\"https:\\\/\\\/tv-shadow.com\\\/refund_returns\\\/\",\"ethicsPolicy\":\"https:\\\/\\\/tv-shadow.com\\\/refund_returns\\\/\"}]}<\/script>\n<!-- \/ Yoast SEO Premium plugin. -->","yoast_head_json":{"title":"Tilbagebetalings- og returpolitik - ShadowTV | Bedste IPTV-tjeneste","description":"Hvis du af en eller anden grund ikke er helt tilfreds med et k\u00f8b, inviterer vi dig til at gennemg\u00e5 vores politik for tilbagebetaling og returnering. Tjek detaljerne!","robots":{"index":"index","follow":"follow","max-snippet":"max-snippet:-1","max-image-preview":"max-image-preview:large","max-video-preview":"max-video-preview:-1"},"canonical":"https:\/\/tv-shadow.com\/da\/refusion_returneringer\/","og_locale":"da_DK","og_type":"article","og_title":"Refund and Returns Policy","og_description":"If for any reason, You are not completely satisfied with a purchase, We invite You to review our Refund and Returns policy. Check Details!","og_url":"https:\/\/tv-shadow.com\/da\/refusion_returneringer\/","og_site_name":"ShadowTV","article_publisher":"https:\/\/www.facebook.com\/profile.php?id=100092204902584","article_modified_time":"2026-03-11T03:43:04+00:00","og_image":[{"width":640,"height":640,"url":"https:\/\/tv-shadow.com\/wp-content\/uploads\/2023\/11\/SHADOW-LOGO.jpeg","type":"image\/jpeg"}],"twitter_card":"summary_large_image","twitter_misc":{"Estimeret l\u00e6setid":"4 minutter"},"schema":{"@context":"https:\/\/schema.org","@graph":[{"@type":"WebPage","@id":"https:\/\/tv-shadow.com\/refund_returns\/","url":"https:\/\/tv-shadow.com\/refund_returns\/","name":"Tilbagebetalings- og returpolitik - ShadowTV | Bedste IPTV-tjeneste","isPartOf":{"@id":"https:\/\/tv-shadow.com\/#website"},"datePublished":"2023-08-03T23:07:59+00:00","dateModified":"2026-03-11T03:43:04+00:00","description":"Hvis du af en eller anden grund ikke er helt tilfreds med et k\u00f8b, inviterer vi dig til at gennemg\u00e5 vores politik for tilbagebetaling og returnering. Tjek detaljerne!","breadcrumb":{"@id":"https:\/\/tv-shadow.com\/refund_returns\/#breadcrumb"},"inLanguage":"da-DK","potentialAction":[{"@type":"ReadAction","target":["https:\/\/tv-shadow.com\/refund_returns\/"]}]},{"@type":"BreadcrumbList","@id":"https:\/\/tv-shadow.com\/refund_returns\/#breadcrumb","itemListElement":[{"@type":"ListItem","position":1,"name":"Home","item":"https:\/\/tv-shadow.com\/en\/"},{"@type":"ListItem","position":2,"name":"Refund and Returns Policy"}]},{"@type":"WebSite","@id":"https:\/\/tv-shadow.com\/#website","url":"https:\/\/tv-shadow.com\/","name":"Skygge-tv","description":"Dette er den officielle side for SHADOW TV. SHADOW TV er den prisbel\u00f8nnede internationale IPTV-tjeneste, der tilbyder over Live TV, VOD, EPG PPV mange flere.","publisher":{"@id":"https:\/\/tv-shadow.com\/#organization"},"alternateName":"shadow iptv","potentialAction":[{"@type":"SearchAction","target":{"@type":"EntryPoint","urlTemplate":"https:\/\/tv-shadow.com\/?s={search_term_string}"},"query-input":{"@type":"PropertyValueSpecification","valueRequired":true,"valueName":"search_term_string"}}],"inLanguage":"da-DK"},{"@type":"Organization","@id":"https:\/\/tv-shadow.com\/#organization","name":"Skygge-tv","alternateName":"Tv Shadow","url":"https:\/\/tv-shadow.com\/","logo":{"@type":"ImageObject","inLanguage":"da-DK","@id":"https:\/\/tv-shadow.com\/#\/schema\/logo\/image\/","url":"https:\/\/tv-shadow.com\/wp-content\/uploads\/2023\/11\/SHADOW-LOGO.jpeg","contentUrl":"https:\/\/tv-shadow.com\/wp-content\/uploads\/2023\/11\/SHADOW-LOGO.jpeg","width":640,"height":640,"caption":"Shadow Tv"},"image":{"@id":"https:\/\/tv-shadow.com\/#\/schema\/logo\/image\/"},"sameAs":["https:\/\/www.facebook.com\/profile.php?id=100092204902584","https:\/\/mastodon.social\/@shadowtviptv"],"publishingPrinciples":"https:\/\/tv-shadow.com\/terms-of-service\/","ownershipFundingInfo":"https:\/\/tv-shadow.com\/terms-of-service\/","actionableFeedbackPolicy":"https:\/\/tv-shadow.com\/terms-of-service\/","correctionsPolicy":"https:\/\/tv-shadow.com\/refund_returns\/","ethicsPolicy":"https:\/\/tv-shadow.com\/refund_returns\/"}]}},"_links":{"self":[{"href":"https:\/\/tv-shadow.com\/da\/wp-json\/wp\/v2\/pages\/9","targetHints":{"allow":["GET"]}}],"collection":[{"href":"https:\/\/tv-shadow.com\/da\/wp-json\/wp\/v2\/pages"}],"about":[{"href":"https:\/\/tv-shadow.com\/da\/wp-json\/wp\/v2\/types\/page"}],"author":[{"embeddable":true,"href":"https:\/\/tv-shadow.com\/da\/wp-json\/wp\/v2\/users\/1"}],"replies":[{"embeddable":true,"href":"https:\/\/tv-shadow.com\/da\/wp-json\/wp\/v2\/comments?post=9"}],"version-history":[{"count":9,"href":"https:\/\/tv-shadow.com\/da\/wp-json\/wp\/v2\/pages\/9\/revisions"}],"predecessor-version":[{"id":2609,"href":"https:\/\/tv-shadow.com\/da\/wp-json\/wp\/v2\/pages\/9\/revisions\/2609"}],"wp:attachment":[{"href":"https:\/\/tv-shadow.com\/da\/wp-json\/wp\/v2\/media?parent=9"}],"curies":[{"name":"wp","href":"https:\/\/api.w.org\/{rel}","templated":true}]}}