{"id":1891,"date":"2023-11-07T21:49:18","date_gmt":"2023-11-07T21:49:18","guid":{"rendered":"https:\/\/tv-shadow.com\/?page_id=1891"},"modified":"2026-03-05T08:07:17","modified_gmt":"2026-03-05T08:07:17","slug":"iptv-kaufen-beste-box-fur-iptv","status":"publish","type":"page","link":"https:\/\/tv-shadow.com\/de\/buy-iptv-best-box-for-iptv\/","title":{"rendered":"IPTV kaufen: Was ist die beste Box f\u00fcr IPTV?"},"content":{"rendered":"<div data-elementor-type=\"wp-page\" data-elementor-id=\"1891\" class=\"elementor elementor-1891\" data-elementor-post-type=\"page\">\n\t\t\t\t\t\t<section class=\"elementor-section elementor-top-section elementor-element elementor-element-a33b9ad elementor-section-boxed elementor-section-height-default elementor-section-height-default\" data-id=\"a33b9ad\" data-element_type=\"section\" data-e-type=\"section\">\n\t\t\t\t\t\t<div class=\"elementor-container elementor-column-gap-default\">\n\t\t\t\t\t<div class=\"elementor-column elementor-col-100 elementor-top-column elementor-element elementor-element-6d8fa21\" data-id=\"6d8fa21\" data-element_type=\"column\" data-e-type=\"column\">\n\t\t\t<div class=\"elementor-widget-wrap elementor-element-populated\">\n\t\t\t\t\t\t<div class=\"elementor-element elementor-element-42506d0 elementor-widget elementor-widget-text-editor\" data-id=\"42506d0\" data-element_type=\"widget\" data-e-type=\"widget\" data-widget_type=\"text-editor.default\">\n\t\t\t\t<div class=\"elementor-widget-container\">\n\t\t\t\t\t\t\t\t\t<p><b>Heutzutage kann man IPTV nicht mehr ignorieren. <a href=\"http:\/\/tv-shadow.com\/de\/\">IPTV<\/a> steht f\u00fcr \"Internet Protocol Television\" und bezeichnet die Technologie, die es erm\u00f6glicht, Fernsehen \u00fcber eine Internetverbindung zu empfangen. Dies bringt eine Reihe von Vorteilen mit sich:\u00a0<\/b><\/p><p><b>- Eine IPTV-Verbindung ist schnell und stabil. Vor allem, wenn man sie mit einer Satelliten- oder Kabelverbindung vergleicht. Das kommt auch der Qualit\u00e4t des Bildes zugute.\u00a0<\/b><\/p><p><b>- Mit IPTV k\u00f6nnen Sie eine unbegrenzte Anzahl von Kan\u00e4len empfangen. Dies steht im Gegensatz zu einem Kabelanschluss, bei dem die Anzahl der Kan\u00e4le durch das von Ihnen abgeschlossene Abonnement begrenzt ist.\u00a0<\/b><\/p><p><b>- <a href=\"http:\/\/tv-shadow.com\/de\/\">IPTV<\/a> ist einfach zu installieren. F\u00fcr die Installation ben\u00f6tigen Sie lediglich ein IPTV-Abonnement und eine Box f\u00fcr den Empfang des Signals.\u00a0<\/b><\/p><p><b>- IPTV-Boxen, die mit dem Android-Netzwerk verbunden sind, k\u00f6nnen Apps herunterladen. Dann sollten Sie an Apps wie YouTube, HBO oder Netflix denken, damit Sie innerhalb weniger Augenblicke die gew\u00fcnschte Serie oder den gew\u00fcnschten Film sehen k\u00f6nnen.<\/b><\/p>\t\t\t\t\t\t\t\t<\/div>\n\t\t\t\t<\/div>\n\t\t\t\t<div class=\"elementor-element elementor-element-b63d754 elementor-widget elementor-widget-image\" data-id=\"b63d754\" data-element_type=\"widget\" data-e-type=\"widget\" data-widget_type=\"image.default\">\n\t\t\t\t<div class=\"elementor-widget-container\">\n\t\t\t\t\t\t\t\t\t\t\t\t\t\t\t<img fetchpriority=\"high\" decoding=\"async\" width=\"542\" height=\"460\" src=\"https:\/\/tv-shadow.com\/wp-content\/uploads\/2023\/12\/best-box-for-iptv.png\" class=\"attachment-large size-large wp-image-2387\" alt=\"Internet-Protokoll-Fernsehen, IPTV\" srcset=\"https:\/\/tv-shadow.com\/wp-content\/uploads\/2023\/12\/best-box-for-iptv.png 542w, https:\/\/tv-shadow.com\/wp-content\/uploads\/2023\/12\/best-box-for-iptv-300x255.png 300w\" sizes=\"(max-width: 542px) 100vw, 542px\" \/>\t\t\t\t\t\t\t\t\t\t\t\t\t\t\t<\/div>\n\t\t\t\t<\/div>\n\t\t\t\t<div class=\"elementor-element elementor-element-ac99789 elementor-widget elementor-widget-text-editor\" data-id=\"ac99789\" data-element_type=\"widget\" data-e-type=\"widget\" data-widget_type=\"text-editor.default\">\n\t\t\t\t<div class=\"elementor-widget-container\">\n\t\t\t\t\t\t\t\t\t<p>Beste IPTV-Empf\u00e4nger<\/p>\t\t\t\t\t\t\t\t<\/div>\n\t\t\t\t<\/div>\n\t\t\t\t\t<\/div>\n\t\t<\/div>\n\t\t\t\t\t<\/div>\n\t\t<\/section>\n\t\t\t\t<section class=\"elementor-section elementor-top-section elementor-element elementor-element-879c7e5 elementor-section-boxed elementor-section-height-default elementor-section-height-default\" data-id=\"879c7e5\" data-element_type=\"section\" data-e-type=\"section\">\n\t\t\t\t\t\t<div class=\"elementor-container elementor-column-gap-default\">\n\t\t\t\t\t<div class=\"elementor-column elementor-col-100 elementor-top-column elementor-element elementor-element-9d90079\" data-id=\"9d90079\" data-element_type=\"column\" data-e-type=\"column\">\n\t\t\t<div class=\"elementor-widget-wrap elementor-element-populated\">\n\t\t\t\t\t\t<div class=\"elementor-element elementor-element-d01f2d9 elementor-widget elementor-widget-text-editor\" data-id=\"d01f2d9\" data-element_type=\"widget\" data-e-type=\"widget\" data-widget_type=\"text-editor.default\">\n\t\t\t\t<div class=\"elementor-widget-container\">\n\t\t\t\t\t\t\t\t\t<p><b>Es wird Sie nicht \u00fcberraschen, dass es beim Kauf einer IPTV-Box und dem damit verbundenen Internet Protocol Television-Abonnement verschiedene M\u00f6glichkeiten gibt. Hier sind unsere Top 5:<\/b><\/p><p><b>\u00a0<\/b><\/p><p><b>- Formular Z10 Pro Max: Das Formular Z10 Pro Max wird auch als der leistungsst\u00e4rkste Internet Protocol Television Receiver angesehen. Er verf\u00fcgt \u00fcber einen USB 3.0-Anschluss, einen 1-Gbit-LAN-Anschluss (100 MB\/s), Dual-Band-WiFi (2,4 und 5 Ghz) und hat einen 4 GB gro\u00dfen Arbeitsspeicher. Es ist m\u00f6glich, den internen Speicher des Ger\u00e4ts zu erweitern, da es Platz f\u00fcr eine SD-Karte gibt.<\/b><\/p><p><b>- Octagon Sx889 Full HD fast zapper: Besonders auff\u00e4llig ist der leistungsstarke Prozessor des Octagon sx889 Full HD fast zapper. Dieser Prozessor ist von Huawei bekannt und sorgt daf\u00fcr, dass das Ger\u00e4t die h\u00f6chste Bildqualit\u00e4t liefern kann. Der Prozessor sorgt auch daf\u00fcr, dass das Zappen sehr schnell geht, was nat\u00fcrlich f\u00fcr ein angenehmes Benutzererlebnis sorgt.<\/b><\/p><p><b>- TVIP V.605 Internet-Protokoll-Fernseh-Set-Top-Box: Man k\u00f6nnte die TvIP V.605 IPTV Set Top Box auch als den Allrounder unter den Internet Protocol Television Receivern bezeichnen. In einem Bereich ist sie nicht die Beste, aber in allen anderen Bereichen ist sie \u00fcberdurchschnittlich gut. Mit diesem Ger\u00e4t k\u00f6nnen Sie auf einfache, aber moderne Weise fernsehen.<\/b><\/p><p><b>- Formular GTC Android 10 IPTV Set Top Box: Die Formular GTC Android 10 IPTV Set Top Box ist mit einer benutzerfreundlichen Fernbedienung mit Mikrofon ausgestattet. Dieses Mikrofon funktioniert \u00e4hnlich wie Siri auf dem iPhone. Sagen Sie einfach, was Sie sehen m\u00f6chten, und Sie sehen das gew\u00fcnschte Ergebnis innerhalb weniger Augenblicke auf dem Bildschirm erscheinen. Das Ger\u00e4t verwendet den leistungsstarken Amlogic S906X2-Prozessor, wodurch der IPTV-Empf\u00e4nger eine hervorragende Bildqualit\u00e4t und Zapping-Geschwindigkeit bietet.<\/b><\/p><p><b>- Formular Z10 SE: Die Benutzerfreundlichkeit des <a href=\"https:\/\/www.formuler.com\/formuler-z10-se.html\">Forumuler Z10 SE<\/a> wird besonders gesch\u00e4tzt. Dar\u00fcber hinaus ist das Ger\u00e4t f\u00fcr seinen leistungsstarken Prozessor, den schnellen Arbeitsspeicher und die hochwertige Bildqualit\u00e4t bekannt.<\/b><\/p><p><b>M\u00f6chten Sie versuchen <a href=\"http:\/\/tv-shadow.com\/de\/\">IPTV<\/a> kostenlos, um zu sehen, ob es etwas f\u00fcr Sie ist? Das geht! Fragen\/Kommentare? Bitte kontaktieren Sie den Kundenservice.<\/b><\/p>\t\t\t\t\t\t\t\t<\/div>\n\t\t\t\t<\/div>\n\t\t\t\t\t<\/div>\n\t\t<\/div>\n\t\t\t\t\t<\/div>\n\t\t<\/section>\n\t\t\t\t<\/div>","protected":false},"excerpt":{"rendered":"<p>Nowadays you can no longer ignore IPTV. IPTV stands for \u201cInternet Protocol Television\u201d, which refers to the technology that makes it possible to receive television via an internet connection. This brings a number of advantages:\u00a0 \u2022\u00a0 An IPTV connection is fast and stable. Especially if you compare it with a satellite or cable connection. This &#8230; <a title=\"IPTV kaufen: Was ist die beste Box f\u00fcr IPTV?\" class=\"read-more\" href=\"https:\/\/tv-shadow.com\/de\/buy-iptv-best-box-for-iptv\/\" aria-label=\"Mehr Informationen \u00fcber Buy IPTV: what is the best box for IPTV?\">Weiterlesen<\/a><\/p>","protected":false},"author":1,"featured_media":0,"parent":0,"menu_order":0,"comment_status":"closed","ping_status":"closed","template":"","meta":{"_monsterinsights_skip_tracking":false,"_monsterinsights_sitenote_active":false,"_monsterinsights_sitenote_note":"","_monsterinsights_sitenote_category":0,"footnotes":""},"class_list":["post-1891","page","type-page","status-publish"],"yoast_head":"<!-- This site is optimized with the Yoast SEO Premium plugin v27.2 (Yoast SEO v27.3) - https:\/\/yoast.com\/product\/yoast-seo-premium-wordpress\/ -->\n<title>Buy IPTV: what is the best box for IPTV? - ShadowTV<\/title>\n<meta name=\"description\" content=\"Watch all your favorite channels, movies, series in one platform, working on all devices. Checkout here How to buy Best Box for IPTV.\" \/>\n<meta name=\"robots\" content=\"index, follow, max-snippet:-1, max-image-preview:large, max-video-preview:-1\" \/>\n<link rel=\"canonical\" href=\"https:\/\/tv-shadow.com\/de\/iptv-kaufen-beste-box-fur-iptv\/\" \/>\n<meta property=\"og:locale\" content=\"de_DE\" \/>\n<meta property=\"og:type\" content=\"article\" \/>\n<meta property=\"og:title\" content=\"Buy IPTV: what is the best box for IPTV?\" \/>\n<meta property=\"og:description\" content=\"Watch all your favorite channels, movies, series in one platform, working on all devices. Checkout here How to buy Best Box for IPTV.\" \/>\n<meta property=\"og:url\" content=\"https:\/\/tv-shadow.com\/de\/iptv-kaufen-beste-box-fur-iptv\/\" \/>\n<meta property=\"og:site_name\" content=\"ShadowTV\" \/>\n<meta property=\"article:publisher\" content=\"https:\/\/www.facebook.com\/profile.php?id=100092204902584\" \/>\n<meta property=\"article:modified_time\" content=\"2026-03-05T08:07:17+00:00\" \/>\n<meta property=\"og:image\" content=\"https:\/\/tv-shadow.com\/wp-content\/uploads\/2023\/12\/best-box-for-iptv.png\" \/>\n<meta name=\"twitter:card\" content=\"summary_large_image\" \/>\n<meta name=\"twitter:label1\" content=\"Gesch\u00e4tzte Lesezeit\" \/>\n\t<meta name=\"twitter:data1\" content=\"3\u00a0Minuten\" \/>\n<script type=\"application\/ld+json\" class=\"yoast-schema-graph\">{\"@context\":\"https:\\\/\\\/schema.org\",\"@graph\":[{\"@type\":\"WebPage\",\"@id\":\"https:\\\/\\\/tv-shadow.com\\\/buy-iptv-best-box-for-iptv\\\/\",\"url\":\"https:\\\/\\\/tv-shadow.com\\\/buy-iptv-best-box-for-iptv\\\/\",\"name\":\"Buy IPTV: what is the best box for IPTV? - ShadowTV\",\"isPartOf\":{\"@id\":\"https:\\\/\\\/tv-shadow.com\\\/#website\"},\"primaryImageOfPage\":{\"@id\":\"https:\\\/\\\/tv-shadow.com\\\/buy-iptv-best-box-for-iptv\\\/#primaryimage\"},\"image\":{\"@id\":\"https:\\\/\\\/tv-shadow.com\\\/buy-iptv-best-box-for-iptv\\\/#primaryimage\"},\"thumbnailUrl\":\"https:\\\/\\\/tv-shadow.com\\\/wp-content\\\/uploads\\\/2023\\\/12\\\/best-box-for-iptv.png\",\"datePublished\":\"2023-11-07T21:49:18+00:00\",\"dateModified\":\"2026-03-05T08:07:17+00:00\",\"description\":\"Watch all your favorite channels, movies, series in one platform, working on all devices. Checkout here How to buy Best Box for IPTV.\",\"breadcrumb\":{\"@id\":\"https:\\\/\\\/tv-shadow.com\\\/buy-iptv-best-box-for-iptv\\\/#breadcrumb\"},\"inLanguage\":\"de\",\"potentialAction\":[{\"@type\":\"ReadAction\",\"target\":[\"https:\\\/\\\/tv-shadow.com\\\/buy-iptv-best-box-for-iptv\\\/\"]}]},{\"@type\":\"ImageObject\",\"inLanguage\":\"de\",\"@id\":\"https:\\\/\\\/tv-shadow.com\\\/buy-iptv-best-box-for-iptv\\\/#primaryimage\",\"url\":\"https:\\\/\\\/tv-shadow.com\\\/wp-content\\\/uploads\\\/2023\\\/12\\\/best-box-for-iptv.png\",\"contentUrl\":\"https:\\\/\\\/tv-shadow.com\\\/wp-content\\\/uploads\\\/2023\\\/12\\\/best-box-for-iptv.png\"},{\"@type\":\"BreadcrumbList\",\"@id\":\"https:\\\/\\\/tv-shadow.com\\\/buy-iptv-best-box-for-iptv\\\/#breadcrumb\",\"itemListElement\":[{\"@type\":\"ListItem\",\"position\":1,\"name\":\"Home\",\"item\":\"https:\\\/\\\/tv-shadow.com\\\/en\\\/\"},{\"@type\":\"ListItem\",\"position\":2,\"name\":\"Buy IPTV: what is the best box for IPTV?\"}]},{\"@type\":\"WebSite\",\"@id\":\"https:\\\/\\\/tv-shadow.com\\\/#website\",\"url\":\"https:\\\/\\\/tv-shadow.com\\\/\",\"name\":\"Shadow tv\",\"description\":\"This is the official site of SHADOW TV. SHADOW TV is the award-winning international IPTV service offering over Live TV, VOD, EPG PPV many more.\",\"publisher\":{\"@id\":\"https:\\\/\\\/tv-shadow.com\\\/#organization\"},\"alternateName\":\"shadow iptv\",\"potentialAction\":[{\"@type\":\"SearchAction\",\"target\":{\"@type\":\"EntryPoint\",\"urlTemplate\":\"https:\\\/\\\/tv-shadow.com\\\/?s={search_term_string}\"},\"query-input\":{\"@type\":\"PropertyValueSpecification\",\"valueRequired\":true,\"valueName\":\"search_term_string\"}}],\"inLanguage\":\"de\"},{\"@type\":\"Organization\",\"@id\":\"https:\\\/\\\/tv-shadow.com\\\/#organization\",\"name\":\"Shadow Tv\",\"alternateName\":\"Tv Shadow\",\"url\":\"https:\\\/\\\/tv-shadow.com\\\/\",\"logo\":{\"@type\":\"ImageObject\",\"inLanguage\":\"de\",\"@id\":\"https:\\\/\\\/tv-shadow.com\\\/#\\\/schema\\\/logo\\\/image\\\/\",\"url\":\"https:\\\/\\\/tv-shadow.com\\\/wp-content\\\/uploads\\\/2023\\\/11\\\/SHADOW-LOGO.jpeg\",\"contentUrl\":\"https:\\\/\\\/tv-shadow.com\\\/wp-content\\\/uploads\\\/2023\\\/11\\\/SHADOW-LOGO.jpeg\",\"width\":640,\"height\":640,\"caption\":\"Shadow Tv\"},\"image\":{\"@id\":\"https:\\\/\\\/tv-shadow.com\\\/#\\\/schema\\\/logo\\\/image\\\/\"},\"sameAs\":[\"https:\\\/\\\/www.facebook.com\\\/profile.php?id=100092204902584\",\"https:\\\/\\\/mastodon.social\\\/@shadowtviptv\"],\"publishingPrinciples\":\"https:\\\/\\\/tv-shadow.com\\\/terms-of-service\\\/\",\"ownershipFundingInfo\":\"https:\\\/\\\/tv-shadow.com\\\/terms-of-service\\\/\",\"actionableFeedbackPolicy\":\"https:\\\/\\\/tv-shadow.com\\\/terms-of-service\\\/\",\"correctionsPolicy\":\"https:\\\/\\\/tv-shadow.com\\\/refund_returns\\\/\",\"ethicsPolicy\":\"https:\\\/\\\/tv-shadow.com\\\/refund_returns\\\/\"}]}<\/script>\n<!-- \/ Yoast SEO Premium plugin. -->","yoast_head_json":{"title":"IPTV kaufen: Was ist die beste Box f\u00fcr IPTV? - SchattenTV","description":"Schauen Sie sich alle Ihre Lieblingskan\u00e4le, Filme und Serien auf einer Plattform an, die auf allen Ger\u00e4ten funktioniert. Hier erfahren Sie, wie Sie die beste Box f\u00fcr IPTV kaufen.","robots":{"index":"index","follow":"follow","max-snippet":"max-snippet:-1","max-image-preview":"max-image-preview:large","max-video-preview":"max-video-preview:-1"},"canonical":"https:\/\/tv-shadow.com\/de\/iptv-kaufen-beste-box-fur-iptv\/","og_locale":"de_DE","og_type":"article","og_title":"Buy IPTV: what is the best box for IPTV?","og_description":"Watch all your favorite channels, movies, series in one platform, working on all devices. Checkout here How to buy Best Box for IPTV.","og_url":"https:\/\/tv-shadow.com\/de\/iptv-kaufen-beste-box-fur-iptv\/","og_site_name":"ShadowTV","article_publisher":"https:\/\/www.facebook.com\/profile.php?id=100092204902584","article_modified_time":"2026-03-05T08:07:17+00:00","og_image":[{"url":"https:\/\/tv-shadow.com\/wp-content\/uploads\/2023\/12\/best-box-for-iptv.png","type":"","width":"","height":""}],"twitter_card":"summary_large_image","twitter_misc":{"Gesch\u00e4tzte Lesezeit":"3\u00a0Minuten"},"schema":{"@context":"https:\/\/schema.org","@graph":[{"@type":"WebPage","@id":"https:\/\/tv-shadow.com\/buy-iptv-best-box-for-iptv\/","url":"https:\/\/tv-shadow.com\/buy-iptv-best-box-for-iptv\/","name":"IPTV kaufen: Was ist die beste Box f\u00fcr IPTV? - SchattenTV","isPartOf":{"@id":"https:\/\/tv-shadow.com\/#website"},"primaryImageOfPage":{"@id":"https:\/\/tv-shadow.com\/buy-iptv-best-box-for-iptv\/#primaryimage"},"image":{"@id":"https:\/\/tv-shadow.com\/buy-iptv-best-box-for-iptv\/#primaryimage"},"thumbnailUrl":"https:\/\/tv-shadow.com\/wp-content\/uploads\/2023\/12\/best-box-for-iptv.png","datePublished":"2023-11-07T21:49:18+00:00","dateModified":"2026-03-05T08:07:17+00:00","description":"Schauen Sie sich alle Ihre Lieblingskan\u00e4le, Filme und Serien auf einer Plattform an, die auf allen Ger\u00e4ten funktioniert. Hier erfahren Sie, wie Sie die beste Box f\u00fcr IPTV kaufen.","breadcrumb":{"@id":"https:\/\/tv-shadow.com\/buy-iptv-best-box-for-iptv\/#breadcrumb"},"inLanguage":"de","potentialAction":[{"@type":"ReadAction","target":["https:\/\/tv-shadow.com\/buy-iptv-best-box-for-iptv\/"]}]},{"@type":"ImageObject","inLanguage":"de","@id":"https:\/\/tv-shadow.com\/buy-iptv-best-box-for-iptv\/#primaryimage","url":"https:\/\/tv-shadow.com\/wp-content\/uploads\/2023\/12\/best-box-for-iptv.png","contentUrl":"https:\/\/tv-shadow.com\/wp-content\/uploads\/2023\/12\/best-box-for-iptv.png"},{"@type":"BreadcrumbList","@id":"https:\/\/tv-shadow.com\/buy-iptv-best-box-for-iptv\/#breadcrumb","itemListElement":[{"@type":"ListItem","position":1,"name":"Home","item":"https:\/\/tv-shadow.com\/en\/"},{"@type":"ListItem","position":2,"name":"Buy IPTV: what is the best box for IPTV?"}]},{"@type":"WebSite","@id":"https:\/\/tv-shadow.com\/#website","url":"https:\/\/tv-shadow.com\/","name":"Schatten-TV","description":"Dies ist die offizielle Seite von SHADOW TV. SHADOW TV ist der preisgekr\u00f6nte internationale IPTV-Dienst, der \u00fcber Live-TV, VOD, EPG PPV und vieles mehr bietet.","publisher":{"@id":"https:\/\/tv-shadow.com\/#organization"},"alternateName":"shadow iptv","potentialAction":[{"@type":"SearchAction","target":{"@type":"EntryPoint","urlTemplate":"https:\/\/tv-shadow.com\/?s={search_term_string}"},"query-input":{"@type":"PropertyValueSpecification","valueRequired":true,"valueName":"search_term_string"}}],"inLanguage":"de"},{"@type":"Organization","@id":"https:\/\/tv-shadow.com\/#organization","name":"Schatten-Fernsehen","alternateName":"Tv Shadow","url":"https:\/\/tv-shadow.com\/","logo":{"@type":"ImageObject","inLanguage":"de","@id":"https:\/\/tv-shadow.com\/#\/schema\/logo\/image\/","url":"https:\/\/tv-shadow.com\/wp-content\/uploads\/2023\/11\/SHADOW-LOGO.jpeg","contentUrl":"https:\/\/tv-shadow.com\/wp-content\/uploads\/2023\/11\/SHADOW-LOGO.jpeg","width":640,"height":640,"caption":"Shadow Tv"},"image":{"@id":"https:\/\/tv-shadow.com\/#\/schema\/logo\/image\/"},"sameAs":["https:\/\/www.facebook.com\/profile.php?id=100092204902584","https:\/\/mastodon.social\/@shadowtviptv"],"publishingPrinciples":"https:\/\/tv-shadow.com\/terms-of-service\/","ownershipFundingInfo":"https:\/\/tv-shadow.com\/terms-of-service\/","actionableFeedbackPolicy":"https:\/\/tv-shadow.com\/terms-of-service\/","correctionsPolicy":"https:\/\/tv-shadow.com\/refund_returns\/","ethicsPolicy":"https:\/\/tv-shadow.com\/refund_returns\/"}]}},"_links":{"self":[{"href":"https:\/\/tv-shadow.com\/de\/wp-json\/wp\/v2\/pages\/1891","targetHints":{"allow":["GET"]}}],"collection":[{"href":"https:\/\/tv-shadow.com\/de\/wp-json\/wp\/v2\/pages"}],"about":[{"href":"https:\/\/tv-shadow.com\/de\/wp-json\/wp\/v2\/types\/page"}],"author":[{"embeddable":true,"href":"https:\/\/tv-shadow.com\/de\/wp-json\/wp\/v2\/users\/1"}],"replies":[{"embeddable":true,"href":"https:\/\/tv-shadow.com\/de\/wp-json\/wp\/v2\/comments?post=1891"}],"version-history":[{"count":26,"href":"https:\/\/tv-shadow.com\/de\/wp-json\/wp\/v2\/pages\/1891\/revisions"}],"predecessor-version":[{"id":3420,"href":"https:\/\/tv-shadow.com\/de\/wp-json\/wp\/v2\/pages\/1891\/revisions\/3420"}],"wp:attachment":[{"href":"https:\/\/tv-shadow.com\/de\/wp-json\/wp\/v2\/media?parent=1891"}],"curies":[{"name":"wp","href":"https:\/\/api.w.org\/{rel}","templated":true}]}}