{"id":9,"date":"2023-08-04T00:07:59","date_gmt":"2023-08-03T23:07:59","guid":{"rendered":"https:\/\/tv-shadow.com\/?page_id=9"},"modified":"2026-03-11T03:43:04","modified_gmt":"2026-03-11T03:43:04","slug":"ruckerstattung_ruckgaben","status":"publish","type":"page","link":"https:\/\/tv-shadow.com\/de\/refund_returns\/","title":{"rendered":"Erstattungs- und R\u00fcckgabebestimmungen"},"content":{"rendered":"<p>Sollten Sie aus irgendeinem Grund mit einem Kauf nicht zufrieden sein, laden wir Sie ein, unsere R\u00fcckgabe- und R\u00fcckerstattungsrichtlinien zu lesen. Diese R\u00fcckgabe- und Erstattungsrichtlinie wurde mit Hilfe der\u00a0<a href=\"https:\/\/tv-shadow.com\/de\/\">https:\/\/tv-shadow.com\/<\/a>\u00a0Anwalt.<\/p>\n\n\n\n<h4 class=\"wp-block-heading\" id=\"h-don-t-dispute-before-asking-customer-support-you-may-lost-both-money-and-service-we-don-t-offer-refunds-if-you-make-a-dispute-your-money-will-stuck-and-don-t-forget-that-your-satisfaction-is-our-priority\"><strong>Diskutieren Sie nicht, bevor Sie den Kundendienst fragen, Sie k\u00f6nnen sowohl Geld als auch Service verlieren. Wir bieten keine R\u00fcckerstattung, wenn Sie einen Streitfall machen. Ihr Geld wird stecken bleiben und vergessen Sie nicht, dass Ihre Zufriedenheit unsere Priorit\u00e4t ist.<\/strong><\/h4>\n\n\n\n<p><strong><br>Erstattungspolitik:<br><br><\/strong>Wir glauben an unsere Produkte 100%. Wir versuchen jeden Tag unser Bestes, um Sie gl\u00fccklich zu machen und Ihnen ein L\u00e4cheln ins Gesicht zu zaubern, wenn Sie unseren Service nutzen, aber wir verstehen, dass unsere IPTV-Abonnementpl\u00e4ne nicht immer f\u00fcr jeden perfekt funktionieren k\u00f6nnen. Wenn Sie mit Ihrem Kauf nicht zufrieden sind oder ein Problem haben, das wir nicht l\u00f6sen k\u00f6nnen und das das System unbrauchbar macht, erstatten wir Ihnen gerne den Kaufpreis.<br><br><strong>Wie stellt man einen Antrag auf Erstattung?<br><br><\/strong>Bitte notieren Sie Ihre Transaktionsauftragsnummer mit dem Betreff: \"Antrag auf R\u00fcckerstattung\" und beschreiben Sie in Ihrer E-Mail die Probleme, mit denen Sie konfrontiert sind, und den Grund f\u00fcr diesen Antrag. Aus irgendeinem Grund m\u00fcssen Sie uns Proofs schicken und wir werden Ihnen auch Proofs unserer Arbeit und der Dinge schicken, die wir bemerken und Ihnen auch zeigen m\u00fcssen, um unseren Standpunkt und unsere Entscheidung besser und transparenter zu erkl\u00e4ren.<br><br><strong>Bedingungen:<br><br><\/strong>Bitte haben Sie Verst\u00e4ndnis daf\u00fcr, dass wir bei technischen Problemen keine R\u00fcckerstattung gew\u00e4hren k\u00f6nnen, es sei denn, Sie gestatten uns, uns angemessen um eine L\u00f6sung zu bem\u00fchen und Ihnen zu helfen. Wenn es uns nicht gelingt, Ihr Problem innerhalb von 48 Stunden zu l\u00f6sen, erstatten wir Ihnen den vollen Betrag. Bitte kontaktieren Sie unseren Live-Support 24\/7, wenn Sie Hilfe ben\u00f6tigen.<br>R\u00fcckerstattungen k\u00f6nnen nur innerhalb von 72 Stunden nach dem Kaufdatum gew\u00e4hrt werden. Nach 72 Stunden k\u00f6nnen keine R\u00fcckerstattungen mehr bearbeitet werden.<br>Wenn Sie mit Kreditkarte bezahlt haben, werden die Erstattungen in der Regel innerhalb von 3 bis 7 Arbeitstagen bearbeitet und das Geld auf die Debitkarte auf dem Bankkonto des Kunden zur\u00fcckgebucht.<br>Es gibt jedoch F\u00e4lle, in denen die Bearbeitung einer R\u00fcckerstattung l\u00e4nger dauert, bis zu 30 Tage. Wir sind f\u00fcr diese Zeitr\u00e4ume und Verz\u00f6gerungen nicht verantwortlich. Wir sind nicht der Zahlungsanbieter, sondern der IPTV-Dienstanbieter.<br>Nur K\u00e4ufe, die in weniger als 72 Stunden get\u00e4tigt wurden, erstatten wir vollst\u00e4ndig. Alle anderen R\u00fcckerstattungsantr\u00e4ge werden teilweise zur\u00fcckerstattet, je nachdem, wie lange das Abonnement bereits l\u00e4uft. Das ShadowTV-Team wird die Nutzer in allen Erstattungsf\u00e4llen kontaktieren.<br><strong>Anmerkung:&nbsp;<\/strong>Jede R\u00fcckerstattung dauert in der Regel 3 bis 10 Arbeitstage, und es liegt nicht in unserer Hand, diese Frist zu verk\u00fcrzen. Unsere Zahlungsabwickler k\u00fcmmern sich um die Erstattungsantr\u00e4ge. Wir werden unser Bestes tun, um die R\u00fcckerstattung sofort nach Erhalt der Anfrage und \u00dcberpr\u00fcfung der Benutzerinformationen vorzunehmen.<\/p>\n\n\n\n<p>W<strong>e wird keine R\u00fcckerstattung oder Teilr\u00fcckerstattung vornehmen, wenn:<\/strong><strong><br><\/strong><strong><br><\/strong><strong><br><\/strong>Der Kunde war mit dem Angebot oder der Leistung der Kan\u00e4le nicht zufrieden.<br>Wir empfehlen jedem Kunden, sich f\u00fcr eine&nbsp;<strong>Versuch<\/strong>&nbsp;bevor Sie ein Paket mit einer Laufzeit von 3 bis 12 Monaten kaufen.<br><strong><br><\/strong><strong><br><\/strong><strong><br><\/strong>Wir unterst\u00fctzen Sie bei der Einrichtung Ihrer Boxen, Ger\u00e4te, Apps und Ihres Systems in allen F\u00e4llen, in denen Sie Hilfe ben\u00f6tigen. <br><br><br><strong>Wenn einige Kan\u00e4le einfrieren, puffern oder manchmal nicht funktionieren:<\/strong><strong><br><\/strong><strong><br><\/strong><strong><br><\/strong>Obwohl fast alle unsere Server stabil sind, frieren manchmal einige Kan\u00e4le ein oder funktionieren aus verschiedenen Gr\u00fcnden nicht, aber das ist nicht dauerhaft. Unsere Experten arbeiten immer daran, sie zu beheben.<br><br><strong>In den meisten F\u00e4llen sind diese Probleme vor\u00fcbergehend und werden durch die unten genannten Gr\u00fcnde verursacht:<\/strong><\/p>\n\n\n\n<ul class=\"wp-block-list\">\n<li>Fluktuation der Kunden im Internet.<\/li>\n\n\n\n<li>Das Problem mit der Box\/Apps\/Kundeneinrichtung im Allgemeinen.<\/li>\n\n\n\n<li>Ihr ISP hat ein Problem.<\/li>\n\n\n\n<li>Der Kanal ist auf der Serverseite ausgefallen.<\/li>\n\n\n\n<li>Der Kunde hat es sich anders \u00fcberlegt und wollte sich zur\u00fcckziehen bzw. zwischen den Servern wechseln.<\/li>\n\n\n\n<li>Server-Update\/Neustart von unserer Seite (w\u00f6chentliche Durchf\u00fchrung erforderlich).<\/li>\n<\/ul>\n\n\n\n<p>Falls ein Nutzer\/Kunde sein IPTV-Abonnement f\u00fcr mehr als 48 Stunden nicht sehen kann, weil ein Serverproblem oder ein anderes von uns verursachtes Problem vorliegt, erstatten wir den Paketpreis vollst\u00e4ndig zur\u00fcck oder f\u00fcgen die verlorene Zeit kostenlos zu Ihrem Abonnement hinzu + einen zus\u00e4tzlichen Bonus, den wir gemeinsam aushandeln k\u00f6nnen.<br><br><strong>Kontakt<br><\/strong>Wenn Sie Fragen zu unserer R\u00fcckerstattungspolitik haben, kontaktieren Sie uns bitte:<br><a href=\"https:\/\/tv-shadow.com\/de\/kontaktieren-sie-uns\/\" title=\"\">Unterst\u00fctzung<\/a><\/p>","protected":false},"excerpt":{"rendered":"<p>If for any reason, You are not completely satisfied with a purchase We invite You to review our policy on refunds and returns. This Return and Refund Policy has been created with the help of the\u00a0https:\/\/tv-shadow.com\/\u00a0lawyer. Don\u2019t Dispute Before Asking Customer Support, You May Lost Both Money And Service. We Don\u2019t Offer Refunds If You &#8230; <a title=\"Erstattungs- und R\u00fcckgabebestimmungen\" class=\"read-more\" href=\"https:\/\/tv-shadow.com\/de\/refund_returns\/\" aria-label=\"Mehr Informationen \u00fcber Refund and Returns Policy\">Weiterlesen<\/a><\/p>","protected":false},"author":1,"featured_media":0,"parent":0,"menu_order":0,"comment_status":"closed","ping_status":"closed","template":"elementor_header_footer","meta":{"_monsterinsights_skip_tracking":false,"_monsterinsights_sitenote_active":false,"_monsterinsights_sitenote_note":"","_monsterinsights_sitenote_category":0,"footnotes":""},"class_list":["post-9","page","type-page","status-publish"],"yoast_head":"<!-- This site is optimized with the Yoast SEO Premium plugin v27.2 (Yoast SEO v27.3) - https:\/\/yoast.com\/product\/yoast-seo-premium-wordpress\/ -->\n<title>Refund and Returns Policy - ShadowTV | Best IPTV Service<\/title>\n<meta name=\"description\" content=\"If for any reason, You are not completely satisfied with a purchase, We invite You to review our Refund and Returns policy. Check Details!\" \/>\n<meta name=\"robots\" content=\"index, follow, max-snippet:-1, max-image-preview:large, max-video-preview:-1\" \/>\n<link rel=\"canonical\" href=\"https:\/\/tv-shadow.com\/de\/ruckerstattung_ruckgaben\/\" \/>\n<meta property=\"og:locale\" content=\"de_DE\" \/>\n<meta property=\"og:type\" content=\"article\" \/>\n<meta property=\"og:title\" content=\"Refund and Returns Policy\" \/>\n<meta property=\"og:description\" content=\"If for any reason, You are not completely satisfied with a purchase, We invite You to review our Refund and Returns policy. Check Details!\" \/>\n<meta property=\"og:url\" content=\"https:\/\/tv-shadow.com\/de\/ruckerstattung_ruckgaben\/\" \/>\n<meta property=\"og:site_name\" content=\"ShadowTV\" \/>\n<meta property=\"article:publisher\" content=\"https:\/\/www.facebook.com\/profile.php?id=100092204902584\" \/>\n<meta property=\"article:modified_time\" content=\"2026-03-11T03:43:04+00:00\" \/>\n<meta property=\"og:image\" content=\"https:\/\/tv-shadow.com\/wp-content\/uploads\/2023\/11\/SHADOW-LOGO.jpeg\" \/>\n\t<meta property=\"og:image:width\" content=\"640\" \/>\n\t<meta property=\"og:image:height\" content=\"640\" \/>\n\t<meta property=\"og:image:type\" content=\"image\/jpeg\" \/>\n<meta name=\"twitter:card\" content=\"summary_large_image\" \/>\n<meta name=\"twitter:label1\" content=\"Gesch\u00e4tzte Lesezeit\" \/>\n\t<meta name=\"twitter:data1\" content=\"4\u00a0Minuten\" \/>\n<script type=\"application\/ld+json\" class=\"yoast-schema-graph\">{\"@context\":\"https:\\\/\\\/schema.org\",\"@graph\":[{\"@type\":\"WebPage\",\"@id\":\"https:\\\/\\\/tv-shadow.com\\\/refund_returns\\\/\",\"url\":\"https:\\\/\\\/tv-shadow.com\\\/refund_returns\\\/\",\"name\":\"Refund and Returns Policy - ShadowTV | Best IPTV Service\",\"isPartOf\":{\"@id\":\"https:\\\/\\\/tv-shadow.com\\\/#website\"},\"datePublished\":\"2023-08-03T23:07:59+00:00\",\"dateModified\":\"2026-03-11T03:43:04+00:00\",\"description\":\"If for any reason, You are not completely satisfied with a purchase, We invite You to review our Refund and Returns policy. Check Details!\",\"breadcrumb\":{\"@id\":\"https:\\\/\\\/tv-shadow.com\\\/refund_returns\\\/#breadcrumb\"},\"inLanguage\":\"de\",\"potentialAction\":[{\"@type\":\"ReadAction\",\"target\":[\"https:\\\/\\\/tv-shadow.com\\\/refund_returns\\\/\"]}]},{\"@type\":\"BreadcrumbList\",\"@id\":\"https:\\\/\\\/tv-shadow.com\\\/refund_returns\\\/#breadcrumb\",\"itemListElement\":[{\"@type\":\"ListItem\",\"position\":1,\"name\":\"Home\",\"item\":\"https:\\\/\\\/tv-shadow.com\\\/en\\\/\"},{\"@type\":\"ListItem\",\"position\":2,\"name\":\"Refund and Returns Policy\"}]},{\"@type\":\"WebSite\",\"@id\":\"https:\\\/\\\/tv-shadow.com\\\/#website\",\"url\":\"https:\\\/\\\/tv-shadow.com\\\/\",\"name\":\"Shadow tv\",\"description\":\"This is the official site of SHADOW TV. SHADOW TV is the award-winning international IPTV service offering over Live TV, VOD, EPG PPV many more.\",\"publisher\":{\"@id\":\"https:\\\/\\\/tv-shadow.com\\\/#organization\"},\"alternateName\":\"shadow iptv\",\"potentialAction\":[{\"@type\":\"SearchAction\",\"target\":{\"@type\":\"EntryPoint\",\"urlTemplate\":\"https:\\\/\\\/tv-shadow.com\\\/?s={search_term_string}\"},\"query-input\":{\"@type\":\"PropertyValueSpecification\",\"valueRequired\":true,\"valueName\":\"search_term_string\"}}],\"inLanguage\":\"de\"},{\"@type\":\"Organization\",\"@id\":\"https:\\\/\\\/tv-shadow.com\\\/#organization\",\"name\":\"Shadow Tv\",\"alternateName\":\"Tv Shadow\",\"url\":\"https:\\\/\\\/tv-shadow.com\\\/\",\"logo\":{\"@type\":\"ImageObject\",\"inLanguage\":\"de\",\"@id\":\"https:\\\/\\\/tv-shadow.com\\\/#\\\/schema\\\/logo\\\/image\\\/\",\"url\":\"https:\\\/\\\/tv-shadow.com\\\/wp-content\\\/uploads\\\/2023\\\/11\\\/SHADOW-LOGO.jpeg\",\"contentUrl\":\"https:\\\/\\\/tv-shadow.com\\\/wp-content\\\/uploads\\\/2023\\\/11\\\/SHADOW-LOGO.jpeg\",\"width\":640,\"height\":640,\"caption\":\"Shadow Tv\"},\"image\":{\"@id\":\"https:\\\/\\\/tv-shadow.com\\\/#\\\/schema\\\/logo\\\/image\\\/\"},\"sameAs\":[\"https:\\\/\\\/www.facebook.com\\\/profile.php?id=100092204902584\",\"https:\\\/\\\/mastodon.social\\\/@shadowtviptv\"],\"publishingPrinciples\":\"https:\\\/\\\/tv-shadow.com\\\/terms-of-service\\\/\",\"ownershipFundingInfo\":\"https:\\\/\\\/tv-shadow.com\\\/terms-of-service\\\/\",\"actionableFeedbackPolicy\":\"https:\\\/\\\/tv-shadow.com\\\/terms-of-service\\\/\",\"correctionsPolicy\":\"https:\\\/\\\/tv-shadow.com\\\/refund_returns\\\/\",\"ethicsPolicy\":\"https:\\\/\\\/tv-shadow.com\\\/refund_returns\\\/\"}]}<\/script>\n<!-- \/ Yoast SEO Premium plugin. -->","yoast_head_json":{"title":"Erstattungs- und R\u00fcckgabebedingungen - ShadowTV | Bester IPTV-Dienst","description":"Wenn Sie aus irgendeinem Grund mit einem Kauf nicht zufrieden sind, laden wir Sie ein, unsere R\u00fcckerstattungs- und R\u00fcckgabebestimmungen zu lesen. Details pr\u00fcfen!","robots":{"index":"index","follow":"follow","max-snippet":"max-snippet:-1","max-image-preview":"max-image-preview:large","max-video-preview":"max-video-preview:-1"},"canonical":"https:\/\/tv-shadow.com\/de\/ruckerstattung_ruckgaben\/","og_locale":"de_DE","og_type":"article","og_title":"Refund and Returns Policy","og_description":"If for any reason, You are not completely satisfied with a purchase, We invite You to review our Refund and Returns policy. Check Details!","og_url":"https:\/\/tv-shadow.com\/de\/ruckerstattung_ruckgaben\/","og_site_name":"ShadowTV","article_publisher":"https:\/\/www.facebook.com\/profile.php?id=100092204902584","article_modified_time":"2026-03-11T03:43:04+00:00","og_image":[{"width":640,"height":640,"url":"https:\/\/tv-shadow.com\/wp-content\/uploads\/2023\/11\/SHADOW-LOGO.jpeg","type":"image\/jpeg"}],"twitter_card":"summary_large_image","twitter_misc":{"Gesch\u00e4tzte Lesezeit":"4\u00a0Minuten"},"schema":{"@context":"https:\/\/schema.org","@graph":[{"@type":"WebPage","@id":"https:\/\/tv-shadow.com\/refund_returns\/","url":"https:\/\/tv-shadow.com\/refund_returns\/","name":"Erstattungs- und R\u00fcckgabebedingungen - ShadowTV | Bester IPTV-Dienst","isPartOf":{"@id":"https:\/\/tv-shadow.com\/#website"},"datePublished":"2023-08-03T23:07:59+00:00","dateModified":"2026-03-11T03:43:04+00:00","description":"Wenn Sie aus irgendeinem Grund mit einem Kauf nicht zufrieden sind, laden wir Sie ein, unsere R\u00fcckerstattungs- und R\u00fcckgabebestimmungen zu lesen. Details pr\u00fcfen!","breadcrumb":{"@id":"https:\/\/tv-shadow.com\/refund_returns\/#breadcrumb"},"inLanguage":"de","potentialAction":[{"@type":"ReadAction","target":["https:\/\/tv-shadow.com\/refund_returns\/"]}]},{"@type":"BreadcrumbList","@id":"https:\/\/tv-shadow.com\/refund_returns\/#breadcrumb","itemListElement":[{"@type":"ListItem","position":1,"name":"Home","item":"https:\/\/tv-shadow.com\/en\/"},{"@type":"ListItem","position":2,"name":"Refund and Returns Policy"}]},{"@type":"WebSite","@id":"https:\/\/tv-shadow.com\/#website","url":"https:\/\/tv-shadow.com\/","name":"Schatten-TV","description":"Dies ist die offizielle Seite von SHADOW TV. SHADOW TV ist der preisgekr\u00f6nte internationale IPTV-Dienst, der \u00fcber Live-TV, VOD, EPG PPV und vieles mehr bietet.","publisher":{"@id":"https:\/\/tv-shadow.com\/#organization"},"alternateName":"shadow iptv","potentialAction":[{"@type":"SearchAction","target":{"@type":"EntryPoint","urlTemplate":"https:\/\/tv-shadow.com\/?s={search_term_string}"},"query-input":{"@type":"PropertyValueSpecification","valueRequired":true,"valueName":"search_term_string"}}],"inLanguage":"de"},{"@type":"Organization","@id":"https:\/\/tv-shadow.com\/#organization","name":"Schatten-Fernsehen","alternateName":"Tv Shadow","url":"https:\/\/tv-shadow.com\/","logo":{"@type":"ImageObject","inLanguage":"de","@id":"https:\/\/tv-shadow.com\/#\/schema\/logo\/image\/","url":"https:\/\/tv-shadow.com\/wp-content\/uploads\/2023\/11\/SHADOW-LOGO.jpeg","contentUrl":"https:\/\/tv-shadow.com\/wp-content\/uploads\/2023\/11\/SHADOW-LOGO.jpeg","width":640,"height":640,"caption":"Shadow Tv"},"image":{"@id":"https:\/\/tv-shadow.com\/#\/schema\/logo\/image\/"},"sameAs":["https:\/\/www.facebook.com\/profile.php?id=100092204902584","https:\/\/mastodon.social\/@shadowtviptv"],"publishingPrinciples":"https:\/\/tv-shadow.com\/terms-of-service\/","ownershipFundingInfo":"https:\/\/tv-shadow.com\/terms-of-service\/","actionableFeedbackPolicy":"https:\/\/tv-shadow.com\/terms-of-service\/","correctionsPolicy":"https:\/\/tv-shadow.com\/refund_returns\/","ethicsPolicy":"https:\/\/tv-shadow.com\/refund_returns\/"}]}},"_links":{"self":[{"href":"https:\/\/tv-shadow.com\/de\/wp-json\/wp\/v2\/pages\/9","targetHints":{"allow":["GET"]}}],"collection":[{"href":"https:\/\/tv-shadow.com\/de\/wp-json\/wp\/v2\/pages"}],"about":[{"href":"https:\/\/tv-shadow.com\/de\/wp-json\/wp\/v2\/types\/page"}],"author":[{"embeddable":true,"href":"https:\/\/tv-shadow.com\/de\/wp-json\/wp\/v2\/users\/1"}],"replies":[{"embeddable":true,"href":"https:\/\/tv-shadow.com\/de\/wp-json\/wp\/v2\/comments?post=9"}],"version-history":[{"count":9,"href":"https:\/\/tv-shadow.com\/de\/wp-json\/wp\/v2\/pages\/9\/revisions"}],"predecessor-version":[{"id":2609,"href":"https:\/\/tv-shadow.com\/de\/wp-json\/wp\/v2\/pages\/9\/revisions\/2609"}],"wp:attachment":[{"href":"https:\/\/tv-shadow.com\/de\/wp-json\/wp\/v2\/media?parent=9"}],"curies":[{"name":"wp","href":"https:\/\/api.w.org\/{rel}","templated":true}]}}