{"id":1939,"date":"2023-11-08T19:18:02","date_gmt":"2023-11-08T19:18:02","guid":{"rendered":"https:\/\/tv-shadow.com\/?page_id=1939"},"modified":"2024-01-13T11:09:18","modified_gmt":"2024-01-13T11:09:18","slug":"como-instalar-iptv-en-su-propio-televisor","status":"publish","type":"page","link":"https:\/\/tv-shadow.com\/es\/how-do-you-install-iptv-on-your-own-television\/","title":{"rendered":"\u00bfC\u00f3mo instalar IPTV en su propio televisor?"},"content":{"rendered":"<div data-elementor-type=\"wp-page\" data-elementor-id=\"1939\" class=\"elementor elementor-1939\" data-elementor-post-type=\"page\">\n\t\t\t\t\t\t<section class=\"elementor-section elementor-top-section elementor-element elementor-element-b1aaedc elementor-section-boxed elementor-section-height-default elementor-section-height-default\" data-id=\"b1aaedc\" data-element_type=\"section\" data-e-type=\"section\">\n\t\t\t\t\t\t<div class=\"elementor-container elementor-column-gap-default\">\n\t\t\t\t\t<div class=\"elementor-column elementor-col-100 elementor-top-column elementor-element elementor-element-6c02130\" data-id=\"6c02130\" data-element_type=\"column\" data-e-type=\"column\">\n\t\t\t<div class=\"elementor-widget-wrap elementor-element-populated\">\n\t\t\t\t\t\t<div class=\"elementor-element elementor-element-f87b5a0 elementor-widget elementor-widget-image\" data-id=\"f87b5a0\" data-element_type=\"widget\" data-e-type=\"widget\" data-widget_type=\"image.default\">\n\t\t\t\t<div class=\"elementor-widget-container\">\n\t\t\t\t\t\t\t\t\t\t\t\t\t\t\t<img fetchpriority=\"high\" decoding=\"async\" width=\"1024\" height=\"576\" src=\"https:\/\/tv-shadow.com\/wp-content\/uploads\/2023\/12\/iptv-smarters-pro-1024x576.webp\" class=\"attachment-large size-large wp-image-2399\" alt=\"C\u00f3mo instalar IPTV\" srcset=\"https:\/\/tv-shadow.com\/wp-content\/uploads\/2023\/12\/iptv-smarters-pro-1024x576.webp 1024w, https:\/\/tv-shadow.com\/wp-content\/uploads\/2023\/12\/iptv-smarters-pro-300x169.webp 300w, https:\/\/tv-shadow.com\/wp-content\/uploads\/2023\/12\/iptv-smarters-pro-768x432.webp 768w, https:\/\/tv-shadow.com\/wp-content\/uploads\/2023\/12\/iptv-smarters-pro-600x337.webp 600w, https:\/\/tv-shadow.com\/wp-content\/uploads\/2023\/12\/iptv-smarters-pro.webp 1533w\" sizes=\"(max-width: 1024px) 100vw, 1024px\" \/>\t\t\t\t\t\t\t\t\t\t\t\t\t\t\t<\/div>\n\t\t\t\t<\/div>\n\t\t\t\t<div class=\"elementor-element elementor-element-6a41706 elementor-widget elementor-widget-text-editor\" data-id=\"6a41706\" data-element_type=\"widget\" data-e-type=\"widget\" data-widget_type=\"text-editor.default\">\n\t\t\t\t<div class=\"elementor-widget-container\">\n\t\t\t\t\t\t\t\t\t<p><b>Si nunca ha o\u00eddo hablar de la IPTV o la televisi\u00f3n IP, debe de estar viviendo bajo una roca. La Televisi\u00f3n por Protocolo de Internet ha progresado enormemente en los \u00faltimos tiempos. Cada vez m\u00e1s gente ve las enormes ventajas de la IPTV. Es importante informarse bien sobre la IPTV antes de suscribirse, para saber a qu\u00e9 atenerse. Una vez hecho esto, hay pocos obst\u00e1culos m\u00e1s. En realidad, s\u00f3lo tiene que <a href=\"https:\/\/tv-shadow.com\/es\/guia-fq\/\">instalar IPTV<\/a> en tu televisor. Pero, \u00bfc\u00f3mo se hace?<\/b><\/p>\t\t\t\t\t\t\t\t<\/div>\n\t\t\t\t<\/div>\n\t\t\t\t\t<\/div>\n\t\t<\/div>\n\t\t\t\t\t<\/div>\n\t\t<\/section>\n\t\t\t\t<section class=\"elementor-section elementor-top-section elementor-element elementor-element-a051ae0 elementor-section-boxed elementor-section-height-default elementor-section-height-default\" data-id=\"a051ae0\" data-element_type=\"section\" data-e-type=\"section\">\n\t\t\t\t\t\t<div class=\"elementor-container elementor-column-gap-default\">\n\t\t\t\t\t<div class=\"elementor-column elementor-col-100 elementor-top-column elementor-element elementor-element-75a2d8c\" data-id=\"75a2d8c\" data-element_type=\"column\" data-e-type=\"column\">\n\t\t\t<div class=\"elementor-widget-wrap elementor-element-populated\">\n\t\t\t\t\t\t<div class=\"elementor-element elementor-element-a1c3ed3 elementor-widget elementor-widget-heading\" data-id=\"a1c3ed3\" data-element_type=\"widget\" data-e-type=\"widget\" data-widget_type=\"heading.default\">\n\t\t\t\t<div class=\"elementor-widget-container\">\n\t\t\t\t\t<h2 class=\"elementor-heading-title elementor-size-default\">IPTV en tu Smart TV<\/h2>\t\t\t\t<\/div>\n\t\t\t\t<\/div>\n\t\t\t\t\t<\/div>\n\t\t<\/div>\n\t\t\t\t\t<\/div>\n\t\t<\/section>\n\t\t\t\t<section class=\"elementor-section elementor-top-section elementor-element elementor-element-9ad9a20 elementor-section-boxed elementor-section-height-default elementor-section-height-default\" data-id=\"9ad9a20\" data-element_type=\"section\" data-e-type=\"section\">\n\t\t\t\t\t\t<div class=\"elementor-container elementor-column-gap-default\">\n\t\t\t\t\t<div class=\"elementor-column elementor-col-100 elementor-top-column elementor-element elementor-element-091162f\" data-id=\"091162f\" data-element_type=\"column\" data-e-type=\"column\">\n\t\t\t<div class=\"elementor-widget-wrap elementor-element-populated\">\n\t\t\t\t\t\t<div class=\"elementor-element elementor-element-3360914 elementor-widget elementor-widget-text-editor\" data-id=\"3360914\" data-element_type=\"widget\" data-e-type=\"widget\" data-widget_type=\"text-editor.default\">\n\t\t\t\t<div class=\"elementor-widget-container\">\n\t\t\t\t\t\t\t\t\t<p><b>Si tienes una Smart TV (de Samsung, Philips, LG o Panasonic, por ejemplo), es muy f\u00e1cil de instalar <a href=\"https:\/\/tv-shadow.com\/es\/guia-fq\/\">IPTV<\/a> en tu Smart TV. En la <a href=\"https:\/\/play.google.com\/store\/apps\">Google Play Store<\/a> (Android) puede descargar la NET IPTV, IBO<\/b><b style=\"font-family: var( --e-global-typography-text-font-family ), Sans-serif; font-size: var( --e-global-typography-text-font-size );\">\u00a0Player Pro , o la aplicaci\u00f3n Smart IPTV. Una vez hecho esto, deber\u00eda aparecer un c\u00f3digo de direcci\u00f3n MAC en la pantalla. Se trata de un c\u00f3digo num\u00e9rico \u00fanico y personal que autentifica el dispositivo al que est\u00e1 vinculada la suscripci\u00f3n IPTV. Es importante saber que la IPTV s\u00f3lo se puede ver en este dispositivo. Debe proporcionar este c\u00f3digo de direcci\u00f3n MAC al proveedor de IPTV, que deber\u00eda ser capaz de identificar su televisor sin demasiada dificultad. A continuaci\u00f3n, podr\u00e1 cambiar entre todos los canales de IPTV, series y pel\u00edculas a trav\u00e9s de la aplicaci\u00f3n descargada. Ahora es posible incluso <a href=\"https:\/\/tv-shadow.com\/es\/\">Prueba IPTV<\/a> gratis durante 24 horas sin suscripci\u00f3n.<\/b><\/p>\t\t\t\t\t\t\t\t<\/div>\n\t\t\t\t<\/div>\n\t\t\t\t\t<\/div>\n\t\t<\/div>\n\t\t\t\t\t<\/div>\n\t\t<\/section>\n\t\t\t\t<section class=\"elementor-section elementor-top-section elementor-element elementor-element-64264c6 elementor-section-boxed elementor-section-height-default elementor-section-height-default\" data-id=\"64264c6\" data-element_type=\"section\" data-e-type=\"section\">\n\t\t\t\t\t\t<div class=\"elementor-container elementor-column-gap-default\">\n\t\t\t\t\t<div class=\"elementor-column elementor-col-100 elementor-top-column elementor-element elementor-element-0a3ed6f\" data-id=\"0a3ed6f\" data-element_type=\"column\" data-e-type=\"column\">\n\t\t\t<div class=\"elementor-widget-wrap elementor-element-populated\">\n\t\t\t\t\t\t<div class=\"elementor-element elementor-element-b65c5db elementor-widget elementor-widget-heading\" data-id=\"b65c5db\" data-element_type=\"widget\" data-e-type=\"widget\" data-widget_type=\"heading.default\">\n\t\t\t\t<div class=\"elementor-widget-container\">\n\t\t\t\t\t<h2 class=\"elementor-heading-title elementor-size-default\">IPTV sin Smart TV<\/h2>\t\t\t\t<\/div>\n\t\t\t\t<\/div>\n\t\t\t\t\t<\/div>\n\t\t<\/div>\n\t\t\t\t\t<\/div>\n\t\t<\/section>\n\t\t\t\t<section class=\"elementor-section elementor-top-section elementor-element elementor-element-0d1a3a6 elementor-section-boxed elementor-section-height-default elementor-section-height-default\" data-id=\"0d1a3a6\" data-element_type=\"section\" data-e-type=\"section\">\n\t\t\t\t\t\t<div class=\"elementor-container elementor-column-gap-default\">\n\t\t\t\t\t<div class=\"elementor-column elementor-col-100 elementor-top-column elementor-element elementor-element-472acec\" data-id=\"472acec\" data-element_type=\"column\" data-e-type=\"column\">\n\t\t\t<div class=\"elementor-widget-wrap elementor-element-populated\">\n\t\t\t\t\t\t<div class=\"elementor-element elementor-element-0158409 elementor-widget elementor-widget-text-editor\" data-id=\"0158409\" data-element_type=\"widget\" data-e-type=\"widget\" data-widget_type=\"text-editor.default\">\n\t\t\t\t<div class=\"elementor-widget-container\">\n\t\t\t\t\t\t\t\t\t<p><b>Si a\u00fan no tienes una Smart TV, no tienes que desesperar, porque todav\u00eda puedes recibir IPTV. S\u00f3lo hace falta un poco de <a href=\"https:\/\/tv-shadow.com\/es\/guia-fq\/\">m\u00e1s esfuerzo<\/a>. A continuaci\u00f3n, puede pedir un receptor de IPTV, que debe conectarse al televisor y a Internet. El receptor IPTV convierte la se\u00f1al de Internet en se\u00f1al de televisi\u00f3n. Con la caja IPTV recibir\u00e1s 3 cables:&nbsp;<\/b><\/p>\n<p><b>- 1 cable HDMI, que debe conectar al televisor&nbsp;<\/b><\/p>\n<p><b>- 1 cable de alimentaci\u00f3n, que debe alimentar la caja IPTV&nbsp;<\/b><\/p>\n<p><b>- 1 cable de Internet, que debe conectarse al router&nbsp;<\/b><\/p>\n<p><b>Despu\u00e9s de conectar estos cables, el resto se explica por s\u00ed solo. A trav\u00e9s de la caja IPTV puede cambiar f\u00e1cilmente entre toda la gama de canales y pel\u00edculas. Con esta caja y un abono tienes acceso a m\u00e1s de 12.000 canales y unas 45.000 pel\u00edculas y series.<\/b><\/p>\t\t\t\t\t\t\t\t<\/div>\n\t\t\t\t<\/div>\n\t\t\t\t\t<\/div>\n\t\t<\/div>\n\t\t\t\t\t<\/div>\n\t\t<\/section>\n\t\t\t\t<\/div>","protected":false},"excerpt":{"rendered":"<p>You must have been living under a rock if you have never heard of IPTV or IP TV. Internet Protocol TeleVision has made enormous progress in recent times. More and more people are seeing the enormous benefits associated with IPTV. It is important to read up on IPTV carefully before taking out a subscription, so &#8230; <a title=\"\u00bfC\u00f3mo instalar IPTV en su propio televisor?\" class=\"read-more\" href=\"https:\/\/tv-shadow.com\/es\/how-do-you-install-iptv-on-your-own-television\/\" aria-label=\"Leer m\u00e1s sobre How do you install IPTV on your own television?\">Leer m\u00e1s<\/a><\/p>","protected":false},"author":1,"featured_media":0,"parent":0,"menu_order":0,"comment_status":"closed","ping_status":"closed","template":"","meta":{"_monsterinsights_skip_tracking":false,"_monsterinsights_sitenote_active":false,"_monsterinsights_sitenote_note":"","_monsterinsights_sitenote_category":0,"footnotes":""},"class_list":["post-1939","page","type-page","status-publish"],"yoast_head":"<!-- This site is optimized with the Yoast SEO Premium plugin v27.3 (Yoast SEO v27.4) - https:\/\/yoast.com\/product\/yoast-seo-premium-wordpress\/ -->\n<title>How To Install IPTV on Television - ShadowTV<\/title>\n<meta name=\"description\" content=\"If you own a Smart Tv, it is very easy to Install IPTV. Here at Shadow Tv, we are offering Best IPTV Service for Smart or Simple Tv.\" \/>\n<meta name=\"robots\" content=\"index, follow, max-snippet:-1, max-image-preview:large, max-video-preview:-1\" \/>\n<link rel=\"canonical\" href=\"https:\/\/tv-shadow.com\/es\/como-instalar-iptv-en-su-propio-televisor\/\" \/>\n<meta property=\"og:locale\" content=\"es_ES\" \/>\n<meta property=\"og:type\" content=\"article\" \/>\n<meta property=\"og:title\" content=\"How do you install IPTV on your own television?\" \/>\n<meta property=\"og:description\" content=\"If you own a Smart Tv, it is very easy to Install IPTV. Here at Shadow Tv, we are offering Best IPTV Service for Smart or Simple Tv.\" \/>\n<meta property=\"og:url\" content=\"https:\/\/tv-shadow.com\/es\/como-instalar-iptv-en-su-propio-televisor\/\" \/>\n<meta property=\"og:site_name\" content=\"ShadowTV\" \/>\n<meta property=\"article:publisher\" content=\"https:\/\/www.facebook.com\/profile.php?id=100092204902584\" \/>\n<meta property=\"article:modified_time\" content=\"2024-01-13T11:09:18+00:00\" \/>\n<meta property=\"og:image\" content=\"https:\/\/tv-shadow.com\/wp-content\/uploads\/2023\/12\/iptv-smarters-pro-1024x576.webp\" \/>\n<meta name=\"twitter:card\" content=\"summary_large_image\" \/>\n<meta name=\"twitter:label1\" content=\"Tiempo de lectura\" \/>\n\t<meta name=\"twitter:data1\" content=\"2 minutos\" \/>\n<script type=\"application\/ld+json\" class=\"yoast-schema-graph\">{\"@context\":\"https:\\\/\\\/schema.org\",\"@graph\":[{\"@type\":\"WebPage\",\"@id\":\"https:\\\/\\\/tv-shadow.com\\\/how-do-you-install-iptv-on-your-own-television\\\/\",\"url\":\"https:\\\/\\\/tv-shadow.com\\\/how-do-you-install-iptv-on-your-own-television\\\/\",\"name\":\"How To Install IPTV on Television - ShadowTV\",\"isPartOf\":{\"@id\":\"https:\\\/\\\/tv-shadow.com\\\/#website\"},\"primaryImageOfPage\":{\"@id\":\"https:\\\/\\\/tv-shadow.com\\\/how-do-you-install-iptv-on-your-own-television\\\/#primaryimage\"},\"image\":{\"@id\":\"https:\\\/\\\/tv-shadow.com\\\/how-do-you-install-iptv-on-your-own-television\\\/#primaryimage\"},\"thumbnailUrl\":\"https:\\\/\\\/tv-shadow.com\\\/wp-content\\\/uploads\\\/2023\\\/12\\\/iptv-smarters-pro-1024x576.webp\",\"datePublished\":\"2023-11-08T19:18:02+00:00\",\"dateModified\":\"2024-01-13T11:09:18+00:00\",\"description\":\"If you own a Smart Tv, it is very easy to Install IPTV. Here at Shadow Tv, we are offering Best IPTV Service for Smart or Simple Tv.\",\"breadcrumb\":{\"@id\":\"https:\\\/\\\/tv-shadow.com\\\/how-do-you-install-iptv-on-your-own-television\\\/#breadcrumb\"},\"inLanguage\":\"es\",\"potentialAction\":[{\"@type\":\"ReadAction\",\"target\":[\"https:\\\/\\\/tv-shadow.com\\\/how-do-you-install-iptv-on-your-own-television\\\/\"]}]},{\"@type\":\"ImageObject\",\"inLanguage\":\"es\",\"@id\":\"https:\\\/\\\/tv-shadow.com\\\/how-do-you-install-iptv-on-your-own-television\\\/#primaryimage\",\"url\":\"https:\\\/\\\/tv-shadow.com\\\/wp-content\\\/uploads\\\/2023\\\/12\\\/iptv-smarters-pro-1024x576.webp\",\"contentUrl\":\"https:\\\/\\\/tv-shadow.com\\\/wp-content\\\/uploads\\\/2023\\\/12\\\/iptv-smarters-pro-1024x576.webp\"},{\"@type\":\"BreadcrumbList\",\"@id\":\"https:\\\/\\\/tv-shadow.com\\\/how-do-you-install-iptv-on-your-own-television\\\/#breadcrumb\",\"itemListElement\":[{\"@type\":\"ListItem\",\"position\":1,\"name\":\"Home\",\"item\":\"https:\\\/\\\/tv-shadow.com\\\/en\\\/\"},{\"@type\":\"ListItem\",\"position\":2,\"name\":\"How do you install IPTV on your own television?\"}]},{\"@type\":\"WebSite\",\"@id\":\"https:\\\/\\\/tv-shadow.com\\\/#website\",\"url\":\"https:\\\/\\\/tv-shadow.com\\\/\",\"name\":\"Shadow tv\",\"description\":\"This is the official site of SHADOW TV. SHADOW TV is the award-winning international IPTV service offering over Live TV, VOD, EPG PPV many more.\",\"publisher\":{\"@id\":\"https:\\\/\\\/tv-shadow.com\\\/#organization\"},\"alternateName\":\"shadow iptv\",\"potentialAction\":[{\"@type\":\"SearchAction\",\"target\":{\"@type\":\"EntryPoint\",\"urlTemplate\":\"https:\\\/\\\/tv-shadow.com\\\/?s={search_term_string}\"},\"query-input\":{\"@type\":\"PropertyValueSpecification\",\"valueRequired\":true,\"valueName\":\"search_term_string\"}}],\"inLanguage\":\"es\"},{\"@type\":\"Organization\",\"@id\":\"https:\\\/\\\/tv-shadow.com\\\/#organization\",\"name\":\"Shadow Tv\",\"alternateName\":\"Tv Shadow\",\"url\":\"https:\\\/\\\/tv-shadow.com\\\/\",\"logo\":{\"@type\":\"ImageObject\",\"inLanguage\":\"es\",\"@id\":\"https:\\\/\\\/tv-shadow.com\\\/#\\\/schema\\\/logo\\\/image\\\/\",\"url\":\"https:\\\/\\\/tv-shadow.com\\\/wp-content\\\/uploads\\\/2023\\\/11\\\/SHADOW-LOGO.jpeg\",\"contentUrl\":\"https:\\\/\\\/tv-shadow.com\\\/wp-content\\\/uploads\\\/2023\\\/11\\\/SHADOW-LOGO.jpeg\",\"width\":640,\"height\":640,\"caption\":\"Shadow Tv\"},\"image\":{\"@id\":\"https:\\\/\\\/tv-shadow.com\\\/#\\\/schema\\\/logo\\\/image\\\/\"},\"sameAs\":[\"https:\\\/\\\/www.facebook.com\\\/profile.php?id=100092204902584\",\"https:\\\/\\\/mastodon.social\\\/@shadowtviptv\"],\"publishingPrinciples\":\"https:\\\/\\\/tv-shadow.com\\\/terms-of-service\\\/\",\"ownershipFundingInfo\":\"https:\\\/\\\/tv-shadow.com\\\/terms-of-service\\\/\",\"actionableFeedbackPolicy\":\"https:\\\/\\\/tv-shadow.com\\\/terms-of-service\\\/\",\"correctionsPolicy\":\"https:\\\/\\\/tv-shadow.com\\\/refund_returns\\\/\",\"ethicsPolicy\":\"https:\\\/\\\/tv-shadow.com\\\/refund_returns\\\/\"}]}<\/script>\n<!-- \/ Yoast SEO Premium plugin. -->","yoast_head_json":{"title":"C\u00f3mo instalar IPTV en la televisi\u00f3n - ShadowTV","description":"Si usted es due\u00f1o de un Smart Tv, es muy f\u00e1cil de instalar IPTV. Aqu\u00ed en Shadow Tv, estamos ofreciendo el mejor servicio de IPTV para Smart o Simple Tv.","robots":{"index":"index","follow":"follow","max-snippet":"max-snippet:-1","max-image-preview":"max-image-preview:large","max-video-preview":"max-video-preview:-1"},"canonical":"https:\/\/tv-shadow.com\/es\/como-instalar-iptv-en-su-propio-televisor\/","og_locale":"es_ES","og_type":"article","og_title":"How do you install IPTV on your own television?","og_description":"If you own a Smart Tv, it is very easy to Install IPTV. Here at Shadow Tv, we are offering Best IPTV Service for Smart or Simple Tv.","og_url":"https:\/\/tv-shadow.com\/es\/como-instalar-iptv-en-su-propio-televisor\/","og_site_name":"ShadowTV","article_publisher":"https:\/\/www.facebook.com\/profile.php?id=100092204902584","article_modified_time":"2024-01-13T11:09:18+00:00","og_image":[{"url":"https:\/\/tv-shadow.com\/wp-content\/uploads\/2023\/12\/iptv-smarters-pro-1024x576.webp","type":"","width":"","height":""}],"twitter_card":"summary_large_image","twitter_misc":{"Tiempo de lectura":"2 minutos"},"schema":{"@context":"https:\/\/schema.org","@graph":[{"@type":"WebPage","@id":"https:\/\/tv-shadow.com\/how-do-you-install-iptv-on-your-own-television\/","url":"https:\/\/tv-shadow.com\/how-do-you-install-iptv-on-your-own-television\/","name":"C\u00f3mo instalar IPTV en la televisi\u00f3n - ShadowTV","isPartOf":{"@id":"https:\/\/tv-shadow.com\/#website"},"primaryImageOfPage":{"@id":"https:\/\/tv-shadow.com\/how-do-you-install-iptv-on-your-own-television\/#primaryimage"},"image":{"@id":"https:\/\/tv-shadow.com\/how-do-you-install-iptv-on-your-own-television\/#primaryimage"},"thumbnailUrl":"https:\/\/tv-shadow.com\/wp-content\/uploads\/2023\/12\/iptv-smarters-pro-1024x576.webp","datePublished":"2023-11-08T19:18:02+00:00","dateModified":"2024-01-13T11:09:18+00:00","description":"Si usted es due\u00f1o de un Smart Tv, es muy f\u00e1cil de instalar IPTV. Aqu\u00ed en Shadow Tv, estamos ofreciendo el mejor servicio de IPTV para Smart o Simple Tv.","breadcrumb":{"@id":"https:\/\/tv-shadow.com\/how-do-you-install-iptv-on-your-own-television\/#breadcrumb"},"inLanguage":"es","potentialAction":[{"@type":"ReadAction","target":["https:\/\/tv-shadow.com\/how-do-you-install-iptv-on-your-own-television\/"]}]},{"@type":"ImageObject","inLanguage":"es","@id":"https:\/\/tv-shadow.com\/how-do-you-install-iptv-on-your-own-television\/#primaryimage","url":"https:\/\/tv-shadow.com\/wp-content\/uploads\/2023\/12\/iptv-smarters-pro-1024x576.webp","contentUrl":"https:\/\/tv-shadow.com\/wp-content\/uploads\/2023\/12\/iptv-smarters-pro-1024x576.webp"},{"@type":"BreadcrumbList","@id":"https:\/\/tv-shadow.com\/how-do-you-install-iptv-on-your-own-television\/#breadcrumb","itemListElement":[{"@type":"ListItem","position":1,"name":"Home","item":"https:\/\/tv-shadow.com\/en\/"},{"@type":"ListItem","position":2,"name":"How do you install IPTV on your own television?"}]},{"@type":"WebSite","@id":"https:\/\/tv-shadow.com\/#website","url":"https:\/\/tv-shadow.com\/","name":"Sombra tv","description":"Este es el sitio oficial de SHADOW TV. SHADOW TV es el galardonado servicio internacional de IPTV que ofrece m\u00e1s de Live TV, VOD, EPG PPV muchos m\u00e1s.","publisher":{"@id":"https:\/\/tv-shadow.com\/#organization"},"alternateName":"shadow iptv","potentialAction":[{"@type":"SearchAction","target":{"@type":"EntryPoint","urlTemplate":"https:\/\/tv-shadow.com\/?s={search_term_string}"},"query-input":{"@type":"PropertyValueSpecification","valueRequired":true,"valueName":"search_term_string"}}],"inLanguage":"es"},{"@type":"Organization","@id":"https:\/\/tv-shadow.com\/#organization","name":"Sombra Tv","alternateName":"Tv Shadow","url":"https:\/\/tv-shadow.com\/","logo":{"@type":"ImageObject","inLanguage":"es","@id":"https:\/\/tv-shadow.com\/#\/schema\/logo\/image\/","url":"https:\/\/tv-shadow.com\/wp-content\/uploads\/2023\/11\/SHADOW-LOGO.jpeg","contentUrl":"https:\/\/tv-shadow.com\/wp-content\/uploads\/2023\/11\/SHADOW-LOGO.jpeg","width":640,"height":640,"caption":"Shadow Tv"},"image":{"@id":"https:\/\/tv-shadow.com\/#\/schema\/logo\/image\/"},"sameAs":["https:\/\/www.facebook.com\/profile.php?id=100092204902584","https:\/\/mastodon.social\/@shadowtviptv"],"publishingPrinciples":"https:\/\/tv-shadow.com\/terms-of-service\/","ownershipFundingInfo":"https:\/\/tv-shadow.com\/terms-of-service\/","actionableFeedbackPolicy":"https:\/\/tv-shadow.com\/terms-of-service\/","correctionsPolicy":"https:\/\/tv-shadow.com\/refund_returns\/","ethicsPolicy":"https:\/\/tv-shadow.com\/refund_returns\/"}]}},"_links":{"self":[{"href":"https:\/\/tv-shadow.com\/es\/wp-json\/wp\/v2\/pages\/1939","targetHints":{"allow":["GET"]}}],"collection":[{"href":"https:\/\/tv-shadow.com\/es\/wp-json\/wp\/v2\/pages"}],"about":[{"href":"https:\/\/tv-shadow.com\/es\/wp-json\/wp\/v2\/types\/page"}],"author":[{"embeddable":true,"href":"https:\/\/tv-shadow.com\/es\/wp-json\/wp\/v2\/users\/1"}],"replies":[{"embeddable":true,"href":"https:\/\/tv-shadow.com\/es\/wp-json\/wp\/v2\/comments?post=1939"}],"version-history":[{"count":15,"href":"https:\/\/tv-shadow.com\/es\/wp-json\/wp\/v2\/pages\/1939\/revisions"}],"predecessor-version":[{"id":2592,"href":"https:\/\/tv-shadow.com\/es\/wp-json\/wp\/v2\/pages\/1939\/revisions\/2592"}],"wp:attachment":[{"href":"https:\/\/tv-shadow.com\/es\/wp-json\/wp\/v2\/media?parent=1939"}],"curies":[{"name":"wp","href":"https:\/\/api.w.org\/{rel}","templated":true}]}}