{"id":9,"date":"2023-08-04T00:07:59","date_gmt":"2023-08-03T23:07:59","guid":{"rendered":"https:\/\/tv-shadow.com\/?page_id=9"},"modified":"2026-03-11T03:43:04","modified_gmt":"2026-03-11T03:43:04","slug":"devoluciones_devolucion","status":"publish","type":"page","link":"https:\/\/tv-shadow.com\/es\/refund_returns\/","title":{"rendered":"Pol\u00edtica de devoluciones y reembolsos"},"content":{"rendered":"<p>Si por cualquier motivo no queda completamente satisfecho con una compra, le invitamos a revisar nuestra pol\u00edtica de devoluciones y reembolsos. Esta pol\u00edtica de devoluciones y reembolsos ha sido creada con la ayuda de la\u00a0<a href=\"https:\/\/tv-shadow.com\/es\/\">https:\/\/tv-shadow.com\/<\/a>\u00a0abogado.<\/p>\n\n\n\n<h4 class=\"wp-block-heading\" id=\"h-don-t-dispute-before-asking-customer-support-you-may-lost-both-money-and-service-we-don-t-offer-refunds-if-you-make-a-dispute-your-money-will-stuck-and-don-t-forget-that-your-satisfaction-is-our-priority\"><strong>No reclame antes de consultar al servicio de atenci\u00f3n al cliente, puede perder dinero y servicio. No ofrecemos reembolsos si usted hace una disputa. Su Dinero Se Quedar\u00e1 Atascado y NO OLVIDE QUE SU SATISFACCI\u00d3N ES NUESTRA PRIORIDAD.<\/strong><\/h4>\n\n\n\n<p><strong><br>Pol\u00edtica de reembolso:<br><br><\/strong>Creemos en nuestros productos 100%. Hacemos todo lo posible cada d\u00eda para hacerle feliz y poner una sonrisa en su cara utilizando nuestro servicio, pero entendemos que nuestros planes de suscripci\u00f3n IPTV no pueden funcionar perfectamente para todo el mundo todo el tiempo. Si usted no est\u00e1 satisfecho con su compra o tiene un problema que no podemos resolver que hace que el sistema inutilizable, estamos m\u00e1s que encantados de proporcionar un reembolso.<br><br><strong>\u00bfC\u00f3mo solicitar una devoluci\u00f3n?<br><br><\/strong>Anote el n\u00famero de pedido de la transacci\u00f3n con el asunto: \"Solicitud de reembolso\" y describa en su correo electr\u00f3nico los problemas a los que se enfrenta y el motivo de esta solicitud. Por alguna raz\u00f3n, usted tiene que enviarnos pruebas y le enviaremos pruebas tambi\u00e9n de nuestro trabajo y las cosas que notamos y tenemos que mostrar tambi\u00e9n para explicar mejor nuestro punto de vista y nuestra decisi\u00f3n con m\u00e1s detalle y m\u00e1s transparente.<br><br><strong>Condiciones:<br><br><\/strong>Por favor, comprenda y acepte que no podemos realizar reembolsos por problemas t\u00e9cnicos a menos que nos permita intentar resolverlos y ayudarle adecuadamente. Si no podemos resolver el problema en 48 horas, le reembolsaremos el importe \u00edntegro. Si necesita ayuda, p\u00f3ngase en contacto con nuestro servicio de atenci\u00f3n al cliente 24 horas al d\u00eda, 7 d\u00edas a la semana.<br>Los reembolsos s\u00f3lo podr\u00e1n efectuarse dentro de las 72 horas siguientes a la fecha de compra. Transcurridas 72 horas, no se podr\u00e1 tramitar ning\u00fan reembolso.<br>Si ha pagado con tarjeta de cr\u00e9dito, los reembolsos suelen procesarse y los fondos se devuelven a la tarjeta de d\u00e9bito en la cuenta bancaria del cliente en un plazo de 3 a 7 d\u00edas laborables.<br>Sin embargo, hay casos en los que un reembolso tarda m\u00e1s en procesarse, hasta 30 d\u00edas. No somos responsables de estos plazos y retrasos. No somos el proveedor de pagos, s\u00f3lo el proveedor del servicio IPTV.<br>S\u00f3lo reembolsaremos completamente las compras que se hayan realizado en menos de 72 horas. Todas las dem\u00e1s solicitudes de reembolso se devolver\u00e1n parcialmente en funci\u00f3n del periodo utilizado de la suscripci\u00f3n. El equipo de ShadowTV se pondr\u00e1 en contacto con los usuarios en todos los casos de reembolso.<br><strong>Nota:&nbsp;<\/strong>Cada reembolso suele tardar entre 3 y 10 d\u00edas laborables en realizarse y no est\u00e1 en nuestras manos reducir este periodo. Nuestros procesadores de pagos se encargar\u00e1n de las solicitudes de reembolso. Haremos todo lo posible para reembolsar a los usuarios inmediatamente despu\u00e9s de ver la solicitud y comprobar la informaci\u00f3n del usuario.<\/p>\n\n\n\n<p>W<strong>No se efectuar\u00e1n reembolsos ni devoluciones parciales si:<\/strong><strong><br><\/strong><strong><br><\/strong><strong><br><\/strong>El cliente no estaba satisfecho\/con la oferta de canales o el rendimiento.<br>Sugerimos a todos los clientes que&nbsp;<strong>Prueba<\/strong>&nbsp;antes de comprar un paquete de 3 a 12 meses.<br><strong><br><\/strong><strong><br><\/strong><strong><br><\/strong>Le proporcionaremos nuestro mejor apoyo para configurar sus cajas, dispositivos, aplicaciones y sistema en todos los casos de solicitudes de asistencia. <br><br><br><strong>Si algunos canales se congelan, se quedan en b\u00fafer o no funcionan a veces:<\/strong><strong><br><\/strong><strong><br><\/strong><strong><br><\/strong>Aunque casi todos nuestros servidores son estables, a veces algunos canales se congelan o no funcionan debido a diversas razones, pero no es permanente. Nuestros ingenieros expertos siempre est\u00e1n trabajando para solucionarlos.<br><br><strong>La mayor\u00eda de las veces, estos problemas son temporales y est\u00e1n causados por las siguientes razones:<\/strong><\/p>\n\n\n\n<ul class=\"wp-block-list\">\n<li>Fluctuaciones de Internet de los clientes.<\/li>\n\n\n\n<li>El problema con la configuraci\u00f3n de la caja\/aplicaciones\/cliente en general.<\/li>\n\n\n\n<li>Su ISP tiene un problema.<\/li>\n\n\n\n<li>El canal no funciona en el servidor.<\/li>\n\n\n\n<li>El cliente cambi\u00f3 de opini\u00f3n y quiso retirarse\/cambiar de servidor.<\/li>\n\n\n\n<li>Actualizaci\u00f3n\/reinicio del servidor por nuestra parte (rendimiento semanal necesario).<\/li>\n<\/ul>\n\n\n\n<p>En caso de que un usuario\/cliente no pueda ver su plan de suscripci\u00f3n IPTV durante m\u00e1s de 48 horas debido a un problema con el servidor o cualquier otro problema causado por nosotros, le reembolsaremos completamente el precio del paquete o a\u00f1adiremos todo el tiempo perdido a su suscripci\u00f3n de forma gratuita + alg\u00fan bono extra que podamos negociar juntos.<br><br><strong>P\u00f3ngase en contacto con nosotros<br><\/strong>Si tiene alguna pregunta sobre nuestra pol\u00edtica de devoluciones, p\u00f3ngase en contacto con nosotros:<br><a href=\"https:\/\/tv-shadow.com\/es\/contacto\/\" title=\"\">soporte<\/a><\/p>","protected":false},"excerpt":{"rendered":"<p>If for any reason, You are not completely satisfied with a purchase We invite You to review our policy on refunds and returns. This Return and Refund Policy has been created with the help of the\u00a0https:\/\/tv-shadow.com\/\u00a0lawyer. Don\u2019t Dispute Before Asking Customer Support, You May Lost Both Money And Service. We Don\u2019t Offer Refunds If You &#8230; <a title=\"Pol\u00edtica de devoluciones y reembolsos\" class=\"read-more\" href=\"https:\/\/tv-shadow.com\/es\/refund_returns\/\" aria-label=\"Leer m\u00e1s sobre Refund and Returns Policy\">Leer m\u00e1s<\/a><\/p>","protected":false},"author":1,"featured_media":0,"parent":0,"menu_order":0,"comment_status":"closed","ping_status":"closed","template":"elementor_header_footer","meta":{"_monsterinsights_skip_tracking":false,"_monsterinsights_sitenote_active":false,"_monsterinsights_sitenote_note":"","_monsterinsights_sitenote_category":0,"footnotes":""},"class_list":["post-9","page","type-page","status-publish"],"yoast_head":"<!-- This site is optimized with the Yoast SEO Premium plugin v27.2 (Yoast SEO v27.3) - https:\/\/yoast.com\/product\/yoast-seo-premium-wordpress\/ -->\n<title>Refund and Returns Policy - ShadowTV | Best IPTV Service<\/title>\n<meta name=\"description\" content=\"If for any reason, You are not completely satisfied with a purchase, We invite You to review our Refund and Returns policy. Check Details!\" \/>\n<meta name=\"robots\" content=\"index, follow, max-snippet:-1, max-image-preview:large, max-video-preview:-1\" \/>\n<link rel=\"canonical\" href=\"https:\/\/tv-shadow.com\/es\/devoluciones_devolucion\/\" \/>\n<meta property=\"og:locale\" content=\"es_ES\" \/>\n<meta property=\"og:type\" content=\"article\" \/>\n<meta property=\"og:title\" content=\"Refund and Returns Policy\" \/>\n<meta property=\"og:description\" content=\"If for any reason, You are not completely satisfied with a purchase, We invite You to review our Refund and Returns policy. Check Details!\" \/>\n<meta property=\"og:url\" content=\"https:\/\/tv-shadow.com\/es\/devoluciones_devolucion\/\" \/>\n<meta property=\"og:site_name\" content=\"ShadowTV\" \/>\n<meta property=\"article:publisher\" content=\"https:\/\/www.facebook.com\/profile.php?id=100092204902584\" \/>\n<meta property=\"article:modified_time\" content=\"2026-03-11T03:43:04+00:00\" \/>\n<meta property=\"og:image\" content=\"https:\/\/tv-shadow.com\/wp-content\/uploads\/2023\/11\/SHADOW-LOGO.jpeg\" \/>\n\t<meta property=\"og:image:width\" content=\"640\" \/>\n\t<meta property=\"og:image:height\" content=\"640\" \/>\n\t<meta property=\"og:image:type\" content=\"image\/jpeg\" \/>\n<meta name=\"twitter:card\" content=\"summary_large_image\" \/>\n<meta name=\"twitter:label1\" content=\"Tiempo de lectura\" \/>\n\t<meta name=\"twitter:data1\" content=\"4 minutos\" \/>\n<script type=\"application\/ld+json\" class=\"yoast-schema-graph\">{\"@context\":\"https:\\\/\\\/schema.org\",\"@graph\":[{\"@type\":\"WebPage\",\"@id\":\"https:\\\/\\\/tv-shadow.com\\\/refund_returns\\\/\",\"url\":\"https:\\\/\\\/tv-shadow.com\\\/refund_returns\\\/\",\"name\":\"Refund and Returns Policy - ShadowTV | Best IPTV Service\",\"isPartOf\":{\"@id\":\"https:\\\/\\\/tv-shadow.com\\\/#website\"},\"datePublished\":\"2023-08-03T23:07:59+00:00\",\"dateModified\":\"2026-03-11T03:43:04+00:00\",\"description\":\"If for any reason, You are not completely satisfied with a purchase, We invite You to review our Refund and Returns policy. Check Details!\",\"breadcrumb\":{\"@id\":\"https:\\\/\\\/tv-shadow.com\\\/refund_returns\\\/#breadcrumb\"},\"inLanguage\":\"es\",\"potentialAction\":[{\"@type\":\"ReadAction\",\"target\":[\"https:\\\/\\\/tv-shadow.com\\\/refund_returns\\\/\"]}]},{\"@type\":\"BreadcrumbList\",\"@id\":\"https:\\\/\\\/tv-shadow.com\\\/refund_returns\\\/#breadcrumb\",\"itemListElement\":[{\"@type\":\"ListItem\",\"position\":1,\"name\":\"Home\",\"item\":\"https:\\\/\\\/tv-shadow.com\\\/en\\\/\"},{\"@type\":\"ListItem\",\"position\":2,\"name\":\"Refund and Returns Policy\"}]},{\"@type\":\"WebSite\",\"@id\":\"https:\\\/\\\/tv-shadow.com\\\/#website\",\"url\":\"https:\\\/\\\/tv-shadow.com\\\/\",\"name\":\"Shadow tv\",\"description\":\"This is the official site of SHADOW TV. SHADOW TV is the award-winning international IPTV service offering over Live TV, VOD, EPG PPV many more.\",\"publisher\":{\"@id\":\"https:\\\/\\\/tv-shadow.com\\\/#organization\"},\"alternateName\":\"shadow iptv\",\"potentialAction\":[{\"@type\":\"SearchAction\",\"target\":{\"@type\":\"EntryPoint\",\"urlTemplate\":\"https:\\\/\\\/tv-shadow.com\\\/?s={search_term_string}\"},\"query-input\":{\"@type\":\"PropertyValueSpecification\",\"valueRequired\":true,\"valueName\":\"search_term_string\"}}],\"inLanguage\":\"es\"},{\"@type\":\"Organization\",\"@id\":\"https:\\\/\\\/tv-shadow.com\\\/#organization\",\"name\":\"Shadow Tv\",\"alternateName\":\"Tv Shadow\",\"url\":\"https:\\\/\\\/tv-shadow.com\\\/\",\"logo\":{\"@type\":\"ImageObject\",\"inLanguage\":\"es\",\"@id\":\"https:\\\/\\\/tv-shadow.com\\\/#\\\/schema\\\/logo\\\/image\\\/\",\"url\":\"https:\\\/\\\/tv-shadow.com\\\/wp-content\\\/uploads\\\/2023\\\/11\\\/SHADOW-LOGO.jpeg\",\"contentUrl\":\"https:\\\/\\\/tv-shadow.com\\\/wp-content\\\/uploads\\\/2023\\\/11\\\/SHADOW-LOGO.jpeg\",\"width\":640,\"height\":640,\"caption\":\"Shadow Tv\"},\"image\":{\"@id\":\"https:\\\/\\\/tv-shadow.com\\\/#\\\/schema\\\/logo\\\/image\\\/\"},\"sameAs\":[\"https:\\\/\\\/www.facebook.com\\\/profile.php?id=100092204902584\",\"https:\\\/\\\/mastodon.social\\\/@shadowtviptv\"],\"publishingPrinciples\":\"https:\\\/\\\/tv-shadow.com\\\/terms-of-service\\\/\",\"ownershipFundingInfo\":\"https:\\\/\\\/tv-shadow.com\\\/terms-of-service\\\/\",\"actionableFeedbackPolicy\":\"https:\\\/\\\/tv-shadow.com\\\/terms-of-service\\\/\",\"correctionsPolicy\":\"https:\\\/\\\/tv-shadow.com\\\/refund_returns\\\/\",\"ethicsPolicy\":\"https:\\\/\\\/tv-shadow.com\\\/refund_returns\\\/\"}]}<\/script>\n<!-- \/ Yoast SEO Premium plugin. -->","yoast_head_json":{"title":"Pol\u00edtica de devoluciones y reembolsos - ShadowTV | Best IPTV Service","description":"Si por alguna raz\u00f3n, no est\u00e1 completamente satisfecho con una compra, le invitamos a revisar nuestra pol\u00edtica de reembolsos y devoluciones. \u00a1Compruebe los detalles!","robots":{"index":"index","follow":"follow","max-snippet":"max-snippet:-1","max-image-preview":"max-image-preview:large","max-video-preview":"max-video-preview:-1"},"canonical":"https:\/\/tv-shadow.com\/es\/devoluciones_devolucion\/","og_locale":"es_ES","og_type":"article","og_title":"Refund and Returns Policy","og_description":"If for any reason, You are not completely satisfied with a purchase, We invite You to review our Refund and Returns policy. Check Details!","og_url":"https:\/\/tv-shadow.com\/es\/devoluciones_devolucion\/","og_site_name":"ShadowTV","article_publisher":"https:\/\/www.facebook.com\/profile.php?id=100092204902584","article_modified_time":"2026-03-11T03:43:04+00:00","og_image":[{"width":640,"height":640,"url":"https:\/\/tv-shadow.com\/wp-content\/uploads\/2023\/11\/SHADOW-LOGO.jpeg","type":"image\/jpeg"}],"twitter_card":"summary_large_image","twitter_misc":{"Tiempo de lectura":"4 minutos"},"schema":{"@context":"https:\/\/schema.org","@graph":[{"@type":"WebPage","@id":"https:\/\/tv-shadow.com\/refund_returns\/","url":"https:\/\/tv-shadow.com\/refund_returns\/","name":"Pol\u00edtica de devoluciones y reembolsos - ShadowTV | Best IPTV Service","isPartOf":{"@id":"https:\/\/tv-shadow.com\/#website"},"datePublished":"2023-08-03T23:07:59+00:00","dateModified":"2026-03-11T03:43:04+00:00","description":"Si por alguna raz\u00f3n, no est\u00e1 completamente satisfecho con una compra, le invitamos a revisar nuestra pol\u00edtica de reembolsos y devoluciones. \u00a1Compruebe los detalles!","breadcrumb":{"@id":"https:\/\/tv-shadow.com\/refund_returns\/#breadcrumb"},"inLanguage":"es","potentialAction":[{"@type":"ReadAction","target":["https:\/\/tv-shadow.com\/refund_returns\/"]}]},{"@type":"BreadcrumbList","@id":"https:\/\/tv-shadow.com\/refund_returns\/#breadcrumb","itemListElement":[{"@type":"ListItem","position":1,"name":"Home","item":"https:\/\/tv-shadow.com\/en\/"},{"@type":"ListItem","position":2,"name":"Refund and Returns Policy"}]},{"@type":"WebSite","@id":"https:\/\/tv-shadow.com\/#website","url":"https:\/\/tv-shadow.com\/","name":"Sombra tv","description":"Este es el sitio oficial de SHADOW TV. SHADOW TV es el galardonado servicio internacional de IPTV que ofrece m\u00e1s de Live TV, VOD, EPG PPV muchos m\u00e1s.","publisher":{"@id":"https:\/\/tv-shadow.com\/#organization"},"alternateName":"shadow iptv","potentialAction":[{"@type":"SearchAction","target":{"@type":"EntryPoint","urlTemplate":"https:\/\/tv-shadow.com\/?s={search_term_string}"},"query-input":{"@type":"PropertyValueSpecification","valueRequired":true,"valueName":"search_term_string"}}],"inLanguage":"es"},{"@type":"Organization","@id":"https:\/\/tv-shadow.com\/#organization","name":"Sombra Tv","alternateName":"Tv Shadow","url":"https:\/\/tv-shadow.com\/","logo":{"@type":"ImageObject","inLanguage":"es","@id":"https:\/\/tv-shadow.com\/#\/schema\/logo\/image\/","url":"https:\/\/tv-shadow.com\/wp-content\/uploads\/2023\/11\/SHADOW-LOGO.jpeg","contentUrl":"https:\/\/tv-shadow.com\/wp-content\/uploads\/2023\/11\/SHADOW-LOGO.jpeg","width":640,"height":640,"caption":"Shadow Tv"},"image":{"@id":"https:\/\/tv-shadow.com\/#\/schema\/logo\/image\/"},"sameAs":["https:\/\/www.facebook.com\/profile.php?id=100092204902584","https:\/\/mastodon.social\/@shadowtviptv"],"publishingPrinciples":"https:\/\/tv-shadow.com\/terms-of-service\/","ownershipFundingInfo":"https:\/\/tv-shadow.com\/terms-of-service\/","actionableFeedbackPolicy":"https:\/\/tv-shadow.com\/terms-of-service\/","correctionsPolicy":"https:\/\/tv-shadow.com\/refund_returns\/","ethicsPolicy":"https:\/\/tv-shadow.com\/refund_returns\/"}]}},"_links":{"self":[{"href":"https:\/\/tv-shadow.com\/es\/wp-json\/wp\/v2\/pages\/9","targetHints":{"allow":["GET"]}}],"collection":[{"href":"https:\/\/tv-shadow.com\/es\/wp-json\/wp\/v2\/pages"}],"about":[{"href":"https:\/\/tv-shadow.com\/es\/wp-json\/wp\/v2\/types\/page"}],"author":[{"embeddable":true,"href":"https:\/\/tv-shadow.com\/es\/wp-json\/wp\/v2\/users\/1"}],"replies":[{"embeddable":true,"href":"https:\/\/tv-shadow.com\/es\/wp-json\/wp\/v2\/comments?post=9"}],"version-history":[{"count":9,"href":"https:\/\/tv-shadow.com\/es\/wp-json\/wp\/v2\/pages\/9\/revisions"}],"predecessor-version":[{"id":2609,"href":"https:\/\/tv-shadow.com\/es\/wp-json\/wp\/v2\/pages\/9\/revisions\/2609"}],"wp:attachment":[{"href":"https:\/\/tv-shadow.com\/es\/wp-json\/wp\/v2\/media?parent=9"}],"curies":[{"name":"wp","href":"https:\/\/api.w.org\/{rel}","templated":true}]}}