{"id":20497,"date":"2026-04-19T16:00:50","date_gmt":"2026-04-19T15:00:50","guid":{"rendered":"https:\/\/tv-shadow.com\/?post_type=product&#038;p=20497"},"modified":"2026-04-19T16:19:56","modified_gmt":"2026-04-19T15:19:56","slug":"free-trial","status":"publish","type":"product","link":"https:\/\/tv-shadow.com\/fi\/product\/free-trial\/","title":{"rendered":"Free Trial 24h"},"content":{"rendered":"<ul>\n<li>Tuhansia kanavia &amp; On-Demand -palvelut<\/li>\n<li>J\u00e4\u00e4tymisenestotekniikka<\/li>\n<li>SD \/ HD \/ FULL HD \/ 4K<\/li>\n<li>UPDATED SERIES (2026)<\/li>\n<li>UPDATED MOVIES (2026)<\/li>\n<li>Tuki 24h\/7<\/li>\n<\/ul>\n<div id=\"gtx-trans\" style=\"position: absolute; left: 36px; top: 0px;\">\n<div class=\"gtx-trans-icon\"><\/div>\n<\/div>","protected":false},"excerpt":{"rendered":"<div data-elementor-type=\"container\" data-elementor-id=\"20470\" class=\"elementor elementor-20470\" data-elementor-post-type=\"elementor_library\">\n<div class=\"elementor-element elementor-element-377539c e-flex e-con-boxed e-con e-parent\" data-id=\"377539c\" data-element_type=\"container\" data-e-type=\"container\">\n<div class=\"e-con-inner\">\n<div class=\"elementor-element elementor-element-4ee3027 elementor-icon-list--layout-traditional elementor-list-item-link-full_width elementor-widget elementor-widget-icon-list\" data-id=\"4ee3027\" data-element_type=\"widget\" data-e-type=\"widget\" data-widget_type=\"icon-list.default\">\n<div class=\"elementor-widget-container\">\n<ul class=\"elementor-icon-list-items\">\n<li class=\"elementor-icon-list-item\">\n\t\t\t\t\t\t\t\t\t\t<span class=\"elementor-icon-list-text\">\ud83d\udce1 No More Buffering<\/span>\n\t\t\t\t\t\t\t\t\t<\/li>\n<li class=\"elementor-icon-list-item\">\n\t\t\t\t\t\t\t\t\t\t<span class=\"elementor-icon-list-text\">\ud83d\udda5\ufe0f Ultra HD &amp; 4K Quality<\/span>\n\t\t\t\t\t\t\t\t\t<\/li>\n<li class=\"elementor-icon-list-item\">\n\t\t\t\t\t\t\t\t\t\t<span class=\"elementor-icon-list-text\">\ud83c\udfac All Premium Channels<\/span>\n\t\t\t\t\t\t\t\t\t<\/li>\n<li class=\"elementor-icon-list-item\">\n\t\t\t\t\t\t\t\t\t\t<span class=\"elementor-icon-list-text\">\ud83d\udd12 Safe, Secure &amp; Reliable<\/span>\n\t\t\t\t\t\t\t\t\t<\/li>\n<\/ul><\/div>\n<\/p><\/div>\n<\/p><\/div>\n<\/p><\/div>\n<\/p><\/div>","protected":false},"featured_media":20499,"template":"","meta":{"_monsterinsights_skip_tracking":false,"_monsterinsights_sitenote_active":false,"_monsterinsights_sitenote_note":"","_monsterinsights_sitenote_category":0},"product_brand":[],"product_cat":[18],"product_tag":[],"class_list":{"0":"post-20497","1":"product","2":"type-product","3":"status-publish","4":"has-post-thumbnail","6":"product_cat-premium-subscriptions","8":"first","9":"instock","10":"sale","11":"sold-individually","12":"shipping-taxable","13":"purchasable","14":"product-type-simple"},"yoast_head":"<!-- This site is optimized with the Yoast SEO Premium plugin v27.3 (Yoast SEO v27.4) - https:\/\/yoast.com\/product\/yoast-seo-premium-wordpress\/ -->\n<title>Free Trial 24h - ShadowTV<\/title>\n<meta name=\"robots\" content=\"index, follow, max-snippet:-1, max-image-preview:large, max-video-preview:-1\" \/>\n<link rel=\"canonical\" href=\"https:\/\/tv-shadow.com\/fi\/tuote\/free-trial\/\" \/>\n<meta property=\"og:locale\" content=\"fi_FI\" \/>\n<meta property=\"og:type\" content=\"article\" \/>\n<meta property=\"og:title\" content=\"Free Trial 24h\" \/>\n<meta property=\"og:url\" content=\"https:\/\/tv-shadow.com\/fi\/tuote\/free-trial\/\" \/>\n<meta property=\"og:site_name\" content=\"ShadowTV\" \/>\n<meta property=\"article:publisher\" content=\"https:\/\/www.facebook.com\/profile.php?id=100092204902584\" \/>\n<meta property=\"article:modified_time\" content=\"2026-04-19T15:19:56+00:00\" \/>\n<meta property=\"og:image\" content=\"https:\/\/tv-shadow.com\/wp-content\/uploads\/2026\/04\/825938d8-1454-4324-8263-e9c863f53ff2.png\" \/>\n\t<meta property=\"og:image:width\" content=\"1024\" \/>\n\t<meta property=\"og:image:height\" content=\"1024\" \/>\n\t<meta property=\"og:image:type\" content=\"image\/png\" \/>\n<meta name=\"twitter:card\" content=\"summary_large_image\" \/>\n<meta name=\"twitter:description\" content=\"[elementor-template id=&quot;20470&quot;]\" \/>\n<meta name=\"twitter:label1\" content=\"Arvioitu lukuaika\" \/>\n\t<meta name=\"twitter:data1\" content=\"1 minuutti\" \/>\n<script type=\"application\/ld+json\" class=\"yoast-schema-graph\">{\"@context\":\"https:\\\/\\\/schema.org\",\"@graph\":[{\"@type\":\"WebPage\",\"@id\":\"https:\\\/\\\/tv-shadow.com\\\/ca\\\/product\\\/free-trial\\\/\",\"url\":\"https:\\\/\\\/tv-shadow.com\\\/ca\\\/product\\\/free-trial\\\/\",\"name\":\"Free Trial 24h - ShadowTV\",\"isPartOf\":{\"@id\":\"https:\\\/\\\/tv-shadow.com\\\/pl\\\/#website\"},\"primaryImageOfPage\":{\"@id\":\"https:\\\/\\\/tv-shadow.com\\\/ca\\\/product\\\/free-trial\\\/#primaryimage\"},\"image\":{\"@id\":\"https:\\\/\\\/tv-shadow.com\\\/ca\\\/product\\\/free-trial\\\/#primaryimage\"},\"thumbnailUrl\":\"https:\\\/\\\/tv-shadow.com\\\/wp-content\\\/uploads\\\/2026\\\/04\\\/825938d8-1454-4324-8263-e9c863f53ff2.png\",\"datePublished\":\"2026-04-19T15:00:50+00:00\",\"dateModified\":\"2026-04-19T15:19:56+00:00\",\"breadcrumb\":{\"@id\":\"https:\\\/\\\/tv-shadow.com\\\/ca\\\/product\\\/free-trial\\\/#breadcrumb\"},\"inLanguage\":\"fi\",\"potentialAction\":[{\"@type\":\"ReadAction\",\"target\":[\"https:\\\/\\\/tv-shadow.com\\\/ca\\\/product\\\/free-trial\\\/\"]}]},{\"@type\":\"ImageObject\",\"inLanguage\":\"fi\",\"@id\":\"https:\\\/\\\/tv-shadow.com\\\/ca\\\/product\\\/free-trial\\\/#primaryimage\",\"url\":\"https:\\\/\\\/tv-shadow.com\\\/wp-content\\\/uploads\\\/2026\\\/04\\\/825938d8-1454-4324-8263-e9c863f53ff2.png\",\"contentUrl\":\"https:\\\/\\\/tv-shadow.com\\\/wp-content\\\/uploads\\\/2026\\\/04\\\/825938d8-1454-4324-8263-e9c863f53ff2.png\",\"width\":1024,\"height\":1024,\"caption\":\"Free Trial IPTV\"},{\"@type\":\"BreadcrumbList\",\"@id\":\"https:\\\/\\\/tv-shadow.com\\\/ca\\\/product\\\/free-trial\\\/#breadcrumb\",\"itemListElement\":[{\"@type\":\"ListItem\",\"position\":1,\"name\":\"Home\",\"item\":\"https:\\\/\\\/tv-shadow.com\\\/en\\\/\"},{\"@type\":\"ListItem\",\"position\":2,\"name\":\"Products\",\"item\":\"https:\\\/\\\/tv-shadow.com\\\/en_us\\\/shop\\\/\"},{\"@type\":\"ListItem\",\"position\":3,\"name\":\"Free Trial 24h\"}]},{\"@type\":\"WebSite\",\"@id\":\"https:\\\/\\\/tv-shadow.com\\\/pl\\\/#website\",\"url\":\"https:\\\/\\\/tv-shadow.com\\\/pl\\\/\",\"name\":\"Shadow tv\",\"description\":\"This is the official site of SHADOW TV. SHADOW TV is the award-winning international IPTV service offering over Live TV, VOD, EPG PPV many more.\",\"publisher\":{\"@id\":\"https:\\\/\\\/tv-shadow.com\\\/pl\\\/#organization\"},\"alternateName\":\"shadow iptv\",\"potentialAction\":[{\"@type\":\"SearchAction\",\"target\":{\"@type\":\"EntryPoint\",\"urlTemplate\":\"https:\\\/\\\/tv-shadow.com\\\/pl\\\/?s={search_term_string}\"},\"query-input\":{\"@type\":\"PropertyValueSpecification\",\"valueRequired\":true,\"valueName\":\"search_term_string\"}}],\"inLanguage\":\"fi\"},{\"@type\":\"Organization\",\"@id\":\"https:\\\/\\\/tv-shadow.com\\\/pl\\\/#organization\",\"name\":\"Shadow Tv\",\"alternateName\":\"Tv Shadow\",\"url\":\"https:\\\/\\\/tv-shadow.com\\\/pl\\\/\",\"logo\":{\"@type\":\"ImageObject\",\"inLanguage\":\"fi\",\"@id\":\"https:\\\/\\\/tv-shadow.com\\\/pl\\\/#\\\/schema\\\/logo\\\/image\\\/\",\"url\":\"http:\\\/\\\/tv-shadow.com\\\/wp-content\\\/uploads\\\/2023\\\/11\\\/SHADOW-LOGO.jpeg\",\"contentUrl\":\"http:\\\/\\\/tv-shadow.com\\\/wp-content\\\/uploads\\\/2023\\\/11\\\/SHADOW-LOGO.jpeg\",\"width\":640,\"height\":640,\"caption\":\"Shadow Tv\"},\"image\":{\"@id\":\"https:\\\/\\\/tv-shadow.com\\\/pl\\\/#\\\/schema\\\/logo\\\/image\\\/\"},\"sameAs\":[\"https:\\\/\\\/www.facebook.com\\\/profile.php?id=100092204902584\",\"https:\\\/\\\/mastodon.social\\\/@shadowtviptv\"],\"publishingPrinciples\":\"https:\\\/\\\/tv-shadow.com\\\/pl\\\/warunki-swiadczenia-uslug\\\/\",\"ownershipFundingInfo\":\"https:\\\/\\\/tv-shadow.com\\\/pl\\\/warunki-swiadczenia-uslug\\\/\",\"actionableFeedbackPolicy\":\"https:\\\/\\\/tv-shadow.com\\\/pl\\\/warunki-swiadczenia-uslug\\\/\",\"correctionsPolicy\":\"https:\\\/\\\/tv-shadow.com\\\/pl\\\/refund_returns\\\/\",\"ethicsPolicy\":\"https:\\\/\\\/tv-shadow.com\\\/pl\\\/refund_returns\\\/\"}]}<\/script>\n<!-- \/ Yoast SEO Premium plugin. -->","yoast_head_json":{"title":"Free Trial 24h - ShadowTV","robots":{"index":"index","follow":"follow","max-snippet":"max-snippet:-1","max-image-preview":"max-image-preview:large","max-video-preview":"max-video-preview:-1"},"canonical":"https:\/\/tv-shadow.com\/fi\/tuote\/free-trial\/","og_locale":"fi_FI","og_type":"article","og_title":"Free Trial 24h","og_url":"https:\/\/tv-shadow.com\/fi\/tuote\/free-trial\/","og_site_name":"ShadowTV","article_publisher":"https:\/\/www.facebook.com\/profile.php?id=100092204902584","article_modified_time":"2026-04-19T15:19:56+00:00","og_image":[{"width":1024,"height":1024,"url":"https:\/\/tv-shadow.com\/wp-content\/uploads\/2026\/04\/825938d8-1454-4324-8263-e9c863f53ff2.png","type":"image\/png"}],"twitter_card":"summary_large_image","twitter_description":"[elementor-template id=\"20470\"]","twitter_misc":{"Arvioitu lukuaika":"1 minuutti"},"schema":{"@context":"https:\/\/schema.org","@graph":[{"@type":"WebPage","@id":"https:\/\/tv-shadow.com\/ca\/product\/free-trial\/","url":"https:\/\/tv-shadow.com\/ca\/product\/free-trial\/","name":"Free Trial 24h - ShadowTV","isPartOf":{"@id":"https:\/\/tv-shadow.com\/pl\/#website"},"primaryImageOfPage":{"@id":"https:\/\/tv-shadow.com\/ca\/product\/free-trial\/#primaryimage"},"image":{"@id":"https:\/\/tv-shadow.com\/ca\/product\/free-trial\/#primaryimage"},"thumbnailUrl":"https:\/\/tv-shadow.com\/wp-content\/uploads\/2026\/04\/825938d8-1454-4324-8263-e9c863f53ff2.png","datePublished":"2026-04-19T15:00:50+00:00","dateModified":"2026-04-19T15:19:56+00:00","breadcrumb":{"@id":"https:\/\/tv-shadow.com\/ca\/product\/free-trial\/#breadcrumb"},"inLanguage":"fi","potentialAction":[{"@type":"ReadAction","target":["https:\/\/tv-shadow.com\/ca\/product\/free-trial\/"]}]},{"@type":"ImageObject","inLanguage":"fi","@id":"https:\/\/tv-shadow.com\/ca\/product\/free-trial\/#primaryimage","url":"https:\/\/tv-shadow.com\/wp-content\/uploads\/2026\/04\/825938d8-1454-4324-8263-e9c863f53ff2.png","contentUrl":"https:\/\/tv-shadow.com\/wp-content\/uploads\/2026\/04\/825938d8-1454-4324-8263-e9c863f53ff2.png","width":1024,"height":1024,"caption":"Free Trial IPTV"},{"@type":"BreadcrumbList","@id":"https:\/\/tv-shadow.com\/ca\/product\/free-trial\/#breadcrumb","itemListElement":[{"@type":"ListItem","position":1,"name":"Home","item":"https:\/\/tv-shadow.com\/en\/"},{"@type":"ListItem","position":2,"name":"Products","item":"https:\/\/tv-shadow.com\/en_us\/shop\/"},{"@type":"ListItem","position":3,"name":"Free Trial 24h"}]},{"@type":"WebSite","@id":"https:\/\/tv-shadow.com\/pl\/#website","url":"https:\/\/tv-shadow.com\/pl\/","name":"Varjo-tv","description":"T\u00e4m\u00e4 on SHADOW TV:n virallinen sivusto. SHADOW TV on palkittu kansainv\u00e4linen IPTV-palvelu, joka tarjoaa yli Live TV, VOD, EPG PPV ja paljon muuta.","publisher":{"@id":"https:\/\/tv-shadow.com\/pl\/#organization"},"alternateName":"shadow iptv","potentialAction":[{"@type":"SearchAction","target":{"@type":"EntryPoint","urlTemplate":"https:\/\/tv-shadow.com\/pl\/?s={search_term_string}"},"query-input":{"@type":"PropertyValueSpecification","valueRequired":true,"valueName":"search_term_string"}}],"inLanguage":"fi"},{"@type":"Organization","@id":"https:\/\/tv-shadow.com\/pl\/#organization","name":"Varjo Tv","alternateName":"Tv Shadow","url":"https:\/\/tv-shadow.com\/pl\/","logo":{"@type":"ImageObject","inLanguage":"fi","@id":"https:\/\/tv-shadow.com\/pl\/#\/schema\/logo\/image\/","url":"http:\/\/tv-shadow.com\/wp-content\/uploads\/2023\/11\/SHADOW-LOGO.jpeg","contentUrl":"http:\/\/tv-shadow.com\/wp-content\/uploads\/2023\/11\/SHADOW-LOGO.jpeg","width":640,"height":640,"caption":"Shadow Tv"},"image":{"@id":"https:\/\/tv-shadow.com\/pl\/#\/schema\/logo\/image\/"},"sameAs":["https:\/\/www.facebook.com\/profile.php?id=100092204902584","https:\/\/mastodon.social\/@shadowtviptv"],"publishingPrinciples":"https:\/\/tv-shadow.com\/pl\/warunki-swiadczenia-uslug\/","ownershipFundingInfo":"https:\/\/tv-shadow.com\/pl\/warunki-swiadczenia-uslug\/","actionableFeedbackPolicy":"https:\/\/tv-shadow.com\/pl\/warunki-swiadczenia-uslug\/","correctionsPolicy":"https:\/\/tv-shadow.com\/pl\/refund_returns\/","ethicsPolicy":"https:\/\/tv-shadow.com\/pl\/refund_returns\/"}]}},"_links":{"self":[{"href":"https:\/\/tv-shadow.com\/fi\/wp-json\/wp\/v2\/product\/20497","targetHints":{"allow":["GET"]}}],"collection":[{"href":"https:\/\/tv-shadow.com\/fi\/wp-json\/wp\/v2\/product"}],"about":[{"href":"https:\/\/tv-shadow.com\/fi\/wp-json\/wp\/v2\/types\/product"}],"wp:featuredmedia":[{"embeddable":true,"href":"https:\/\/tv-shadow.com\/fi\/wp-json\/wp\/v2\/media\/20499"}],"wp:attachment":[{"href":"https:\/\/tv-shadow.com\/fi\/wp-json\/wp\/v2\/media?parent=20497"}],"wp:term":[{"taxonomy":"product_brand","embeddable":true,"href":"https:\/\/tv-shadow.com\/fi\/wp-json\/wp\/v2\/product_brand?post=20497"},{"taxonomy":"product_cat","embeddable":true,"href":"https:\/\/tv-shadow.com\/fi\/wp-json\/wp\/v2\/product_cat?post=20497"},{"taxonomy":"product_tag","embeddable":true,"href":"https:\/\/tv-shadow.com\/fi\/wp-json\/wp\/v2\/product_tag?post=20497"}],"curies":[{"name":"wp","href":"https:\/\/api.w.org\/{rel}","templated":true}]}}