{"id":1891,"date":"2023-11-07T21:49:18","date_gmt":"2023-11-07T21:49:18","guid":{"rendered":"https:\/\/tv-shadow.com\/?page_id=1891"},"modified":"2026-03-05T08:07:17","modified_gmt":"2026-03-05T08:07:17","slug":"buy-iptv-best-box-for-iptv","status":"publish","type":"page","link":"https:\/\/tv-shadow.com\/fr\/buy-iptv-best-box-for-iptv\/","title":{"rendered":"Acheter IPTV : quelle est la meilleure box pour IPTV ?"},"content":{"rendered":"<div data-elementor-type=\"wp-page\" data-elementor-id=\"1891\" class=\"elementor elementor-1891\" data-elementor-post-type=\"page\">\n\t\t\t\t\t\t<section class=\"elementor-section elementor-top-section elementor-element elementor-element-a33b9ad elementor-section-boxed elementor-section-height-default elementor-section-height-default\" data-id=\"a33b9ad\" data-element_type=\"section\" data-e-type=\"section\">\n\t\t\t\t\t\t<div class=\"elementor-container elementor-column-gap-default\">\n\t\t\t\t\t<div class=\"elementor-column elementor-col-100 elementor-top-column elementor-element elementor-element-6d8fa21\" data-id=\"6d8fa21\" data-element_type=\"column\" data-e-type=\"column\">\n\t\t\t<div class=\"elementor-widget-wrap elementor-element-populated\">\n\t\t\t\t\t\t<div class=\"elementor-element elementor-element-42506d0 elementor-widget elementor-widget-text-editor\" data-id=\"42506d0\" data-element_type=\"widget\" data-e-type=\"widget\" data-widget_type=\"text-editor.default\">\n\t\t\t\t<div class=\"elementor-widget-container\">\n\t\t\t\t\t\t\t\t\t<p><b>Aujourd'hui, il n'est plus possible d'ignorer la TVIP. <a href=\"http:\/\/tv-shadow.com\/fr\/\">IPTV<\/a> est l'abr\u00e9viation de \"Internet Protocol Television\", qui d\u00e9signe la technologie permettant de recevoir la t\u00e9l\u00e9vision via une connexion internet. Cela pr\u00e9sente un certain nombre d'avantages :\u00a0<\/b><\/p><p><b>- Une connexion IPTV est rapide et stable. Surtout si on la compare \u00e0 une connexion par satellite ou par c\u00e2ble. La qualit\u00e9 de l'image en b\u00e9n\u00e9ficie \u00e9galement.\u00a0<\/b><\/p><p><b>- Avec l'IPTV, vous pouvez recevoir un nombre illimit\u00e9 de cha\u00eenes. Contrairement, par exemple, \u00e0 une connexion par c\u00e2ble, o\u00f9 le nombre de cha\u00eenes est limit\u00e9 par l'abonnement que vous avez souscrit.\u00a0<\/b><\/p><p><b>- <a href=\"http:\/\/tv-shadow.com\/fr\/\">IPTV<\/a> est facile \u00e0 installer. Pour l'installer, il suffit de disposer d'un abonnement IPTV et d'une box pour recevoir le signal.\u00a0<\/b><\/p><p><b>- Les bo\u00eetiers IPTV connect\u00e9s au r\u00e9seau Android peuvent t\u00e9l\u00e9charger des applications. Il faut alors penser \u00e0 des applications telles que YouTube, HBO ou Netflix, afin de pouvoir regarder la s\u00e9rie ou le film que l'on souhaite en quelques instants.<\/b><\/p>\t\t\t\t\t\t\t\t<\/div>\n\t\t\t\t<\/div>\n\t\t\t\t<div class=\"elementor-element elementor-element-b63d754 elementor-widget elementor-widget-image\" data-id=\"b63d754\" data-element_type=\"widget\" data-e-type=\"widget\" data-widget_type=\"image.default\">\n\t\t\t\t<div class=\"elementor-widget-container\">\n\t\t\t\t\t\t\t\t\t\t\t\t\t\t\t<img fetchpriority=\"high\" decoding=\"async\" width=\"542\" height=\"460\" src=\"https:\/\/tv-shadow.com\/wp-content\/uploads\/2023\/12\/best-box-for-iptv.png\" class=\"attachment-large size-large wp-image-2387\" alt=\"T\u00e9l\u00e9vision par protocole Internet (IPTV)\" srcset=\"https:\/\/tv-shadow.com\/wp-content\/uploads\/2023\/12\/best-box-for-iptv.png 542w, https:\/\/tv-shadow.com\/wp-content\/uploads\/2023\/12\/best-box-for-iptv-300x255.png 300w\" sizes=\"(max-width: 542px) 100vw, 542px\" \/>\t\t\t\t\t\t\t\t\t\t\t\t\t\t\t<\/div>\n\t\t\t\t<\/div>\n\t\t\t\t<div class=\"elementor-element elementor-element-ac99789 elementor-widget elementor-widget-text-editor\" data-id=\"ac99789\" data-element_type=\"widget\" data-e-type=\"widget\" data-widget_type=\"text-editor.default\">\n\t\t\t\t<div class=\"elementor-widget-container\">\n\t\t\t\t\t\t\t\t\t<p>Meilleurs r\u00e9cepteurs IPTV<\/p>\t\t\t\t\t\t\t\t<\/div>\n\t\t\t\t<\/div>\n\t\t\t\t\t<\/div>\n\t\t<\/div>\n\t\t\t\t\t<\/div>\n\t\t<\/section>\n\t\t\t\t<section class=\"elementor-section elementor-top-section elementor-element elementor-element-879c7e5 elementor-section-boxed elementor-section-height-default elementor-section-height-default\" data-id=\"879c7e5\" data-element_type=\"section\" data-e-type=\"section\">\n\t\t\t\t\t\t<div class=\"elementor-container elementor-column-gap-default\">\n\t\t\t\t\t<div class=\"elementor-column elementor-col-100 elementor-top-column elementor-element elementor-element-9d90079\" data-id=\"9d90079\" data-element_type=\"column\" data-e-type=\"column\">\n\t\t\t<div class=\"elementor-widget-wrap elementor-element-populated\">\n\t\t\t\t\t\t<div class=\"elementor-element elementor-element-d01f2d9 elementor-widget elementor-widget-text-editor\" data-id=\"d01f2d9\" data-element_type=\"widget\" data-e-type=\"widget\" data-widget_type=\"text-editor.default\">\n\t\t\t\t<div class=\"elementor-widget-container\">\n\t\t\t\t\t\t\t\t\t<p><b>Vous ne serez pas surpris d'apprendre qu'il existe plusieurs options lors de l'achat d'un d\u00e9codeur IPTV et de l'abonnement \u00e0 la t\u00e9l\u00e9vision par protocole Internet qui y est associ\u00e9. Voici nos 5 meilleures options :<\/b><\/p><p><b>\u00a0<\/b><\/p><p><b>- Formular Z10 Pro Max : le Formular Z10 Pro Max est \u00e9galement consid\u00e9r\u00e9 comme le r\u00e9cepteur de t\u00e9l\u00e9vision par protocole Internet le plus puissant. Il utilise un port USB 3.0, un port LAN 1 Gbit (100 MB\/s), un WiFi Dual-Band (2.4 et 5 Ghz) et dispose d'une m\u00e9moire vive de 4 GB. Il est possible d'\u00e9tendre la m\u00e9moire interne de l'appareil, car il y a de la place pour une carte SD.<\/b><\/p><p><b>- Octagon Sx889 Full HD fast zapper : le puissant processeur de l'Octagon Sx889 Full HD fast zapper est particuli\u00e8rement remarquable. Ce processeur, connu de Huawei, permet \u00e0 l'appareil d'offrir une qualit\u00e9 d'image optimale. Le processeur garantit \u00e9galement que le zapping est tr\u00e8s rapide, ce qui offre bien s\u00fbr une exp\u00e9rience agr\u00e9able \u00e0 l'utilisateur.<\/b><\/p><p><b>- D\u00e9codeur TVIP V.605 pour la t\u00e9l\u00e9vision \u00e0 protocole Internet : Le d\u00e9codeur TvIP V.605 IPTV peut \u00e9galement \u00eatre consid\u00e9r\u00e9 comme le r\u00e9cepteur polyvalent de la t\u00e9l\u00e9vision par protocole Internet. S'il n'est pas le meilleur dans un domaine, il est au-dessus de la moyenne dans tous les autres. Cet appareil vous permet de regarder la t\u00e9l\u00e9vision d'une mani\u00e8re simple mais moderne.<\/b><\/p><p><b>- Formular GTC Android 10 IPTV Set Top Box : Le d\u00e9codeur Formular GTC Android 10 IPTV est livr\u00e9 avec une t\u00e9l\u00e9commande conviviale dot\u00e9e d'un microphone. Ce microphone fonctionne de la m\u00eame mani\u00e8re que Siri sur l'iPhone. Dites simplement ce que vous voulez voir et vous verrez le r\u00e9sultat souhait\u00e9 appara\u00eetre \u00e0 l'\u00e9cran en quelques instants. L'appareil utilise le puissant processeur Amlogic S906X2, ce qui permet au r\u00e9cepteur IPTV d'offrir une excellente qualit\u00e9 d'image et une grande vitesse de zapping.<\/b><\/p><p><b>- Formular Z10 SE : la convivialit\u00e9 de l'appareil <a href=\"https:\/\/www.formuler.com\/formuler-z10-se.html\">Forumuler Z10 SE<\/a> est particuli\u00e8rement appr\u00e9ci\u00e9e. En outre, l'appareil est connu pour son processeur puissant, sa m\u00e9moire vive rapide et sa qualit\u00e9 d'image \u00e9lev\u00e9e.<\/b><\/p><p><b>Voulez-vous essayer <a href=\"http:\/\/tv-shadow.com\/fr\/\">IPTV<\/a> gratuitement pour voir s'il vous convient ? Ce qui est possible ! Questions \/ commentaires ? Veuillez contacter le service client\u00e8le.<\/b><\/p>\t\t\t\t\t\t\t\t<\/div>\n\t\t\t\t<\/div>\n\t\t\t\t\t<\/div>\n\t\t<\/div>\n\t\t\t\t\t<\/div>\n\t\t<\/section>\n\t\t\t\t<\/div>","protected":false},"excerpt":{"rendered":"<p>Nowadays you can no longer ignore IPTV. IPTV stands for \u201cInternet Protocol Television\u201d, which refers to the technology that makes it possible to receive television via an internet connection. This brings a number of advantages:\u00a0 \u2022\u00a0 An IPTV connection is fast and stable. Especially if you compare it with a satellite or cable connection. This &#8230; <a title=\"Acheter IPTV : quelle est la meilleure box pour IPTV ?\" class=\"read-more\" href=\"https:\/\/tv-shadow.com\/fr\/buy-iptv-best-box-for-iptv\/\" aria-label=\"En savoir plus sur Buy IPTV: what is the best box for IPTV?\">Lire la suite<\/a><\/p>","protected":false},"author":1,"featured_media":0,"parent":0,"menu_order":0,"comment_status":"closed","ping_status":"closed","template":"","meta":{"_monsterinsights_skip_tracking":false,"_monsterinsights_sitenote_active":false,"_monsterinsights_sitenote_note":"","_monsterinsights_sitenote_category":0,"footnotes":""},"class_list":["post-1891","page","type-page","status-publish"],"yoast_head":"<!-- This site is optimized with the Yoast SEO Premium plugin v27.3 (Yoast SEO v27.4) - https:\/\/yoast.com\/product\/yoast-seo-premium-wordpress\/ -->\n<title>Buy IPTV: what is the best box for IPTV? - ShadowTV<\/title>\n<meta name=\"description\" content=\"Watch all your favorite channels, movies, series in one platform, working on all devices. Checkout here How to buy Best Box for IPTV.\" \/>\n<meta name=\"robots\" content=\"index, follow, max-snippet:-1, max-image-preview:large, max-video-preview:-1\" \/>\n<link rel=\"canonical\" href=\"https:\/\/tv-shadow.com\/fr\/buy-iptv-best-box-for-iptv\/\" \/>\n<meta property=\"og:locale\" content=\"fr_FR\" \/>\n<meta property=\"og:type\" content=\"article\" \/>\n<meta property=\"og:title\" content=\"Buy IPTV: what is the best box for IPTV?\" \/>\n<meta property=\"og:description\" content=\"Watch all your favorite channels, movies, series in one platform, working on all devices. Checkout here How to buy Best Box for IPTV.\" \/>\n<meta property=\"og:url\" content=\"https:\/\/tv-shadow.com\/fr\/buy-iptv-best-box-for-iptv\/\" \/>\n<meta property=\"og:site_name\" content=\"ShadowTV\" \/>\n<meta property=\"article:publisher\" content=\"https:\/\/www.facebook.com\/profile.php?id=100092204902584\" \/>\n<meta property=\"article:modified_time\" content=\"2026-03-05T08:07:17+00:00\" \/>\n<meta property=\"og:image\" content=\"https:\/\/tv-shadow.com\/wp-content\/uploads\/2023\/12\/best-box-for-iptv.png\" \/>\n<meta name=\"twitter:card\" content=\"summary_large_image\" \/>\n<meta name=\"twitter:label1\" content=\"Dur\u00e9e de lecture estim\u00e9e\" \/>\n\t<meta name=\"twitter:data1\" content=\"3 minutes\" \/>\n<script type=\"application\/ld+json\" class=\"yoast-schema-graph\">{\"@context\":\"https:\\\/\\\/schema.org\",\"@graph\":[{\"@type\":\"WebPage\",\"@id\":\"https:\\\/\\\/tv-shadow.com\\\/buy-iptv-best-box-for-iptv\\\/\",\"url\":\"https:\\\/\\\/tv-shadow.com\\\/buy-iptv-best-box-for-iptv\\\/\",\"name\":\"Buy IPTV: what is the best box for IPTV? - ShadowTV\",\"isPartOf\":{\"@id\":\"https:\\\/\\\/tv-shadow.com\\\/#website\"},\"primaryImageOfPage\":{\"@id\":\"https:\\\/\\\/tv-shadow.com\\\/buy-iptv-best-box-for-iptv\\\/#primaryimage\"},\"image\":{\"@id\":\"https:\\\/\\\/tv-shadow.com\\\/buy-iptv-best-box-for-iptv\\\/#primaryimage\"},\"thumbnailUrl\":\"https:\\\/\\\/tv-shadow.com\\\/wp-content\\\/uploads\\\/2023\\\/12\\\/best-box-for-iptv.png\",\"datePublished\":\"2023-11-07T21:49:18+00:00\",\"dateModified\":\"2026-03-05T08:07:17+00:00\",\"description\":\"Watch all your favorite channels, movies, series in one platform, working on all devices. Checkout here How to buy Best Box for IPTV.\",\"breadcrumb\":{\"@id\":\"https:\\\/\\\/tv-shadow.com\\\/buy-iptv-best-box-for-iptv\\\/#breadcrumb\"},\"inLanguage\":\"fr-FR\",\"potentialAction\":[{\"@type\":\"ReadAction\",\"target\":[\"https:\\\/\\\/tv-shadow.com\\\/buy-iptv-best-box-for-iptv\\\/\"]}]},{\"@type\":\"ImageObject\",\"inLanguage\":\"fr-FR\",\"@id\":\"https:\\\/\\\/tv-shadow.com\\\/buy-iptv-best-box-for-iptv\\\/#primaryimage\",\"url\":\"https:\\\/\\\/tv-shadow.com\\\/wp-content\\\/uploads\\\/2023\\\/12\\\/best-box-for-iptv.png\",\"contentUrl\":\"https:\\\/\\\/tv-shadow.com\\\/wp-content\\\/uploads\\\/2023\\\/12\\\/best-box-for-iptv.png\"},{\"@type\":\"BreadcrumbList\",\"@id\":\"https:\\\/\\\/tv-shadow.com\\\/buy-iptv-best-box-for-iptv\\\/#breadcrumb\",\"itemListElement\":[{\"@type\":\"ListItem\",\"position\":1,\"name\":\"Home\",\"item\":\"https:\\\/\\\/tv-shadow.com\\\/en\\\/\"},{\"@type\":\"ListItem\",\"position\":2,\"name\":\"Buy IPTV: what is the best box for IPTV?\"}]},{\"@type\":\"WebSite\",\"@id\":\"https:\\\/\\\/tv-shadow.com\\\/#website\",\"url\":\"https:\\\/\\\/tv-shadow.com\\\/\",\"name\":\"Shadow tv\",\"description\":\"This is the official site of SHADOW TV. SHADOW TV is the award-winning international IPTV service offering over Live TV, VOD, EPG PPV many more.\",\"publisher\":{\"@id\":\"https:\\\/\\\/tv-shadow.com\\\/#organization\"},\"alternateName\":\"shadow iptv\",\"potentialAction\":[{\"@type\":\"SearchAction\",\"target\":{\"@type\":\"EntryPoint\",\"urlTemplate\":\"https:\\\/\\\/tv-shadow.com\\\/?s={search_term_string}\"},\"query-input\":{\"@type\":\"PropertyValueSpecification\",\"valueRequired\":true,\"valueName\":\"search_term_string\"}}],\"inLanguage\":\"fr-FR\"},{\"@type\":\"Organization\",\"@id\":\"https:\\\/\\\/tv-shadow.com\\\/#organization\",\"name\":\"Shadow Tv\",\"alternateName\":\"Tv Shadow\",\"url\":\"https:\\\/\\\/tv-shadow.com\\\/\",\"logo\":{\"@type\":\"ImageObject\",\"inLanguage\":\"fr-FR\",\"@id\":\"https:\\\/\\\/tv-shadow.com\\\/#\\\/schema\\\/logo\\\/image\\\/\",\"url\":\"https:\\\/\\\/tv-shadow.com\\\/wp-content\\\/uploads\\\/2023\\\/11\\\/SHADOW-LOGO.jpeg\",\"contentUrl\":\"https:\\\/\\\/tv-shadow.com\\\/wp-content\\\/uploads\\\/2023\\\/11\\\/SHADOW-LOGO.jpeg\",\"width\":640,\"height\":640,\"caption\":\"Shadow Tv\"},\"image\":{\"@id\":\"https:\\\/\\\/tv-shadow.com\\\/#\\\/schema\\\/logo\\\/image\\\/\"},\"sameAs\":[\"https:\\\/\\\/www.facebook.com\\\/profile.php?id=100092204902584\",\"https:\\\/\\\/mastodon.social\\\/@shadowtviptv\"],\"publishingPrinciples\":\"https:\\\/\\\/tv-shadow.com\\\/terms-of-service\\\/\",\"ownershipFundingInfo\":\"https:\\\/\\\/tv-shadow.com\\\/terms-of-service\\\/\",\"actionableFeedbackPolicy\":\"https:\\\/\\\/tv-shadow.com\\\/terms-of-service\\\/\",\"correctionsPolicy\":\"https:\\\/\\\/tv-shadow.com\\\/refund_returns\\\/\",\"ethicsPolicy\":\"https:\\\/\\\/tv-shadow.com\\\/refund_returns\\\/\"}]}<\/script>\n<!-- \/ Yoast SEO Premium plugin. -->","yoast_head_json":{"title":"Acheter IPTV : quelle est la meilleure box pour IPTV ? - ShadowTV","description":"Regardez toutes vos cha\u00eenes, films et s\u00e9ries pr\u00e9f\u00e9r\u00e9s sur une seule plateforme, fonctionnant sur tous les appareils. Voir ici Comment acheter la meilleure box pour IPTV.","robots":{"index":"index","follow":"follow","max-snippet":"max-snippet:-1","max-image-preview":"max-image-preview:large","max-video-preview":"max-video-preview:-1"},"canonical":"https:\/\/tv-shadow.com\/fr\/buy-iptv-best-box-for-iptv\/","og_locale":"fr_FR","og_type":"article","og_title":"Buy IPTV: what is the best box for IPTV?","og_description":"Watch all your favorite channels, movies, series in one platform, working on all devices. Checkout here How to buy Best Box for IPTV.","og_url":"https:\/\/tv-shadow.com\/fr\/buy-iptv-best-box-for-iptv\/","og_site_name":"ShadowTV","article_publisher":"https:\/\/www.facebook.com\/profile.php?id=100092204902584","article_modified_time":"2026-03-05T08:07:17+00:00","og_image":[{"url":"https:\/\/tv-shadow.com\/wp-content\/uploads\/2023\/12\/best-box-for-iptv.png","type":"","width":"","height":""}],"twitter_card":"summary_large_image","twitter_misc":{"Dur\u00e9e de lecture estim\u00e9e":"3 minutes"},"schema":{"@context":"https:\/\/schema.org","@graph":[{"@type":"WebPage","@id":"https:\/\/tv-shadow.com\/buy-iptv-best-box-for-iptv\/","url":"https:\/\/tv-shadow.com\/buy-iptv-best-box-for-iptv\/","name":"Acheter IPTV : quelle est la meilleure box pour IPTV ? - ShadowTV","isPartOf":{"@id":"https:\/\/tv-shadow.com\/#website"},"primaryImageOfPage":{"@id":"https:\/\/tv-shadow.com\/buy-iptv-best-box-for-iptv\/#primaryimage"},"image":{"@id":"https:\/\/tv-shadow.com\/buy-iptv-best-box-for-iptv\/#primaryimage"},"thumbnailUrl":"https:\/\/tv-shadow.com\/wp-content\/uploads\/2023\/12\/best-box-for-iptv.png","datePublished":"2023-11-07T21:49:18+00:00","dateModified":"2026-03-05T08:07:17+00:00","description":"Regardez toutes vos cha\u00eenes, films et s\u00e9ries pr\u00e9f\u00e9r\u00e9s sur une seule plateforme, fonctionnant sur tous les appareils. Voir ici Comment acheter la meilleure box pour IPTV.","breadcrumb":{"@id":"https:\/\/tv-shadow.com\/buy-iptv-best-box-for-iptv\/#breadcrumb"},"inLanguage":"fr-FR","potentialAction":[{"@type":"ReadAction","target":["https:\/\/tv-shadow.com\/buy-iptv-best-box-for-iptv\/"]}]},{"@type":"ImageObject","inLanguage":"fr-FR","@id":"https:\/\/tv-shadow.com\/buy-iptv-best-box-for-iptv\/#primaryimage","url":"https:\/\/tv-shadow.com\/wp-content\/uploads\/2023\/12\/best-box-for-iptv.png","contentUrl":"https:\/\/tv-shadow.com\/wp-content\/uploads\/2023\/12\/best-box-for-iptv.png"},{"@type":"BreadcrumbList","@id":"https:\/\/tv-shadow.com\/buy-iptv-best-box-for-iptv\/#breadcrumb","itemListElement":[{"@type":"ListItem","position":1,"name":"Home","item":"https:\/\/tv-shadow.com\/en\/"},{"@type":"ListItem","position":2,"name":"Buy IPTV: what is the best box for IPTV?"}]},{"@type":"WebSite","@id":"https:\/\/tv-shadow.com\/#website","url":"https:\/\/tv-shadow.com\/","name":"T\u00e9l\u00e9vision de l'ombre","description":"Ceci est le site officiel de SHADOW TV. SHADOW TV est le service IPTV international prim\u00e9 qui offre la t\u00e9l\u00e9vision en direct, la vid\u00e9o \u00e0 la demande, l'EPG, le PPV et bien d'autres choses encore.","publisher":{"@id":"https:\/\/tv-shadow.com\/#organization"},"alternateName":"shadow iptv","potentialAction":[{"@type":"SearchAction","target":{"@type":"EntryPoint","urlTemplate":"https:\/\/tv-shadow.com\/?s={search_term_string}"},"query-input":{"@type":"PropertyValueSpecification","valueRequired":true,"valueName":"search_term_string"}}],"inLanguage":"fr-FR"},{"@type":"Organization","@id":"https:\/\/tv-shadow.com\/#organization","name":"Shadow Tv","alternateName":"Tv Shadow","url":"https:\/\/tv-shadow.com\/","logo":{"@type":"ImageObject","inLanguage":"fr-FR","@id":"https:\/\/tv-shadow.com\/#\/schema\/logo\/image\/","url":"https:\/\/tv-shadow.com\/wp-content\/uploads\/2023\/11\/SHADOW-LOGO.jpeg","contentUrl":"https:\/\/tv-shadow.com\/wp-content\/uploads\/2023\/11\/SHADOW-LOGO.jpeg","width":640,"height":640,"caption":"Shadow Tv"},"image":{"@id":"https:\/\/tv-shadow.com\/#\/schema\/logo\/image\/"},"sameAs":["https:\/\/www.facebook.com\/profile.php?id=100092204902584","https:\/\/mastodon.social\/@shadowtviptv"],"publishingPrinciples":"https:\/\/tv-shadow.com\/terms-of-service\/","ownershipFundingInfo":"https:\/\/tv-shadow.com\/terms-of-service\/","actionableFeedbackPolicy":"https:\/\/tv-shadow.com\/terms-of-service\/","correctionsPolicy":"https:\/\/tv-shadow.com\/refund_returns\/","ethicsPolicy":"https:\/\/tv-shadow.com\/refund_returns\/"}]}},"_links":{"self":[{"href":"https:\/\/tv-shadow.com\/fr\/wp-json\/wp\/v2\/pages\/1891","targetHints":{"allow":["GET"]}}],"collection":[{"href":"https:\/\/tv-shadow.com\/fr\/wp-json\/wp\/v2\/pages"}],"about":[{"href":"https:\/\/tv-shadow.com\/fr\/wp-json\/wp\/v2\/types\/page"}],"author":[{"embeddable":true,"href":"https:\/\/tv-shadow.com\/fr\/wp-json\/wp\/v2\/users\/1"}],"replies":[{"embeddable":true,"href":"https:\/\/tv-shadow.com\/fr\/wp-json\/wp\/v2\/comments?post=1891"}],"version-history":[{"count":26,"href":"https:\/\/tv-shadow.com\/fr\/wp-json\/wp\/v2\/pages\/1891\/revisions"}],"predecessor-version":[{"id":3420,"href":"https:\/\/tv-shadow.com\/fr\/wp-json\/wp\/v2\/pages\/1891\/revisions\/3420"}],"wp:attachment":[{"href":"https:\/\/tv-shadow.com\/fr\/wp-json\/wp\/v2\/media?parent=1891"}],"curies":[{"name":"wp","href":"https:\/\/api.w.org\/{rel}","templated":true}]}}