{"id":1939,"date":"2023-11-08T19:18:02","date_gmt":"2023-11-08T19:18:02","guid":{"rendered":"https:\/\/tv-shadow.com\/?page_id=1939"},"modified":"2024-01-13T11:09:18","modified_gmt":"2024-01-13T11:09:18","slug":"comment-installer-iptv-sur-son-propre-televiseur","status":"publish","type":"page","link":"https:\/\/tv-shadow.com\/fr\/how-do-you-install-iptv-on-your-own-television\/","title":{"rendered":"Comment installer l'IPTV sur son propre t\u00e9l\u00e9viseur ?"},"content":{"rendered":"<div data-elementor-type=\"wp-page\" data-elementor-id=\"1939\" class=\"elementor elementor-1939\" data-elementor-post-type=\"page\">\n\t\t\t\t\t\t<section class=\"elementor-section elementor-top-section elementor-element elementor-element-b1aaedc elementor-section-boxed elementor-section-height-default elementor-section-height-default\" data-id=\"b1aaedc\" data-element_type=\"section\" data-e-type=\"section\">\n\t\t\t\t\t\t<div class=\"elementor-container elementor-column-gap-default\">\n\t\t\t\t\t<div class=\"elementor-column elementor-col-100 elementor-top-column elementor-element elementor-element-6c02130\" data-id=\"6c02130\" data-element_type=\"column\" data-e-type=\"column\">\n\t\t\t<div class=\"elementor-widget-wrap elementor-element-populated\">\n\t\t\t\t\t\t<div class=\"elementor-element elementor-element-f87b5a0 elementor-widget elementor-widget-image\" data-id=\"f87b5a0\" data-element_type=\"widget\" data-e-type=\"widget\" data-widget_type=\"image.default\">\n\t\t\t\t<div class=\"elementor-widget-container\">\n\t\t\t\t\t\t\t\t\t\t\t\t\t\t\t<img fetchpriority=\"high\" decoding=\"async\" width=\"1024\" height=\"576\" src=\"https:\/\/tv-shadow.com\/wp-content\/uploads\/2023\/12\/iptv-smarters-pro-1024x576.webp\" class=\"attachment-large size-large wp-image-2399\" alt=\"Comment installer IPTV\" srcset=\"https:\/\/tv-shadow.com\/wp-content\/uploads\/2023\/12\/iptv-smarters-pro-1024x576.webp 1024w, https:\/\/tv-shadow.com\/wp-content\/uploads\/2023\/12\/iptv-smarters-pro-300x169.webp 300w, https:\/\/tv-shadow.com\/wp-content\/uploads\/2023\/12\/iptv-smarters-pro-768x432.webp 768w, https:\/\/tv-shadow.com\/wp-content\/uploads\/2023\/12\/iptv-smarters-pro-600x337.webp 600w, https:\/\/tv-shadow.com\/wp-content\/uploads\/2023\/12\/iptv-smarters-pro.webp 1533w\" sizes=\"(max-width: 1024px) 100vw, 1024px\" \/>\t\t\t\t\t\t\t\t\t\t\t\t\t\t\t<\/div>\n\t\t\t\t<\/div>\n\t\t\t\t<div class=\"elementor-element elementor-element-6a41706 elementor-widget elementor-widget-text-editor\" data-id=\"6a41706\" data-element_type=\"widget\" data-e-type=\"widget\" data-widget_type=\"text-editor.default\">\n\t\t\t\t<div class=\"elementor-widget-container\">\n\t\t\t\t\t\t\t\t\t<p><b>Vous devez vivre sous un rocher si vous n'avez jamais entendu parler de la TVIP ou de la t\u00e9l\u00e9vision sur IP. La t\u00e9l\u00e9vision sur IP a fait d'\u00e9normes progr\u00e8s ces derniers temps. De plus en plus de personnes per\u00e7oivent les avantages consid\u00e9rables associ\u00e9s \u00e0 la TVIP. Il est important de bien se renseigner sur l'IPTV avant de souscrire un abonnement, afin de savoir \u00e0 quoi s'en tenir. Une fois cette \u00e9tape franchie, il n'y a plus beaucoup d'obstacles \u00e0 franchir. En effet, il suffit de <a href=\"https:\/\/tv-shadow.com\/fr\/guide-fq\/\">installer l'IPTV<\/a> sur votre t\u00e9l\u00e9vision. Mais comment faire ?<\/b><\/p>\t\t\t\t\t\t\t\t<\/div>\n\t\t\t\t<\/div>\n\t\t\t\t\t<\/div>\n\t\t<\/div>\n\t\t\t\t\t<\/div>\n\t\t<\/section>\n\t\t\t\t<section class=\"elementor-section elementor-top-section elementor-element elementor-element-a051ae0 elementor-section-boxed elementor-section-height-default elementor-section-height-default\" data-id=\"a051ae0\" data-element_type=\"section\" data-e-type=\"section\">\n\t\t\t\t\t\t<div class=\"elementor-container elementor-column-gap-default\">\n\t\t\t\t\t<div class=\"elementor-column elementor-col-100 elementor-top-column elementor-element elementor-element-75a2d8c\" data-id=\"75a2d8c\" data-element_type=\"column\" data-e-type=\"column\">\n\t\t\t<div class=\"elementor-widget-wrap elementor-element-populated\">\n\t\t\t\t\t\t<div class=\"elementor-element elementor-element-a1c3ed3 elementor-widget elementor-widget-heading\" data-id=\"a1c3ed3\" data-element_type=\"widget\" data-e-type=\"widget\" data-widget_type=\"heading.default\">\n\t\t\t\t<div class=\"elementor-widget-container\">\n\t\t\t\t\t<h2 class=\"elementor-heading-title elementor-size-default\">IPTV sur votre Smart TV<\/h2>\t\t\t\t<\/div>\n\t\t\t\t<\/div>\n\t\t\t\t\t<\/div>\n\t\t<\/div>\n\t\t\t\t\t<\/div>\n\t\t<\/section>\n\t\t\t\t<section class=\"elementor-section elementor-top-section elementor-element elementor-element-9ad9a20 elementor-section-boxed elementor-section-height-default elementor-section-height-default\" data-id=\"9ad9a20\" data-element_type=\"section\" data-e-type=\"section\">\n\t\t\t\t\t\t<div class=\"elementor-container elementor-column-gap-default\">\n\t\t\t\t\t<div class=\"elementor-column elementor-col-100 elementor-top-column elementor-element elementor-element-091162f\" data-id=\"091162f\" data-element_type=\"column\" data-e-type=\"column\">\n\t\t\t<div class=\"elementor-widget-wrap elementor-element-populated\">\n\t\t\t\t\t\t<div class=\"elementor-element elementor-element-3360914 elementor-widget elementor-widget-text-editor\" data-id=\"3360914\" data-element_type=\"widget\" data-e-type=\"widget\" data-widget_type=\"text-editor.default\">\n\t\t\t\t<div class=\"elementor-widget-container\">\n\t\t\t\t\t\t\t\t\t<p><b>Si vous poss\u00e9dez une t\u00e9l\u00e9vision intelligente (Samsung, Philips, LG ou Panasonic, par exemple), il est tr\u00e8s facile de l'installer. <a href=\"https:\/\/tv-shadow.com\/fr\/guide-fq\/\">IPTV<\/a> sur votre Smart TV. Dans le menu <a href=\"https:\/\/play.google.com\/store\/apps\">Google Play Store<\/a> (Android), vous pouvez t\u00e9l\u00e9charger les logiciels NET IPTV, IBO<\/b><b style=\"font-family: var( --e-global-typography-text-font-family ), Sans-serif; font-size: var( --e-global-typography-text-font-size );\">\u00a0Player Pro , ou l'application Smart IPTV. Une fois cette op\u00e9ration effectu\u00e9e, un code d'adresse MAC doit appara\u00eetre \u00e0 l'\u00e9cran. Il s'agit d'un code num\u00e9rique unique et personnel qui authentifie l'appareil auquel l'abonnement IPTV est li\u00e9. Il est important de savoir que l'IPTV ne peut \u00eatre regard\u00e9e que sur cet appareil. Vous devez fournir ce code d'adresse MAC au fournisseur de TVIP, qui devrait \u00eatre en mesure d'identifier votre t\u00e9l\u00e9viseur sans trop de difficult\u00e9s. Vous pouvez ensuite passer d'une cha\u00eene IPTV \u00e0 l'autre, d'une s\u00e9rie \u00e0 l'autre et d'un film \u00e0 l'autre via l'application t\u00e9l\u00e9charg\u00e9e. Il est m\u00eame possible de <a href=\"https:\/\/tv-shadow.com\/fr\/\">essayer la TVIP<\/a> gratuitement pendant 24 heures sans abonnement.<\/b><\/p>\t\t\t\t\t\t\t\t<\/div>\n\t\t\t\t<\/div>\n\t\t\t\t\t<\/div>\n\t\t<\/div>\n\t\t\t\t\t<\/div>\n\t\t<\/section>\n\t\t\t\t<section class=\"elementor-section elementor-top-section elementor-element elementor-element-64264c6 elementor-section-boxed elementor-section-height-default elementor-section-height-default\" data-id=\"64264c6\" data-element_type=\"section\" data-e-type=\"section\">\n\t\t\t\t\t\t<div class=\"elementor-container elementor-column-gap-default\">\n\t\t\t\t\t<div class=\"elementor-column elementor-col-100 elementor-top-column elementor-element elementor-element-0a3ed6f\" data-id=\"0a3ed6f\" data-element_type=\"column\" data-e-type=\"column\">\n\t\t\t<div class=\"elementor-widget-wrap elementor-element-populated\">\n\t\t\t\t\t\t<div class=\"elementor-element elementor-element-b65c5db elementor-widget elementor-widget-heading\" data-id=\"b65c5db\" data-element_type=\"widget\" data-e-type=\"widget\" data-widget_type=\"heading.default\">\n\t\t\t\t<div class=\"elementor-widget-container\">\n\t\t\t\t\t<h2 class=\"elementor-heading-title elementor-size-default\">IPTV sans Smart TV<\/h2>\t\t\t\t<\/div>\n\t\t\t\t<\/div>\n\t\t\t\t\t<\/div>\n\t\t<\/div>\n\t\t\t\t\t<\/div>\n\t\t<\/section>\n\t\t\t\t<section class=\"elementor-section elementor-top-section elementor-element elementor-element-0d1a3a6 elementor-section-boxed elementor-section-height-default elementor-section-height-default\" data-id=\"0d1a3a6\" data-element_type=\"section\" data-e-type=\"section\">\n\t\t\t\t\t\t<div class=\"elementor-container elementor-column-gap-default\">\n\t\t\t\t\t<div class=\"elementor-column elementor-col-100 elementor-top-column elementor-element elementor-element-472acec\" data-id=\"472acec\" data-element_type=\"column\" data-e-type=\"column\">\n\t\t\t<div class=\"elementor-widget-wrap elementor-element-populated\">\n\t\t\t\t\t\t<div class=\"elementor-element elementor-element-0158409 elementor-widget elementor-widget-text-editor\" data-id=\"0158409\" data-element_type=\"widget\" data-e-type=\"widget\" data-widget_type=\"text-editor.default\">\n\t\t\t\t<div class=\"elementor-widget-container\">\n\t\t\t\t\t\t\t\t\t<p><b>Si vous n'avez pas encore de Smart TV, ne d\u00e9sesp\u00e9rez pas, car vous pouvez toujours recevoir la t\u00e9l\u00e9vision sur IP. Il suffit d'un peu de <a href=\"https:\/\/tv-shadow.com\/fr\/guide-fq\/\">plus d'efforts<\/a>. Vous pouvez ensuite commander un bo\u00eetier IPTV, qui doit \u00eatre connect\u00e9 \u00e0 la t\u00e9l\u00e9vision et \u00e0 l'internet. Le bo\u00eetier IPTV sert de r\u00e9cepteur pour convertir le signal internet en signal de t\u00e9l\u00e9vision. Vous recevrez 3 c\u00e2bles avec le bo\u00eetier IPTV :&nbsp;<\/b><\/p>\n<p><b>- 1 c\u00e2ble HDMI, que vous devez connecter au t\u00e9l\u00e9viseur&nbsp;<\/b><\/p>\n<p><b>- 1 c\u00e2ble d'alimentation, qui doit alimenter le bo\u00eetier IPTV en \u00e9lectricit\u00e9&nbsp;<\/b><\/p>\n<p><b>- 1 c\u00e2ble internet, qui doit \u00eatre connect\u00e9 au routeur&nbsp;<\/b><\/p>\n<p><b>Apr\u00e8s avoir branch\u00e9 ces c\u00e2bles, le reste devrait aller de soi. La box IPTV vous permet de passer facilement d'une cha\u00eene \u00e0 l'autre et d'un film \u00e0 l'autre. Avec cette box et un abonnement, vous avez acc\u00e8s \u00e0 plus de 12 000 cha\u00eenes et environ 45 000 films et s\u00e9ries.<\/b><\/p>\t\t\t\t\t\t\t\t<\/div>\n\t\t\t\t<\/div>\n\t\t\t\t\t<\/div>\n\t\t<\/div>\n\t\t\t\t\t<\/div>\n\t\t<\/section>\n\t\t\t\t<\/div>","protected":false},"excerpt":{"rendered":"<p>You must have been living under a rock if you have never heard of IPTV or IP TV. Internet Protocol TeleVision has made enormous progress in recent times. More and more people are seeing the enormous benefits associated with IPTV. It is important to read up on IPTV carefully before taking out a subscription, so &#8230; <a title=\"Comment installer l&#039;IPTV sur son propre t\u00e9l\u00e9viseur ?\" class=\"read-more\" href=\"https:\/\/tv-shadow.com\/fr\/how-do-you-install-iptv-on-your-own-television\/\" aria-label=\"En savoir plus sur How do you install IPTV on your own television?\">Lire la suite<\/a><\/p>","protected":false},"author":1,"featured_media":0,"parent":0,"menu_order":0,"comment_status":"closed","ping_status":"closed","template":"","meta":{"_monsterinsights_skip_tracking":false,"_monsterinsights_sitenote_active":false,"_monsterinsights_sitenote_note":"","_monsterinsights_sitenote_category":0,"footnotes":""},"class_list":["post-1939","page","type-page","status-publish"],"yoast_head":"<!-- This site is optimized with the Yoast SEO Premium plugin v27.3 (Yoast SEO v27.4) - https:\/\/yoast.com\/product\/yoast-seo-premium-wordpress\/ -->\n<title>How To Install IPTV on Television - ShadowTV<\/title>\n<meta name=\"description\" content=\"If you own a Smart Tv, it is very easy to Install IPTV. Here at Shadow Tv, we are offering Best IPTV Service for Smart or Simple Tv.\" \/>\n<meta name=\"robots\" content=\"index, follow, max-snippet:-1, max-image-preview:large, max-video-preview:-1\" \/>\n<link rel=\"canonical\" href=\"https:\/\/tv-shadow.com\/fr\/comment-installer-iptv-sur-son-propre-televiseur\/\" \/>\n<meta property=\"og:locale\" content=\"fr_FR\" \/>\n<meta property=\"og:type\" content=\"article\" \/>\n<meta property=\"og:title\" content=\"How do you install IPTV on your own television?\" \/>\n<meta property=\"og:description\" content=\"If you own a Smart Tv, it is very easy to Install IPTV. Here at Shadow Tv, we are offering Best IPTV Service for Smart or Simple Tv.\" \/>\n<meta property=\"og:url\" content=\"https:\/\/tv-shadow.com\/fr\/comment-installer-iptv-sur-son-propre-televiseur\/\" \/>\n<meta property=\"og:site_name\" content=\"ShadowTV\" \/>\n<meta property=\"article:publisher\" content=\"https:\/\/www.facebook.com\/profile.php?id=100092204902584\" \/>\n<meta property=\"article:modified_time\" content=\"2024-01-13T11:09:18+00:00\" \/>\n<meta property=\"og:image\" content=\"https:\/\/tv-shadow.com\/wp-content\/uploads\/2023\/12\/iptv-smarters-pro-1024x576.webp\" \/>\n<meta name=\"twitter:card\" content=\"summary_large_image\" \/>\n<meta name=\"twitter:label1\" content=\"Dur\u00e9e de lecture estim\u00e9e\" \/>\n\t<meta name=\"twitter:data1\" content=\"2 minutes\" \/>\n<script type=\"application\/ld+json\" class=\"yoast-schema-graph\">{\"@context\":\"https:\\\/\\\/schema.org\",\"@graph\":[{\"@type\":\"WebPage\",\"@id\":\"https:\\\/\\\/tv-shadow.com\\\/how-do-you-install-iptv-on-your-own-television\\\/\",\"url\":\"https:\\\/\\\/tv-shadow.com\\\/how-do-you-install-iptv-on-your-own-television\\\/\",\"name\":\"How To Install IPTV on Television - ShadowTV\",\"isPartOf\":{\"@id\":\"https:\\\/\\\/tv-shadow.com\\\/#website\"},\"primaryImageOfPage\":{\"@id\":\"https:\\\/\\\/tv-shadow.com\\\/how-do-you-install-iptv-on-your-own-television\\\/#primaryimage\"},\"image\":{\"@id\":\"https:\\\/\\\/tv-shadow.com\\\/how-do-you-install-iptv-on-your-own-television\\\/#primaryimage\"},\"thumbnailUrl\":\"https:\\\/\\\/tv-shadow.com\\\/wp-content\\\/uploads\\\/2023\\\/12\\\/iptv-smarters-pro-1024x576.webp\",\"datePublished\":\"2023-11-08T19:18:02+00:00\",\"dateModified\":\"2024-01-13T11:09:18+00:00\",\"description\":\"If you own a Smart Tv, it is very easy to Install IPTV. Here at Shadow Tv, we are offering Best IPTV Service for Smart or Simple Tv.\",\"breadcrumb\":{\"@id\":\"https:\\\/\\\/tv-shadow.com\\\/how-do-you-install-iptv-on-your-own-television\\\/#breadcrumb\"},\"inLanguage\":\"fr-FR\",\"potentialAction\":[{\"@type\":\"ReadAction\",\"target\":[\"https:\\\/\\\/tv-shadow.com\\\/how-do-you-install-iptv-on-your-own-television\\\/\"]}]},{\"@type\":\"ImageObject\",\"inLanguage\":\"fr-FR\",\"@id\":\"https:\\\/\\\/tv-shadow.com\\\/how-do-you-install-iptv-on-your-own-television\\\/#primaryimage\",\"url\":\"https:\\\/\\\/tv-shadow.com\\\/wp-content\\\/uploads\\\/2023\\\/12\\\/iptv-smarters-pro-1024x576.webp\",\"contentUrl\":\"https:\\\/\\\/tv-shadow.com\\\/wp-content\\\/uploads\\\/2023\\\/12\\\/iptv-smarters-pro-1024x576.webp\"},{\"@type\":\"BreadcrumbList\",\"@id\":\"https:\\\/\\\/tv-shadow.com\\\/how-do-you-install-iptv-on-your-own-television\\\/#breadcrumb\",\"itemListElement\":[{\"@type\":\"ListItem\",\"position\":1,\"name\":\"Home\",\"item\":\"https:\\\/\\\/tv-shadow.com\\\/en\\\/\"},{\"@type\":\"ListItem\",\"position\":2,\"name\":\"How do you install IPTV on your own television?\"}]},{\"@type\":\"WebSite\",\"@id\":\"https:\\\/\\\/tv-shadow.com\\\/#website\",\"url\":\"https:\\\/\\\/tv-shadow.com\\\/\",\"name\":\"Shadow tv\",\"description\":\"This is the official site of SHADOW TV. SHADOW TV is the award-winning international IPTV service offering over Live TV, VOD, EPG PPV many more.\",\"publisher\":{\"@id\":\"https:\\\/\\\/tv-shadow.com\\\/#organization\"},\"alternateName\":\"shadow iptv\",\"potentialAction\":[{\"@type\":\"SearchAction\",\"target\":{\"@type\":\"EntryPoint\",\"urlTemplate\":\"https:\\\/\\\/tv-shadow.com\\\/?s={search_term_string}\"},\"query-input\":{\"@type\":\"PropertyValueSpecification\",\"valueRequired\":true,\"valueName\":\"search_term_string\"}}],\"inLanguage\":\"fr-FR\"},{\"@type\":\"Organization\",\"@id\":\"https:\\\/\\\/tv-shadow.com\\\/#organization\",\"name\":\"Shadow Tv\",\"alternateName\":\"Tv Shadow\",\"url\":\"https:\\\/\\\/tv-shadow.com\\\/\",\"logo\":{\"@type\":\"ImageObject\",\"inLanguage\":\"fr-FR\",\"@id\":\"https:\\\/\\\/tv-shadow.com\\\/#\\\/schema\\\/logo\\\/image\\\/\",\"url\":\"https:\\\/\\\/tv-shadow.com\\\/wp-content\\\/uploads\\\/2023\\\/11\\\/SHADOW-LOGO.jpeg\",\"contentUrl\":\"https:\\\/\\\/tv-shadow.com\\\/wp-content\\\/uploads\\\/2023\\\/11\\\/SHADOW-LOGO.jpeg\",\"width\":640,\"height\":640,\"caption\":\"Shadow Tv\"},\"image\":{\"@id\":\"https:\\\/\\\/tv-shadow.com\\\/#\\\/schema\\\/logo\\\/image\\\/\"},\"sameAs\":[\"https:\\\/\\\/www.facebook.com\\\/profile.php?id=100092204902584\",\"https:\\\/\\\/mastodon.social\\\/@shadowtviptv\"],\"publishingPrinciples\":\"https:\\\/\\\/tv-shadow.com\\\/terms-of-service\\\/\",\"ownershipFundingInfo\":\"https:\\\/\\\/tv-shadow.com\\\/terms-of-service\\\/\",\"actionableFeedbackPolicy\":\"https:\\\/\\\/tv-shadow.com\\\/terms-of-service\\\/\",\"correctionsPolicy\":\"https:\\\/\\\/tv-shadow.com\\\/refund_returns\\\/\",\"ethicsPolicy\":\"https:\\\/\\\/tv-shadow.com\\\/refund_returns\\\/\"}]}<\/script>\n<!-- \/ Yoast SEO Premium plugin. -->","yoast_head_json":{"title":"Comment installer la TVIP sur la t\u00e9l\u00e9vision - ShadowTV","description":"Si vous poss\u00e9dez une Smart Tv, il est tr\u00e8s facile d'installer l'IPTV. Ici, chez Shadow Tv, nous offrons le meilleur service IPTV pour Smart ou Simple Tv.","robots":{"index":"index","follow":"follow","max-snippet":"max-snippet:-1","max-image-preview":"max-image-preview:large","max-video-preview":"max-video-preview:-1"},"canonical":"https:\/\/tv-shadow.com\/fr\/comment-installer-iptv-sur-son-propre-televiseur\/","og_locale":"fr_FR","og_type":"article","og_title":"How do you install IPTV on your own television?","og_description":"If you own a Smart Tv, it is very easy to Install IPTV. Here at Shadow Tv, we are offering Best IPTV Service for Smart or Simple Tv.","og_url":"https:\/\/tv-shadow.com\/fr\/comment-installer-iptv-sur-son-propre-televiseur\/","og_site_name":"ShadowTV","article_publisher":"https:\/\/www.facebook.com\/profile.php?id=100092204902584","article_modified_time":"2024-01-13T11:09:18+00:00","og_image":[{"url":"https:\/\/tv-shadow.com\/wp-content\/uploads\/2023\/12\/iptv-smarters-pro-1024x576.webp","type":"","width":"","height":""}],"twitter_card":"summary_large_image","twitter_misc":{"Dur\u00e9e de lecture estim\u00e9e":"2 minutes"},"schema":{"@context":"https:\/\/schema.org","@graph":[{"@type":"WebPage","@id":"https:\/\/tv-shadow.com\/how-do-you-install-iptv-on-your-own-television\/","url":"https:\/\/tv-shadow.com\/how-do-you-install-iptv-on-your-own-television\/","name":"Comment installer la TVIP sur la t\u00e9l\u00e9vision - ShadowTV","isPartOf":{"@id":"https:\/\/tv-shadow.com\/#website"},"primaryImageOfPage":{"@id":"https:\/\/tv-shadow.com\/how-do-you-install-iptv-on-your-own-television\/#primaryimage"},"image":{"@id":"https:\/\/tv-shadow.com\/how-do-you-install-iptv-on-your-own-television\/#primaryimage"},"thumbnailUrl":"https:\/\/tv-shadow.com\/wp-content\/uploads\/2023\/12\/iptv-smarters-pro-1024x576.webp","datePublished":"2023-11-08T19:18:02+00:00","dateModified":"2024-01-13T11:09:18+00:00","description":"Si vous poss\u00e9dez une Smart Tv, il est tr\u00e8s facile d'installer l'IPTV. Ici, chez Shadow Tv, nous offrons le meilleur service IPTV pour Smart ou Simple Tv.","breadcrumb":{"@id":"https:\/\/tv-shadow.com\/how-do-you-install-iptv-on-your-own-television\/#breadcrumb"},"inLanguage":"fr-FR","potentialAction":[{"@type":"ReadAction","target":["https:\/\/tv-shadow.com\/how-do-you-install-iptv-on-your-own-television\/"]}]},{"@type":"ImageObject","inLanguage":"fr-FR","@id":"https:\/\/tv-shadow.com\/how-do-you-install-iptv-on-your-own-television\/#primaryimage","url":"https:\/\/tv-shadow.com\/wp-content\/uploads\/2023\/12\/iptv-smarters-pro-1024x576.webp","contentUrl":"https:\/\/tv-shadow.com\/wp-content\/uploads\/2023\/12\/iptv-smarters-pro-1024x576.webp"},{"@type":"BreadcrumbList","@id":"https:\/\/tv-shadow.com\/how-do-you-install-iptv-on-your-own-television\/#breadcrumb","itemListElement":[{"@type":"ListItem","position":1,"name":"Home","item":"https:\/\/tv-shadow.com\/en\/"},{"@type":"ListItem","position":2,"name":"How do you install IPTV on your own television?"}]},{"@type":"WebSite","@id":"https:\/\/tv-shadow.com\/#website","url":"https:\/\/tv-shadow.com\/","name":"T\u00e9l\u00e9vision de l'ombre","description":"Ceci est le site officiel de SHADOW TV. SHADOW TV est le service IPTV international prim\u00e9 qui offre la t\u00e9l\u00e9vision en direct, la vid\u00e9o \u00e0 la demande, l'EPG, le PPV et bien d'autres choses encore.","publisher":{"@id":"https:\/\/tv-shadow.com\/#organization"},"alternateName":"shadow iptv","potentialAction":[{"@type":"SearchAction","target":{"@type":"EntryPoint","urlTemplate":"https:\/\/tv-shadow.com\/?s={search_term_string}"},"query-input":{"@type":"PropertyValueSpecification","valueRequired":true,"valueName":"search_term_string"}}],"inLanguage":"fr-FR"},{"@type":"Organization","@id":"https:\/\/tv-shadow.com\/#organization","name":"Shadow Tv","alternateName":"Tv Shadow","url":"https:\/\/tv-shadow.com\/","logo":{"@type":"ImageObject","inLanguage":"fr-FR","@id":"https:\/\/tv-shadow.com\/#\/schema\/logo\/image\/","url":"https:\/\/tv-shadow.com\/wp-content\/uploads\/2023\/11\/SHADOW-LOGO.jpeg","contentUrl":"https:\/\/tv-shadow.com\/wp-content\/uploads\/2023\/11\/SHADOW-LOGO.jpeg","width":640,"height":640,"caption":"Shadow Tv"},"image":{"@id":"https:\/\/tv-shadow.com\/#\/schema\/logo\/image\/"},"sameAs":["https:\/\/www.facebook.com\/profile.php?id=100092204902584","https:\/\/mastodon.social\/@shadowtviptv"],"publishingPrinciples":"https:\/\/tv-shadow.com\/terms-of-service\/","ownershipFundingInfo":"https:\/\/tv-shadow.com\/terms-of-service\/","actionableFeedbackPolicy":"https:\/\/tv-shadow.com\/terms-of-service\/","correctionsPolicy":"https:\/\/tv-shadow.com\/refund_returns\/","ethicsPolicy":"https:\/\/tv-shadow.com\/refund_returns\/"}]}},"_links":{"self":[{"href":"https:\/\/tv-shadow.com\/fr\/wp-json\/wp\/v2\/pages\/1939","targetHints":{"allow":["GET"]}}],"collection":[{"href":"https:\/\/tv-shadow.com\/fr\/wp-json\/wp\/v2\/pages"}],"about":[{"href":"https:\/\/tv-shadow.com\/fr\/wp-json\/wp\/v2\/types\/page"}],"author":[{"embeddable":true,"href":"https:\/\/tv-shadow.com\/fr\/wp-json\/wp\/v2\/users\/1"}],"replies":[{"embeddable":true,"href":"https:\/\/tv-shadow.com\/fr\/wp-json\/wp\/v2\/comments?post=1939"}],"version-history":[{"count":15,"href":"https:\/\/tv-shadow.com\/fr\/wp-json\/wp\/v2\/pages\/1939\/revisions"}],"predecessor-version":[{"id":2592,"href":"https:\/\/tv-shadow.com\/fr\/wp-json\/wp\/v2\/pages\/1939\/revisions\/2592"}],"wp:attachment":[{"href":"https:\/\/tv-shadow.com\/fr\/wp-json\/wp\/v2\/media?parent=1939"}],"curies":[{"name":"wp","href":"https:\/\/api.w.org\/{rel}","templated":true}]}}