{"id":3997,"date":"2024-09-03T02:52:07","date_gmt":"2024-09-03T01:52:07","guid":{"rendered":"https:\/\/tv-shadow.com\/?page_id=3997"},"modified":"2026-03-11T03:35:49","modified_gmt":"2026-03-11T03:35:49","slug":"comment-eviter-le-gel-de-liptv","status":"publish","type":"page","link":"https:\/\/tv-shadow.com\/fr\/how-to-avoid-freezing-in-iptv\/","title":{"rendered":"Comment \u00e9viter le gel en IPTV"},"content":{"rendered":"<div data-elementor-type=\"wp-page\" data-elementor-id=\"3997\" class=\"elementor elementor-3997\" data-elementor-post-type=\"page\">\n\t\t\t\t\t\t<section class=\"elementor-section elementor-top-section elementor-element elementor-element-15a1f95 elementor-section-boxed elementor-section-height-default elementor-section-height-default\" data-id=\"15a1f95\" data-element_type=\"section\" data-e-type=\"section\">\n\t\t\t\t\t\t<div class=\"elementor-container elementor-column-gap-default\">\n\t\t\t\t\t<div class=\"elementor-column elementor-col-100 elementor-top-column elementor-element elementor-element-f821e4c\" data-id=\"f821e4c\" data-element_type=\"column\" data-e-type=\"column\">\n\t\t\t<div class=\"elementor-widget-wrap elementor-element-populated\">\n\t\t\t\t\t\t<div class=\"elementor-element elementor-element-e7345a9 elementor-widget elementor-widget-heading\" data-id=\"e7345a9\" data-element_type=\"widget\" data-e-type=\"widget\" data-widget_type=\"heading.default\">\n\t\t\t\t<div class=\"elementor-widget-container\">\n\t\t\t\t\t<h2 class=\"elementor-heading-title elementor-size-default\">Comment \u00e9viter le gel en IPTV<\/h2>\t\t\t\t<\/div>\n\t\t\t\t<\/div>\n\t\t\t\t<div class=\"elementor-element elementor-element-c95510d elementor-widget elementor-widget-image\" data-id=\"c95510d\" data-element_type=\"widget\" data-e-type=\"widget\" data-widget_type=\"image.default\">\n\t\t\t\t<div class=\"elementor-widget-container\">\n\t\t\t\t\t\t\t\t\t\t\t\t\t\t\t<img fetchpriority=\"high\" decoding=\"async\" width=\"686\" height=\"386\" src=\"https:\/\/tv-shadow.com\/wp-content\/uploads\/2024\/09\/how-to-avoid-freezing-in-iptv.jpg\" class=\"attachment-large size-large wp-image-4000\" alt=\"comment \u00e9viter le gel dans la TVIP\" srcset=\"https:\/\/tv-shadow.com\/wp-content\/uploads\/2024\/09\/how-to-avoid-freezing-in-iptv.jpg 686w, https:\/\/tv-shadow.com\/wp-content\/uploads\/2024\/09\/how-to-avoid-freezing-in-iptv-300x169.jpg 300w, https:\/\/tv-shadow.com\/wp-content\/uploads\/2024\/09\/how-to-avoid-freezing-in-iptv-600x338.jpg 600w\" sizes=\"(max-width: 686px) 100vw, 686px\" \/>\t\t\t\t\t\t\t\t\t\t\t\t\t\t\t<\/div>\n\t\t\t\t<\/div>\n\t\t\t\t\t<\/div>\n\t\t<\/div>\n\t\t\t\t\t<\/div>\n\t\t<\/section>\n\t\t\t\t<section class=\"elementor-section elementor-top-section elementor-element elementor-element-af213ac elementor-section-boxed elementor-section-height-default elementor-section-height-default\" data-id=\"af213ac\" data-element_type=\"section\" data-e-type=\"section\">\n\t\t\t\t\t\t<div class=\"elementor-container elementor-column-gap-default\">\n\t\t\t\t\t<div class=\"elementor-column elementor-col-100 elementor-top-column elementor-element elementor-element-10beff8\" data-id=\"10beff8\" data-element_type=\"column\" data-e-type=\"column\">\n\t\t\t<div class=\"elementor-widget-wrap elementor-element-populated\">\n\t\t\t\t\t\t<div class=\"elementor-element elementor-element-3a0d28a elementor-widget elementor-widget-text-editor\" data-id=\"3a0d28a\" data-element_type=\"widget\" data-e-type=\"widget\" data-widget_type=\"text-editor.default\">\n\t\t\t\t<div class=\"elementor-widget-container\">\n\t\t\t\t\t\t\t\t\t<p><strong>1. V\u00e9rifiez votre connexion Internet :<\/strong><br \/>- Vitesse : assurez-vous que votre connexion internet est suffisamment rapide. La plupart des services IPTV n\u00e9cessitent un minimum de\u00a0<a href=\"https:\/\/en.wikipedia.org\/wiki\/https:\/\/en.wikipedia.org\/wiki\/Megabit\" target=\"_blank\" rel=\"noopener\">10 Mbps<\/a>\u00a0pour la d\u00e9finition standard et 25 Mbps pour le contenu HD. Pour le contenu 4K, des vitesses plus \u00e9lev\u00e9es sont n\u00e9cessaires.<br \/>- Stabilit\u00e9 : Une connexion stable est essentielle. Dans la mesure du possible, utilisez une connexion filaire (Ethernet) plut\u00f4t que Wi-Fi, car elle offre une connexion plus fiable et plus coh\u00e9rente.<\/p><p><img decoding=\"async\" class=\"wp-image-4524 aligncenter\" src=\"https:\/\/tv-shadow.com\/wp-content\/uploads\/2024\/09\/internet-speed-iptv.png\" alt=\"\" width=\"700\" height=\"438\" srcset=\"https:\/\/tv-shadow.com\/wp-content\/uploads\/2024\/09\/internet-speed-iptv.png 1006w, https:\/\/tv-shadow.com\/wp-content\/uploads\/2024\/09\/internet-speed-iptv-300x188.png 300w, https:\/\/tv-shadow.com\/wp-content\/uploads\/2024\/09\/internet-speed-iptv-768x481.png 768w, https:\/\/tv-shadow.com\/wp-content\/uploads\/2024\/09\/internet-speed-iptv-600x376.png 600w\" sizes=\"(max-width: 700px) 100vw, 700px\" \/><\/p><p><strong>2. Optimiser les param\u00e8tres Wi-Fi :<\/strong><br \/>- Placement du routeur : Placez votre routeur dans un endroit central pour \u00e9viter les signaux faibles. \u00c9vitez de le placer \u00e0 proximit\u00e9 d'autres appareils \u00e9lectroniques susceptibles de provoquer des interf\u00e9rences.<br \/>- S\u00e9lection des canaux : utilisez les canaux Wi-Fi les moins encombr\u00e9s. Des outils ou des applications peuvent vous aider \u00e0 identifier le meilleur canal pour votre r\u00e9gion.<br \/>- Bande 5 GHz : si votre routeur le prend en charge, utilisez la bande 5 GHz, qui est moins encombr\u00e9e et offre des vitesses plus \u00e9lev\u00e9es, bien que la port\u00e9e soit plus courte.<\/p><p><strong>3. R\u00e9duire la congestion du r\u00e9seau :<\/strong><br \/>- Limiter les autres appareils : D\u00e9connecter ou limiter l'utilisation d'autres appareils sur le r\u00e9seau lors de l'utilisation de l'IPTV.<br \/>- Applications en arri\u00e8re-plan : Fermez les applications inutiles ou les t\u00e9l\u00e9chargements en cours d'ex\u00e9cution en arri\u00e8re-plan qui pourraient consommer de la bande passante.<\/p><p><strong>4. Utiliser un service IPTV de qualit\u00e9 :<\/strong><br \/>- R\u00e9putation : Choisir un organisme r\u00e9put\u00e9\u00a0<a href=\"https:\/\/tv-shadow.com\/fr\/\" target=\"_blank\" rel=\"noopener\">IPTV\u00a0<\/a>avec des serveurs fiables et de bons commentaires de la part des clients.<br \/>- Charge du serveur : certains fournisseurs de TVIP peuvent avoir des serveurs surcharg\u00e9s, ce qui entra\u00eene des probl\u00e8mes de gel. Assurez-vous que votre fournisseur dispose d'une capacit\u00e9 de serveur suffisante.<\/p><p><strong>5. Mise \u00e0 jour de l'application IPTV et du micrologiciel :<\/strong><br \/>&#8211; <a href=\"http:\/\/tv-shadow.com\/fr\/\" target=\"_blank\" rel=\"noopener\">Application IPTV<\/a>\u00a0: Assurez-vous que vous utilisez la derni\u00e8re version de votre\u00a0<a href=\"https:\/\/tv-shadow.com\/fr\/guide-fq\/\" target=\"_blank\" rel=\"noopener\">Application IPTV<\/a>. Les d\u00e9veloppeurs publient souvent des mises \u00e0 jour pour corriger les bogues et am\u00e9liorer les performances.<br \/>- Firmware : Recherchez les mises \u00e0 jour du micrologiciel de votre d\u00e9codeur IPTV, de votre t\u00e9l\u00e9viseur intelligent ou de votre appareil de diffusion en continu. Les mises \u00e0 jour peuvent am\u00e9liorer la compatibilit\u00e9 et les performances.<\/p><p><strong>6. Utiliser un VPN :<\/strong><br \/><strong>- Contourner l'\u00e9tranglement des FAI :<\/strong> Certains FAI limitent les services de streaming, ce qui peut entra\u00eener une mise en m\u00e9moire tampon. L'utilisation d'un VPN peut permettre de contourner cette limitation.<br \/>- Proximit\u00e9 du serveur : Choisissez un serveur VPN proche de votre emplacement pour r\u00e9duire la latence.<\/p><p><img decoding=\"async\" class=\"wp-image-4533 size-full aligncenter\" src=\"https:\/\/tv-shadow.com\/wp-content\/uploads\/2024\/09\/best-vpn-for-tv-smart.png\" alt=\"\" width=\"700\" height=\"438\" srcset=\"https:\/\/tv-shadow.com\/wp-content\/uploads\/2024\/09\/best-vpn-for-tv-smart.png 700w, https:\/\/tv-shadow.com\/wp-content\/uploads\/2024\/09\/best-vpn-for-tv-smart-300x188.png 300w, https:\/\/tv-shadow.com\/wp-content\/uploads\/2024\/09\/best-vpn-for-tv-smart-600x375.png 600w\" sizes=\"(max-width: 700px) 100vw, 700px\" \/><\/p><h3>Le meilleur Vpn pour Tv Smart :<a href=\"https:\/\/www.01net.com\/en\/vpn\/smart-tv\/\" target=\"_blank\" rel=\"noopener\"> Cliquez ici<\/a><\/h3><p><strong>7. R\u00e9gler les param\u00e8tres de diffusion :<\/strong><br \/>- Diminuer la qualit\u00e9 : si le gel persiste, essayez de diminuer la qualit\u00e9 du flux. Cela n\u00e9cessite moins de bande passante et peut r\u00e9duire le gel.<br \/>- Bitrate adaptatif : si votre application ou service IPTV prend en charge le streaming \u00e0 bitrate adaptatif, activez-le. Cela permet d'ajuster automatiquement la qualit\u00e9 du flux en fonction de votre vitesse Internet.<\/p><p><strong>8. V\u00e9rification et entretien du mat\u00e9riel :<\/strong><br \/>- Red\u00e9marrer les appareils : Red\u00e9marrez r\u00e9guli\u00e8rement votre routeur, votre d\u00e9codeur IPTV ou votre appareil de diffusion en continu pour vider la m\u00e9moire et actualiser les connexions.<br \/>- Gestion de la chaleur : Veillez \u00e0 ce que vos appareils ne surchauffent pas. La surchauffe peut entra\u00eener des probl\u00e8mes de performance et de gel.<\/p><p><strong>9. Utiliser les param\u00e8tres de mise en m\u00e9moire tampon :<\/strong><br \/>- Certaines applications IPTV vous permettent de r\u00e9gler la taille de la m\u00e9moire tampon. L'augmentation de la taille de la m\u00e9moire tampon peut aider \u00e0 \u00e9viter le gel en pr\u00e9chargeant plus de contenu \u00e0 l'avance.<\/p><p><strong>10. Contacter l'assistance :<\/strong><br \/>- Si le gel persiste malgr\u00e9 les \u00e9tapes ci-dessus, contactez l'\u00e9quipe d'assistance de votre fournisseur IPTV. Ils peuvent avoir des recommandations sp\u00e9cifiques ou \u00eatre au courant de probl\u00e8mes actuels avec leur service.<\/p><p>En suivant ces conseils, vous pouvez\u00a0<a href=\"https:\/\/tv-shadow.com\/de\/\" target=\"_blank\" rel=\"noopener\">minimiser la cong\u00e9lation<\/a>\u00a0et profiter d'une exp\u00e9rience IPTV plus fluide<\/p>\t\t\t\t\t\t\t\t<\/div>\n\t\t\t\t<\/div>\n\t\t\t\t\t<\/div>\n\t\t<\/div>\n\t\t\t\t\t<\/div>\n\t\t<\/section>\n\t\t\t\t<\/div>","protected":false},"excerpt":{"rendered":"<p>How To Avoid Freezing In IPTV 1. Check Your Internet Connection:&#8211; Speed: Ensure your internet connection is fast enough. Most IPTV services require a minimum of\u00a010 Mbps\u00a0for standard definition and 25 Mbps for HD content. For 4K content, higher speeds are needed.&#8211; Stability: A stable connection is crucial. Use a wired connection (Ethernet) instead of &#8230; <a title=\"Comment \u00e9viter le gel en IPTV\" class=\"read-more\" href=\"https:\/\/tv-shadow.com\/fr\/how-to-avoid-freezing-in-iptv\/\" aria-label=\"En savoir plus sur How To Avoid Freezing In IPTV\">Lire la suite<\/a><\/p>","protected":false},"author":7,"featured_media":0,"parent":0,"menu_order":0,"comment_status":"closed","ping_status":"closed","template":"","meta":{"_monsterinsights_skip_tracking":false,"_monsterinsights_sitenote_active":false,"_monsterinsights_sitenote_note":"","_monsterinsights_sitenote_category":0,"footnotes":""},"class_list":["post-3997","page","type-page","status-publish"],"yoast_head":"<!-- This site is optimized with the Yoast SEO Premium plugin v27.3 (Yoast SEO v27.4) - https:\/\/yoast.com\/product\/yoast-seo-premium-wordpress\/ -->\n<title>Freezing IPTV Problems and How to Resolve Them - ShadowTV<\/title>\n<meta name=\"description\" content=\"Explore effective solutions for freezing IPTV. Check your internet connection and optimize your router for better performance.\" \/>\n<meta name=\"robots\" content=\"index, follow, max-snippet:-1, max-image-preview:large, max-video-preview:-1\" \/>\n<link rel=\"canonical\" href=\"https:\/\/tv-shadow.com\/fr\/comment-eviter-le-gel-de-liptv\/\" \/>\n<meta property=\"og:locale\" content=\"fr_FR\" \/>\n<meta property=\"og:type\" content=\"article\" \/>\n<meta property=\"og:title\" content=\"How To Avoid Freezing In IPTV\" \/>\n<meta property=\"og:description\" content=\"Explore effective solutions for freezing IPTV. Check your internet connection and optimize your router for better performance.\" \/>\n<meta property=\"og:url\" content=\"https:\/\/tv-shadow.com\/fr\/comment-eviter-le-gel-de-liptv\/\" \/>\n<meta property=\"og:site_name\" content=\"ShadowTV\" \/>\n<meta property=\"article:publisher\" content=\"https:\/\/www.facebook.com\/profile.php?id=100092204902584\" \/>\n<meta property=\"article:modified_time\" content=\"2026-03-11T03:35:49+00:00\" \/>\n<meta property=\"og:image\" content=\"https:\/\/tv-shadow.com\/wp-content\/uploads\/2024\/09\/how-to-avoid-freezing-in-iptv.jpg\" \/>\n<meta name=\"twitter:card\" content=\"summary_large_image\" \/>\n<meta name=\"twitter:label1\" content=\"Dur\u00e9e de lecture estim\u00e9e\" \/>\n\t<meta name=\"twitter:data1\" content=\"3 minutes\" \/>\n<script type=\"application\/ld+json\" class=\"yoast-schema-graph\">{\"@context\":\"https:\\\/\\\/schema.org\",\"@graph\":[{\"@type\":\"WebPage\",\"@id\":\"https:\\\/\\\/tv-shadow.com\\\/how-to-avoid-freezing-in-iptv\\\/\",\"url\":\"https:\\\/\\\/tv-shadow.com\\\/how-to-avoid-freezing-in-iptv\\\/\",\"name\":\"Freezing IPTV Problems and How to Resolve Them - ShadowTV\",\"isPartOf\":{\"@id\":\"https:\\\/\\\/tv-shadow.com\\\/#website\"},\"primaryImageOfPage\":{\"@id\":\"https:\\\/\\\/tv-shadow.com\\\/how-to-avoid-freezing-in-iptv\\\/#primaryimage\"},\"image\":{\"@id\":\"https:\\\/\\\/tv-shadow.com\\\/how-to-avoid-freezing-in-iptv\\\/#primaryimage\"},\"thumbnailUrl\":\"https:\\\/\\\/tv-shadow.com\\\/wp-content\\\/uploads\\\/2024\\\/09\\\/how-to-avoid-freezing-in-iptv.jpg\",\"datePublished\":\"2024-09-03T01:52:07+00:00\",\"dateModified\":\"2026-03-11T03:35:49+00:00\",\"description\":\"Explore effective solutions for freezing IPTV. Check your internet connection and optimize your router for better performance.\",\"breadcrumb\":{\"@id\":\"https:\\\/\\\/tv-shadow.com\\\/how-to-avoid-freezing-in-iptv\\\/#breadcrumb\"},\"inLanguage\":\"fr-FR\",\"potentialAction\":[{\"@type\":\"ReadAction\",\"target\":[\"https:\\\/\\\/tv-shadow.com\\\/how-to-avoid-freezing-in-iptv\\\/\"]}]},{\"@type\":\"ImageObject\",\"inLanguage\":\"fr-FR\",\"@id\":\"https:\\\/\\\/tv-shadow.com\\\/how-to-avoid-freezing-in-iptv\\\/#primaryimage\",\"url\":\"https:\\\/\\\/tv-shadow.com\\\/wp-content\\\/uploads\\\/2024\\\/09\\\/how-to-avoid-freezing-in-iptv.jpg\",\"contentUrl\":\"https:\\\/\\\/tv-shadow.com\\\/wp-content\\\/uploads\\\/2024\\\/09\\\/how-to-avoid-freezing-in-iptv.jpg\"},{\"@type\":\"BreadcrumbList\",\"@id\":\"https:\\\/\\\/tv-shadow.com\\\/how-to-avoid-freezing-in-iptv\\\/#breadcrumb\",\"itemListElement\":[{\"@type\":\"ListItem\",\"position\":1,\"name\":\"Home\",\"item\":\"https:\\\/\\\/tv-shadow.com\\\/en\\\/\"},{\"@type\":\"ListItem\",\"position\":2,\"name\":\"How To Avoid Freezing In IPTV\"}]},{\"@type\":\"WebSite\",\"@id\":\"https:\\\/\\\/tv-shadow.com\\\/#website\",\"url\":\"https:\\\/\\\/tv-shadow.com\\\/\",\"name\":\"Shadow tv\",\"description\":\"This is the official site of SHADOW TV. SHADOW TV is the award-winning international IPTV service offering over Live TV, VOD, EPG PPV many more.\",\"publisher\":{\"@id\":\"https:\\\/\\\/tv-shadow.com\\\/#organization\"},\"alternateName\":\"shadow iptv\",\"potentialAction\":[{\"@type\":\"SearchAction\",\"target\":{\"@type\":\"EntryPoint\",\"urlTemplate\":\"https:\\\/\\\/tv-shadow.com\\\/?s={search_term_string}\"},\"query-input\":{\"@type\":\"PropertyValueSpecification\",\"valueRequired\":true,\"valueName\":\"search_term_string\"}}],\"inLanguage\":\"fr-FR\"},{\"@type\":\"Organization\",\"@id\":\"https:\\\/\\\/tv-shadow.com\\\/#organization\",\"name\":\"Shadow Tv\",\"alternateName\":\"Tv Shadow\",\"url\":\"https:\\\/\\\/tv-shadow.com\\\/\",\"logo\":{\"@type\":\"ImageObject\",\"inLanguage\":\"fr-FR\",\"@id\":\"https:\\\/\\\/tv-shadow.com\\\/#\\\/schema\\\/logo\\\/image\\\/\",\"url\":\"https:\\\/\\\/tv-shadow.com\\\/wp-content\\\/uploads\\\/2023\\\/11\\\/SHADOW-LOGO.jpeg\",\"contentUrl\":\"https:\\\/\\\/tv-shadow.com\\\/wp-content\\\/uploads\\\/2023\\\/11\\\/SHADOW-LOGO.jpeg\",\"width\":640,\"height\":640,\"caption\":\"Shadow Tv\"},\"image\":{\"@id\":\"https:\\\/\\\/tv-shadow.com\\\/#\\\/schema\\\/logo\\\/image\\\/\"},\"sameAs\":[\"https:\\\/\\\/www.facebook.com\\\/profile.php?id=100092204902584\",\"https:\\\/\\\/mastodon.social\\\/@shadowtviptv\"],\"publishingPrinciples\":\"https:\\\/\\\/tv-shadow.com\\\/terms-of-service\\\/\",\"ownershipFundingInfo\":\"https:\\\/\\\/tv-shadow.com\\\/terms-of-service\\\/\",\"actionableFeedbackPolicy\":\"https:\\\/\\\/tv-shadow.com\\\/terms-of-service\\\/\",\"correctionsPolicy\":\"https:\\\/\\\/tv-shadow.com\\\/refund_returns\\\/\",\"ethicsPolicy\":\"https:\\\/\\\/tv-shadow.com\\\/refund_returns\\\/\"}]}<\/script>\n<!-- \/ Yoast SEO Premium plugin. -->","yoast_head_json":{"title":"Freezing IPTV Problems and How to Resolve Them - ShadowTV","description":"Explore effective solutions for freezing IPTV. Check your internet connection and optimize your router for better performance.","robots":{"index":"index","follow":"follow","max-snippet":"max-snippet:-1","max-image-preview":"max-image-preview:large","max-video-preview":"max-video-preview:-1"},"canonical":"https:\/\/tv-shadow.com\/fr\/comment-eviter-le-gel-de-liptv\/","og_locale":"fr_FR","og_type":"article","og_title":"How To Avoid Freezing In IPTV","og_description":"Explore effective solutions for freezing IPTV. Check your internet connection and optimize your router for better performance.","og_url":"https:\/\/tv-shadow.com\/fr\/comment-eviter-le-gel-de-liptv\/","og_site_name":"ShadowTV","article_publisher":"https:\/\/www.facebook.com\/profile.php?id=100092204902584","article_modified_time":"2026-03-11T03:35:49+00:00","og_image":[{"url":"https:\/\/tv-shadow.com\/wp-content\/uploads\/2024\/09\/how-to-avoid-freezing-in-iptv.jpg","type":"","width":"","height":""}],"twitter_card":"summary_large_image","twitter_misc":{"Dur\u00e9e de lecture estim\u00e9e":"3 minutes"},"schema":{"@context":"https:\/\/schema.org","@graph":[{"@type":"WebPage","@id":"https:\/\/tv-shadow.com\/how-to-avoid-freezing-in-iptv\/","url":"https:\/\/tv-shadow.com\/how-to-avoid-freezing-in-iptv\/","name":"Freezing IPTV Problems and How to Resolve Them - ShadowTV","isPartOf":{"@id":"https:\/\/tv-shadow.com\/#website"},"primaryImageOfPage":{"@id":"https:\/\/tv-shadow.com\/how-to-avoid-freezing-in-iptv\/#primaryimage"},"image":{"@id":"https:\/\/tv-shadow.com\/how-to-avoid-freezing-in-iptv\/#primaryimage"},"thumbnailUrl":"https:\/\/tv-shadow.com\/wp-content\/uploads\/2024\/09\/how-to-avoid-freezing-in-iptv.jpg","datePublished":"2024-09-03T01:52:07+00:00","dateModified":"2026-03-11T03:35:49+00:00","description":"Explore effective solutions for freezing IPTV. Check your internet connection and optimize your router for better performance.","breadcrumb":{"@id":"https:\/\/tv-shadow.com\/how-to-avoid-freezing-in-iptv\/#breadcrumb"},"inLanguage":"fr-FR","potentialAction":[{"@type":"ReadAction","target":["https:\/\/tv-shadow.com\/how-to-avoid-freezing-in-iptv\/"]}]},{"@type":"ImageObject","inLanguage":"fr-FR","@id":"https:\/\/tv-shadow.com\/how-to-avoid-freezing-in-iptv\/#primaryimage","url":"https:\/\/tv-shadow.com\/wp-content\/uploads\/2024\/09\/how-to-avoid-freezing-in-iptv.jpg","contentUrl":"https:\/\/tv-shadow.com\/wp-content\/uploads\/2024\/09\/how-to-avoid-freezing-in-iptv.jpg"},{"@type":"BreadcrumbList","@id":"https:\/\/tv-shadow.com\/how-to-avoid-freezing-in-iptv\/#breadcrumb","itemListElement":[{"@type":"ListItem","position":1,"name":"Home","item":"https:\/\/tv-shadow.com\/en\/"},{"@type":"ListItem","position":2,"name":"How To Avoid Freezing In IPTV"}]},{"@type":"WebSite","@id":"https:\/\/tv-shadow.com\/#website","url":"https:\/\/tv-shadow.com\/","name":"T\u00e9l\u00e9vision de l'ombre","description":"Ceci est le site officiel de SHADOW TV. SHADOW TV est le service IPTV international prim\u00e9 qui offre la t\u00e9l\u00e9vision en direct, la vid\u00e9o \u00e0 la demande, l'EPG, le PPV et bien d'autres choses encore.","publisher":{"@id":"https:\/\/tv-shadow.com\/#organization"},"alternateName":"shadow iptv","potentialAction":[{"@type":"SearchAction","target":{"@type":"EntryPoint","urlTemplate":"https:\/\/tv-shadow.com\/?s={search_term_string}"},"query-input":{"@type":"PropertyValueSpecification","valueRequired":true,"valueName":"search_term_string"}}],"inLanguage":"fr-FR"},{"@type":"Organization","@id":"https:\/\/tv-shadow.com\/#organization","name":"Shadow Tv","alternateName":"Tv Shadow","url":"https:\/\/tv-shadow.com\/","logo":{"@type":"ImageObject","inLanguage":"fr-FR","@id":"https:\/\/tv-shadow.com\/#\/schema\/logo\/image\/","url":"https:\/\/tv-shadow.com\/wp-content\/uploads\/2023\/11\/SHADOW-LOGO.jpeg","contentUrl":"https:\/\/tv-shadow.com\/wp-content\/uploads\/2023\/11\/SHADOW-LOGO.jpeg","width":640,"height":640,"caption":"Shadow Tv"},"image":{"@id":"https:\/\/tv-shadow.com\/#\/schema\/logo\/image\/"},"sameAs":["https:\/\/www.facebook.com\/profile.php?id=100092204902584","https:\/\/mastodon.social\/@shadowtviptv"],"publishingPrinciples":"https:\/\/tv-shadow.com\/terms-of-service\/","ownershipFundingInfo":"https:\/\/tv-shadow.com\/terms-of-service\/","actionableFeedbackPolicy":"https:\/\/tv-shadow.com\/terms-of-service\/","correctionsPolicy":"https:\/\/tv-shadow.com\/refund_returns\/","ethicsPolicy":"https:\/\/tv-shadow.com\/refund_returns\/"}]}},"_links":{"self":[{"href":"https:\/\/tv-shadow.com\/fr\/wp-json\/wp\/v2\/pages\/3997","targetHints":{"allow":["GET"]}}],"collection":[{"href":"https:\/\/tv-shadow.com\/fr\/wp-json\/wp\/v2\/pages"}],"about":[{"href":"https:\/\/tv-shadow.com\/fr\/wp-json\/wp\/v2\/types\/page"}],"author":[{"embeddable":true,"href":"https:\/\/tv-shadow.com\/fr\/wp-json\/wp\/v2\/users\/7"}],"replies":[{"embeddable":true,"href":"https:\/\/tv-shadow.com\/fr\/wp-json\/wp\/v2\/comments?post=3997"}],"version-history":[{"count":17,"href":"https:\/\/tv-shadow.com\/fr\/wp-json\/wp\/v2\/pages\/3997\/revisions"}],"predecessor-version":[{"id":4536,"href":"https:\/\/tv-shadow.com\/fr\/wp-json\/wp\/v2\/pages\/3997\/revisions\/4536"}],"wp:attachment":[{"href":"https:\/\/tv-shadow.com\/fr\/wp-json\/wp\/v2\/media?parent=3997"}],"curies":[{"name":"wp","href":"https:\/\/api.w.org\/{rel}","templated":true}]}}