{"id":9,"date":"2023-08-04T00:07:59","date_gmt":"2023-08-03T23:07:59","guid":{"rendered":"https:\/\/tv-shadow.com\/?page_id=9"},"modified":"2026-03-11T03:43:04","modified_gmt":"2026-03-11T03:43:04","slug":"remboursements","status":"publish","type":"page","link":"https:\/\/tv-shadow.com\/fr\/refund_returns\/","title":{"rendered":"Politique de remboursement et de retour"},"content":{"rendered":"<p>Si, pour quelque raison que ce soit, vous n'\u00eates pas enti\u00e8rement satisfait de votre achat, nous vous invitons \u00e0 prendre connaissance de notre politique de remboursement et de retour. Cette politique de retour et de remboursement a \u00e9t\u00e9 \u00e9labor\u00e9e avec l'aide de la\u00a0<a href=\"https:\/\/tv-shadow.com\/fr\/\">https:\/\/tv-shadow.com\/<\/a>\u00a0avocat.<\/p>\n\n\n\n<h4 class=\"wp-block-heading\" id=\"h-don-t-dispute-before-asking-customer-support-you-may-lost-both-money-and-service-we-don-t-offer-refunds-if-you-make-a-dispute-your-money-will-stuck-and-don-t-forget-that-your-satisfaction-is-our-priority\"><strong>Ne contestez pas avant d'avoir demand\u00e9 l'aide du service client\u00e8le, vous risquez de perdre \u00e0 la fois l'argent et le service. Nous n'offrons pas de remboursement en cas de litige. Votre argent restera bloqu\u00e9 et N'OUBLIEZ PAS QUE VOTRE SATISFACTION EST NOTRE PRIORIT\u00c9.<\/strong><\/h4>\n\n\n\n<p><strong><br>Politique de remboursement :<br><br><\/strong>Nous croyons en nos produits 100%. Nous faisons de notre mieux chaque jour pour vous rendre heureux et mettre un sourire sur votre visage en utilisant notre service, mais nous comprenons que nos plans d'abonnement IPTV ne peuvent pas fonctionner parfaitement pour tout le monde tout le temps. Si vous n'\u00eates pas satisfait de votre achat ou si vous avez un probl\u00e8me que nous ne pouvons pas r\u00e9soudre et qui rend le syst\u00e8me inutilisable, nous sommes plus qu'heureux de vous rembourser.<br><br><strong>Comment faire une demande de remboursement ?<br><br><\/strong>Veuillez noter le num\u00e9ro de commande de votre transaction et l'objet : \"Demande de remboursement\" et d\u00e9crivez dans votre e-mail les probl\u00e8mes que vous rencontrez et la raison de cette demande. Pour certaines raisons, vous devez nous envoyer des \u00e9preuves et nous vous enverrons \u00e9galement des \u00e9preuves de notre travail et des choses que nous avons remarqu\u00e9es et que nous devons vous montrer afin d'expliquer notre point de vue et notre d\u00e9cision de mani\u00e8re plus d\u00e9taill\u00e9e et plus transparente.<br><br><strong>Conditions :<br><br><\/strong>Veuillez comprendre et accepter que nous ne pouvons pas effectuer de remboursement en raison de probl\u00e8mes techniques, \u00e0 moins que vous ne nous permettiez d'essayer de les r\u00e9soudre de mani\u00e8re ad\u00e9quate et de vous aider. Si nous ne parvenons pas \u00e0 r\u00e9soudre votre probl\u00e8me dans les 48 heures, nous vous rembourserons int\u00e9gralement. N'h\u00e9sitez pas \u00e0 contacter notre service d'assistance en direct 24\/7 \u00e0 tout moment si vous avez besoin d'aide.<br>Les remboursements ne peuvent \u00eatre effectu\u00e9s que dans les 72 heures suivant la date d'achat. Apr\u00e8s 72 heures, aucun remboursement ne peut \u00eatre effectu\u00e9.<br>Si vous avez pay\u00e9 par carte de cr\u00e9dit, les remboursements sont g\u00e9n\u00e9ralement trait\u00e9s et les fonds sont revers\u00e9s sur la carte de d\u00e9bit du compte bancaire du client dans un d\u00e9lai de 3 \u00e0 7 jours ouvrables.<br>Toutefois, dans certains cas, le traitement d'un remboursement peut prendre plus de temps, jusqu'\u00e0 30 jours. Nous ne sommes pas responsables de ces d\u00e9lais et de ces retards. Nous ne sommes pas le fournisseur de paiement, mais seulement le fournisseur de services IPTV.<br>Nous ne rembourserons int\u00e9gralement que les achats effectu\u00e9s en moins de 72 heures. Toutes les autres demandes de remboursement seront partiellement rembours\u00e9es en fonction de la p\u00e9riode d'utilisation de l'abonnement. L'\u00e9quipe de ShadowTV contactera les utilisateurs dans tous les cas de remboursement.<br><strong>Remarque :&nbsp;<\/strong>Chaque remboursement prend g\u00e9n\u00e9ralement de 3 \u00e0 10 jours ouvrables et il n'est pas de notre ressort de r\u00e9duire ce d\u00e9lai. Nos processeurs de paiement s'occuperont des demandes de remboursement. Nous ferons de notre mieux pour rembourser les utilisateurs imm\u00e9diatement apr\u00e8s avoir pris connaissance de la demande et v\u00e9rifi\u00e9 les informations relatives \u00e0 l'utilisateur.<\/p>\n\n\n\n<p>W<strong>Nous n'enverrons pas de remboursement ou ne ferons pas de remboursement partiel si :<\/strong><strong><br><\/strong><strong><br><\/strong><strong><br><\/strong>Le client n'\u00e9tait pas satisfait de la gamme de cha\u00eenes ou de leur performance.<br>Nous sugg\u00e9rons \u00e0 chaque client d'opter pour un&nbsp;<strong>Proc\u00e8s<\/strong>&nbsp;avant d'acheter un forfait de 3 \u00e0 12 mois.<br><strong><br><\/strong><strong><br><\/strong><strong><br><\/strong>Nous ferons de notre mieux pour vous aider \u00e0 configurer vos bo\u00eetiers, appareils, applications et syst\u00e8mes dans tous les cas de demande d'assistance. <br><br><br><strong>Si certaines cha\u00eenes se figent, se mettent en m\u00e9moire tampon ou ne fonctionnent pas de temps en temps :<\/strong><strong><br><\/strong><strong><br><\/strong><strong><br><\/strong>Bien que presque tous nos serveurs soient stables, il arrive que certains canaux se figent ou ne fonctionnent pas pour diverses raisons, mais ce n'est pas permanent. Nos ing\u00e9nieurs experts travaillent toujours pour les r\u00e9parer.<br><br><strong>La plupart du temps, ces probl\u00e8mes sont temporaires et caus\u00e9s par les raisons suivantes :<\/strong><\/p>\n\n\n\n<ul class=\"wp-block-list\">\n<li>Les fluctuations de l'internet des clients.<\/li>\n\n\n\n<li>Le probl\u00e8me de la configuration de la bo\u00eete, des applications et des clients en g\u00e9n\u00e9ral.<\/li>\n\n\n\n<li>Votre fournisseur d'acc\u00e8s a un probl\u00e8me.<\/li>\n\n\n\n<li>Le canal est d\u00e9sactiv\u00e9 du c\u00f4t\u00e9 du serveur.<\/li>\n\n\n\n<li>Le client a chang\u00e9 d'avis et a voulu se retirer\/changer de serveur.<\/li>\n\n\n\n<li>Mise \u00e0 jour\/red\u00e9marrage du serveur de notre c\u00f4t\u00e9 (performance hebdomadaire n\u00e9cessaire).<\/li>\n<\/ul>\n\n\n\n<p>Dans le cas o\u00f9 un utilisateur\/client ne peut pas regarder son plan d'abonnement IPTV pendant plus de 48 heures en raison d'un probl\u00e8me de serveur ou de tout autre probl\u00e8me caus\u00e9 par nous et notre fin, nous rembourserons compl\u00e8tement le prix du paquet ou ajouterons tout le temps perdu en plus de votre abonnement gratuitement + quelques bonus suppl\u00e9mentaires que nous pouvons n\u00e9gocier ensemble.<br><br><strong>Contactez nous<br><\/strong>Si vous avez des questions concernant notre politique de remboursement, veuillez nous contacter :<br><a href=\"https:\/\/tv-shadow.com\/fr\/nous-contacter\/\" title=\"\">soutien<\/a><\/p>","protected":false},"excerpt":{"rendered":"<p>If for any reason, You are not completely satisfied with a purchase We invite You to review our policy on refunds and returns. This Return and Refund Policy has been created with the help of the\u00a0https:\/\/tv-shadow.com\/\u00a0lawyer. Don\u2019t Dispute Before Asking Customer Support, You May Lost Both Money And Service. We Don\u2019t Offer Refunds If You &#8230; <a title=\"Politique de remboursement et de retour\" class=\"read-more\" href=\"https:\/\/tv-shadow.com\/fr\/refund_returns\/\" aria-label=\"En savoir plus sur Refund and Returns Policy\">Lire la suite<\/a><\/p>","protected":false},"author":1,"featured_media":0,"parent":0,"menu_order":0,"comment_status":"closed","ping_status":"closed","template":"elementor_header_footer","meta":{"_monsterinsights_skip_tracking":false,"_monsterinsights_sitenote_active":false,"_monsterinsights_sitenote_note":"","_monsterinsights_sitenote_category":0,"footnotes":""},"class_list":["post-9","page","type-page","status-publish"],"yoast_head":"<!-- This site is optimized with the Yoast SEO Premium plugin v27.2 (Yoast SEO v27.3) - https:\/\/yoast.com\/product\/yoast-seo-premium-wordpress\/ -->\n<title>Refund and Returns Policy - ShadowTV | Best IPTV Service<\/title>\n<meta name=\"description\" content=\"If for any reason, You are not completely satisfied with a purchase, We invite You to review our Refund and Returns policy. Check Details!\" \/>\n<meta name=\"robots\" content=\"index, follow, max-snippet:-1, max-image-preview:large, max-video-preview:-1\" \/>\n<link rel=\"canonical\" href=\"https:\/\/tv-shadow.com\/fr\/remboursements\/\" \/>\n<meta property=\"og:locale\" content=\"fr_FR\" \/>\n<meta property=\"og:type\" content=\"article\" \/>\n<meta property=\"og:title\" content=\"Refund and Returns Policy\" \/>\n<meta property=\"og:description\" content=\"If for any reason, You are not completely satisfied with a purchase, We invite You to review our Refund and Returns policy. Check Details!\" \/>\n<meta property=\"og:url\" content=\"https:\/\/tv-shadow.com\/fr\/remboursements\/\" \/>\n<meta property=\"og:site_name\" content=\"ShadowTV\" \/>\n<meta property=\"article:publisher\" content=\"https:\/\/www.facebook.com\/profile.php?id=100092204902584\" \/>\n<meta property=\"article:modified_time\" content=\"2026-03-11T03:43:04+00:00\" \/>\n<meta property=\"og:image\" content=\"https:\/\/tv-shadow.com\/wp-content\/uploads\/2023\/11\/SHADOW-LOGO.jpeg\" \/>\n\t<meta property=\"og:image:width\" content=\"640\" \/>\n\t<meta property=\"og:image:height\" content=\"640\" \/>\n\t<meta property=\"og:image:type\" content=\"image\/jpeg\" \/>\n<meta name=\"twitter:card\" content=\"summary_large_image\" \/>\n<meta name=\"twitter:label1\" content=\"Dur\u00e9e de lecture estim\u00e9e\" \/>\n\t<meta name=\"twitter:data1\" content=\"4 minutes\" \/>\n<script type=\"application\/ld+json\" class=\"yoast-schema-graph\">{\"@context\":\"https:\\\/\\\/schema.org\",\"@graph\":[{\"@type\":\"WebPage\",\"@id\":\"https:\\\/\\\/tv-shadow.com\\\/refund_returns\\\/\",\"url\":\"https:\\\/\\\/tv-shadow.com\\\/refund_returns\\\/\",\"name\":\"Refund and Returns Policy - ShadowTV | Best IPTV Service\",\"isPartOf\":{\"@id\":\"https:\\\/\\\/tv-shadow.com\\\/#website\"},\"datePublished\":\"2023-08-03T23:07:59+00:00\",\"dateModified\":\"2026-03-11T03:43:04+00:00\",\"description\":\"If for any reason, You are not completely satisfied with a purchase, We invite You to review our Refund and Returns policy. Check Details!\",\"breadcrumb\":{\"@id\":\"https:\\\/\\\/tv-shadow.com\\\/refund_returns\\\/#breadcrumb\"},\"inLanguage\":\"fr-FR\",\"potentialAction\":[{\"@type\":\"ReadAction\",\"target\":[\"https:\\\/\\\/tv-shadow.com\\\/refund_returns\\\/\"]}]},{\"@type\":\"BreadcrumbList\",\"@id\":\"https:\\\/\\\/tv-shadow.com\\\/refund_returns\\\/#breadcrumb\",\"itemListElement\":[{\"@type\":\"ListItem\",\"position\":1,\"name\":\"Home\",\"item\":\"https:\\\/\\\/tv-shadow.com\\\/en\\\/\"},{\"@type\":\"ListItem\",\"position\":2,\"name\":\"Refund and Returns Policy\"}]},{\"@type\":\"WebSite\",\"@id\":\"https:\\\/\\\/tv-shadow.com\\\/#website\",\"url\":\"https:\\\/\\\/tv-shadow.com\\\/\",\"name\":\"Shadow tv\",\"description\":\"This is the official site of SHADOW TV. SHADOW TV is the award-winning international IPTV service offering over Live TV, VOD, EPG PPV many more.\",\"publisher\":{\"@id\":\"https:\\\/\\\/tv-shadow.com\\\/#organization\"},\"alternateName\":\"shadow iptv\",\"potentialAction\":[{\"@type\":\"SearchAction\",\"target\":{\"@type\":\"EntryPoint\",\"urlTemplate\":\"https:\\\/\\\/tv-shadow.com\\\/?s={search_term_string}\"},\"query-input\":{\"@type\":\"PropertyValueSpecification\",\"valueRequired\":true,\"valueName\":\"search_term_string\"}}],\"inLanguage\":\"fr-FR\"},{\"@type\":\"Organization\",\"@id\":\"https:\\\/\\\/tv-shadow.com\\\/#organization\",\"name\":\"Shadow Tv\",\"alternateName\":\"Tv Shadow\",\"url\":\"https:\\\/\\\/tv-shadow.com\\\/\",\"logo\":{\"@type\":\"ImageObject\",\"inLanguage\":\"fr-FR\",\"@id\":\"https:\\\/\\\/tv-shadow.com\\\/#\\\/schema\\\/logo\\\/image\\\/\",\"url\":\"https:\\\/\\\/tv-shadow.com\\\/wp-content\\\/uploads\\\/2023\\\/11\\\/SHADOW-LOGO.jpeg\",\"contentUrl\":\"https:\\\/\\\/tv-shadow.com\\\/wp-content\\\/uploads\\\/2023\\\/11\\\/SHADOW-LOGO.jpeg\",\"width\":640,\"height\":640,\"caption\":\"Shadow Tv\"},\"image\":{\"@id\":\"https:\\\/\\\/tv-shadow.com\\\/#\\\/schema\\\/logo\\\/image\\\/\"},\"sameAs\":[\"https:\\\/\\\/www.facebook.com\\\/profile.php?id=100092204902584\",\"https:\\\/\\\/mastodon.social\\\/@shadowtviptv\"],\"publishingPrinciples\":\"https:\\\/\\\/tv-shadow.com\\\/terms-of-service\\\/\",\"ownershipFundingInfo\":\"https:\\\/\\\/tv-shadow.com\\\/terms-of-service\\\/\",\"actionableFeedbackPolicy\":\"https:\\\/\\\/tv-shadow.com\\\/terms-of-service\\\/\",\"correctionsPolicy\":\"https:\\\/\\\/tv-shadow.com\\\/refund_returns\\\/\",\"ethicsPolicy\":\"https:\\\/\\\/tv-shadow.com\\\/refund_returns\\\/\"}]}<\/script>\n<!-- \/ Yoast SEO Premium plugin. -->","yoast_head_json":{"title":"Politique de remboursement et de retour - ShadowTV | Meilleur service IPTV","description":"Si, pour quelque raison que ce soit, vous n'\u00eates pas enti\u00e8rement satisfait de votre achat, nous vous invitons \u00e0 consulter notre politique de remboursement et de retour. V\u00e9rifier les d\u00e9tails !","robots":{"index":"index","follow":"follow","max-snippet":"max-snippet:-1","max-image-preview":"max-image-preview:large","max-video-preview":"max-video-preview:-1"},"canonical":"https:\/\/tv-shadow.com\/fr\/remboursements\/","og_locale":"fr_FR","og_type":"article","og_title":"Refund and Returns Policy","og_description":"If for any reason, You are not completely satisfied with a purchase, We invite You to review our Refund and Returns policy. Check Details!","og_url":"https:\/\/tv-shadow.com\/fr\/remboursements\/","og_site_name":"ShadowTV","article_publisher":"https:\/\/www.facebook.com\/profile.php?id=100092204902584","article_modified_time":"2026-03-11T03:43:04+00:00","og_image":[{"width":640,"height":640,"url":"https:\/\/tv-shadow.com\/wp-content\/uploads\/2023\/11\/SHADOW-LOGO.jpeg","type":"image\/jpeg"}],"twitter_card":"summary_large_image","twitter_misc":{"Dur\u00e9e de lecture estim\u00e9e":"4 minutes"},"schema":{"@context":"https:\/\/schema.org","@graph":[{"@type":"WebPage","@id":"https:\/\/tv-shadow.com\/refund_returns\/","url":"https:\/\/tv-shadow.com\/refund_returns\/","name":"Politique de remboursement et de retour - ShadowTV | Meilleur service IPTV","isPartOf":{"@id":"https:\/\/tv-shadow.com\/#website"},"datePublished":"2023-08-03T23:07:59+00:00","dateModified":"2026-03-11T03:43:04+00:00","description":"Si, pour quelque raison que ce soit, vous n'\u00eates pas enti\u00e8rement satisfait de votre achat, nous vous invitons \u00e0 consulter notre politique de remboursement et de retour. V\u00e9rifier les d\u00e9tails !","breadcrumb":{"@id":"https:\/\/tv-shadow.com\/refund_returns\/#breadcrumb"},"inLanguage":"fr-FR","potentialAction":[{"@type":"ReadAction","target":["https:\/\/tv-shadow.com\/refund_returns\/"]}]},{"@type":"BreadcrumbList","@id":"https:\/\/tv-shadow.com\/refund_returns\/#breadcrumb","itemListElement":[{"@type":"ListItem","position":1,"name":"Home","item":"https:\/\/tv-shadow.com\/en\/"},{"@type":"ListItem","position":2,"name":"Refund and Returns Policy"}]},{"@type":"WebSite","@id":"https:\/\/tv-shadow.com\/#website","url":"https:\/\/tv-shadow.com\/","name":"T\u00e9l\u00e9vision de l'ombre","description":"Ceci est le site officiel de SHADOW TV. SHADOW TV est le service IPTV international prim\u00e9 qui offre la t\u00e9l\u00e9vision en direct, la vid\u00e9o \u00e0 la demande, l'EPG, le PPV et bien d'autres choses encore.","publisher":{"@id":"https:\/\/tv-shadow.com\/#organization"},"alternateName":"shadow iptv","potentialAction":[{"@type":"SearchAction","target":{"@type":"EntryPoint","urlTemplate":"https:\/\/tv-shadow.com\/?s={search_term_string}"},"query-input":{"@type":"PropertyValueSpecification","valueRequired":true,"valueName":"search_term_string"}}],"inLanguage":"fr-FR"},{"@type":"Organization","@id":"https:\/\/tv-shadow.com\/#organization","name":"Shadow Tv","alternateName":"Tv Shadow","url":"https:\/\/tv-shadow.com\/","logo":{"@type":"ImageObject","inLanguage":"fr-FR","@id":"https:\/\/tv-shadow.com\/#\/schema\/logo\/image\/","url":"https:\/\/tv-shadow.com\/wp-content\/uploads\/2023\/11\/SHADOW-LOGO.jpeg","contentUrl":"https:\/\/tv-shadow.com\/wp-content\/uploads\/2023\/11\/SHADOW-LOGO.jpeg","width":640,"height":640,"caption":"Shadow Tv"},"image":{"@id":"https:\/\/tv-shadow.com\/#\/schema\/logo\/image\/"},"sameAs":["https:\/\/www.facebook.com\/profile.php?id=100092204902584","https:\/\/mastodon.social\/@shadowtviptv"],"publishingPrinciples":"https:\/\/tv-shadow.com\/terms-of-service\/","ownershipFundingInfo":"https:\/\/tv-shadow.com\/terms-of-service\/","actionableFeedbackPolicy":"https:\/\/tv-shadow.com\/terms-of-service\/","correctionsPolicy":"https:\/\/tv-shadow.com\/refund_returns\/","ethicsPolicy":"https:\/\/tv-shadow.com\/refund_returns\/"}]}},"_links":{"self":[{"href":"https:\/\/tv-shadow.com\/fr\/wp-json\/wp\/v2\/pages\/9","targetHints":{"allow":["GET"]}}],"collection":[{"href":"https:\/\/tv-shadow.com\/fr\/wp-json\/wp\/v2\/pages"}],"about":[{"href":"https:\/\/tv-shadow.com\/fr\/wp-json\/wp\/v2\/types\/page"}],"author":[{"embeddable":true,"href":"https:\/\/tv-shadow.com\/fr\/wp-json\/wp\/v2\/users\/1"}],"replies":[{"embeddable":true,"href":"https:\/\/tv-shadow.com\/fr\/wp-json\/wp\/v2\/comments?post=9"}],"version-history":[{"count":9,"href":"https:\/\/tv-shadow.com\/fr\/wp-json\/wp\/v2\/pages\/9\/revisions"}],"predecessor-version":[{"id":2609,"href":"https:\/\/tv-shadow.com\/fr\/wp-json\/wp\/v2\/pages\/9\/revisions\/2609"}],"wp:attachment":[{"href":"https:\/\/tv-shadow.com\/fr\/wp-json\/wp\/v2\/media?parent=9"}],"curies":[{"name":"wp","href":"https:\/\/api.w.org\/{rel}","templated":true}]}}