{"id":19362,"date":"2026-03-17T20:54:14","date_gmt":"2026-03-17T20:54:14","guid":{"rendered":"https:\/\/tv-shadow.com\/?post_type=product&#038;p=19362"},"modified":"2026-03-17T20:55:45","modified_gmt":"2026-03-17T20:55:45","slug":"update-life-time-new-server-2026","status":"publish","type":"product","link":"https:\/\/tv-shadow.com\/fr\/product\/update-life-time-new-server-2026\/","title":{"rendered":"Update Life Time New Server 2026"},"content":{"rendered":"<ul>\n<li>Des milliers de cha\u00eenes et des services \u00e0 la demande<\/li>\n<li>Technologie antigel<\/li>\n<li>SD \/ HD \/ FULL HD \/ 4K<\/li>\n<li>UPDATED SERIES (2026)<\/li>\n<li>UPDATED MOVIES (2026)<\/li>\n<li>Assistance 24 heures sur 24, 7 jours sur 7<\/li>\n<\/ul>\n<div id=\"gtx-trans\" style=\"position: absolute; left: 36px; top: 0px;\">\n<div class=\"gtx-trans-icon\"><\/div>\n<\/div>","protected":false},"excerpt":{"rendered":"<p>Thousands of Channels &amp; On-Demand Anti-Freeze Technology SD \/ HD \/ FULL HD \/ 4K UPDATED SERIES (2026) UPDATED MOVIES (2026) Support 24h\/7<\/p>","protected":false},"featured_media":0,"template":"","meta":{"_monsterinsights_skip_tracking":false,"_monsterinsights_sitenote_active":false,"_monsterinsights_sitenote_note":"","_monsterinsights_sitenote_category":0},"product_brand":[],"product_cat":[18],"product_tag":[],"class_list":{"0":"post-19362","1":"product","2":"type-product","3":"status-publish","5":"product_cat-premium-subscriptions","7":"first","8":"instock","9":"sale","10":"sold-individually","11":"shipping-taxable","12":"purchasable","13":"product-type-simple"},"yoast_head":"<!-- This site is optimized with the Yoast SEO Premium plugin v27.3 (Yoast SEO v27.3) - https:\/\/yoast.com\/product\/yoast-seo-premium-wordpress\/ -->\n<title>Update Life Time New Server 2026 - ShadowTV<\/title>\n<meta name=\"robots\" content=\"index, follow, max-snippet:-1, max-image-preview:large, max-video-preview:-1\" \/>\n<link rel=\"canonical\" href=\"https:\/\/tv-shadow.com\/fr\/produit\/update-life-time-new-server-2026\/\" \/>\n<meta property=\"og:locale\" content=\"fr_FR\" \/>\n<meta property=\"og:type\" content=\"article\" \/>\n<meta property=\"og:title\" content=\"Update Life Time New Server 2026\" \/>\n<meta property=\"og:description\" content=\"Thousands of Channels &amp; On-Demand Anti-Freeze Technology SD \/ HD \/ FULL HD \/ 4K UPDATED SERIES (2026) UPDATED MOVIES (2026) Support 24h\/7\" \/>\n<meta property=\"og:url\" content=\"https:\/\/tv-shadow.com\/fr\/produit\/update-life-time-new-server-2026\/\" \/>\n<meta property=\"og:site_name\" content=\"ShadowTV\" \/>\n<meta property=\"article:publisher\" content=\"https:\/\/www.facebook.com\/profile.php?id=100092204902584\" \/>\n<meta property=\"article:modified_time\" content=\"2026-03-17T20:55:45+00:00\" \/>\n<meta property=\"og:image\" content=\"https:\/\/tv-shadow.com\/wp-content\/uploads\/2023\/11\/SHADOW-LOGO.jpeg\" \/>\n\t<meta property=\"og:image:width\" content=\"640\" \/>\n\t<meta property=\"og:image:height\" content=\"640\" \/>\n\t<meta property=\"og:image:type\" content=\"image\/jpeg\" \/>\n<meta name=\"twitter:card\" content=\"summary_large_image\" \/>\n<meta name=\"twitter:label1\" content=\"Dur\u00e9e de lecture estim\u00e9e\" \/>\n\t<meta name=\"twitter:data1\" content=\"1 minute\" \/>\n<script type=\"application\/ld+json\" class=\"yoast-schema-graph\">{\"@context\":\"https:\\\/\\\/schema.org\",\"@graph\":[{\"@type\":\"WebPage\",\"@id\":\"https:\\\/\\\/tv-shadow.com\\\/product\\\/update-life-time-new-server-2026\\\/\",\"url\":\"https:\\\/\\\/tv-shadow.com\\\/product\\\/update-life-time-new-server-2026\\\/\",\"name\":\"Update Life Time New Server 2026 - ShadowTV\",\"isPartOf\":{\"@id\":\"https:\\\/\\\/tv-shadow.com\\\/#website\"},\"datePublished\":\"2026-03-17T20:54:14+00:00\",\"dateModified\":\"2026-03-17T20:55:45+00:00\",\"breadcrumb\":{\"@id\":\"https:\\\/\\\/tv-shadow.com\\\/product\\\/update-life-time-new-server-2026\\\/#breadcrumb\"},\"inLanguage\":\"fr-FR\",\"potentialAction\":[{\"@type\":\"ReadAction\",\"target\":[\"https:\\\/\\\/tv-shadow.com\\\/product\\\/update-life-time-new-server-2026\\\/\"]}]},{\"@type\":\"BreadcrumbList\",\"@id\":\"https:\\\/\\\/tv-shadow.com\\\/product\\\/update-life-time-new-server-2026\\\/#breadcrumb\",\"itemListElement\":[{\"@type\":\"ListItem\",\"position\":1,\"name\":\"Home\",\"item\":\"https:\\\/\\\/tv-shadow.com\\\/en\\\/\"},{\"@type\":\"ListItem\",\"position\":2,\"name\":\"Products\",\"item\":\"https:\\\/\\\/tv-shadow.com\\\/shop\\\/\"},{\"@type\":\"ListItem\",\"position\":3,\"name\":\"Update Life Time New Server 2026\"}]},{\"@type\":\"WebSite\",\"@id\":\"https:\\\/\\\/tv-shadow.com\\\/#website\",\"url\":\"https:\\\/\\\/tv-shadow.com\\\/\",\"name\":\"Shadow tv\",\"description\":\"This is the official site of SHADOW TV. SHADOW TV is the award-winning international IPTV service offering over Live TV, VOD, EPG PPV many more.\",\"publisher\":{\"@id\":\"https:\\\/\\\/tv-shadow.com\\\/#organization\"},\"alternateName\":\"shadow iptv\",\"potentialAction\":[{\"@type\":\"SearchAction\",\"target\":{\"@type\":\"EntryPoint\",\"urlTemplate\":\"https:\\\/\\\/tv-shadow.com\\\/?s={search_term_string}\"},\"query-input\":{\"@type\":\"PropertyValueSpecification\",\"valueRequired\":true,\"valueName\":\"search_term_string\"}}],\"inLanguage\":\"fr-FR\"},{\"@type\":\"Organization\",\"@id\":\"https:\\\/\\\/tv-shadow.com\\\/#organization\",\"name\":\"Shadow Tv\",\"alternateName\":\"Tv Shadow\",\"url\":\"https:\\\/\\\/tv-shadow.com\\\/\",\"logo\":{\"@type\":\"ImageObject\",\"inLanguage\":\"fr-FR\",\"@id\":\"https:\\\/\\\/tv-shadow.com\\\/#\\\/schema\\\/logo\\\/image\\\/\",\"url\":\"https:\\\/\\\/tv-shadow.com\\\/wp-content\\\/uploads\\\/2023\\\/11\\\/SHADOW-LOGO.jpeg\",\"contentUrl\":\"https:\\\/\\\/tv-shadow.com\\\/wp-content\\\/uploads\\\/2023\\\/11\\\/SHADOW-LOGO.jpeg\",\"width\":640,\"height\":640,\"caption\":\"Shadow Tv\"},\"image\":{\"@id\":\"https:\\\/\\\/tv-shadow.com\\\/#\\\/schema\\\/logo\\\/image\\\/\"},\"sameAs\":[\"https:\\\/\\\/www.facebook.com\\\/profile.php?id=100092204902584\",\"https:\\\/\\\/mastodon.social\\\/@shadowtviptv\"],\"publishingPrinciples\":\"https:\\\/\\\/tv-shadow.com\\\/terms-of-service\\\/\",\"ownershipFundingInfo\":\"https:\\\/\\\/tv-shadow.com\\\/terms-of-service\\\/\",\"actionableFeedbackPolicy\":\"https:\\\/\\\/tv-shadow.com\\\/terms-of-service\\\/\",\"correctionsPolicy\":\"https:\\\/\\\/tv-shadow.com\\\/refund_returns\\\/\",\"ethicsPolicy\":\"https:\\\/\\\/tv-shadow.com\\\/refund_returns\\\/\"}]}<\/script>\n<!-- \/ Yoast SEO Premium plugin. -->","yoast_head_json":{"title":"Update Life Time New Server 2026 - ShadowTV","robots":{"index":"index","follow":"follow","max-snippet":"max-snippet:-1","max-image-preview":"max-image-preview:large","max-video-preview":"max-video-preview:-1"},"canonical":"https:\/\/tv-shadow.com\/fr\/produit\/update-life-time-new-server-2026\/","og_locale":"fr_FR","og_type":"article","og_title":"Update Life Time New Server 2026","og_description":"Thousands of Channels &amp; On-Demand Anti-Freeze Technology SD \/ HD \/ FULL HD \/ 4K UPDATED SERIES (2026) UPDATED MOVIES (2026) Support 24h\/7","og_url":"https:\/\/tv-shadow.com\/fr\/produit\/update-life-time-new-server-2026\/","og_site_name":"ShadowTV","article_publisher":"https:\/\/www.facebook.com\/profile.php?id=100092204902584","article_modified_time":"2026-03-17T20:55:45+00:00","og_image":[{"width":640,"height":640,"url":"https:\/\/tv-shadow.com\/wp-content\/uploads\/2023\/11\/SHADOW-LOGO.jpeg","type":"image\/jpeg"}],"twitter_card":"summary_large_image","twitter_misc":{"Dur\u00e9e de lecture estim\u00e9e":"1 minute"},"schema":{"@context":"https:\/\/schema.org","@graph":[{"@type":"WebPage","@id":"https:\/\/tv-shadow.com\/product\/update-life-time-new-server-2026\/","url":"https:\/\/tv-shadow.com\/product\/update-life-time-new-server-2026\/","name":"Update Life Time New Server 2026 - ShadowTV","isPartOf":{"@id":"https:\/\/tv-shadow.com\/#website"},"datePublished":"2026-03-17T20:54:14+00:00","dateModified":"2026-03-17T20:55:45+00:00","breadcrumb":{"@id":"https:\/\/tv-shadow.com\/product\/update-life-time-new-server-2026\/#breadcrumb"},"inLanguage":"fr-FR","potentialAction":[{"@type":"ReadAction","target":["https:\/\/tv-shadow.com\/product\/update-life-time-new-server-2026\/"]}]},{"@type":"BreadcrumbList","@id":"https:\/\/tv-shadow.com\/product\/update-life-time-new-server-2026\/#breadcrumb","itemListElement":[{"@type":"ListItem","position":1,"name":"Home","item":"https:\/\/tv-shadow.com\/en\/"},{"@type":"ListItem","position":2,"name":"Products","item":"https:\/\/tv-shadow.com\/shop\/"},{"@type":"ListItem","position":3,"name":"Update Life Time New Server 2026"}]},{"@type":"WebSite","@id":"https:\/\/tv-shadow.com\/#website","url":"https:\/\/tv-shadow.com\/","name":"T\u00e9l\u00e9vision de l'ombre","description":"Ceci est le site officiel de SHADOW TV. SHADOW TV est le service IPTV international prim\u00e9 qui offre la t\u00e9l\u00e9vision en direct, la vid\u00e9o \u00e0 la demande, l'EPG, le PPV et bien d'autres choses encore.","publisher":{"@id":"https:\/\/tv-shadow.com\/#organization"},"alternateName":"shadow iptv","potentialAction":[{"@type":"SearchAction","target":{"@type":"EntryPoint","urlTemplate":"https:\/\/tv-shadow.com\/?s={search_term_string}"},"query-input":{"@type":"PropertyValueSpecification","valueRequired":true,"valueName":"search_term_string"}}],"inLanguage":"fr-FR"},{"@type":"Organization","@id":"https:\/\/tv-shadow.com\/#organization","name":"Shadow Tv","alternateName":"Tv Shadow","url":"https:\/\/tv-shadow.com\/","logo":{"@type":"ImageObject","inLanguage":"fr-FR","@id":"https:\/\/tv-shadow.com\/#\/schema\/logo\/image\/","url":"https:\/\/tv-shadow.com\/wp-content\/uploads\/2023\/11\/SHADOW-LOGO.jpeg","contentUrl":"https:\/\/tv-shadow.com\/wp-content\/uploads\/2023\/11\/SHADOW-LOGO.jpeg","width":640,"height":640,"caption":"Shadow Tv"},"image":{"@id":"https:\/\/tv-shadow.com\/#\/schema\/logo\/image\/"},"sameAs":["https:\/\/www.facebook.com\/profile.php?id=100092204902584","https:\/\/mastodon.social\/@shadowtviptv"],"publishingPrinciples":"https:\/\/tv-shadow.com\/terms-of-service\/","ownershipFundingInfo":"https:\/\/tv-shadow.com\/terms-of-service\/","actionableFeedbackPolicy":"https:\/\/tv-shadow.com\/terms-of-service\/","correctionsPolicy":"https:\/\/tv-shadow.com\/refund_returns\/","ethicsPolicy":"https:\/\/tv-shadow.com\/refund_returns\/"}]}},"_links":{"self":[{"href":"https:\/\/tv-shadow.com\/fr\/wp-json\/wp\/v2\/product\/19362","targetHints":{"allow":["GET"]}}],"collection":[{"href":"https:\/\/tv-shadow.com\/fr\/wp-json\/wp\/v2\/product"}],"about":[{"href":"https:\/\/tv-shadow.com\/fr\/wp-json\/wp\/v2\/types\/product"}],"wp:attachment":[{"href":"https:\/\/tv-shadow.com\/fr\/wp-json\/wp\/v2\/media?parent=19362"}],"wp:term":[{"taxonomy":"product_brand","embeddable":true,"href":"https:\/\/tv-shadow.com\/fr\/wp-json\/wp\/v2\/product_brand?post=19362"},{"taxonomy":"product_cat","embeddable":true,"href":"https:\/\/tv-shadow.com\/fr\/wp-json\/wp\/v2\/product_cat?post=19362"},{"taxonomy":"product_tag","embeddable":true,"href":"https:\/\/tv-shadow.com\/fr\/wp-json\/wp\/v2\/product_tag?post=19362"}],"curies":[{"name":"wp","href":"https:\/\/api.w.org\/{rel}","templated":true}]}}