{"id":3948,"date":"2024-08-31T20:31:30","date_gmt":"2024-08-31T19:31:30","guid":{"rendered":"http:\/\/tv-shadow.com\/?post_type=product&#038;p=3948"},"modified":"2026-04-17T19:50:53","modified_gmt":"2026-04-17T18:50:53","slug":"24-mois-dabonnement-a-shadow-tv","status":"publish","type":"product","link":"https:\/\/tv-shadow.com\/fr\/product\/24-months-shadow-tv-subscription\/","title":{"rendered":"24 mois d'abonnement \u00e0 Shadow TV"},"content":{"rendered":"<ul>\n<li>Des milliers de cha\u00eenes et des services \u00e0 la demande<\/li>\n<li>Technologie antigel<\/li>\n<li>SD \/ HD \/ FULL HD \/ 4K<\/li>\n<li>UPDATED SERIES (2026)<\/li>\n<li>UPDATED MOVIES (2026)<\/li>\n<li>Assistance 24 heures sur 24, 7 jours sur 7<\/li>\n<\/ul>","protected":false},"excerpt":{"rendered":"<div data-elementor-type=\"container\" data-elementor-id=\"20470\" class=\"elementor elementor-20470\" data-elementor-post-type=\"elementor_library\">\n<div class=\"elementor-element elementor-element-377539c e-flex e-con-boxed e-con e-parent\" data-id=\"377539c\" data-element_type=\"container\" data-e-type=\"container\">\n<div class=\"e-con-inner\">\n<div class=\"elementor-element elementor-element-4ee3027 elementor-icon-list--layout-traditional elementor-list-item-link-full_width elementor-widget elementor-widget-icon-list\" data-id=\"4ee3027\" data-element_type=\"widget\" data-e-type=\"widget\" data-widget_type=\"icon-list.default\">\n<div class=\"elementor-widget-container\">\n<ul class=\"elementor-icon-list-items\">\n<li class=\"elementor-icon-list-item\">\n\t\t\t\t\t\t\t\t\t\t<span class=\"elementor-icon-list-text\">\ud83d\udce1 No More Buffering<\/span>\n\t\t\t\t\t\t\t\t\t<\/li>\n<li class=\"elementor-icon-list-item\">\n\t\t\t\t\t\t\t\t\t\t<span class=\"elementor-icon-list-text\">\ud83d\udda5\ufe0f Ultra HD &amp; 4K Quality<\/span>\n\t\t\t\t\t\t\t\t\t<\/li>\n<li class=\"elementor-icon-list-item\">\n\t\t\t\t\t\t\t\t\t\t<span class=\"elementor-icon-list-text\">\ud83c\udfac All Premium Channels<\/span>\n\t\t\t\t\t\t\t\t\t<\/li>\n<li class=\"elementor-icon-list-item\">\n\t\t\t\t\t\t\t\t\t\t<span class=\"elementor-icon-list-text\">\ud83d\udd12 Safe, Secure &amp; Reliable<\/span>\n\t\t\t\t\t\t\t\t\t<\/li>\n<\/ul><\/div>\n<\/p><\/div>\n<\/p><\/div>\n<\/p><\/div>\n<\/p><\/div>","protected":false},"featured_media":18462,"template":"","meta":{"_monsterinsights_skip_tracking":false,"_monsterinsights_sitenote_active":false,"_monsterinsights_sitenote_note":"","_monsterinsights_sitenote_category":0},"product_brand":[],"product_cat":[18],"product_tag":[],"class_list":{"0":"post-3948","1":"product","2":"type-product","3":"status-publish","4":"has-post-thumbnail","6":"product_cat-premium-subscriptions","8":"first","9":"instock","10":"sale","11":"sold-individually","12":"shipping-taxable","13":"purchasable","14":"product-type-simple"},"yoast_head":"<!-- This site is optimized with the Yoast SEO Premium plugin v27.3 (Yoast SEO v27.4) - https:\/\/yoast.com\/product\/yoast-seo-premium-wordpress\/ -->\n<title>24 Months Shadow TV Subscription - ShadowTV<\/title>\n<meta name=\"robots\" content=\"index, follow, max-snippet:-1, max-image-preview:large, max-video-preview:-1\" \/>\n<link rel=\"canonical\" href=\"https:\/\/tv-shadow.com\/fr\/produit\/24-mois-dabonnement-a-shadow-tv\/\" \/>\n<meta property=\"og:locale\" content=\"fr_FR\" \/>\n<meta property=\"og:type\" content=\"article\" \/>\n<meta property=\"og:title\" content=\"24 Months Shadow TV Subscription\" \/>\n<meta property=\"og:url\" content=\"https:\/\/tv-shadow.com\/fr\/produit\/24-mois-dabonnement-a-shadow-tv\/\" \/>\n<meta property=\"og:site_name\" content=\"ShadowTV\" \/>\n<meta property=\"article:publisher\" content=\"https:\/\/www.facebook.com\/profile.php?id=100092204902584\" \/>\n<meta property=\"article:modified_time\" content=\"2026-04-17T18:50:53+00:00\" \/>\n<meta property=\"og:image\" content=\"https:\/\/tv-shadow.com\/wp-content\/uploads\/2024\/08\/24-MONTH-SHADOW-TV.png\" \/>\n\t<meta property=\"og:image:width\" content=\"1024\" \/>\n\t<meta property=\"og:image:height\" content=\"1024\" \/>\n\t<meta property=\"og:image:type\" content=\"image\/png\" \/>\n<meta name=\"twitter:card\" content=\"summary_large_image\" \/>\n<meta name=\"twitter:description\" content=\"[elementor-template id=&quot;20470&quot;]\" \/>\n<meta name=\"twitter:label1\" content=\"Dur\u00e9e de lecture estim\u00e9e\" \/>\n\t<meta name=\"twitter:data1\" content=\"1 minute\" \/>\n<script type=\"application\/ld+json\" class=\"yoast-schema-graph\">{\"@context\":\"https:\\\/\\\/schema.org\",\"@graph\":[{\"@type\":\"WebPage\",\"@id\":\"https:\\\/\\\/tv-shadow.com\\\/en_us\\\/product\\\/24-months-shadow-tv-subscription\\\/\",\"url\":\"https:\\\/\\\/tv-shadow.com\\\/en_us\\\/product\\\/24-months-shadow-tv-subscription\\\/\",\"name\":\"24 Months Shadow TV Subscription - ShadowTV\",\"isPartOf\":{\"@id\":\"https:\\\/\\\/tv-shadow.com\\\/pl\\\/#website\"},\"primaryImageOfPage\":{\"@id\":\"https:\\\/\\\/tv-shadow.com\\\/en_us\\\/product\\\/24-months-shadow-tv-subscription\\\/#primaryimage\"},\"image\":{\"@id\":\"https:\\\/\\\/tv-shadow.com\\\/en_us\\\/product\\\/24-months-shadow-tv-subscription\\\/#primaryimage\"},\"thumbnailUrl\":\"https:\\\/\\\/tv-shadow.com\\\/wp-content\\\/uploads\\\/2024\\\/08\\\/24-MONTH-SHADOW-TV.png\",\"datePublished\":\"2024-08-31T19:31:30+00:00\",\"dateModified\":\"2026-04-17T18:50:53+00:00\",\"breadcrumb\":{\"@id\":\"https:\\\/\\\/tv-shadow.com\\\/en_us\\\/product\\\/24-months-shadow-tv-subscription\\\/#breadcrumb\"},\"inLanguage\":\"fr-FR\",\"potentialAction\":[{\"@type\":\"ReadAction\",\"target\":[\"https:\\\/\\\/tv-shadow.com\\\/en_us\\\/product\\\/24-months-shadow-tv-subscription\\\/\"]}]},{\"@type\":\"ImageObject\",\"inLanguage\":\"fr-FR\",\"@id\":\"https:\\\/\\\/tv-shadow.com\\\/en_us\\\/product\\\/24-months-shadow-tv-subscription\\\/#primaryimage\",\"url\":\"https:\\\/\\\/tv-shadow.com\\\/wp-content\\\/uploads\\\/2024\\\/08\\\/24-MONTH-SHADOW-TV.png\",\"contentUrl\":\"https:\\\/\\\/tv-shadow.com\\\/wp-content\\\/uploads\\\/2024\\\/08\\\/24-MONTH-SHADOW-TV.png\",\"width\":1024,\"height\":1024,\"caption\":\"24 MONTH SHADOW TV\"},{\"@type\":\"BreadcrumbList\",\"@id\":\"https:\\\/\\\/tv-shadow.com\\\/en_us\\\/product\\\/24-months-shadow-tv-subscription\\\/#breadcrumb\",\"itemListElement\":[{\"@type\":\"ListItem\",\"position\":1,\"name\":\"Home\",\"item\":\"https:\\\/\\\/tv-shadow.com\\\/en\\\/\"},{\"@type\":\"ListItem\",\"position\":2,\"name\":\"Products\",\"item\":\"https:\\\/\\\/tv-shadow.com\\\/en_us\\\/shop\\\/\"},{\"@type\":\"ListItem\",\"position\":3,\"name\":\"24 Months Shadow TV Subscription\"}]},{\"@type\":\"WebSite\",\"@id\":\"https:\\\/\\\/tv-shadow.com\\\/pl\\\/#website\",\"url\":\"https:\\\/\\\/tv-shadow.com\\\/pl\\\/\",\"name\":\"Shadow tv\",\"description\":\"This is the official site of SHADOW TV. SHADOW TV is the award-winning international IPTV service offering over Live TV, VOD, EPG PPV many more.\",\"publisher\":{\"@id\":\"https:\\\/\\\/tv-shadow.com\\\/pl\\\/#organization\"},\"alternateName\":\"shadow iptv\",\"potentialAction\":[{\"@type\":\"SearchAction\",\"target\":{\"@type\":\"EntryPoint\",\"urlTemplate\":\"https:\\\/\\\/tv-shadow.com\\\/pl\\\/?s={search_term_string}\"},\"query-input\":{\"@type\":\"PropertyValueSpecification\",\"valueRequired\":true,\"valueName\":\"search_term_string\"}}],\"inLanguage\":\"fr-FR\"},{\"@type\":\"Organization\",\"@id\":\"https:\\\/\\\/tv-shadow.com\\\/pl\\\/#organization\",\"name\":\"Shadow Tv\",\"alternateName\":\"Tv Shadow\",\"url\":\"https:\\\/\\\/tv-shadow.com\\\/pl\\\/\",\"logo\":{\"@type\":\"ImageObject\",\"inLanguage\":\"fr-FR\",\"@id\":\"https:\\\/\\\/tv-shadow.com\\\/pl\\\/#\\\/schema\\\/logo\\\/image\\\/\",\"url\":\"http:\\\/\\\/tv-shadow.com\\\/wp-content\\\/uploads\\\/2023\\\/11\\\/SHADOW-LOGO.jpeg\",\"contentUrl\":\"http:\\\/\\\/tv-shadow.com\\\/wp-content\\\/uploads\\\/2023\\\/11\\\/SHADOW-LOGO.jpeg\",\"width\":640,\"height\":640,\"caption\":\"Shadow Tv\"},\"image\":{\"@id\":\"https:\\\/\\\/tv-shadow.com\\\/pl\\\/#\\\/schema\\\/logo\\\/image\\\/\"},\"sameAs\":[\"https:\\\/\\\/www.facebook.com\\\/profile.php?id=100092204902584\",\"https:\\\/\\\/mastodon.social\\\/@shadowtviptv\"],\"publishingPrinciples\":\"https:\\\/\\\/tv-shadow.com\\\/pl\\\/warunki-swiadczenia-uslug\\\/\",\"ownershipFundingInfo\":\"https:\\\/\\\/tv-shadow.com\\\/pl\\\/warunki-swiadczenia-uslug\\\/\",\"actionableFeedbackPolicy\":\"https:\\\/\\\/tv-shadow.com\\\/pl\\\/warunki-swiadczenia-uslug\\\/\",\"correctionsPolicy\":\"https:\\\/\\\/tv-shadow.com\\\/pl\\\/refund_returns\\\/\",\"ethicsPolicy\":\"https:\\\/\\\/tv-shadow.com\\\/pl\\\/refund_returns\\\/\"}]}<\/script>\n<!-- \/ Yoast SEO Premium plugin. -->","yoast_head_json":{"title":"Abonnement de 24 mois \u00e0 Shadow TV - ShadowTV","robots":{"index":"index","follow":"follow","max-snippet":"max-snippet:-1","max-image-preview":"max-image-preview:large","max-video-preview":"max-video-preview:-1"},"canonical":"https:\/\/tv-shadow.com\/fr\/produit\/24-mois-dabonnement-a-shadow-tv\/","og_locale":"fr_FR","og_type":"article","og_title":"24 Months Shadow TV Subscription","og_url":"https:\/\/tv-shadow.com\/fr\/produit\/24-mois-dabonnement-a-shadow-tv\/","og_site_name":"ShadowTV","article_publisher":"https:\/\/www.facebook.com\/profile.php?id=100092204902584","article_modified_time":"2026-04-17T18:50:53+00:00","og_image":[{"width":1024,"height":1024,"url":"https:\/\/tv-shadow.com\/wp-content\/uploads\/2024\/08\/24-MONTH-SHADOW-TV.png","type":"image\/png"}],"twitter_card":"summary_large_image","twitter_description":"[elementor-template id=\"20470\"]","twitter_misc":{"Dur\u00e9e de lecture estim\u00e9e":"1 minute"},"schema":{"@context":"https:\/\/schema.org","@graph":[{"@type":"WebPage","@id":"https:\/\/tv-shadow.com\/en_us\/product\/24-months-shadow-tv-subscription\/","url":"https:\/\/tv-shadow.com\/en_us\/product\/24-months-shadow-tv-subscription\/","name":"Abonnement de 24 mois \u00e0 Shadow TV - ShadowTV","isPartOf":{"@id":"https:\/\/tv-shadow.com\/pl\/#website"},"primaryImageOfPage":{"@id":"https:\/\/tv-shadow.com\/en_us\/product\/24-months-shadow-tv-subscription\/#primaryimage"},"image":{"@id":"https:\/\/tv-shadow.com\/en_us\/product\/24-months-shadow-tv-subscription\/#primaryimage"},"thumbnailUrl":"https:\/\/tv-shadow.com\/wp-content\/uploads\/2024\/08\/24-MONTH-SHADOW-TV.png","datePublished":"2024-08-31T19:31:30+00:00","dateModified":"2026-04-17T18:50:53+00:00","breadcrumb":{"@id":"https:\/\/tv-shadow.com\/en_us\/product\/24-months-shadow-tv-subscription\/#breadcrumb"},"inLanguage":"fr-FR","potentialAction":[{"@type":"ReadAction","target":["https:\/\/tv-shadow.com\/en_us\/product\/24-months-shadow-tv-subscription\/"]}]},{"@type":"ImageObject","inLanguage":"fr-FR","@id":"https:\/\/tv-shadow.com\/en_us\/product\/24-months-shadow-tv-subscription\/#primaryimage","url":"https:\/\/tv-shadow.com\/wp-content\/uploads\/2024\/08\/24-MONTH-SHADOW-TV.png","contentUrl":"https:\/\/tv-shadow.com\/wp-content\/uploads\/2024\/08\/24-MONTH-SHADOW-TV.png","width":1024,"height":1024,"caption":"24 MONTH SHADOW TV"},{"@type":"BreadcrumbList","@id":"https:\/\/tv-shadow.com\/en_us\/product\/24-months-shadow-tv-subscription\/#breadcrumb","itemListElement":[{"@type":"ListItem","position":1,"name":"Home","item":"https:\/\/tv-shadow.com\/en\/"},{"@type":"ListItem","position":2,"name":"Products","item":"https:\/\/tv-shadow.com\/en_us\/shop\/"},{"@type":"ListItem","position":3,"name":"24 Months Shadow TV Subscription"}]},{"@type":"WebSite","@id":"https:\/\/tv-shadow.com\/pl\/#website","url":"https:\/\/tv-shadow.com\/pl\/","name":"T\u00e9l\u00e9vision de l'ombre","description":"Ceci est le site officiel de SHADOW TV. SHADOW TV est le service IPTV international prim\u00e9 qui offre la t\u00e9l\u00e9vision en direct, la vid\u00e9o \u00e0 la demande, l'EPG, le PPV et bien d'autres choses encore.","publisher":{"@id":"https:\/\/tv-shadow.com\/pl\/#organization"},"alternateName":"shadow iptv","potentialAction":[{"@type":"SearchAction","target":{"@type":"EntryPoint","urlTemplate":"https:\/\/tv-shadow.com\/pl\/?s={search_term_string}"},"query-input":{"@type":"PropertyValueSpecification","valueRequired":true,"valueName":"search_term_string"}}],"inLanguage":"fr-FR"},{"@type":"Organization","@id":"https:\/\/tv-shadow.com\/pl\/#organization","name":"Shadow Tv","alternateName":"Tv Shadow","url":"https:\/\/tv-shadow.com\/pl\/","logo":{"@type":"ImageObject","inLanguage":"fr-FR","@id":"https:\/\/tv-shadow.com\/pl\/#\/schema\/logo\/image\/","url":"http:\/\/tv-shadow.com\/wp-content\/uploads\/2023\/11\/SHADOW-LOGO.jpeg","contentUrl":"http:\/\/tv-shadow.com\/wp-content\/uploads\/2023\/11\/SHADOW-LOGO.jpeg","width":640,"height":640,"caption":"Shadow Tv"},"image":{"@id":"https:\/\/tv-shadow.com\/pl\/#\/schema\/logo\/image\/"},"sameAs":["https:\/\/www.facebook.com\/profile.php?id=100092204902584","https:\/\/mastodon.social\/@shadowtviptv"],"publishingPrinciples":"https:\/\/tv-shadow.com\/pl\/warunki-swiadczenia-uslug\/","ownershipFundingInfo":"https:\/\/tv-shadow.com\/pl\/warunki-swiadczenia-uslug\/","actionableFeedbackPolicy":"https:\/\/tv-shadow.com\/pl\/warunki-swiadczenia-uslug\/","correctionsPolicy":"https:\/\/tv-shadow.com\/pl\/refund_returns\/","ethicsPolicy":"https:\/\/tv-shadow.com\/pl\/refund_returns\/"}]}},"_links":{"self":[{"href":"https:\/\/tv-shadow.com\/fr\/wp-json\/wp\/v2\/product\/3948","targetHints":{"allow":["GET"]}}],"collection":[{"href":"https:\/\/tv-shadow.com\/fr\/wp-json\/wp\/v2\/product"}],"about":[{"href":"https:\/\/tv-shadow.com\/fr\/wp-json\/wp\/v2\/types\/product"}],"wp:featuredmedia":[{"embeddable":true,"href":"https:\/\/tv-shadow.com\/fr\/wp-json\/wp\/v2\/media\/18462"}],"wp:attachment":[{"href":"https:\/\/tv-shadow.com\/fr\/wp-json\/wp\/v2\/media?parent=3948"}],"wp:term":[{"taxonomy":"product_brand","embeddable":true,"href":"https:\/\/tv-shadow.com\/fr\/wp-json\/wp\/v2\/product_brand?post=3948"},{"taxonomy":"product_cat","embeddable":true,"href":"https:\/\/tv-shadow.com\/fr\/wp-json\/wp\/v2\/product_cat?post=3948"},{"taxonomy":"product_tag","embeddable":true,"href":"https:\/\/tv-shadow.com\/fr\/wp-json\/wp\/v2\/product_tag?post=3948"}],"curies":[{"name":"wp","href":"https:\/\/api.w.org\/{rel}","templated":true}]}}