{"id":1939,"date":"2023-11-08T19:18:02","date_gmt":"2023-11-08T19:18:02","guid":{"rendered":"http:\/\/tv-shadow.com\/?page_id=1939"},"modified":"2024-01-13T11:09:18","modified_gmt":"2024-01-13T11:09:18","slug":"hvordan-installerer-du-iptv-pa-din-egen-tv","status":"publish","type":"page","link":"https:\/\/tv-shadow.com\/no\/how-do-you-install-iptv-on-your-own-television\/","title":{"rendered":"Hvordan installerer du IPTV p\u00e5 din egen TV?"},"content":{"rendered":"<div data-elementor-type=\"wp-page\" data-elementor-id=\"1939\" class=\"elementor elementor-1939\" data-elementor-post-type=\"page\">\n\t\t\t\t\t\t<section class=\"elementor-section elementor-top-section elementor-element elementor-element-b1aaedc elementor-section-boxed elementor-section-height-default elementor-section-height-default\" data-id=\"b1aaedc\" data-element_type=\"section\" data-e-type=\"section\">\n\t\t\t\t\t\t<div class=\"elementor-container elementor-column-gap-default\">\n\t\t\t\t\t<div class=\"elementor-column elementor-col-100 elementor-top-column elementor-element elementor-element-6c02130\" data-id=\"6c02130\" data-element_type=\"column\" data-e-type=\"column\">\n\t\t\t<div class=\"elementor-widget-wrap elementor-element-populated\">\n\t\t\t\t\t\t<div class=\"elementor-element elementor-element-f87b5a0 elementor-widget elementor-widget-image\" data-id=\"f87b5a0\" data-element_type=\"widget\" data-e-type=\"widget\" data-widget_type=\"image.default\">\n\t\t\t\t<div class=\"elementor-widget-container\">\n\t\t\t\t\t\t\t\t\t\t\t\t\t\t\t<img fetchpriority=\"high\" decoding=\"async\" width=\"800\" height=\"450\" src=\"https:\/\/tv-shadow.com\/wp-content\/uploads\/2023\/12\/iptv-smarters-pro-1024x576.webp\" class=\"attachment-large size-large wp-image-2399\" alt=\"Slik installerer du IPTV\" srcset=\"https:\/\/tv-shadow.com\/wp-content\/uploads\/2023\/12\/iptv-smarters-pro-1024x576.webp 1024w, https:\/\/tv-shadow.com\/wp-content\/uploads\/2023\/12\/iptv-smarters-pro-300x169.webp 300w, https:\/\/tv-shadow.com\/wp-content\/uploads\/2023\/12\/iptv-smarters-pro-768x432.webp 768w, https:\/\/tv-shadow.com\/wp-content\/uploads\/2023\/12\/iptv-smarters-pro-600x337.webp 600w, https:\/\/tv-shadow.com\/wp-content\/uploads\/2023\/12\/iptv-smarters-pro.webp 1533w\" sizes=\"(max-width: 800px) 100vw, 800px\" \/>\t\t\t\t\t\t\t\t\t\t\t\t\t\t\t<\/div>\n\t\t\t\t<\/div>\n\t\t\t\t<div class=\"elementor-element elementor-element-6a41706 elementor-widget elementor-widget-text-editor\" data-id=\"6a41706\" data-element_type=\"widget\" data-e-type=\"widget\" data-widget_type=\"text-editor.default\">\n\t\t\t\t<div class=\"elementor-widget-container\">\n\t\t\t\t\t\t\t\t\t<p><b>Du m\u00e5 ha bodd under en stein hvis du aldri har h\u00f8rt om IPTV eller IP-TV. Internet Protocol TeleVision har gjort enorme fremskritt i nyere tid. Stadig flere ser de enorme fordelene som er forbundet med IPTV. Det er viktig \u00e5 lese seg n\u00f8ye opp p\u00e5 IPTV f\u00f8r du tegner et abonnement, slik at du vet hvor du st\u00e5r. N\u00e5r du har gjort det, er det f\u00e5 hindringer. Du trenger faktisk bare \u00e5 <a href=\"http:\/\/tv-shadow.com\/no\/fq-guide\/\">installere IPTV<\/a> p\u00e5 TV-en din. Men hvordan gj\u00f8r man egentlig det?<\/b><\/p>\t\t\t\t\t\t\t\t<\/div>\n\t\t\t\t<\/div>\n\t\t\t\t\t<\/div>\n\t\t<\/div>\n\t\t\t\t\t<\/div>\n\t\t<\/section>\n\t\t\t\t<section class=\"elementor-section elementor-top-section elementor-element elementor-element-a051ae0 elementor-section-boxed elementor-section-height-default elementor-section-height-default\" data-id=\"a051ae0\" data-element_type=\"section\" data-e-type=\"section\">\n\t\t\t\t\t\t<div class=\"elementor-container elementor-column-gap-default\">\n\t\t\t\t\t<div class=\"elementor-column elementor-col-100 elementor-top-column elementor-element elementor-element-75a2d8c\" data-id=\"75a2d8c\" data-element_type=\"column\" data-e-type=\"column\">\n\t\t\t<div class=\"elementor-widget-wrap elementor-element-populated\">\n\t\t\t\t\t\t<div class=\"elementor-element elementor-element-a1c3ed3 elementor-widget elementor-widget-heading\" data-id=\"a1c3ed3\" data-element_type=\"widget\" data-e-type=\"widget\" data-widget_type=\"heading.default\">\n\t\t\t\t<div class=\"elementor-widget-container\">\n\t\t\t\t\t<h2 class=\"elementor-heading-title elementor-size-default\">IPTV p\u00e5 smart-TV-en din<\/h2>\t\t\t\t<\/div>\n\t\t\t\t<\/div>\n\t\t\t\t\t<\/div>\n\t\t<\/div>\n\t\t\t\t\t<\/div>\n\t\t<\/section>\n\t\t\t\t<section class=\"elementor-section elementor-top-section elementor-element elementor-element-9ad9a20 elementor-section-boxed elementor-section-height-default elementor-section-height-default\" data-id=\"9ad9a20\" data-element_type=\"section\" data-e-type=\"section\">\n\t\t\t\t\t\t<div class=\"elementor-container elementor-column-gap-default\">\n\t\t\t\t\t<div class=\"elementor-column elementor-col-100 elementor-top-column elementor-element elementor-element-091162f\" data-id=\"091162f\" data-element_type=\"column\" data-e-type=\"column\">\n\t\t\t<div class=\"elementor-widget-wrap elementor-element-populated\">\n\t\t\t\t\t\t<div class=\"elementor-element elementor-element-3360914 elementor-widget elementor-widget-text-editor\" data-id=\"3360914\" data-element_type=\"widget\" data-e-type=\"widget\" data-widget_type=\"text-editor.default\">\n\t\t\t\t<div class=\"elementor-widget-container\">\n\t\t\t\t\t\t\t\t\t<p><b>Hvis du eier en Smart TV (for eksempel fra Samsung, Philips, LG eller Panasonic), er det veldig enkelt \u00e5 installere <a href=\"http:\/\/tv-shadow.com\/no\/fq-guide\/\">IPTV<\/a> p\u00e5 Smart-TV-en din. I <a href=\"https:\/\/play.google.com\/store\/apps\">Google Play Store<\/a> (Android) kan du laste ned NET IPTV, IBO<\/b><b style=\"font-family: var( --e-global-typography-text-font-family ), Sans-serif; font-size: var( --e-global-typography-text-font-size );\">\u00a0Player Pro , eller Smart IPTV-appen. N\u00e5r dette er gjort, skal en MAC-adressekode vises p\u00e5 skjermen. Dette er en unik og personlig numerisk kode som autentiserer enheten som IPTV-abonnementet er knyttet til. Det er viktig \u00e5 vite at IPTV bare kan sees p\u00e5 denne enheten. Du m\u00e5 oppgi denne MAC-adressekoden til IPTV-leverand\u00f8ren, som b\u00f8r kunne identifisere TV-en din uten for store problemer. Deretter kan du bytte mellom alle IPTV-kanaler, serier og filmer via den nedlastede appen. N\u00e5 er det til og med mulig \u00e5 <a href=\"http:\/\/tv-shadow.com\/no\/\">Pr\u00f8v IPTV<\/a> gratis i 24 timer uten abonnement.<\/b><\/p>\t\t\t\t\t\t\t\t<\/div>\n\t\t\t\t<\/div>\n\t\t\t\t\t<\/div>\n\t\t<\/div>\n\t\t\t\t\t<\/div>\n\t\t<\/section>\n\t\t\t\t<section class=\"elementor-section elementor-top-section elementor-element elementor-element-64264c6 elementor-section-boxed elementor-section-height-default elementor-section-height-default\" data-id=\"64264c6\" data-element_type=\"section\" data-e-type=\"section\">\n\t\t\t\t\t\t<div class=\"elementor-container elementor-column-gap-default\">\n\t\t\t\t\t<div class=\"elementor-column elementor-col-100 elementor-top-column elementor-element elementor-element-0a3ed6f\" data-id=\"0a3ed6f\" data-element_type=\"column\" data-e-type=\"column\">\n\t\t\t<div class=\"elementor-widget-wrap elementor-element-populated\">\n\t\t\t\t\t\t<div class=\"elementor-element elementor-element-b65c5db elementor-widget elementor-widget-heading\" data-id=\"b65c5db\" data-element_type=\"widget\" data-e-type=\"widget\" data-widget_type=\"heading.default\">\n\t\t\t\t<div class=\"elementor-widget-container\">\n\t\t\t\t\t<h2 class=\"elementor-heading-title elementor-size-default\">IPTV uten Smart TV<\/h2>\t\t\t\t<\/div>\n\t\t\t\t<\/div>\n\t\t\t\t\t<\/div>\n\t\t<\/div>\n\t\t\t\t\t<\/div>\n\t\t<\/section>\n\t\t\t\t<section class=\"elementor-section elementor-top-section elementor-element elementor-element-0d1a3a6 elementor-section-boxed elementor-section-height-default elementor-section-height-default\" data-id=\"0d1a3a6\" data-element_type=\"section\" data-e-type=\"section\">\n\t\t\t\t\t\t<div class=\"elementor-container elementor-column-gap-default\">\n\t\t\t\t\t<div class=\"elementor-column elementor-col-100 elementor-top-column elementor-element elementor-element-472acec\" data-id=\"472acec\" data-element_type=\"column\" data-e-type=\"column\">\n\t\t\t<div class=\"elementor-widget-wrap elementor-element-populated\">\n\t\t\t\t\t\t<div class=\"elementor-element elementor-element-0158409 elementor-widget elementor-widget-text-editor\" data-id=\"0158409\" data-element_type=\"widget\" data-e-type=\"widget\" data-widget_type=\"text-editor.default\">\n\t\t\t\t<div class=\"elementor-widget-container\">\n\t\t\t\t\t\t\t\t\t<p><b>Hvis du ikke har en smart-TV enn\u00e5, trenger du ikke \u00e5 fortvile, for du kan fortsatt motta IPTV. Det krever bare litt <a href=\"http:\/\/tv-shadow.com\/no\/fq-guide\/\">mer innsats<\/a>. Deretter kan du bestille en IPTV-boks, som m\u00e5 kobles til TV-en og internett. IPTV-boksen fungerer som en mottaker som kan konvertere internettsignalet til et TV-signal. Du f\u00e5r 3 kabler sammen med IPTV-boksen:&nbsp;<\/b><\/p>\n<p><b>- 1 HDMI-kabel, som du m\u00e5 koble til TV-en&nbsp;<\/b><\/p>\n<p><b>- 1 str\u00f8mkabel, som m\u00e5 forsyne IPTV-boksen med str\u00f8m&nbsp;<\/b><\/p>\n<p><b>- 1 internettkabel, som m\u00e5 v\u00e6re koblet til ruteren&nbsp;<\/b><\/p>\n<p><b>Etter at du har koblet til disse kablene, b\u00f8r resten v\u00e6re selvforklarende. Via IPTV-boksen kan du enkelt bytte mellom hele utvalget av kanaler og filmer. Med denne boksen og et abonnement har du tilgang til mer enn 12 000 kanaler og ca. 45 000 filmer og serier.<\/b><\/p>\t\t\t\t\t\t\t\t<\/div>\n\t\t\t\t<\/div>\n\t\t\t\t\t<\/div>\n\t\t<\/div>\n\t\t\t\t\t<\/div>\n\t\t<\/section>\n\t\t\t\t<\/div>","protected":false},"excerpt":{"rendered":"<p>You must have been living under a rock if you have never heard of IPTV or IP TV. Internet Protocol TeleVision has made enormous progress in recent times. More and more people are seeing the enormous benefits associated with IPTV. It is important to read up on IPTV carefully before taking out a subscription, so [&hellip;]<\/p>\n","protected":false},"author":1,"featured_media":0,"parent":0,"menu_order":0,"comment_status":"closed","ping_status":"closed","template":"","meta":{"_monsterinsights_skip_tracking":false,"_monsterinsights_sitenote_active":false,"_monsterinsights_sitenote_note":"","_monsterinsights_sitenote_category":0,"footnotes":""},"class_list":["post-1939","page","type-page","status-publish","hentry"],"yoast_head":"<!-- This site is optimized with the Yoast SEO Premium plugin v27.3 (Yoast SEO v27.4) - https:\/\/yoast.com\/product\/yoast-seo-premium-wordpress\/ -->\n<title>How To Install IPTV on Television - ShadowTV<\/title>\n<meta name=\"description\" content=\"If you own a Smart Tv, it is very easy to Install IPTV. Here at Shadow Tv, we are offering Best IPTV Service for Smart or Simple Tv.\" \/>\n<meta name=\"robots\" content=\"index, follow, max-snippet:-1, max-image-preview:large, max-video-preview:-1\" \/>\n<link rel=\"canonical\" href=\"https:\/\/tv-shadow.com\/no\/hvordan-installerer-du-iptv-pa-din-egen-tv\/\" \/>\n<meta property=\"og:locale\" content=\"nb_NO\" \/>\n<meta property=\"og:type\" content=\"article\" \/>\n<meta property=\"og:title\" content=\"How do you install IPTV on your own television?\" \/>\n<meta property=\"og:description\" content=\"If you own a Smart Tv, it is very easy to Install IPTV. Here at Shadow Tv, we are offering Best IPTV Service for Smart or Simple Tv.\" \/>\n<meta property=\"og:url\" content=\"https:\/\/tv-shadow.com\/no\/hvordan-installerer-du-iptv-pa-din-egen-tv\/\" \/>\n<meta property=\"og:site_name\" content=\"ShadowTV\" \/>\n<meta property=\"article:publisher\" content=\"https:\/\/www.facebook.com\/profile.php?id=100092204902584\" \/>\n<meta property=\"article:modified_time\" content=\"2024-01-13T11:09:18+00:00\" \/>\n<meta property=\"og:image\" content=\"http:\/\/tv-shadow.com\/wp-content\/uploads\/2023\/12\/iptv-smarters-pro-1024x576.webp\" \/>\n<meta name=\"twitter:card\" content=\"summary_large_image\" \/>\n<meta name=\"twitter:label1\" content=\"Ansl. lesetid\" \/>\n\t<meta name=\"twitter:data1\" content=\"2 minutter\" \/>\n<script type=\"application\/ld+json\" class=\"yoast-schema-graph\">{\"@context\":\"https:\\\/\\\/schema.org\",\"@graph\":[{\"@type\":\"WebPage\",\"@id\":\"https:\\\/\\\/tv-shadow.com\\\/da\\\/hvordan-installerer-du-iptv-pa-dit-eget-tv\\\/\",\"url\":\"https:\\\/\\\/tv-shadow.com\\\/da\\\/hvordan-installerer-du-iptv-pa-dit-eget-tv\\\/\",\"name\":\"How To Install IPTV on Television - ShadowTV\",\"isPartOf\":{\"@id\":\"https:\\\/\\\/tv-shadow.com\\\/pl\\\/#website\"},\"primaryImageOfPage\":{\"@id\":\"https:\\\/\\\/tv-shadow.com\\\/da\\\/hvordan-installerer-du-iptv-pa-dit-eget-tv\\\/#primaryimage\"},\"image\":{\"@id\":\"https:\\\/\\\/tv-shadow.com\\\/da\\\/hvordan-installerer-du-iptv-pa-dit-eget-tv\\\/#primaryimage\"},\"thumbnailUrl\":\"http:\\\/\\\/tv-shadow.com\\\/wp-content\\\/uploads\\\/2023\\\/12\\\/iptv-smarters-pro-1024x576.webp\",\"datePublished\":\"2023-11-08T19:18:02+00:00\",\"dateModified\":\"2024-01-13T11:09:18+00:00\",\"description\":\"If you own a Smart Tv, it is very easy to Install IPTV. Here at Shadow Tv, we are offering Best IPTV Service for Smart or Simple Tv.\",\"breadcrumb\":{\"@id\":\"https:\\\/\\\/tv-shadow.com\\\/da\\\/hvordan-installerer-du-iptv-pa-dit-eget-tv\\\/#breadcrumb\"},\"inLanguage\":\"nb-NO\",\"potentialAction\":[{\"@type\":\"ReadAction\",\"target\":[\"https:\\\/\\\/tv-shadow.com\\\/da\\\/hvordan-installerer-du-iptv-pa-dit-eget-tv\\\/\"]}]},{\"@type\":\"ImageObject\",\"inLanguage\":\"nb-NO\",\"@id\":\"https:\\\/\\\/tv-shadow.com\\\/da\\\/hvordan-installerer-du-iptv-pa-dit-eget-tv\\\/#primaryimage\",\"url\":\"http:\\\/\\\/tv-shadow.com\\\/wp-content\\\/uploads\\\/2023\\\/12\\\/iptv-smarters-pro-1024x576.webp\",\"contentUrl\":\"http:\\\/\\\/tv-shadow.com\\\/wp-content\\\/uploads\\\/2023\\\/12\\\/iptv-smarters-pro-1024x576.webp\"},{\"@type\":\"BreadcrumbList\",\"@id\":\"https:\\\/\\\/tv-shadow.com\\\/da\\\/hvordan-installerer-du-iptv-pa-dit-eget-tv\\\/#breadcrumb\",\"itemListElement\":[{\"@type\":\"ListItem\",\"position\":1,\"name\":\"Home\",\"item\":\"https:\\\/\\\/tv-shadow.com\\\/en\\\/\"},{\"@type\":\"ListItem\",\"position\":2,\"name\":\"How do you install IPTV on your own television?\"}]},{\"@type\":\"WebSite\",\"@id\":\"https:\\\/\\\/tv-shadow.com\\\/pl\\\/#website\",\"url\":\"https:\\\/\\\/tv-shadow.com\\\/pl\\\/\",\"name\":\"Shadow tv\",\"description\":\"This is the official site of SHADOW TV. SHADOW TV is the award-winning international IPTV service offering over Live TV, VOD, EPG PPV many more.\",\"publisher\":{\"@id\":\"https:\\\/\\\/tv-shadow.com\\\/pl\\\/#organization\"},\"alternateName\":\"shadow iptv\",\"potentialAction\":[{\"@type\":\"SearchAction\",\"target\":{\"@type\":\"EntryPoint\",\"urlTemplate\":\"https:\\\/\\\/tv-shadow.com\\\/pl\\\/?s={search_term_string}\"},\"query-input\":{\"@type\":\"PropertyValueSpecification\",\"valueRequired\":true,\"valueName\":\"search_term_string\"}}],\"inLanguage\":\"nb-NO\"},{\"@type\":\"Organization\",\"@id\":\"https:\\\/\\\/tv-shadow.com\\\/pl\\\/#organization\",\"name\":\"Shadow Tv\",\"alternateName\":\"Tv Shadow\",\"url\":\"https:\\\/\\\/tv-shadow.com\\\/pl\\\/\",\"logo\":{\"@type\":\"ImageObject\",\"inLanguage\":\"nb-NO\",\"@id\":\"https:\\\/\\\/tv-shadow.com\\\/pl\\\/#\\\/schema\\\/logo\\\/image\\\/\",\"url\":\"http:\\\/\\\/tv-shadow.com\\\/wp-content\\\/uploads\\\/2023\\\/11\\\/SHADOW-LOGO.jpeg\",\"contentUrl\":\"http:\\\/\\\/tv-shadow.com\\\/wp-content\\\/uploads\\\/2023\\\/11\\\/SHADOW-LOGO.jpeg\",\"width\":640,\"height\":640,\"caption\":\"Shadow Tv\"},\"image\":{\"@id\":\"https:\\\/\\\/tv-shadow.com\\\/pl\\\/#\\\/schema\\\/logo\\\/image\\\/\"},\"sameAs\":[\"https:\\\/\\\/www.facebook.com\\\/profile.php?id=100092204902584\",\"https:\\\/\\\/mastodon.social\\\/@shadowtviptv\"],\"publishingPrinciples\":\"https:\\\/\\\/tv-shadow.com\\\/pl\\\/warunki-swiadczenia-uslug\\\/\",\"ownershipFundingInfo\":\"https:\\\/\\\/tv-shadow.com\\\/pl\\\/warunki-swiadczenia-uslug\\\/\",\"actionableFeedbackPolicy\":\"https:\\\/\\\/tv-shadow.com\\\/pl\\\/warunki-swiadczenia-uslug\\\/\",\"correctionsPolicy\":\"https:\\\/\\\/tv-shadow.com\\\/pl\\\/refund_returns\\\/\",\"ethicsPolicy\":\"https:\\\/\\\/tv-shadow.com\\\/pl\\\/refund_returns\\\/\"}]}<\/script>\n<!-- \/ Yoast SEO Premium plugin. -->","yoast_head_json":{"title":"Slik installerer du IPTV p\u00e5 TV - ShadowTV","description":"Hvis du eier en Smart Tv, er det veldig enkelt \u00e5 installere IPTV. Her p\u00e5 Shadow Tv tilbyr vi den beste IPTV-tjenesten for Smart eller Simple Tv.","robots":{"index":"index","follow":"follow","max-snippet":"max-snippet:-1","max-image-preview":"max-image-preview:large","max-video-preview":"max-video-preview:-1"},"canonical":"https:\/\/tv-shadow.com\/no\/hvordan-installerer-du-iptv-pa-din-egen-tv\/","og_locale":"nb_NO","og_type":"article","og_title":"How do you install IPTV on your own television?","og_description":"If you own a Smart Tv, it is very easy to Install IPTV. Here at Shadow Tv, we are offering Best IPTV Service for Smart or Simple Tv.","og_url":"https:\/\/tv-shadow.com\/no\/hvordan-installerer-du-iptv-pa-din-egen-tv\/","og_site_name":"ShadowTV","article_publisher":"https:\/\/www.facebook.com\/profile.php?id=100092204902584","article_modified_time":"2024-01-13T11:09:18+00:00","og_image":[{"url":"http:\/\/tv-shadow.com\/wp-content\/uploads\/2023\/12\/iptv-smarters-pro-1024x576.webp","type":"","width":"","height":""}],"twitter_card":"summary_large_image","twitter_misc":{"Ansl. lesetid":"2 minutter"},"schema":{"@context":"https:\/\/schema.org","@graph":[{"@type":"WebPage","@id":"https:\/\/tv-shadow.com\/da\/hvordan-installerer-du-iptv-pa-dit-eget-tv\/","url":"https:\/\/tv-shadow.com\/da\/hvordan-installerer-du-iptv-pa-dit-eget-tv\/","name":"Slik installerer du IPTV p\u00e5 TV - ShadowTV","isPartOf":{"@id":"https:\/\/tv-shadow.com\/pl\/#website"},"primaryImageOfPage":{"@id":"https:\/\/tv-shadow.com\/da\/hvordan-installerer-du-iptv-pa-dit-eget-tv\/#primaryimage"},"image":{"@id":"https:\/\/tv-shadow.com\/da\/hvordan-installerer-du-iptv-pa-dit-eget-tv\/#primaryimage"},"thumbnailUrl":"http:\/\/tv-shadow.com\/wp-content\/uploads\/2023\/12\/iptv-smarters-pro-1024x576.webp","datePublished":"2023-11-08T19:18:02+00:00","dateModified":"2024-01-13T11:09:18+00:00","description":"Hvis du eier en Smart Tv, er det veldig enkelt \u00e5 installere IPTV. Her p\u00e5 Shadow Tv tilbyr vi den beste IPTV-tjenesten for Smart eller Simple Tv.","breadcrumb":{"@id":"https:\/\/tv-shadow.com\/da\/hvordan-installerer-du-iptv-pa-dit-eget-tv\/#breadcrumb"},"inLanguage":"nb-NO","potentialAction":[{"@type":"ReadAction","target":["https:\/\/tv-shadow.com\/da\/hvordan-installerer-du-iptv-pa-dit-eget-tv\/"]}]},{"@type":"ImageObject","inLanguage":"nb-NO","@id":"https:\/\/tv-shadow.com\/da\/hvordan-installerer-du-iptv-pa-dit-eget-tv\/#primaryimage","url":"http:\/\/tv-shadow.com\/wp-content\/uploads\/2023\/12\/iptv-smarters-pro-1024x576.webp","contentUrl":"http:\/\/tv-shadow.com\/wp-content\/uploads\/2023\/12\/iptv-smarters-pro-1024x576.webp"},{"@type":"BreadcrumbList","@id":"https:\/\/tv-shadow.com\/da\/hvordan-installerer-du-iptv-pa-dit-eget-tv\/#breadcrumb","itemListElement":[{"@type":"ListItem","position":1,"name":"Home","item":"https:\/\/tv-shadow.com\/en\/"},{"@type":"ListItem","position":2,"name":"How do you install IPTV on your own television?"}]},{"@type":"WebSite","@id":"https:\/\/tv-shadow.com\/pl\/#website","url":"https:\/\/tv-shadow.com\/pl\/","name":"Skygge-tv","description":"Dette er det offisielle nettstedet til SHADOW TV. SHADOW TV er den prisbel\u00f8nte internasjonale IPTV-tjenesten som tilbyr over Live TV, VOD, EPG PPV mange flere.","publisher":{"@id":"https:\/\/tv-shadow.com\/pl\/#organization"},"alternateName":"shadow iptv","potentialAction":[{"@type":"SearchAction","target":{"@type":"EntryPoint","urlTemplate":"https:\/\/tv-shadow.com\/pl\/?s={search_term_string}"},"query-input":{"@type":"PropertyValueSpecification","valueRequired":true,"valueName":"search_term_string"}}],"inLanguage":"nb-NO"},{"@type":"Organization","@id":"https:\/\/tv-shadow.com\/pl\/#organization","name":"Shadow Tv","alternateName":"Tv Shadow","url":"https:\/\/tv-shadow.com\/pl\/","logo":{"@type":"ImageObject","inLanguage":"nb-NO","@id":"https:\/\/tv-shadow.com\/pl\/#\/schema\/logo\/image\/","url":"http:\/\/tv-shadow.com\/wp-content\/uploads\/2023\/11\/SHADOW-LOGO.jpeg","contentUrl":"http:\/\/tv-shadow.com\/wp-content\/uploads\/2023\/11\/SHADOW-LOGO.jpeg","width":640,"height":640,"caption":"Shadow Tv"},"image":{"@id":"https:\/\/tv-shadow.com\/pl\/#\/schema\/logo\/image\/"},"sameAs":["https:\/\/www.facebook.com\/profile.php?id=100092204902584","https:\/\/mastodon.social\/@shadowtviptv"],"publishingPrinciples":"https:\/\/tv-shadow.com\/pl\/warunki-swiadczenia-uslug\/","ownershipFundingInfo":"https:\/\/tv-shadow.com\/pl\/warunki-swiadczenia-uslug\/","actionableFeedbackPolicy":"https:\/\/tv-shadow.com\/pl\/warunki-swiadczenia-uslug\/","correctionsPolicy":"https:\/\/tv-shadow.com\/pl\/refund_returns\/","ethicsPolicy":"https:\/\/tv-shadow.com\/pl\/refund_returns\/"}]}},"_links":{"self":[{"href":"https:\/\/tv-shadow.com\/no\/wp-json\/wp\/v2\/pages\/1939","targetHints":{"allow":["GET"]}}],"collection":[{"href":"https:\/\/tv-shadow.com\/no\/wp-json\/wp\/v2\/pages"}],"about":[{"href":"https:\/\/tv-shadow.com\/no\/wp-json\/wp\/v2\/types\/page"}],"author":[{"embeddable":true,"href":"https:\/\/tv-shadow.com\/no\/wp-json\/wp\/v2\/users\/1"}],"replies":[{"embeddable":true,"href":"https:\/\/tv-shadow.com\/no\/wp-json\/wp\/v2\/comments?post=1939"}],"version-history":[{"count":15,"href":"https:\/\/tv-shadow.com\/no\/wp-json\/wp\/v2\/pages\/1939\/revisions"}],"predecessor-version":[{"id":2592,"href":"https:\/\/tv-shadow.com\/no\/wp-json\/wp\/v2\/pages\/1939\/revisions\/2592"}],"wp:attachment":[{"href":"https:\/\/tv-shadow.com\/no\/wp-json\/wp\/v2\/media?parent=1939"}],"curies":[{"name":"wp","href":"https:\/\/api.w.org\/{rel}","templated":true}]}}