{"id":9,"date":"2023-08-04T00:07:59","date_gmt":"2023-08-03T23:07:59","guid":{"rendered":"http:\/\/tv-shadow.com\/?page_id=9"},"modified":"2026-03-11T03:43:04","modified_gmt":"2026-03-11T03:43:04","slug":"refund_returns","status":"publish","type":"page","link":"https:\/\/tv-shadow.com\/no\/refund_returns\/","title":{"rendered":"Retningslinjer for refusjon og retur"},"content":{"rendered":"<p>Hvis du av en eller annen grunn ikke er helt forn\u00f8yd med et kj\u00f8p, inviterer vi deg til \u00e5 gjennomg\u00e5 v\u00e5re retningslinjer for refusjon og retur. Disse retningslinjene for retur og refusjon er utarbeidet ved hjelp av\u00a0<a href=\"http:\/\/tv-shadow.com\/no\/\">http:\/\/tv-shadow.com\/<\/a>\u00a0advokat.<\/p>\n\n\n\n<h4 class=\"wp-block-heading\" id=\"h-don-t-dispute-before-asking-customer-support-you-may-lost-both-money-and-service-we-don-t-offer-refunds-if-you-make-a-dispute-your-money-will-stuck-and-don-t-forget-that-your-satisfaction-is-our-priority\"><strong>Ikke tvist f\u00f8r du sp\u00f8r kundest\u00f8tte, du kan miste b\u00e5de penger og service. Vi tilbyr ikke refusjon hvis du gj\u00f8r en tvist. Pengene dine vil sitte fast og IKKE Glem at DIN TILFREDSHET ER V\u00c5R PRIORITET.<\/strong><\/h4>\n\n\n\n<p><strong><br>Retningslinjer for refusjon:<br><br><\/strong>Vi tror p\u00e5 v\u00e5re produkter 100%. Vi pr\u00f8ver v\u00e5rt beste hver dag for \u00e5 gj\u00f8re deg lykkelig og sette et smil p\u00e5 ansiktet ditt ved \u00e5 bruke tjenesten v\u00e5r, men vi forst\u00e5r at v\u00e5re IPTV-abonnementsplaner ikke kan fungere perfekt for alle hele tiden. Hvis du ikke er forn\u00f8yd med kj\u00f8pet ditt, eller du har et problem som vi ikke klarer \u00e5 l\u00f8se som gj\u00f8r systemet ubrukelig, er vi mer enn glade for \u00e5 gi deg en refusjon.<br><br><strong>Hvordan kan jeg be om refusjon?<br><br><\/strong>Vennligst noter transaksjonens ordre-ID med emnet: \"Foresp\u00f8rsel om refusjon\" og beskriv i e-posten din problemene du st\u00e5r overfor og \u00e5rsaken til denne foresp\u00f8rselen. Av en eller annen grunn m\u00e5 du sende oss bevis, og vi vil ogs\u00e5 sende deg bevis p\u00e5 v\u00e5rt arbeid og ting vi legger merke til og m\u00e5 vise deg ogs\u00e5 for \u00e5 forklare v\u00e5rt synspunkt og v\u00e5r beslutning bedre i mer detalj og mer gjennomsiktig.<br><br><strong>Betingelser:<br><br><\/strong>Vi ber deg forst\u00e5 og akseptere at vi ikke kan gi refusjon p\u00e5 grunn av tekniske problemer med mindre du gir oss tilstrekkelig tid til \u00e5 pr\u00f8ve \u00e5 l\u00f8se dem og hjelpe deg. Hvis vi ikke klarer \u00e5 l\u00f8se problemet ditt innen 48 timer, vil vi gi deg full refusjon. Ta kontakt med v\u00e5r live support 24\/7 n\u00e5r som helst hvis du trenger hjelp.<br>Refusjoner kan kun utstedes innen 72 timer etter kj\u00f8psdatoen. Etter 72 timer kan ingen refusjoner behandles.<br>Hvis du har betalt med kredittkort, blir tilbakebetalingen vanligvis behandlet og pengene tilbakef\u00f8rt til debetkortet p\u00e5 kundens bankkonto innen 3 til 7 virkedager.<br>I enkelte tilfeller kan det imidlertid ta opptil 30 dager \u00e5 behandle en refusjon. Vi er ikke ansvarlige for disse tidsrammene og forsinkelsene. Vi er ikke betalingsleverand\u00f8ren, bare leverand\u00f8ren av IPTV-tjenesten.<br>Vi refunderer kun kj\u00f8p som er gjort p\u00e5 mindre enn 72 timer. Alle andre refusjonsforesp\u00f8rsler vil bli returnert delvis i henhold til en brukt periode av abonnementet. ShadowTV-teamet vil kontakte brukerne i alle refusjonssaker.<br><strong>Merk:&nbsp;<\/strong>Det tar vanligvis 3 til 10 virkedager \u00e5 f\u00e5 tilbakebetaling, og det er ikke opp til oss \u00e5 redusere denne perioden. V\u00e5re betalingsbehandlere vil ta seg av refusjonsforesp\u00f8rsler. Vi vil gj\u00f8re v\u00e5rt beste for \u00e5 refundere alle brukere umiddelbart etter at vi har sett foresp\u00f8rselen og sjekket brukerinformasjonen.<\/p>\n\n\n\n<p>W<strong>Vi vil ikke sende refusjoner eller foreta en delvis refusjon hvis:<\/strong><strong><br><\/strong><strong><br><\/strong><strong><br><\/strong>Kunden var ikke forn\u00f8yd med kanalutvalget eller ytelsen.<br>Vi foresl\u00e5r at alle kunder g\u00e5r for en&nbsp;<strong>Rettssak<\/strong>&nbsp;f\u00f8r du kj\u00f8per en 3- til 12-m\u00e5neders pakke.<br><strong><br><\/strong><strong><br><\/strong><strong><br><\/strong>Vi vil gi deg den beste st\u00f8tten vi kan for \u00e5 konfigurere boksene, enhetene, appene og systemet ditt i alle tilfeller av assistanseforesp\u00f8rsler. <br><br><br><strong>Hvis noen kanaler fryser, bufrer eller ikke fungerer noen ganger:<\/strong><strong><br><\/strong><strong><br><\/strong><strong><br><\/strong>Selv om nesten alle serverne v\u00e5re er stabile, hender det at noen kanaler fryser eller ikke fungerer av ulike \u00e5rsaker, men det er ikke permanent. V\u00e5re ekspertingeni\u00f8rer jobber alltid med \u00e5 fikse dem.<br><br><strong>Som oftest er disse problemene midlertidige og skyldes nedenst\u00e5ende \u00e5rsaker:<\/strong><\/p>\n\n\n\n<ul class=\"wp-block-list\">\n<li>Fluktuasjoner hos kundene p\u00e5 internett.<\/li>\n\n\n\n<li>Problemet med boksen\/appene\/kundeoppsettet generelt.<\/li>\n\n\n\n<li>Internettleverand\u00f8ren din har et problem.<\/li>\n\n\n\n<li>Kanalen er nede fra serversiden.<\/li>\n\n\n\n<li>Kunden ombestemte seg og \u00f8nsket \u00e5 trekke seg\/bytte mellom servere.<\/li>\n\n\n\n<li>Serveroppdatering\/omstart fra v\u00e5r side (ukentlig ytelse n\u00f8dvendig).<\/li>\n<\/ul>\n\n\n\n<p>I tilfelle en bruker \/ kunde ikke kan se IPTV-abonnementsplanen sin i 48 timer + p\u00e5 grunn av serverproblemer eller andre problemer for\u00e5rsaket av oss og v\u00e5r ende, vil vi refundere pakkeprisen fullstendig eller legge til all tapt tid p\u00e5 toppen av abonnementet ditt gratis + noen ekstra bonus vi kan forhandle sammen.<br><br><strong>Kontakt oss<br><\/strong>Hvis du har sp\u00f8rsm\u00e5l om v\u00e5re retningslinjer for refusjon, vennligst kontakt oss:<br><a href=\"http:\/\/tv-shadow.com\/no\/kontakt-oss\/\" title=\"\">st\u00f8tte<\/a><\/p>","protected":false},"excerpt":{"rendered":"<p>If for any reason, You are not completely satisfied with a purchase We invite You to review our policy on refunds and returns. This Return and Refund Policy has been created with the help of the\u00a0http:\/\/tv-shadow.com\/\u00a0lawyer. Don\u2019t Dispute Before Asking Customer Support, You May Lost Both Money And Service. We Don\u2019t Offer Refunds If You [&hellip;]<\/p>\n","protected":false},"author":1,"featured_media":0,"parent":0,"menu_order":0,"comment_status":"closed","ping_status":"closed","template":"elementor_header_footer","meta":{"_monsterinsights_skip_tracking":false,"_monsterinsights_sitenote_active":false,"_monsterinsights_sitenote_note":"","_monsterinsights_sitenote_category":0,"footnotes":""},"class_list":["post-9","page","type-page","status-publish","hentry"],"yoast_head":"<!-- This site is optimized with the Yoast SEO Premium plugin v27.3 (Yoast SEO v27.4) - https:\/\/yoast.com\/product\/yoast-seo-premium-wordpress\/ -->\n<title>Refund and Returns Policy - ShadowTV | Best IPTV Service<\/title>\n<meta name=\"description\" content=\"If for any reason, You are not completely satisfied with a purchase, We invite You to review our Refund and Returns policy. Check Details!\" \/>\n<meta name=\"robots\" content=\"index, follow, max-snippet:-1, max-image-preview:large, max-video-preview:-1\" \/>\n<link rel=\"canonical\" href=\"https:\/\/tv-shadow.com\/no\/refund_returns\/\" \/>\n<meta property=\"og:locale\" content=\"nb_NO\" \/>\n<meta property=\"og:type\" content=\"article\" \/>\n<meta property=\"og:title\" content=\"Refund and Returns Policy\" \/>\n<meta property=\"og:description\" content=\"If for any reason, You are not completely satisfied with a purchase, We invite You to review our Refund and Returns policy. Check Details!\" \/>\n<meta property=\"og:url\" content=\"https:\/\/tv-shadow.com\/no\/refund_returns\/\" \/>\n<meta property=\"og:site_name\" content=\"ShadowTV\" \/>\n<meta property=\"article:publisher\" content=\"https:\/\/www.facebook.com\/profile.php?id=100092204902584\" \/>\n<meta property=\"article:modified_time\" content=\"2026-03-11T03:43:04+00:00\" \/>\n<meta property=\"og:image\" content=\"https:\/\/tv-shadow.com\/wp-content\/uploads\/2023\/11\/SHADOW-LOGO.jpeg\" \/>\n\t<meta property=\"og:image:width\" content=\"640\" \/>\n\t<meta property=\"og:image:height\" content=\"640\" \/>\n\t<meta property=\"og:image:type\" content=\"image\/jpeg\" \/>\n<meta name=\"twitter:card\" content=\"summary_large_image\" \/>\n<meta name=\"twitter:label1\" content=\"Ansl. lesetid\" \/>\n\t<meta name=\"twitter:data1\" content=\"4 minutter\" \/>\n<script type=\"application\/ld+json\" class=\"yoast-schema-graph\">{\"@context\":\"https:\\\/\\\/schema.org\",\"@graph\":[{\"@type\":\"WebPage\",\"@id\":\"https:\\\/\\\/tv-shadow.com\\\/pl\\\/refund_returns\\\/\",\"url\":\"https:\\\/\\\/tv-shadow.com\\\/pl\\\/refund_returns\\\/\",\"name\":\"Refund and Returns Policy - ShadowTV | Best IPTV Service\",\"isPartOf\":{\"@id\":\"https:\\\/\\\/tv-shadow.com\\\/pl\\\/#website\"},\"datePublished\":\"2023-08-03T23:07:59+00:00\",\"dateModified\":\"2026-03-11T03:43:04+00:00\",\"description\":\"If for any reason, You are not completely satisfied with a purchase, We invite You to review our Refund and Returns policy. Check Details!\",\"breadcrumb\":{\"@id\":\"https:\\\/\\\/tv-shadow.com\\\/pl\\\/refund_returns\\\/#breadcrumb\"},\"inLanguage\":\"nb-NO\",\"potentialAction\":[{\"@type\":\"ReadAction\",\"target\":[\"https:\\\/\\\/tv-shadow.com\\\/pl\\\/refund_returns\\\/\"]}]},{\"@type\":\"BreadcrumbList\",\"@id\":\"https:\\\/\\\/tv-shadow.com\\\/pl\\\/refund_returns\\\/#breadcrumb\",\"itemListElement\":[{\"@type\":\"ListItem\",\"position\":1,\"name\":\"Home\",\"item\":\"https:\\\/\\\/tv-shadow.com\\\/en\\\/\"},{\"@type\":\"ListItem\",\"position\":2,\"name\":\"Refund and Returns Policy\"}]},{\"@type\":\"WebSite\",\"@id\":\"https:\\\/\\\/tv-shadow.com\\\/pl\\\/#website\",\"url\":\"https:\\\/\\\/tv-shadow.com\\\/pl\\\/\",\"name\":\"Shadow tv\",\"description\":\"This is the official site of SHADOW TV. SHADOW TV is the award-winning international IPTV service offering over Live TV, VOD, EPG PPV many more.\",\"publisher\":{\"@id\":\"https:\\\/\\\/tv-shadow.com\\\/pl\\\/#organization\"},\"alternateName\":\"shadow iptv\",\"potentialAction\":[{\"@type\":\"SearchAction\",\"target\":{\"@type\":\"EntryPoint\",\"urlTemplate\":\"https:\\\/\\\/tv-shadow.com\\\/pl\\\/?s={search_term_string}\"},\"query-input\":{\"@type\":\"PropertyValueSpecification\",\"valueRequired\":true,\"valueName\":\"search_term_string\"}}],\"inLanguage\":\"nb-NO\"},{\"@type\":\"Organization\",\"@id\":\"https:\\\/\\\/tv-shadow.com\\\/pl\\\/#organization\",\"name\":\"Shadow Tv\",\"alternateName\":\"Tv Shadow\",\"url\":\"https:\\\/\\\/tv-shadow.com\\\/pl\\\/\",\"logo\":{\"@type\":\"ImageObject\",\"inLanguage\":\"nb-NO\",\"@id\":\"https:\\\/\\\/tv-shadow.com\\\/pl\\\/#\\\/schema\\\/logo\\\/image\\\/\",\"url\":\"http:\\\/\\\/tv-shadow.com\\\/wp-content\\\/uploads\\\/2023\\\/11\\\/SHADOW-LOGO.jpeg\",\"contentUrl\":\"http:\\\/\\\/tv-shadow.com\\\/wp-content\\\/uploads\\\/2023\\\/11\\\/SHADOW-LOGO.jpeg\",\"width\":640,\"height\":640,\"caption\":\"Shadow Tv\"},\"image\":{\"@id\":\"https:\\\/\\\/tv-shadow.com\\\/pl\\\/#\\\/schema\\\/logo\\\/image\\\/\"},\"sameAs\":[\"https:\\\/\\\/www.facebook.com\\\/profile.php?id=100092204902584\",\"https:\\\/\\\/mastodon.social\\\/@shadowtviptv\"],\"publishingPrinciples\":\"https:\\\/\\\/tv-shadow.com\\\/pl\\\/warunki-swiadczenia-uslug\\\/\",\"ownershipFundingInfo\":\"https:\\\/\\\/tv-shadow.com\\\/pl\\\/warunki-swiadczenia-uslug\\\/\",\"actionableFeedbackPolicy\":\"https:\\\/\\\/tv-shadow.com\\\/pl\\\/warunki-swiadczenia-uslug\\\/\",\"correctionsPolicy\":\"https:\\\/\\\/tv-shadow.com\\\/pl\\\/refund_returns\\\/\",\"ethicsPolicy\":\"https:\\\/\\\/tv-shadow.com\\\/pl\\\/refund_returns\\\/\"}]}<\/script>\n<!-- \/ Yoast SEO Premium plugin. -->","yoast_head_json":{"title":"Refusjons- og returpolicy - ShadowTV | Beste IPTV-tjeneste","description":"Hvis du av en eller annen grunn ikke er helt forn\u00f8yd med et kj\u00f8p, inviterer vi deg til \u00e5 g\u00e5 gjennom v\u00e5re retningslinjer for refusjon og retur. Sjekk detaljer!","robots":{"index":"index","follow":"follow","max-snippet":"max-snippet:-1","max-image-preview":"max-image-preview:large","max-video-preview":"max-video-preview:-1"},"canonical":"https:\/\/tv-shadow.com\/no\/refund_returns\/","og_locale":"nb_NO","og_type":"article","og_title":"Refund and Returns Policy","og_description":"If for any reason, You are not completely satisfied with a purchase, We invite You to review our Refund and Returns policy. Check Details!","og_url":"https:\/\/tv-shadow.com\/no\/refund_returns\/","og_site_name":"ShadowTV","article_publisher":"https:\/\/www.facebook.com\/profile.php?id=100092204902584","article_modified_time":"2026-03-11T03:43:04+00:00","og_image":[{"width":640,"height":640,"url":"https:\/\/tv-shadow.com\/wp-content\/uploads\/2023\/11\/SHADOW-LOGO.jpeg","type":"image\/jpeg"}],"twitter_card":"summary_large_image","twitter_misc":{"Ansl. lesetid":"4 minutter"},"schema":{"@context":"https:\/\/schema.org","@graph":[{"@type":"WebPage","@id":"https:\/\/tv-shadow.com\/pl\/refund_returns\/","url":"https:\/\/tv-shadow.com\/pl\/refund_returns\/","name":"Refusjons- og returpolicy - ShadowTV | Beste IPTV-tjeneste","isPartOf":{"@id":"https:\/\/tv-shadow.com\/pl\/#website"},"datePublished":"2023-08-03T23:07:59+00:00","dateModified":"2026-03-11T03:43:04+00:00","description":"Hvis du av en eller annen grunn ikke er helt forn\u00f8yd med et kj\u00f8p, inviterer vi deg til \u00e5 g\u00e5 gjennom v\u00e5re retningslinjer for refusjon og retur. Sjekk detaljer!","breadcrumb":{"@id":"https:\/\/tv-shadow.com\/pl\/refund_returns\/#breadcrumb"},"inLanguage":"nb-NO","potentialAction":[{"@type":"ReadAction","target":["https:\/\/tv-shadow.com\/pl\/refund_returns\/"]}]},{"@type":"BreadcrumbList","@id":"https:\/\/tv-shadow.com\/pl\/refund_returns\/#breadcrumb","itemListElement":[{"@type":"ListItem","position":1,"name":"Home","item":"https:\/\/tv-shadow.com\/en\/"},{"@type":"ListItem","position":2,"name":"Refund and Returns Policy"}]},{"@type":"WebSite","@id":"https:\/\/tv-shadow.com\/pl\/#website","url":"https:\/\/tv-shadow.com\/pl\/","name":"Skygge-tv","description":"Dette er det offisielle nettstedet til SHADOW TV. SHADOW TV er den prisbel\u00f8nte internasjonale IPTV-tjenesten som tilbyr over Live TV, VOD, EPG PPV mange flere.","publisher":{"@id":"https:\/\/tv-shadow.com\/pl\/#organization"},"alternateName":"shadow iptv","potentialAction":[{"@type":"SearchAction","target":{"@type":"EntryPoint","urlTemplate":"https:\/\/tv-shadow.com\/pl\/?s={search_term_string}"},"query-input":{"@type":"PropertyValueSpecification","valueRequired":true,"valueName":"search_term_string"}}],"inLanguage":"nb-NO"},{"@type":"Organization","@id":"https:\/\/tv-shadow.com\/pl\/#organization","name":"Shadow Tv","alternateName":"Tv Shadow","url":"https:\/\/tv-shadow.com\/pl\/","logo":{"@type":"ImageObject","inLanguage":"nb-NO","@id":"https:\/\/tv-shadow.com\/pl\/#\/schema\/logo\/image\/","url":"http:\/\/tv-shadow.com\/wp-content\/uploads\/2023\/11\/SHADOW-LOGO.jpeg","contentUrl":"http:\/\/tv-shadow.com\/wp-content\/uploads\/2023\/11\/SHADOW-LOGO.jpeg","width":640,"height":640,"caption":"Shadow Tv"},"image":{"@id":"https:\/\/tv-shadow.com\/pl\/#\/schema\/logo\/image\/"},"sameAs":["https:\/\/www.facebook.com\/profile.php?id=100092204902584","https:\/\/mastodon.social\/@shadowtviptv"],"publishingPrinciples":"https:\/\/tv-shadow.com\/pl\/warunki-swiadczenia-uslug\/","ownershipFundingInfo":"https:\/\/tv-shadow.com\/pl\/warunki-swiadczenia-uslug\/","actionableFeedbackPolicy":"https:\/\/tv-shadow.com\/pl\/warunki-swiadczenia-uslug\/","correctionsPolicy":"https:\/\/tv-shadow.com\/pl\/refund_returns\/","ethicsPolicy":"https:\/\/tv-shadow.com\/pl\/refund_returns\/"}]}},"_links":{"self":[{"href":"https:\/\/tv-shadow.com\/no\/wp-json\/wp\/v2\/pages\/9","targetHints":{"allow":["GET"]}}],"collection":[{"href":"https:\/\/tv-shadow.com\/no\/wp-json\/wp\/v2\/pages"}],"about":[{"href":"https:\/\/tv-shadow.com\/no\/wp-json\/wp\/v2\/types\/page"}],"author":[{"embeddable":true,"href":"https:\/\/tv-shadow.com\/no\/wp-json\/wp\/v2\/users\/1"}],"replies":[{"embeddable":true,"href":"https:\/\/tv-shadow.com\/no\/wp-json\/wp\/v2\/comments?post=9"}],"version-history":[{"count":9,"href":"https:\/\/tv-shadow.com\/no\/wp-json\/wp\/v2\/pages\/9\/revisions"}],"predecessor-version":[{"id":2609,"href":"https:\/\/tv-shadow.com\/no\/wp-json\/wp\/v2\/pages\/9\/revisions\/2609"}],"wp:attachment":[{"href":"https:\/\/tv-shadow.com\/no\/wp-json\/wp\/v2\/media?parent=9"}],"curies":[{"name":"wp","href":"https:\/\/api.w.org\/{rel}","templated":true}]}}