{"id":9,"date":"2023-08-04T00:07:59","date_gmt":"2023-08-03T23:07:59","guid":{"rendered":"http:\/\/tv-shadow.com\/?page_id=9"},"modified":"2026-03-11T03:43:04","modified_gmt":"2026-03-11T03:43:04","slug":"refund_returns","status":"publish","type":"page","link":"https:\/\/tv-shadow.com\/pl\/refund_returns\/","title":{"rendered":"Polityka zwrot\u00f3w i refundacji"},"content":{"rendered":"<p>Je\u015bli z jakiegokolwiek powodu nie jeste\u015b w pe\u0142ni zadowolony z zakupu, zapraszamy do zapoznania si\u0119 z naszymi zasadami dotycz\u0105cymi zwrot\u00f3w i zwrot\u00f3w. Niniejsza Polityka zwrot\u00f3w i refundacji zosta\u0142a stworzona przy pomocy\u00a0<a href=\"http:\/\/tv-shadow.com\/pl\/\">http:\/\/tv-shadow.com\/<\/a>\u00a0prawnik.<\/p>\n\n\n\n<h4 class=\"wp-block-heading\" id=\"h-don-t-dispute-before-asking-customer-support-you-may-lost-both-money-and-service-we-don-t-offer-refunds-if-you-make-a-dispute-your-money-will-stuck-and-don-t-forget-that-your-satisfaction-is-our-priority\"><strong>Nie zg\u0142aszaj sporu przed zapytaniem obs\u0142ugi klienta, poniewa\u017c mo\u017cesz straci\u0107 zar\u00f3wno pieni\u0105dze, jak i us\u0142ug\u0119. Nie oferujemy zwrot\u00f3w pieni\u0119dzy w przypadku sporu. Twoje pieni\u0105dze zostan\u0105 zablokowane i NIE ZAPOMNIJ, \u017bE TWOJE ZADOWOLENIE JEST NASZYM PRIORYTETEM.<\/strong><\/h4>\n\n\n\n<p><strong><br>Polityka zwrot\u00f3w:<br><br><\/strong>Wierzymy w nasze produkty 100%. Ka\u017cdego dnia dok\u0142adamy wszelkich stara\u0144, aby uszcz\u0119\u015bliwi\u0107 u\u017cytkownik\u00f3w i wywo\u0142a\u0107 u\u015bmiech na ich twarzach, ale rozumiemy, \u017ce nasze plany subskrypcji IPTV nie mog\u0105 dzia\u0142a\u0107 idealnie dla wszystkich przez ca\u0142y czas. Je\u015bli nie jeste\u015b zadowolony z zakupu lub masz problem, kt\u00f3rego nie jeste\u015bmy w stanie rozwi\u0105za\u0107, co czyni system bezu\u017cytecznym, z przyjemno\u015bci\u0105 zwr\u00f3cimy Ci pieni\u0105dze.<br><br><strong>Jak z\u0142o\u017cy\u0107 wniosek o zwrot pieni\u0119dzy?<br><br><\/strong>Prosimy o zanotowanie identyfikatora zam\u00f3wienia transakcji z tematem: \"Pro\u015bba o zwrot pieni\u0119dzy\" i opisz w e-mailu problemy, z kt\u00f3rymi si\u0119 borykasz oraz pow\u00f3d tej pro\u015bby. Z jakiego\u015b powodu musisz przes\u0142a\u0107 nam dowody, a my prze\u015blemy Ci r\u00f3wnie\u017c dowody naszej pracy i rzeczy, kt\u00f3re zauwa\u017cyli\u015bmy i kt\u00f3re musimy Ci pokaza\u0107, aby lepiej wyja\u015bni\u0107 nasz punkt widzenia i nasz\u0105 decyzj\u0119 w spos\u00f3b bardziej szczeg\u00f3\u0142owy i przejrzysty.<br><br><strong>Warunki:<br><br><\/strong>Prosimy o zrozumienie i zaakceptowanie faktu, \u017ce nie mo\u017cemy zapewni\u0107 zwrotu pieni\u0119dzy z powodu problem\u00f3w technicznych, chyba \u017ce pozwolisz nam odpowiednio spr\u00f3bowa\u0107 je rozwi\u0105za\u0107 i pom\u00f3c Ci. Je\u015bli nie b\u0119dziemy w stanie rozwi\u0105za\u0107 problemu w ci\u0105gu 48 godzin, zwr\u00f3cimy pe\u0142n\u0105 kwot\u0119. Je\u015bli potrzebujesz pomocy, skontaktuj si\u0119 z naszym dzia\u0142em wsparcia 24\/7.<br>Zwroty mog\u0105 by\u0107 dokonywane wy\u0142\u0105cznie w ci\u0105gu 72 godzin od daty zakupu. Po up\u0142ywie 72 godzin zwroty nie b\u0119d\u0105 przetwarzane.<br>W przypadku p\u0142atno\u015bci kart\u0105 kredytow\u0105 zwroty s\u0105 zazwyczaj przetwarzane, a \u015brodki zwracane na kart\u0119 debetow\u0105 na koncie bankowym klienta w ci\u0105gu 3 do 7 dni roboczych.<br>Zdarzaj\u0105 si\u0119 jednak przypadki, w kt\u00f3rych przetwarzanie zwrotu trwa d\u0142u\u017cej, nawet do 30 dni. Nie ponosimy odpowiedzialno\u015bci za te ramy czasowe i op\u00f3\u017anienia. Nie jeste\u015bmy dostawc\u0105 p\u0142atno\u015bci, a jedynie dostawc\u0105 us\u0142ug IPTV.<br>Ca\u0142kowity zwrot koszt\u00f3w nast\u0105pi tylko w przypadku zakupu dokonanego w czasie kr\u00f3tszym ni\u017c 72 godziny. Wszystkie inne wnioski o zwrot pieni\u0119dzy zostan\u0105 zwr\u00f3cone cz\u0119\u015bciowo, zgodnie z wykorzystanym okresem subskrypcji. Zesp\u00f3\u0142 ShadowTV skontaktuje si\u0119 z u\u017cytkownikami we wszystkich przypadkach zwrotu pieni\u0119dzy.<br><strong>Uwaga:&nbsp;<\/strong>Ka\u017cdy zwrot pieni\u0119dzy trwa zwykle od 3 do 10 dni roboczych i nie mamy wp\u0142ywu na skr\u00f3cenie tego okresu. Nasze procesory p\u0142atno\u015bci zajm\u0105 si\u0119 wnioskami o zwrot pieni\u0119dzy. Do\u0142o\u017cymy wszelkich stara\u0144, aby zwr\u00f3ci\u0107 pieni\u0105dze u\u017cytkownikom natychmiast po otrzymaniu \u017c\u0105dania i sprawdzeniu informacji o u\u017cytkowniku.<\/p>\n\n\n\n<p>W<strong>Nie wy\u015blemy zwrotu pieni\u0119dzy ani nie dokonamy cz\u0119\u015bciowego zwrotu pieni\u0119dzy, je\u015bli<\/strong><strong><br><\/strong><strong><br><\/strong><strong><br><\/strong>Klient nie by\u0142 zadowolony z oferty kana\u0142\u00f3w lub ich wydajno\u015bci.<br>Sugerujemy, aby ka\u017cdy klient wybra\u0142&nbsp;<strong>Pr\u00f3ba<\/strong>&nbsp;przed zakupem pakietu na okres od 3 do 12 miesi\u0119cy.<br><strong><br><\/strong><strong><br><\/strong><strong><br><\/strong>Zapewnimy najlepsze wsparcie w zakresie konfiguracji skrzynek, urz\u0105dze\u0144, aplikacji i systemu we wszystkich przypadkach pr\u00f3\u015bb o pomoc. <br><br><br><strong>Je\u015bli niekt\u00f3re kana\u0142y zawieszaj\u0105 si\u0119, buforuj\u0105 lub czasami nie dzia\u0142aj\u0105:<\/strong><strong><br><\/strong><strong><br><\/strong><strong><br><\/strong>Chocia\u017c prawie wszystkie nasze serwery s\u0105 stabilne, czasami niekt\u00f3re kana\u0142y zawieszaj\u0105 si\u0119 lub nie dzia\u0142aj\u0105 z r\u00f3\u017cnych powod\u00f3w, ale nie jest to trwa\u0142e. Nasi in\u017cynierowie-eksperci zawsze pracuj\u0105 nad ich napraw\u0105.<br><br><strong>W wi\u0119kszo\u015bci przypadk\u00f3w problemy te s\u0105 tymczasowe i wynikaj\u0105 z poni\u017cszych przyczyn:<\/strong><\/p>\n\n\n\n<ul class=\"wp-block-list\">\n<li>Wahania klient\u00f3w w Internecie.<\/li>\n\n\n\n<li>Problem z pude\u0142kiem\/aplikacjami\/og\u00f3ln\u0105 konfiguracj\u0105 klienta.<\/li>\n\n\n\n<li>Tw\u00f3j dostawca us\u0142ug internetowych ma problem.<\/li>\n\n\n\n<li>Kana\u0142 nie dzia\u0142a od strony serwera.<\/li>\n\n\n\n<li>Klient zmieni\u0142 zdanie i chcia\u0142 wycofa\u0107 si\u0119 \/ zmieni\u0107 serwer.<\/li>\n\n\n\n<li>Aktualizacja\/restart serwera z naszej strony (konieczna cotygodniowa wydajno\u015b\u0107).<\/li>\n<\/ul>\n\n\n\n<p>W przypadku, gdy u\u017cytkownik\/klient nie mo\u017ce ogl\u0105da\u0107 swojego planu subskrypcji IPTV przez ponad 48 godzin z powodu awarii serwera lub innych problem\u00f3w spowodowanych przez nas lub nasz\u0105 stron\u0119, ca\u0142kowicie zwr\u00f3cimy cen\u0119 pakietu lub dodamy ca\u0142y stracony czas do subskrypcji za darmo + dodatkowy bonus, kt\u00f3ry mo\u017cemy wsp\u00f3lnie wynegocjowa\u0107.<br><br><strong>Skontaktuj si\u0119 z nami<br><\/strong>W przypadku jakichkolwiek pyta\u0144 dotycz\u0105cych naszej polityki zwrot\u00f3w prosimy o kontakt:<br><a href=\"http:\/\/tv-shadow.com\/pl\/skontaktuj-sie-z-nami\/\" title=\"\">wsparcie<\/a><\/p>","protected":false},"excerpt":{"rendered":"<p>If for any reason, You are not completely satisfied with a purchase We invite You to review our policy on refunds and returns. This Return and Refund Policy has been created with the help of the\u00a0http:\/\/tv-shadow.com\/\u00a0lawyer. Don\u2019t Dispute Before Asking Customer Support, You May Lost Both Money And Service. We Don\u2019t Offer Refunds If You [&hellip;]<\/p>\n","protected":false},"author":1,"featured_media":0,"parent":0,"menu_order":0,"comment_status":"closed","ping_status":"closed","template":"elementor_header_footer","meta":{"_monsterinsights_skip_tracking":false,"_monsterinsights_sitenote_active":false,"_monsterinsights_sitenote_note":"","_monsterinsights_sitenote_category":0,"footnotes":""},"class_list":["post-9","page","type-page","status-publish","hentry"],"yoast_head":"<!-- This site is optimized with the Yoast SEO Premium plugin v27.3 (Yoast SEO v27.4) - https:\/\/yoast.com\/product\/yoast-seo-premium-wordpress\/ -->\n<title>Refund and Returns Policy - ShadowTV | Best IPTV Service<\/title>\n<meta name=\"description\" content=\"If for any reason, You are not completely satisfied with a purchase, We invite You to review our Refund and Returns policy. Check Details!\" \/>\n<meta name=\"robots\" content=\"index, follow, max-snippet:-1, max-image-preview:large, max-video-preview:-1\" \/>\n<link rel=\"canonical\" href=\"https:\/\/tv-shadow.com\/pl\/refund_returns\/\" \/>\n<meta property=\"og:locale\" content=\"pl_PL\" \/>\n<meta property=\"og:type\" content=\"article\" \/>\n<meta property=\"og:title\" content=\"Refund and Returns Policy\" \/>\n<meta property=\"og:description\" content=\"If for any reason, You are not completely satisfied with a purchase, We invite You to review our Refund and Returns policy. Check Details!\" \/>\n<meta property=\"og:url\" content=\"https:\/\/tv-shadow.com\/pl\/refund_returns\/\" \/>\n<meta property=\"og:site_name\" content=\"ShadowTV\" \/>\n<meta property=\"article:publisher\" content=\"https:\/\/www.facebook.com\/profile.php?id=100092204902584\" \/>\n<meta property=\"article:modified_time\" content=\"2026-03-11T03:43:04+00:00\" \/>\n<meta property=\"og:image\" content=\"https:\/\/tv-shadow.com\/wp-content\/uploads\/2023\/11\/SHADOW-LOGO.jpeg\" \/>\n\t<meta property=\"og:image:width\" content=\"640\" \/>\n\t<meta property=\"og:image:height\" content=\"640\" \/>\n\t<meta property=\"og:image:type\" content=\"image\/jpeg\" \/>\n<meta name=\"twitter:card\" content=\"summary_large_image\" \/>\n<meta name=\"twitter:label1\" content=\"Szacowany czas czytania\" \/>\n\t<meta name=\"twitter:data1\" content=\"4 minuty\" \/>\n<script type=\"application\/ld+json\" class=\"yoast-schema-graph\">{\"@context\":\"https:\\\/\\\/schema.org\",\"@graph\":[{\"@type\":\"WebPage\",\"@id\":\"https:\\\/\\\/tv-shadow.com\\\/pl\\\/refund_returns\\\/\",\"url\":\"https:\\\/\\\/tv-shadow.com\\\/pl\\\/refund_returns\\\/\",\"name\":\"Refund and Returns Policy - ShadowTV | Best IPTV Service\",\"isPartOf\":{\"@id\":\"https:\\\/\\\/tv-shadow.com\\\/pl\\\/#website\"},\"datePublished\":\"2023-08-03T23:07:59+00:00\",\"dateModified\":\"2026-03-11T03:43:04+00:00\",\"description\":\"If for any reason, You are not completely satisfied with a purchase, We invite You to review our Refund and Returns policy. Check Details!\",\"breadcrumb\":{\"@id\":\"https:\\\/\\\/tv-shadow.com\\\/pl\\\/refund_returns\\\/#breadcrumb\"},\"inLanguage\":\"pl-PL\",\"potentialAction\":[{\"@type\":\"ReadAction\",\"target\":[\"https:\\\/\\\/tv-shadow.com\\\/pl\\\/refund_returns\\\/\"]}]},{\"@type\":\"BreadcrumbList\",\"@id\":\"https:\\\/\\\/tv-shadow.com\\\/pl\\\/refund_returns\\\/#breadcrumb\",\"itemListElement\":[{\"@type\":\"ListItem\",\"position\":1,\"name\":\"Home\",\"item\":\"https:\\\/\\\/tv-shadow.com\\\/en\\\/\"},{\"@type\":\"ListItem\",\"position\":2,\"name\":\"Refund and Returns Policy\"}]},{\"@type\":\"WebSite\",\"@id\":\"https:\\\/\\\/tv-shadow.com\\\/pl\\\/#website\",\"url\":\"https:\\\/\\\/tv-shadow.com\\\/pl\\\/\",\"name\":\"Shadow tv\",\"description\":\"This is the official site of SHADOW TV. SHADOW TV is the award-winning international IPTV service offering over Live TV, VOD, EPG PPV many more.\",\"publisher\":{\"@id\":\"https:\\\/\\\/tv-shadow.com\\\/pl\\\/#organization\"},\"alternateName\":\"shadow iptv\",\"potentialAction\":[{\"@type\":\"SearchAction\",\"target\":{\"@type\":\"EntryPoint\",\"urlTemplate\":\"https:\\\/\\\/tv-shadow.com\\\/pl\\\/?s={search_term_string}\"},\"query-input\":{\"@type\":\"PropertyValueSpecification\",\"valueRequired\":true,\"valueName\":\"search_term_string\"}}],\"inLanguage\":\"pl-PL\"},{\"@type\":\"Organization\",\"@id\":\"https:\\\/\\\/tv-shadow.com\\\/pl\\\/#organization\",\"name\":\"Shadow Tv\",\"alternateName\":\"Tv Shadow\",\"url\":\"https:\\\/\\\/tv-shadow.com\\\/pl\\\/\",\"logo\":{\"@type\":\"ImageObject\",\"inLanguage\":\"pl-PL\",\"@id\":\"https:\\\/\\\/tv-shadow.com\\\/pl\\\/#\\\/schema\\\/logo\\\/image\\\/\",\"url\":\"http:\\\/\\\/tv-shadow.com\\\/wp-content\\\/uploads\\\/2023\\\/11\\\/SHADOW-LOGO.jpeg\",\"contentUrl\":\"http:\\\/\\\/tv-shadow.com\\\/wp-content\\\/uploads\\\/2023\\\/11\\\/SHADOW-LOGO.jpeg\",\"width\":640,\"height\":640,\"caption\":\"Shadow Tv\"},\"image\":{\"@id\":\"https:\\\/\\\/tv-shadow.com\\\/pl\\\/#\\\/schema\\\/logo\\\/image\\\/\"},\"sameAs\":[\"https:\\\/\\\/www.facebook.com\\\/profile.php?id=100092204902584\",\"https:\\\/\\\/mastodon.social\\\/@shadowtviptv\"],\"publishingPrinciples\":\"https:\\\/\\\/tv-shadow.com\\\/pl\\\/warunki-swiadczenia-uslug\\\/\",\"ownershipFundingInfo\":\"https:\\\/\\\/tv-shadow.com\\\/pl\\\/warunki-swiadczenia-uslug\\\/\",\"actionableFeedbackPolicy\":\"https:\\\/\\\/tv-shadow.com\\\/pl\\\/warunki-swiadczenia-uslug\\\/\",\"correctionsPolicy\":\"https:\\\/\\\/tv-shadow.com\\\/pl\\\/refund_returns\\\/\",\"ethicsPolicy\":\"https:\\\/\\\/tv-shadow.com\\\/pl\\\/refund_returns\\\/\"}]}<\/script>\n<!-- \/ Yoast SEO Premium plugin. -->","yoast_head_json":{"title":"Polityka zwrot\u00f3w - ShadowTV | Najlepsza us\u0142uga IPTV","description":"Je\u015bli z jakiegokolwiek powodu nie jeste\u015b w pe\u0142ni zadowolony z zakupu, zapraszamy do zapoznania si\u0119 z nasz\u0105 polityk\u0105 zwrot\u00f3w. Sprawd\u017a szczeg\u00f3\u0142y!","robots":{"index":"index","follow":"follow","max-snippet":"max-snippet:-1","max-image-preview":"max-image-preview:large","max-video-preview":"max-video-preview:-1"},"canonical":"https:\/\/tv-shadow.com\/pl\/refund_returns\/","og_locale":"pl_PL","og_type":"article","og_title":"Refund and Returns Policy","og_description":"If for any reason, You are not completely satisfied with a purchase, We invite You to review our Refund and Returns policy. Check Details!","og_url":"https:\/\/tv-shadow.com\/pl\/refund_returns\/","og_site_name":"ShadowTV","article_publisher":"https:\/\/www.facebook.com\/profile.php?id=100092204902584","article_modified_time":"2026-03-11T03:43:04+00:00","og_image":[{"width":640,"height":640,"url":"https:\/\/tv-shadow.com\/wp-content\/uploads\/2023\/11\/SHADOW-LOGO.jpeg","type":"image\/jpeg"}],"twitter_card":"summary_large_image","twitter_misc":{"Szacowany czas czytania":"4 minuty"},"schema":{"@context":"https:\/\/schema.org","@graph":[{"@type":"WebPage","@id":"https:\/\/tv-shadow.com\/pl\/refund_returns\/","url":"https:\/\/tv-shadow.com\/pl\/refund_returns\/","name":"Polityka zwrot\u00f3w - ShadowTV | Najlepsza us\u0142uga IPTV","isPartOf":{"@id":"https:\/\/tv-shadow.com\/pl\/#website"},"datePublished":"2023-08-03T23:07:59+00:00","dateModified":"2026-03-11T03:43:04+00:00","description":"Je\u015bli z jakiegokolwiek powodu nie jeste\u015b w pe\u0142ni zadowolony z zakupu, zapraszamy do zapoznania si\u0119 z nasz\u0105 polityk\u0105 zwrot\u00f3w. Sprawd\u017a szczeg\u00f3\u0142y!","breadcrumb":{"@id":"https:\/\/tv-shadow.com\/pl\/refund_returns\/#breadcrumb"},"inLanguage":"pl-PL","potentialAction":[{"@type":"ReadAction","target":["https:\/\/tv-shadow.com\/pl\/refund_returns\/"]}]},{"@type":"BreadcrumbList","@id":"https:\/\/tv-shadow.com\/pl\/refund_returns\/#breadcrumb","itemListElement":[{"@type":"ListItem","position":1,"name":"Home","item":"https:\/\/tv-shadow.com\/en\/"},{"@type":"ListItem","position":2,"name":"Refund and Returns Policy"}]},{"@type":"WebSite","@id":"https:\/\/tv-shadow.com\/pl\/#website","url":"https:\/\/tv-shadow.com\/pl\/","name":"Shadow tv","description":"To jest oficjalna strona SHADOW TV. SHADOW TV to wielokrotnie nagradzana mi\u0119dzynarodowa us\u0142uga IPTV oferuj\u0105ca telewizj\u0119 na \u017cywo, VOD, EPG PPV i wiele innych.","publisher":{"@id":"https:\/\/tv-shadow.com\/pl\/#organization"},"alternateName":"shadow iptv","potentialAction":[{"@type":"SearchAction","target":{"@type":"EntryPoint","urlTemplate":"https:\/\/tv-shadow.com\/pl\/?s={search_term_string}"},"query-input":{"@type":"PropertyValueSpecification","valueRequired":true,"valueName":"search_term_string"}}],"inLanguage":"pl-PL"},{"@type":"Organization","@id":"https:\/\/tv-shadow.com\/pl\/#organization","name":"Shadow Tv","alternateName":"Tv Shadow","url":"https:\/\/tv-shadow.com\/pl\/","logo":{"@type":"ImageObject","inLanguage":"pl-PL","@id":"https:\/\/tv-shadow.com\/pl\/#\/schema\/logo\/image\/","url":"http:\/\/tv-shadow.com\/wp-content\/uploads\/2023\/11\/SHADOW-LOGO.jpeg","contentUrl":"http:\/\/tv-shadow.com\/wp-content\/uploads\/2023\/11\/SHADOW-LOGO.jpeg","width":640,"height":640,"caption":"Shadow Tv"},"image":{"@id":"https:\/\/tv-shadow.com\/pl\/#\/schema\/logo\/image\/"},"sameAs":["https:\/\/www.facebook.com\/profile.php?id=100092204902584","https:\/\/mastodon.social\/@shadowtviptv"],"publishingPrinciples":"https:\/\/tv-shadow.com\/pl\/warunki-swiadczenia-uslug\/","ownershipFundingInfo":"https:\/\/tv-shadow.com\/pl\/warunki-swiadczenia-uslug\/","actionableFeedbackPolicy":"https:\/\/tv-shadow.com\/pl\/warunki-swiadczenia-uslug\/","correctionsPolicy":"https:\/\/tv-shadow.com\/pl\/refund_returns\/","ethicsPolicy":"https:\/\/tv-shadow.com\/pl\/refund_returns\/"}]}},"_links":{"self":[{"href":"https:\/\/tv-shadow.com\/pl\/wp-json\/wp\/v2\/pages\/9","targetHints":{"allow":["GET"]}}],"collection":[{"href":"https:\/\/tv-shadow.com\/pl\/wp-json\/wp\/v2\/pages"}],"about":[{"href":"https:\/\/tv-shadow.com\/pl\/wp-json\/wp\/v2\/types\/page"}],"author":[{"embeddable":true,"href":"https:\/\/tv-shadow.com\/pl\/wp-json\/wp\/v2\/users\/1"}],"replies":[{"embeddable":true,"href":"https:\/\/tv-shadow.com\/pl\/wp-json\/wp\/v2\/comments?post=9"}],"version-history":[{"count":9,"href":"https:\/\/tv-shadow.com\/pl\/wp-json\/wp\/v2\/pages\/9\/revisions"}],"predecessor-version":[{"id":2609,"href":"https:\/\/tv-shadow.com\/pl\/wp-json\/wp\/v2\/pages\/9\/revisions\/2609"}],"wp:attachment":[{"href":"https:\/\/tv-shadow.com\/pl\/wp-json\/wp\/v2\/media?parent=9"}],"curies":[{"name":"wp","href":"https:\/\/api.w.org\/{rel}","templated":true}]}}