{"id":52,"date":"2026-01-17T18:17:54","date_gmt":"2026-01-17T18:17:54","guid":{"rendered":"https:\/\/wonderful-platinum-beaver.103-217-253-44.cpanel.site\/?page_id=52"},"modified":"2026-04-25T23:43:41","modified_gmt":"2026-04-25T23:43:41","slug":"contact-us","status":"publish","type":"page","link":"https:\/\/tv-shadow.com\/sq\/contact-us\/","title":{"rendered":"Na Kontaktoni"},"content":{"rendered":"<div data-elementor-type=\"wp-page\" data-elementor-id=\"52\" class=\"elementor elementor-52\" data-elementor-post-type=\"page\">\n\t\t\t\t<div class=\"has_eae_slider elementor-element elementor-element-0242e38 e-flex e-con-boxed wpr-particle-no wpr-jarallax-no wpr-parallax-no wpr-sticky-section-no wpr-equal-height-no e-con e-parent\" data-eae-slider=\"8315\" data-id=\"0242e38\" data-element_type=\"container\" data-e-type=\"container\" data-settings=\"{&quot;background_background&quot;:&quot;classic&quot;}\">\n\t\t\t\t\t<div class=\"e-con-inner\">\n\t\t<div class=\"has_eae_slider elementor-element elementor-element-87ddec3 e-con-full e-flex wpr-particle-no wpr-jarallax-no wpr-parallax-no wpr-sticky-section-no wpr-equal-height-no e-con e-child\" data-eae-slider=\"51862\" data-id=\"87ddec3\" data-element_type=\"container\" data-e-type=\"container\">\n\t\t\t\t<div class=\"elementor-element elementor-element-ab273a5 elementor-widget elementor-widget-heading\" data-id=\"ab273a5\" data-element_type=\"widget\" data-e-type=\"widget\" data-widget_type=\"heading.default\">\n\t\t\t\t\t<h4 class=\"elementor-heading-title elementor-size-default\">Na kontaktoni<\/h4>\t\t\t\t<\/div>\n\t\t\t\t<div class=\"elementor-element elementor-element-145b247 elementor-widget elementor-widget-heading\" data-id=\"145b247\" data-element_type=\"widget\" data-e-type=\"widget\" data-widget_type=\"heading.default\">\n\t\t\t\t\t<h3 class=\"elementor-heading-title elementor-size-default\">na kontaktoni <\/h3>\t\t\t\t<\/div>\n\t\t\t\t<div class=\"elementor-element elementor-element-73d1939 elementor-widget-divider--view-line_icon elementor-view-default elementor-widget-divider--element-align-center elementor-widget elementor-widget-divider\" data-id=\"73d1939\" data-element_type=\"widget\" data-e-type=\"widget\" data-widget_type=\"divider.default\">\n\t\t\t\t\t\t\t<div class=\"elementor-divider\">\n\t\t\t<span class=\"elementor-divider-separator\">\n\t\t\t\t\t\t\t<div class=\"elementor-icon elementor-divider__element\">\n\t\t\t\t\t<svg xmlns=\"http:\/\/www.w3.org\/2000\/svg\" xmlns:xlink=\"http:\/\/www.w3.org\/1999\/xlink\" id=\"Layer_1\" viewbox=\"0 0 512 512\" xml:space=\"preserve\"><polygon style=\"fill:#8AD5DD;\" points=\"0,182.024 256,333.272 0,484.568 \"><\/polygon><polygon style=\"fill:#6CB8BC;\" points=\"0,182.024 46.184,147.112 46.184,209.296 \"><\/polygon><polygon style=\"fill:#8AD5DD;\" points=\"512,182.024 256,333.272 512,484.568 \"><\/polygon><polygon style=\"fill:#6CB8BC;\" points=\"512,182.024 465.816,147.112 465.816,209.296 \"><\/polygon><polygon style=\"fill:#9ADEE2;\" points=\"256,333.272 256,333.272 256,333.272 256,333.272 256,333.272 0,484.568 256,484.568 256,484.568 512,484.568 \"><\/polygon><polygon style=\"fill:#FFFFFF;\" points=\"50.176,207.016 50.176,31.432 461.824,31.432 461.824,207.016 256,328.624 \"><\/polygon><path style=\"fill:#E0E0E0;\" d=\"M457.816,35.432v169.296L256,323.984L54.184,204.728V35.432H256H457.816 M465.816,27.432H256H46.184 v181.864L256,333.272l209.816-123.976L465.816,27.432L465.816,27.432z\"><\/path><polygon style=\"fill:#999999;\" points=\"292.048,226.568 256,263.856 219.952,226.568 231.208,215.424 256,241.072 280.792,215.424 \"><\/polygon><rect x=\"89.256\" y=\"72.176\" style=\"fill:#DB2B42;\" width=\"117.952\" height=\"99.128\"><\/rect><g> <circle style=\"fill:#FFFFFF;\" cx=\"148.24\" cy=\"101.448\" r=\"17.448\"><\/circle> <path style=\"fill:#FFFFFF;\" d=\"M147.416,159.464l-16.864-36.552c0,0-17.688,0.232-17.688,16.504s0,20.048,0,20.048 S147.536,159.464,147.416,159.464z\"><\/path> <path style=\"fill:#FFFFFF;\" d=\"M149.064,159.464l16.864-36.552c0,0,17.688,0.232,17.688,16.504s0,20.048,0,20.048 S148.952,159.464,149.064,159.464z\"><\/path> <polygon style=\"fill:#FFFFFF;\" points=\"148.24,122.912 136.096,122.912 148.24,149.792 160.384,122.912 \"><\/polygon><\/g><g> <rect x=\"236.616\" y=\"91.304\" style=\"fill:#999999;\" width=\"188.712\" height=\"10.24\"><\/rect> <rect x=\"236.616\" y=\"119.784\" style=\"fill:#999999;\" width=\"188.712\" height=\"10.24\"><\/rect> <rect x=\"236.616\" y=\"148.264\" style=\"fill:#999999;\" width=\"188.712\" height=\"10.24\"><\/rect><\/g><\/svg><\/div>\n\t\t\t\t\t\t<\/span>\n\t\t<\/div>\n\t\t\t\t\t\t<\/div>\n\t\t\t\t<div class=\"elementor-element elementor-element-57aa8c6 eael-dual-header-content-align-center elementor-widget elementor-widget-eael-dual-color-header\" data-id=\"57aa8c6\" data-element_type=\"widget\" data-e-type=\"widget\" data-widget_type=\"eael-dual-color-header.default\">\n\t\t\t\t\t\t\t\t<div class=\"eael-dual-header\">\n\t\t\t\t<h2 class=\"title eael-dch-title\"><span class=\"eael-dch-title-text eael-dch-title-lead lead solid-color\">IPTV<\/span> <span class=\"eael-dch-title-text\"> Ndihm\u00eb<\/span><\/h2>\t\t\t\t\t<span class=\"subtext\"><p>Keni pyetje n\u00eb lidhje me sh\u00ebrbimin ton\u00eb IPTV? Ekipi yn\u00eb \u00ebsht\u00eb gati t'ju ndihmoj\u00eb n\u00eb \u00e7do koh\u00eb.<\/p><\/span>\n\t\t\t\t\t\t\t<\/div>\n\n\t\t\t\t\t\t<\/div>\n\t\t\t\t<\/div>\n\t\t\t\t\t<\/div>\n\t\t\t\t<\/div>\n\t\t<div class=\"has_eae_slider elementor-element elementor-element-4d2b9db e-flex e-con-boxed wpr-particle-no wpr-jarallax-no wpr-parallax-no wpr-sticky-section-no wpr-equal-height-no e-con e-parent\" data-eae-slider=\"38566\" data-id=\"4d2b9db\" data-element_type=\"container\" data-e-type=\"container\">\n\t\t\t\t\t<div class=\"e-con-inner\">\n\t\t<div class=\"has_eae_slider elementor-element elementor-element-efefca9 e-con-full e-flex wpr-particle-no wpr-jarallax-no wpr-parallax-no wpr-sticky-section-no wpr-equal-height-no e-con e-child\" data-eae-slider=\"33125\" data-id=\"efefca9\" data-element_type=\"container\" data-e-type=\"container\">\n\t\t<div class=\"has_eae_slider elementor-element elementor-element-2d99194 e-con-full e-flex wpr-particle-no wpr-jarallax-no wpr-parallax-no wpr-sticky-section-no wpr-equal-height-no e-con e-child\" data-eae-slider=\"97031\" data-id=\"2d99194\" data-element_type=\"container\" data-e-type=\"container\" data-settings=\"{&quot;background_background&quot;:&quot;classic&quot;}\">\n\t\t<div class=\"has_eae_slider elementor-element elementor-element-27478a8 e-con-full e-flex wpr-particle-no wpr-jarallax-no wpr-parallax-no wpr-sticky-section-no wpr-equal-height-no e-con e-child\" data-eae-slider=\"20638\" data-id=\"27478a8\" data-element_type=\"container\" data-e-type=\"container\">\n\t\t\t\t<div class=\"elementor-element elementor-element-e4e7804 eael-dual-header-content-align-left elementor-widget elementor-widget-eael-dual-color-header\" data-id=\"e4e7804\" data-element_type=\"widget\" data-e-type=\"widget\" data-widget_type=\"eael-dual-color-header.default\">\n\t\t\t\t\t\t\t\t<div class=\"eael-dual-header\">\n\t\t\t\t<h2 class=\"title eael-dch-title\"><span class=\"eael-dch-title-text eael-dch-title-lead lead solid-color\">Ne jemi k\u00ebtu <\/span> <span class=\"eael-dch-title-text\">p\u00ebr t\u00eb ndihmuar<\/span><\/h2>\t\t\t\t\t<span class=\"subtext\"><p>N\u00ebse keni ndonj\u00eb pyetje shtes\u00eb, ju lutemi mos hezitoni t\u00eb na kontaktoni direkt n\u00ebp\u00ebrmjet<\/p><\/span>\n\t\t\t\t\t\t\t<\/div>\n\n\t\t\t\t\t\t<\/div>\n\t\t\t\t<div class=\"elementor-element elementor-element-e263b4a elementor-position-inline-start elementor-view-stacked elementor-shape-circle elementor-mobile-position-block-start elementor-widget elementor-widget-icon-box\" data-id=\"e263b4a\" data-element_type=\"widget\" data-e-type=\"widget\" data-widget_type=\"icon-box.default\">\n\t\t\t\t\t\t\t<div class=\"elementor-icon-box-wrapper\">\n\n\t\t\t\t\t\t<div class=\"elementor-icon-box-icon\">\n\t\t\t\t<a href=\"mailto:support@tv-shadow.com\" class=\"elementor-icon\" tabindex=\"-1\" aria-label=\"Adresa e email-it\">\n\t\t\t\t<svg xmlns=\"http:\/\/www.w3.org\/2000\/svg\" xmlns:xlink=\"http:\/\/www.w3.org\/1999\/xlink\" id=\"Layer_1\" viewbox=\"0 0 508 508\" xml:space=\"preserve\"><circle style=\"fill:#324A5E;\" cx=\"254\" cy=\"254\" r=\"254\"><\/circle><path style=\"fill:#4CDBC4;\" d=\"M432.4,170v214.4c0,8.4-6.8,15.6-15.6,15.6h-326c-8.4,0-15.6-6.8-15.6-15.6V170l169.6,121.2 c5.2,4,12.8,4,18,0L432.4,170z\"><\/path><path style=\"fill:#2C9984;\" d=\"M428,395.6c-2.8,2.8-6.4,4.4-10.8,4.4H90.8c-4.4,0-8-1.6-10.8-4.4l136-125.2l28.8,20.4 c5.2,4,12.8,4,18,0l28.8-20.4L428,395.6z\"><\/path><path style=\"fill:#E6E9EE;\" d=\"M432.4,170.4L432.4,170.4L432.4,170.4L432.4,170.4L432.4,170.4L263.2,49.2c-5.2-4-12.8-4-18,0 L75.6,170.4l0,0l0,0l0,0l0,0l169.6,121.2c5.2,4,12.8,4,18,0L432.4,170.4z\"><\/path><path style=\"fill:#FFFFFF;\" d=\"M389.2,93.6v107.6l-126,90c-5.2,4-12.8,4-18,0l-126.4-90V93.6H389.2z\"><\/path><g> <rect x=\"152.4\" y=\"119.6\" style=\"fill:#E6E9EE;\" width=\"202.8\" height=\"8.8\"><\/rect> <rect x=\"152.4\" y=\"143.6\" style=\"fill:#E6E9EE;\" width=\"202.8\" height=\"8.8\"><\/rect> <rect x=\"152.4\" y=\"167.6\" style=\"fill:#E6E9EE;\" width=\"202.8\" height=\"8.8\"><\/rect> <rect x=\"152.4\" y=\"191.2\" style=\"fill:#E6E9EE;\" width=\"126.4\" height=\"8.8\"><\/rect><\/g><\/svg>\t\t\t\t<\/a>\n\t\t\t<\/div>\n\t\t\t\n\t\t\t\t\t\t<div class=\"elementor-icon-box-content\">\n\n\t\t\t\t\t\t\t\t\t<h3 class=\"elementor-icon-box-title\">\n\t\t\t\t\t\t<a href=\"mailto:support@tv-shadow.com\" >\n\t\t\t\t\t\t\tAdresa e email-it\t\t\t\t\t\t<\/a>\n\t\t\t\t\t<\/h3>\n\t\t\t\t\n\t\t\t\t\t\t\t\t\t<p class=\"elementor-icon-box-description\">\n\t\t\t\t\t\tsupport@tv-shadow.com\t\t\t\t\t<\/p>\n\t\t\t\t\n\t\t\t<\/div>\n\t\t\t\n\t\t<\/div>\n\t\t\t\t\t\t<\/div>\n\t\t\t\t<\/div>\n\t\t<div class=\"has_eae_slider elementor-element elementor-element-634f703 e-con-full e-flex wpr-particle-no wpr-jarallax-no wpr-parallax-no wpr-sticky-section-no wpr-equal-height-no e-con e-child\" data-eae-slider=\"65124\" data-id=\"634f703\" data-element_type=\"container\" data-e-type=\"container\">\n\t\t\t\t<div class=\"elementor-element elementor-element-4597bec elementor-position-inline-start elementor-view-stacked elementor-shape-circle elementor-mobile-position-block-start elementor-widget elementor-widget-icon-box\" data-id=\"4597bec\" data-element_type=\"widget\" data-e-type=\"widget\" data-widget_type=\"icon-box.default\">\n\t\t\t\t\t\t\t<div class=\"elementor-icon-box-wrapper\">\n\n\t\t\t\t\t\t<div class=\"elementor-icon-box-icon\">\n\t\t\t\t<span  class=\"elementor-icon\">\n\t\t\t\t<i aria-hidden=\"true\" class=\"icon icon-chat\"><\/i>\t\t\t\t<\/span>\n\t\t\t<\/div>\n\t\t\t\n\t\t\t\t\t\t<div class=\"elementor-icon-box-content\">\n\n\t\t\t\t\t\t\t\t\t<h3 class=\"elementor-icon-box-title\">\n\t\t\t\t\t\t<span  >\n\t\t\t\t\t\t\tLive Chat\t\t\t\t\t\t<\/span>\n\t\t\t\t\t<\/h3>\n\t\t\t\t\n\t\t\t\t\t\t\t\t\t<p class=\"elementor-icon-box-description\">\n\t\t\t\t\t\tClick on Chat with us button to start chatting with us\t\t\t\t\t<\/p>\n\t\t\t\t\n\t\t\t<\/div>\n\t\t\t\n\t\t<\/div>\n\t\t\t\t\t\t<\/div>\n\t\t\t\t<\/div>\n\t\t<div class=\"has_eae_slider elementor-element elementor-element-7cf79b4 e-con-full e-flex wpr-particle-no wpr-jarallax-no wpr-parallax-no wpr-sticky-section-no wpr-equal-height-no e-con e-child\" data-eae-slider=\"82815\" data-id=\"7cf79b4\" data-element_type=\"container\" data-e-type=\"container\">\n\t\t\t\t<\/div>\n\t\t\t\t<\/div>\n\t\t<div class=\"has_eae_slider elementor-element elementor-element-162aa31 e-con-full e-flex wpr-particle-no wpr-jarallax-no wpr-parallax-no wpr-sticky-section-no wpr-equal-height-no e-con e-child\" data-eae-slider=\"58180\" data-id=\"162aa31\" data-element_type=\"container\" data-e-type=\"container\" data-settings=\"{&quot;background_background&quot;:&quot;classic&quot;}\">\n\t\t\t\t<div class=\"elementor-element elementor-element-10053bf elementor-widget elementor-widget-elementskit-contact-form7\" data-id=\"10053bf\" data-element_type=\"widget\" data-e-type=\"widget\" data-widget_type=\"elementskit-contact-form7.default\">\n\t\t\t\t\t<div class=\"ekit-wid-con\" ><div class=\"ekit-form\">\n<div class=\"wpcf7 no-js\" id=\"wpcf7-f10-p52-o1\" lang=\"en-US\" dir=\"ltr\" data-wpcf7-id=\"10\">\n<div class=\"screen-reader-response\"><p role=\"status\" aria-live=\"polite\" aria-atomic=\"true\"><\/p> <ul><\/ul><\/div>\n<form action=\"\/sq\/contact-us\/#wpcf7-f10-p52-o1\" method=\"post\" class=\"wpcf7-form init\" aria-label=\"Kontaktformular\" novalidate=\"novalidate\" data-status=\"init\" data-no-translation-aria-label=\"\" data-trp-original-action=\"\/de\/contact-us\/#wpcf7-f10-p52-o1\">\n<fieldset class=\"hidden-fields-container\"><input type=\"hidden\" name=\"_wpcf7\" value=\"10\" \/><input type=\"hidden\" name=\"_wpcf7_version\" value=\"6.1.5\" \/><input type=\"hidden\" name=\"_wpcf7_locale\" value=\"en_US\" \/><input type=\"hidden\" name=\"_wpcf7_unit_tag\" value=\"wpcf7-f10-p52-o1\" \/><input type=\"hidden\" name=\"_wpcf7_container_post\" value=\"52\" \/><input type=\"hidden\" name=\"_wpcf7_posted_data_hash\" value=\"\" \/>\n<\/fieldset>\n<p><label> Emri juaj<br \/>\n<span class=\"wpcf7-form-control-wrap\" data-name=\"your-name\"><input size=\"40\" maxlength=\"400\" class=\"wpcf7-form-control wpcf7-text wpcf7-validates-as-required\" autocomplete=\"name\" aria-required=\"true\" aria-invalid=\"false\" value=\"\" type=\"text\" name=\"your-name\" \/><\/span> <\/label>\n<\/p>\n<p><label> Email-i juaj<br \/>\n<span class=\"wpcf7-form-control-wrap\" data-name=\"your-email\"><input size=\"40\" maxlength=\"400\" class=\"wpcf7-form-control wpcf7-email wpcf7-validates-as-required wpcf7-text wpcf7-validates-as-email\" autocomplete=\"email\" aria-required=\"true\" aria-invalid=\"false\" value=\"\" type=\"email\" name=\"your-email\" \/><\/span> <\/label>\n<\/p>\n<p><label> Subjekti<br \/>\n<span class=\"wpcf7-form-control-wrap\" data-name=\"your-subject\"><input size=\"40\" maxlength=\"400\" class=\"wpcf7-form-control wpcf7-text wpcf7-validates-as-required\" aria-required=\"true\" aria-invalid=\"false\" value=\"\" type=\"text\" name=\"your-subject\" \/><\/span> <\/label>\n<\/p>\n<p><label> Mesazhi juaj (opsional)<br \/>\n<span class=\"wpcf7-form-control-wrap\" data-name=\"your-message\"><textarea cols=\"40\" rows=\"10\" maxlength=\"2000\" class=\"wpcf7-form-control wpcf7-textarea\" aria-invalid=\"false\" name=\"your-message\"><\/textarea><\/span> <\/label>\n<\/p>\n<p><input class=\"wpcf7-form-control wpcf7-submit has-spinner\" type=\"submit\" value=\"D\u00ebrgo\" \/>\n<\/p><div class=\"wpcf7-response-output\" aria-hidden=\"true\"><\/div>\n<input type=\"hidden\" name=\"trp-form-language\" value=\"sq\"\/><\/form>\n<\/div>\n<\/div><\/div>\t\t\t\t<\/div>\n\t\t\t\t<\/div>\n\t\t\t\t<\/div>\n\t\t\t\t\t<\/div>\n\t\t\t\t<\/div>\n\t\t<div class=\"has_eae_slider elementor-element elementor-element-aa4ef31 e-flex e-con-boxed wpr-particle-no wpr-jarallax-no wpr-parallax-no wpr-sticky-section-no wpr-equal-height-no e-con e-parent\" data-eae-slider=\"13086\" data-id=\"aa4ef31\" data-element_type=\"container\" data-e-type=\"container\">\n\t\t\t\t\t<div class=\"e-con-inner\">\n\t\t<div class=\"has_eae_slider elementor-element elementor-element-6a9405a e-con-full e-flex wpr-particle-no wpr-jarallax-no wpr-parallax-no wpr-sticky-section-no wpr-equal-height-no e-con e-child\" data-eae-slider=\"36956\" data-id=\"6a9405a\" data-element_type=\"container\" data-e-type=\"container\">\n\t\t<div class=\"has_eae_slider elementor-element elementor-element-d36f582 e-flex e-con-boxed wpr-particle-no wpr-jarallax-no wpr-parallax-no wpr-sticky-section-no wpr-equal-height-no e-con e-child\" data-eae-slider=\"11346\" data-id=\"d36f582\" data-element_type=\"container\" data-e-type=\"container\" data-settings=\"{&quot;background_background&quot;:&quot;classic&quot;}\">\n\t\t\t\t\t<div class=\"e-con-inner\">\n\t\t\t\t<div class=\"elementor-element elementor-element-f120dc9 elementor-widget__width-initial eael-dual-header-content-align-left elementor-widget elementor-widget-eael-dual-color-header\" data-id=\"f120dc9\" data-element_type=\"widget\" data-e-type=\"widget\" data-widget_type=\"eael-dual-color-header.default\">\n\t\t\t\t\t\t\t\t<div class=\"eael-dual-header\">\n\t\t\t\t<h2 class=\"title eael-dch-title\"><span class=\"eael-dch-title-text eael-dch-title-lead lead solid-color\">Filloni t\u00eb shikoni <\/span> <span class=\"eael-dch-title-text\">Tani!<\/span><\/h2>\t\t\t\t\t<span class=\"subtext\"><p>Enjoy a Wide Variety of Entertainment\u00a0 Live TV, Movies, and Series , All in One Subscription, Accessible on Multiple Devices.<\/p><\/span>\n\t\t\t\t\t\t\t<\/div>\n\n\t\t\t\t\t\t<\/div>\n\t\t\t\t<div class=\"elementor-element elementor-element-0de4365 elementor-align-left elementor-mobile-align-center elementor-widget elementor-widget-button\" data-id=\"0de4365\" data-element_type=\"widget\" data-e-type=\"widget\" data-widget_type=\"button.default\">\n\t\t\t\t\t\t\t\t\t\t<a class=\"elementor-button elementor-button-link elementor-size-sm elementor-animation-float\" href=\"https:\/\/tv-shadow.com\/sq\/pricing\/\">\n\t\t\t\t\t\t<span class=\"elementor-button-content-wrapper\">\n\t\t\t\t\t\t<span class=\"elementor-button-icon\">\n\t\t\t\t<i aria-hidden=\"true\" class=\"icon icon-arrow-right\"><\/i>\t\t\t<\/span>\n\t\t\t\t\t\t\t\t\t<span class=\"elementor-button-text\">ZBULONI \u00c7MIMET TONA <\/span>\n\t\t\t\t\t<\/span>\n\t\t\t\t\t<\/a>\n\t\t\t\t\t\t\t\t<\/div>\n\t\t\t\t\t<\/div>\n\t\t\t\t<\/div>\n\t\t\t\t<\/div>\n\t\t\t\t\t<\/div>\n\t\t\t\t<\/div>\n\t\t\t\t<\/div>","protected":false},"excerpt":{"rendered":"<p>Get in Touch contact us IPTV Assistance Have questions about our IPTV service? Our team is ready to help you anytime. We&#8217;re here to help Should you have any additional inquiries, please don\u2019t hesitate to reach out to us directly Via Email Address support@tv-shadow.com Live Chat Click on Chat with us button to start chatting with us Your name Your email Subject Your message (optional) Start Watching Now! Enjoy a Wide Variety of Entertainment\u00a0 Live TV, Movies, and Series , All in One Subscription, Accessible on Multiple Devices. DISCOVER OUR PRICING<\/p>","protected":false},"author":6,"featured_media":0,"parent":0,"menu_order":0,"comment_status":"closed","ping_status":"closed","template":"","meta":{"footnotes":""},"class_list":["post-52","page","type-page","status-publish","hentry"],"_links":{"self":[{"href":"https:\/\/tv-shadow.com\/sq\/wp-json\/wp\/v2\/pages\/52","targetHints":{"allow":["GET"]}}],"collection":[{"href":"https:\/\/tv-shadow.com\/sq\/wp-json\/wp\/v2\/pages"}],"about":[{"href":"https:\/\/tv-shadow.com\/sq\/wp-json\/wp\/v2\/types\/page"}],"author":[{"embeddable":true,"href":"https:\/\/tv-shadow.com\/sq\/wp-json\/wp\/v2\/users\/6"}],"replies":[{"embeddable":true,"href":"https:\/\/tv-shadow.com\/sq\/wp-json\/wp\/v2\/comments?post=52"}],"version-history":[{"count":4,"href":"https:\/\/tv-shadow.com\/sq\/wp-json\/wp\/v2\/pages\/52\/revisions"}],"predecessor-version":[{"id":7518,"href":"https:\/\/tv-shadow.com\/sq\/wp-json\/wp\/v2\/pages\/52\/revisions\/7518"}],"wp:attachment":[{"href":"https:\/\/tv-shadow.com\/sq\/wp-json\/wp\/v2\/media?parent=52"}],"curies":[{"name":"wp","href":"https:\/\/api.w.org\/{rel}","templated":true}]}}