{"id":9,"date":"2023-08-04T00:07:59","date_gmt":"2023-08-03T23:07:59","guid":{"rendered":"https:\/\/tv-shadow.com\/?page_id=9"},"modified":"2026-03-11T03:43:04","modified_gmt":"2026-03-11T03:43:04","slug":"aterbetalning_returneringar","status":"publish","type":"page","link":"https:\/\/tv-shadow.com\/sv\/refund_returns\/","title":{"rendered":"Policy f\u00f6r \u00e5terbetalning och returer"},"content":{"rendered":"<p>Om du av n\u00e5gon anledning inte \u00e4r helt n\u00f6jd med ett k\u00f6p inbjuder vi dig att granska v\u00e5r policy f\u00f6r \u00e5terbetalningar och returer. Denna retur- och \u00e5terbetalningspolicy har skapats med hj\u00e4lp av\u00a0<a href=\"https:\/\/tv-shadow.com\/sv\/\">https:\/\/tv-shadow.com\/<\/a>\u00a0advokat.<\/p>\n\n\n\n<h4 class=\"wp-block-heading\" id=\"h-don-t-dispute-before-asking-customer-support-you-may-lost-both-money-and-service-we-don-t-offer-refunds-if-you-make-a-dispute-your-money-will-stuck-and-don-t-forget-that-your-satisfaction-is-our-priority\"><strong>Tvista inte innan du fr\u00e5gar kundsupport, du kan f\u00f6rlora b\u00e5de pengar och service. Vi erbjuder inte \u00e5terbetalning om du g\u00f6r en tvist. Dina pengar kommer att fastna och GL\u00d6M INTE ATT DIN N\u00d6JDHET \u00c4R V\u00c5R PRIORITET.<\/strong><\/h4>\n\n\n\n<p><strong><br>\u00c5terbetalningspolicy:<br><br><\/strong>Vi tror p\u00e5 v\u00e5ra produkter 100%. Vi f\u00f6rs\u00f6ker v\u00e5rt b\u00e4sta varje dag f\u00f6r att g\u00f6ra dig lycklig och s\u00e4tta ett leende p\u00e5 ditt ansikte med hj\u00e4lp av v\u00e5r tj\u00e4nst men vi f\u00f6rst\u00e5r att v\u00e5ra IPTV-prenumerationsplaner inte kan fungera perfekt f\u00f6r alla hela tiden. Om du inte \u00e4r n\u00f6jd med ditt k\u00f6p eller om du har ett problem som vi inte kan l\u00f6sa som g\u00f6r systemet oanv\u00e4ndbart, \u00e4r vi mer \u00e4n glada att ge en \u00e5terbetalning.<br><br><strong>Hur g\u00f6r jag en beg\u00e4ran om \u00e5terbetalning?<br><br><\/strong>V\u00e4nligen notera ditt transaktionsorder-ID med \u00e4mnet: \"Beg\u00e4ran om \u00e5terbetalning\" och beskriv i ditt e-postmeddelande de problem du st\u00e5r inf\u00f6r och anledningen till denna beg\u00e4ran. Av n\u00e5gon anledning m\u00e5ste du skicka oss bevis och vi kommer att skicka dig bevis ocks\u00e5 p\u00e5 v\u00e5rt arbete och saker vi m\u00e4rker och m\u00e5ste visa dig ocks\u00e5 f\u00f6r att f\u00f6rklara v\u00e5r synvinkel och v\u00e5rt beslut b\u00e4ttre i mer detalj och mer transparent.<br><br><strong>Villkor:<br><br><\/strong>V\u00e4nligen f\u00f6rst\u00e5 och acceptera att vi inte kan ge \u00e5terbetalning p\u00e5 grund av tekniska problem om du inte till\u00e5ter oss att p\u00e5 l\u00e4mpligt s\u00e4tt f\u00f6rs\u00f6ka l\u00f6sa dem och hj\u00e4lpa dig. Om vi inte kan l\u00f6sa ditt problem inom 48 timmar kommer vi att ge dig en fullst\u00e4ndig \u00e5terbetalning. Kontakta v\u00e5r live support 24\/7 n\u00e4r som helst om du beh\u00f6ver hj\u00e4lp.<br>\u00c5terbetalning kan endast ske inom 72 timmar fr\u00e5n ink\u00f6psdatumet. Efter 72 timmar kan inga \u00e5terbetalningar behandlas.<br>Om du betalade med kreditkort behandlas \u00e5terbetalningen i allm\u00e4nhet och pengarna \u00e5terf\u00f6rs till betalkortet p\u00e5 kundens bankkonto inom 3 till 7 arbetsdagar.<br>Det finns dock fall d\u00e4r det tar l\u00e4ngre tid att behandla en \u00e5terbetalning, upp till 30 dagar. Vi \u00e4r inte ansvariga f\u00f6r dessa tidsramar och f\u00f6rseningar. Vi \u00e4r inte betalningsleverant\u00f6ren utan bara IPTV-tj\u00e4nsteleverant\u00f6ren.<br>Vi \u00e5terbetalar endast k\u00f6p som har gjorts p\u00e5 mindre \u00e4n 72 timmar. Alla andra \u00e5terbetalningsbeg\u00e4randen kommer att returneras delvis enligt en anv\u00e4nd period av prenumerationen. ShadowTV-teamet kommer att kontakta anv\u00e4ndare i alla \u00e5terbetalningsfall.<br><strong>Obs!&nbsp;<\/strong>Varje \u00e5terbetalning tar vanligtvis 3 till 10 arbetsdagar att genomf\u00f6ra och det ligger inte i v\u00e5ra h\u00e4nder att f\u00f6rkorta denna period. V\u00e5ra betalningsprocessorer tar hand om \u00e5terbetalningsbeg\u00e4ran. Vi kommer att g\u00f6ra v\u00e5rt b\u00e4sta f\u00f6r att \u00e5terbetala alla anv\u00e4ndare omedelbart efter att ha sett beg\u00e4ran och kontrollerat anv\u00e4ndarinformationen.<\/p>\n\n\n\n<p>W<strong>Vi kommer inte att skicka \u00e5terbetalningar eller g\u00f6ra en partiell \u00e5terbetalning om:<\/strong><strong><br><\/strong><strong><br><\/strong><strong><br><\/strong>Kunden var inte n\u00f6jd med kanalutbudet eller prestandan.<br>Vi f\u00f6resl\u00e5r att varje kund g\u00e5r f\u00f6r en&nbsp;<strong>R\u00e4tteg\u00e5ng<\/strong>&nbsp;innan du k\u00f6per ett paket p\u00e5 3 till 12 m\u00e5nader.<br><strong><br><\/strong><strong><br><\/strong><strong><br><\/strong>Vi kommer att ge v\u00e5rt b\u00e4sta st\u00f6d f\u00f6r att konfigurera dina boxar, enheter, appar och system i alla fall av assistansf\u00f6rfr\u00e5gningar. <br><br><br><strong>Om vissa kanaler fryser, buffrar eller inte fungerar ibland:<\/strong><strong><br><\/strong><strong><br><\/strong><strong><br><\/strong>\u00c4ven om n\u00e4stan alla v\u00e5ra servrar \u00e4r stabila, fryser ibland vissa kanaler eller fungerar inte p\u00e5 grund av olika sk\u00e4l, men det \u00e4r inte permanent. V\u00e5ra expertingenj\u00f6rer arbetar alltid f\u00f6r att fixa dem.<br><br><strong>F\u00f6r det mesta \u00e4r dessa problem tillf\u00e4lliga och orsakas av nedanst\u00e5ende sk\u00e4l:<\/strong><\/p>\n\n\n\n<ul class=\"wp-block-list\">\n<li>Fluktuationer i kundinternet.<\/li>\n\n\n\n<li>Problemet med boxen\/apparna\/kundkonfigurationen i allm\u00e4nhet.<\/li>\n\n\n\n<li>Din internetleverant\u00f6r har ett problem.<\/li>\n\n\n\n<li>Kanalen \u00e4r nere fr\u00e5n serversidan.<\/li>\n\n\n\n<li>Kunden \u00e4ndrade sig och ville dra sig ur\/byta mellan servrar.<\/li>\n\n\n\n<li>Serveruppdatering\/omstart fr\u00e5n v\u00e5r sida (veckovis prestanda kr\u00e4vs).<\/li>\n<\/ul>\n\n\n\n<p>Om en anv\u00e4ndare \/ kund inte kan titta p\u00e5 sin IPTV-prenumerationsplan i 48 timmar + p\u00e5 grund av serverproblem eller andra problem som orsakas av oss och v\u00e5r slut kommer vi att \u00e5terbetala paketpriset helt eller l\u00e4gga till all f\u00f6rlorad tid ovanp\u00e5 din prenumeration gratis + n\u00e5gon extra bonus som vi kan f\u00f6rhandla fram tillsammans.<br><br><strong>Kontakta oss<br><\/strong>Om du har n\u00e5gra fr\u00e5gor om v\u00e5r \u00e5terbetalningspolicy, v\u00e4nligen kontakta oss:<br><a href=\"https:\/\/tv-shadow.com\/sv\/kontakta-oss\/\" title=\"\">st\u00f6d<\/a><\/p>","protected":false},"excerpt":{"rendered":"<p>If for any reason, You are not completely satisfied with a purchase We invite You to review our policy on refunds and returns. This Return and Refund Policy has been created with the help of the\u00a0https:\/\/tv-shadow.com\/\u00a0lawyer. Don\u2019t Dispute Before Asking Customer Support, You May Lost Both Money And Service. We Don\u2019t Offer Refunds If You &#8230; <a title=\"Policy f\u00f6r \u00e5terbetalning och returer\" class=\"read-more\" href=\"https:\/\/tv-shadow.com\/sv\/refund_returns\/\" aria-label=\"L\u00e4s mer om Refund and Returns Policy\">L\u00e4s mer<\/a><\/p>","protected":false},"author":1,"featured_media":0,"parent":0,"menu_order":0,"comment_status":"closed","ping_status":"closed","template":"elementor_header_footer","meta":{"_monsterinsights_skip_tracking":false,"_monsterinsights_sitenote_active":false,"_monsterinsights_sitenote_note":"","_monsterinsights_sitenote_category":0,"footnotes":""},"class_list":["post-9","page","type-page","status-publish"],"yoast_head":"<!-- This site is optimized with the Yoast SEO Premium plugin v27.2 (Yoast SEO v27.3) - https:\/\/yoast.com\/product\/yoast-seo-premium-wordpress\/ -->\n<title>Refund and Returns Policy - ShadowTV | Best IPTV Service<\/title>\n<meta name=\"description\" content=\"If for any reason, You are not completely satisfied with a purchase, We invite You to review our Refund and Returns policy. Check Details!\" \/>\n<meta name=\"robots\" content=\"index, follow, max-snippet:-1, max-image-preview:large, max-video-preview:-1\" \/>\n<link rel=\"canonical\" href=\"https:\/\/tv-shadow.com\/sv\/aterbetalning_returneringar\/\" \/>\n<meta property=\"og:locale\" content=\"sv_SE\" \/>\n<meta property=\"og:type\" content=\"article\" \/>\n<meta property=\"og:title\" content=\"Refund and Returns Policy\" \/>\n<meta property=\"og:description\" content=\"If for any reason, You are not completely satisfied with a purchase, We invite You to review our Refund and Returns policy. Check Details!\" \/>\n<meta property=\"og:url\" content=\"https:\/\/tv-shadow.com\/sv\/aterbetalning_returneringar\/\" \/>\n<meta property=\"og:site_name\" content=\"ShadowTV\" \/>\n<meta property=\"article:publisher\" content=\"https:\/\/www.facebook.com\/profile.php?id=100092204902584\" \/>\n<meta property=\"article:modified_time\" content=\"2026-03-11T03:43:04+00:00\" \/>\n<meta property=\"og:image\" content=\"https:\/\/tv-shadow.com\/wp-content\/uploads\/2023\/11\/SHADOW-LOGO.jpeg\" \/>\n\t<meta property=\"og:image:width\" content=\"640\" \/>\n\t<meta property=\"og:image:height\" content=\"640\" \/>\n\t<meta property=\"og:image:type\" content=\"image\/jpeg\" \/>\n<meta name=\"twitter:card\" content=\"summary_large_image\" \/>\n<meta name=\"twitter:label1\" content=\"Ber\u00e4knad l\u00e4stid\" \/>\n\t<meta name=\"twitter:data1\" content=\"4 minuter\" \/>\n<script type=\"application\/ld+json\" class=\"yoast-schema-graph\">{\"@context\":\"https:\\\/\\\/schema.org\",\"@graph\":[{\"@type\":\"WebPage\",\"@id\":\"https:\\\/\\\/tv-shadow.com\\\/refund_returns\\\/\",\"url\":\"https:\\\/\\\/tv-shadow.com\\\/refund_returns\\\/\",\"name\":\"Refund and Returns Policy - ShadowTV | Best IPTV Service\",\"isPartOf\":{\"@id\":\"https:\\\/\\\/tv-shadow.com\\\/#website\"},\"datePublished\":\"2023-08-03T23:07:59+00:00\",\"dateModified\":\"2026-03-11T03:43:04+00:00\",\"description\":\"If for any reason, You are not completely satisfied with a purchase, We invite You to review our Refund and Returns policy. Check Details!\",\"breadcrumb\":{\"@id\":\"https:\\\/\\\/tv-shadow.com\\\/refund_returns\\\/#breadcrumb\"},\"inLanguage\":\"sv-SE\",\"potentialAction\":[{\"@type\":\"ReadAction\",\"target\":[\"https:\\\/\\\/tv-shadow.com\\\/refund_returns\\\/\"]}]},{\"@type\":\"BreadcrumbList\",\"@id\":\"https:\\\/\\\/tv-shadow.com\\\/refund_returns\\\/#breadcrumb\",\"itemListElement\":[{\"@type\":\"ListItem\",\"position\":1,\"name\":\"Home\",\"item\":\"https:\\\/\\\/tv-shadow.com\\\/en\\\/\"},{\"@type\":\"ListItem\",\"position\":2,\"name\":\"Refund and Returns Policy\"}]},{\"@type\":\"WebSite\",\"@id\":\"https:\\\/\\\/tv-shadow.com\\\/#website\",\"url\":\"https:\\\/\\\/tv-shadow.com\\\/\",\"name\":\"Shadow tv\",\"description\":\"This is the official site of SHADOW TV. SHADOW TV is the award-winning international IPTV service offering over Live TV, VOD, EPG PPV many more.\",\"publisher\":{\"@id\":\"https:\\\/\\\/tv-shadow.com\\\/#organization\"},\"alternateName\":\"shadow iptv\",\"potentialAction\":[{\"@type\":\"SearchAction\",\"target\":{\"@type\":\"EntryPoint\",\"urlTemplate\":\"https:\\\/\\\/tv-shadow.com\\\/?s={search_term_string}\"},\"query-input\":{\"@type\":\"PropertyValueSpecification\",\"valueRequired\":true,\"valueName\":\"search_term_string\"}}],\"inLanguage\":\"sv-SE\"},{\"@type\":\"Organization\",\"@id\":\"https:\\\/\\\/tv-shadow.com\\\/#organization\",\"name\":\"Shadow Tv\",\"alternateName\":\"Tv Shadow\",\"url\":\"https:\\\/\\\/tv-shadow.com\\\/\",\"logo\":{\"@type\":\"ImageObject\",\"inLanguage\":\"sv-SE\",\"@id\":\"https:\\\/\\\/tv-shadow.com\\\/#\\\/schema\\\/logo\\\/image\\\/\",\"url\":\"https:\\\/\\\/tv-shadow.com\\\/wp-content\\\/uploads\\\/2023\\\/11\\\/SHADOW-LOGO.jpeg\",\"contentUrl\":\"https:\\\/\\\/tv-shadow.com\\\/wp-content\\\/uploads\\\/2023\\\/11\\\/SHADOW-LOGO.jpeg\",\"width\":640,\"height\":640,\"caption\":\"Shadow Tv\"},\"image\":{\"@id\":\"https:\\\/\\\/tv-shadow.com\\\/#\\\/schema\\\/logo\\\/image\\\/\"},\"sameAs\":[\"https:\\\/\\\/www.facebook.com\\\/profile.php?id=100092204902584\",\"https:\\\/\\\/mastodon.social\\\/@shadowtviptv\"],\"publishingPrinciples\":\"https:\\\/\\\/tv-shadow.com\\\/terms-of-service\\\/\",\"ownershipFundingInfo\":\"https:\\\/\\\/tv-shadow.com\\\/terms-of-service\\\/\",\"actionableFeedbackPolicy\":\"https:\\\/\\\/tv-shadow.com\\\/terms-of-service\\\/\",\"correctionsPolicy\":\"https:\\\/\\\/tv-shadow.com\\\/refund_returns\\\/\",\"ethicsPolicy\":\"https:\\\/\\\/tv-shadow.com\\\/refund_returns\\\/\"}]}<\/script>\n<!-- \/ Yoast SEO Premium plugin. -->","yoast_head_json":{"title":"\u00c5terbetalnings- och returpolicy - ShadowTV | B\u00e4sta IPTV-tj\u00e4nst","description":"Om du av n\u00e5gon anledning inte \u00e4r helt n\u00f6jd med ett k\u00f6p, inbjuder vi dig att granska v\u00e5r \u00e5terbetalnings- och returpolicy. Kontrollera detaljer!","robots":{"index":"index","follow":"follow","max-snippet":"max-snippet:-1","max-image-preview":"max-image-preview:large","max-video-preview":"max-video-preview:-1"},"canonical":"https:\/\/tv-shadow.com\/sv\/aterbetalning_returneringar\/","og_locale":"sv_SE","og_type":"article","og_title":"Refund and Returns Policy","og_description":"If for any reason, You are not completely satisfied with a purchase, We invite You to review our Refund and Returns policy. Check Details!","og_url":"https:\/\/tv-shadow.com\/sv\/aterbetalning_returneringar\/","og_site_name":"ShadowTV","article_publisher":"https:\/\/www.facebook.com\/profile.php?id=100092204902584","article_modified_time":"2026-03-11T03:43:04+00:00","og_image":[{"width":640,"height":640,"url":"https:\/\/tv-shadow.com\/wp-content\/uploads\/2023\/11\/SHADOW-LOGO.jpeg","type":"image\/jpeg"}],"twitter_card":"summary_large_image","twitter_misc":{"Ber\u00e4knad l\u00e4stid":"4 minuter"},"schema":{"@context":"https:\/\/schema.org","@graph":[{"@type":"WebPage","@id":"https:\/\/tv-shadow.com\/refund_returns\/","url":"https:\/\/tv-shadow.com\/refund_returns\/","name":"\u00c5terbetalnings- och returpolicy - ShadowTV | B\u00e4sta IPTV-tj\u00e4nst","isPartOf":{"@id":"https:\/\/tv-shadow.com\/#website"},"datePublished":"2023-08-03T23:07:59+00:00","dateModified":"2026-03-11T03:43:04+00:00","description":"Om du av n\u00e5gon anledning inte \u00e4r helt n\u00f6jd med ett k\u00f6p, inbjuder vi dig att granska v\u00e5r \u00e5terbetalnings- och returpolicy. Kontrollera detaljer!","breadcrumb":{"@id":"https:\/\/tv-shadow.com\/refund_returns\/#breadcrumb"},"inLanguage":"sv-SE","potentialAction":[{"@type":"ReadAction","target":["https:\/\/tv-shadow.com\/refund_returns\/"]}]},{"@type":"BreadcrumbList","@id":"https:\/\/tv-shadow.com\/refund_returns\/#breadcrumb","itemListElement":[{"@type":"ListItem","position":1,"name":"Home","item":"https:\/\/tv-shadow.com\/en\/"},{"@type":"ListItem","position":2,"name":"Refund and Returns Policy"}]},{"@type":"WebSite","@id":"https:\/\/tv-shadow.com\/#website","url":"https:\/\/tv-shadow.com\/","name":"Skugg-tv","description":"Detta \u00e4r den officiella webbplatsen f\u00f6r SHADOW TV. SHADOW TV \u00e4r den prisbel\u00f6nta internationella IPTV-tj\u00e4nsten som erbjuder \u00f6ver Live TV, VOD, EPG PPV m\u00e5nga fler.","publisher":{"@id":"https:\/\/tv-shadow.com\/#organization"},"alternateName":"shadow iptv","potentialAction":[{"@type":"SearchAction","target":{"@type":"EntryPoint","urlTemplate":"https:\/\/tv-shadow.com\/?s={search_term_string}"},"query-input":{"@type":"PropertyValueSpecification","valueRequired":true,"valueName":"search_term_string"}}],"inLanguage":"sv-SE"},{"@type":"Organization","@id":"https:\/\/tv-shadow.com\/#organization","name":"Shadow Tv","alternateName":"Tv Shadow","url":"https:\/\/tv-shadow.com\/","logo":{"@type":"ImageObject","inLanguage":"sv-SE","@id":"https:\/\/tv-shadow.com\/#\/schema\/logo\/image\/","url":"https:\/\/tv-shadow.com\/wp-content\/uploads\/2023\/11\/SHADOW-LOGO.jpeg","contentUrl":"https:\/\/tv-shadow.com\/wp-content\/uploads\/2023\/11\/SHADOW-LOGO.jpeg","width":640,"height":640,"caption":"Shadow Tv"},"image":{"@id":"https:\/\/tv-shadow.com\/#\/schema\/logo\/image\/"},"sameAs":["https:\/\/www.facebook.com\/profile.php?id=100092204902584","https:\/\/mastodon.social\/@shadowtviptv"],"publishingPrinciples":"https:\/\/tv-shadow.com\/terms-of-service\/","ownershipFundingInfo":"https:\/\/tv-shadow.com\/terms-of-service\/","actionableFeedbackPolicy":"https:\/\/tv-shadow.com\/terms-of-service\/","correctionsPolicy":"https:\/\/tv-shadow.com\/refund_returns\/","ethicsPolicy":"https:\/\/tv-shadow.com\/refund_returns\/"}]}},"_links":{"self":[{"href":"https:\/\/tv-shadow.com\/sv\/wp-json\/wp\/v2\/pages\/9","targetHints":{"allow":["GET"]}}],"collection":[{"href":"https:\/\/tv-shadow.com\/sv\/wp-json\/wp\/v2\/pages"}],"about":[{"href":"https:\/\/tv-shadow.com\/sv\/wp-json\/wp\/v2\/types\/page"}],"author":[{"embeddable":true,"href":"https:\/\/tv-shadow.com\/sv\/wp-json\/wp\/v2\/users\/1"}],"replies":[{"embeddable":true,"href":"https:\/\/tv-shadow.com\/sv\/wp-json\/wp\/v2\/comments?post=9"}],"version-history":[{"count":9,"href":"https:\/\/tv-shadow.com\/sv\/wp-json\/wp\/v2\/pages\/9\/revisions"}],"predecessor-version":[{"id":2609,"href":"https:\/\/tv-shadow.com\/sv\/wp-json\/wp\/v2\/pages\/9\/revisions\/2609"}],"wp:attachment":[{"href":"https:\/\/tv-shadow.com\/sv\/wp-json\/wp\/v2\/media?parent=9"}],"curies":[{"name":"wp","href":"https:\/\/api.w.org\/{rel}","templated":true}]}}